{"id":5072,"date":"2021-03-09T01:56:04","date_gmt":"2021-03-08T23:56:04","guid":{"rendered":"https:\/\/sachviet.eu\/shop\/rat-thich-rat-thich-em\/"},"modified":"2024-12-09T12:41:41","modified_gmt":"2024-12-09T10:41:41","slug":"rat-thich-rat-thich-em","status":"publish","type":"product","link":"https:\/\/sachviet.eu\/en\/shop\/rat-thich-rat-thich-em\/","title":{"rendered":"R\u1ea5t Th\u00edch R\u1ea5t Th\u00edch Em"},"content":{"rendered":"<p>S\u1ef1 tr\u1edf l\u1ea1i c\u1ee7a n\u1eef ho\u00e0ng d\u00f2ng s\u00e1ch truy\u1ec1n c\u1ea3m h\u1ee9ng V\u00e3n T\u00ecnh, c\u00f9ng m\u1ed9t cu\u1ed1n s\u00e1ch m\u1edbi l\u1ea1 v\u00e0 h\u1ea5p d\u1eabn. D\u00e0nh t\u1eb7ng b\u1ea1n m\u1ed9t gi\u1ea5c m\u01a1 thanh xu\u00e2n v\u1eeba ng\u1ecdt ng\u00e0o v\u1eeba c\u00f3 ch\u00fat \u0111\u1eafng ng\u1eaft, v\u1eeba h\u1ebft m\u00ecnh v\u1eeba pha l\u1eabn \u00edt nhi\u1ec1u ti\u1ebfc nu\u1ed1i.<\/p>\n<p>\u201cTrong cu\u1ed9c \u0111\u1eddi n\u00e0y, th\u1eadt s\u1ef1 kh\u00f4ng d\u1ec5 g\u1eb7p \u0111\u01b0\u1ee3c ng\u01b0\u1eddi m\u00ecnh th\u00edch m\u00e0 v\u1eeba hay c\u0169ng th\u00edch m\u00ecnh, n\u1ebfu \u0111\u00e3 g\u1eb7p \u0111\u01b0\u1ee3c r\u1ed3i th\u00ec ph\u1ea3i n\u00e2ng niu t\u00ecnh c\u1ea3m \u0111\u00f3 h\u1ec7t nh\u01b0 n\u00e2ng niu \u0111\u00f4i m\u1eaft c\u1ee7a b\u1ea3n th\u00e2n, b\u1edfi v\u00ec ch\u01b0a ch\u1eafc ki\u1ebfp sau c\u00f2n c\u00f3 th\u1ec3 g\u1eb7p l\u1ea1i nhau. \u0110i c\u1ee9u v\u00e3n, \u0111i t\u00ecm ch\u01b0a ch\u1eafc \u0111\u00e3 gi\u00e0nh l\u1ea1i \u0111\u01b0\u1ee3c ng\u01b0\u1eddi ta, nh\u01b0ng n\u1ebfu kh\u00f4ng c\u1ed1 g\u1eafng l\u00e0m g\u00ec \u0111\u00f3 th\u00ec nh\u1ea5t \u0111\u1ecbnh s\u1ebd \u0111\u00e1nh m\u1ea5t.\u201d<\/p>\n<p>\u2013 R\u1ea5t th\u00edch r\u1ea5t th\u00edch em (V\u00e3n T\u00ecnh)<\/p>\n<p>L\u00e2m L\u1ea1c L\u1ea1c ho\u1ea1t b\u00e1t \u0111\u00e1ng y\u00eau, y\u00eau ti\u1ec1n nh\u01b0 sinh m\u1ec7nh, ti\u00eau chu\u1ea9n ch\u1ecdn b\u1ea1n trai ch\u1ec9 c\u00f3: m\u1ed9t l\u00e0 nam, hai c\u00f2n s\u1ed1ng. Nh\u01b0ng t\u1eeb khi g\u1eb7p nam th\u1ea7n Th\u1ea9m L\u00e2m Phong, L\u1ea1c L\u1ea1c bi\u1ebft ti\u00eau chu\u1ea9n \u1ea5y s\u1edbm \u0111\u00e3 lung lay r\u1ed3i. C\u1ea3 th\u1ebf gi\u1edbi c\u1ee7a c\u00f4 co tr\u00f2n l\u1ea1i th\u00e0nh L\u00e2m Phong. Nh\u01b0ng chinh ph\u1ee5c gi\u1ea5c m\u01a1 \u1ea5y qu\u1ea3 th\u1ef1c kh\u00f4ng d\u1ec5, tr\u00e1i tim mong manh b\u1ecb b\u1ea7m d\u1eadp kh\u00f4ng bi\u1ebft bao l\u1ea7n, \u0111\u00e3 th\u1ebf c\u00f2n m\u1ea5t s\u1ee9c g\u00e2y chi\u1ebfn c\u00e3i c\u1ecd v\u1edbi t\u00ean oan gia ng\u00f5 h\u1eb9p L\u1ee5c T\u1eed Ki\u1ec1u&#8230;<\/p>\n<p>V\u1ec1 t\u00e1c gi\u1ea3<\/p>\n<p>\u0110\u01b0\u1ee3c coi nh\u01b0 \u201cn\u1eef ho\u00e0ng\u201d c\u1ee7a d\u00f2ng s\u00e1ch c\u1ea3m h\u1ee9ng d\u00e0nh cho ph\u00e1i n\u1eef v\u1edbi nh\u1eefng t\u00e1c ph\u1ea9m thay \u0111\u1ed5i t\u01b0 duy h\u00e0ng tri\u1ec7u ph\u1ee5 n\u1eef Trung Qu\u1ed1c.<\/p>\n<p>R\u1ea5t th\u00edch, r\u1ea5t th\u00edch em l\u00e0 \u201cgi\u1ea5c m\u01a1 thanh xu\u00e2n\u201d m\u00e0 V\u00e3n T\u00ecnh \u1ea5p \u1ee7 trong nhi\u1ec1u n\u0103m tr\u1eddi \u0111\u1ec3 vi\u1ebft n\u00ean.<\/p>\n<p>C\u00e1c t\u00e1c ph\u1ea9m \u0111\u00e3 xu\u1ea5t b\u1ea3n:<\/p>\n<p>B\u1ea1n \u0111\u1eaft gi\u00e1 bao nhi\u00eau?<\/p>\n<p>Kh\u00ed ch\u1ea5t bao nhi\u00eau \u2013 H\u1ea1nh ph\u00fac b\u1ea5y nhi\u00eau<\/p>\n<p>Kh\u00f4ng t\u1ef1 khinh b\u1ec9 \u2013 Kh\u00f4ng t\u1ef1 ph\u00ed ho\u00e0i<\/p>\n<p>Kh\u00f4ng s\u1ee3 ch\u1eadm Ch\u1ec9 s\u1ee3 d\u1eebng<\/p>\n","protected":false},"excerpt":{"rendered":"<p>S\u1ef1 tr\u1edf l\u1ea1i c\u1ee7a n\u1eef ho\u00e0ng d\u00f2ng s\u00e1ch truy\u1ec1n c\u1ea3m h\u1ee9ng V\u00e3n T\u00ecnh, c\u00f9ng m\u1ed9t cu\u1ed1n s\u00e1ch m\u1edbi l\u1ea1 v\u00e0 h\u1ea5p d\u1eabn. D\u00e0nh t\u1eb7ng b\u1ea1n m\u1ed9t gi\u1ea5c m\u01a1 thanh xu\u00e2n v\u1eeba ng\u1ecdt ng\u00e0o v\u1eeba c\u00f3 ch\u00fat \u0111\u1eafng ng\u1eaft, v\u1eeba h\u1ebft m\u00ecnh v\u1eeba pha l\u1eabn \u00edt nhi\u1ec1u ti\u1ebfc nu\u1ed1i.<\/p>\n<p>\u201cTrong cu\u1ed9c \u0111\u1eddi n\u00e0y, th\u1eadt s\u1ef1 kh\u00f4ng d\u1ec5 g\u1eb7p \u0111\u01b0\u1ee3c ng\u01b0\u1eddi m\u00ecnh th\u00edch m\u00e0 v\u1eeba hay c\u0169ng th\u00edch m\u00ecnh, n\u1ebfu \u0111\u00e3 g\u1eb7p \u0111\u01b0\u1ee3c r\u1ed3i th\u00ec ph\u1ea3i n\u00e2ng niu t\u00ecnh c\u1ea3m \u0111\u00f3 h\u1ec7t nh\u01b0 n\u00e2ng niu \u0111\u00f4i m\u1eaft c\u1ee7a b\u1ea3n th\u00e2n, b\u1edfi v\u00ec ch\u01b0a ch\u1eafc ki\u1ebfp sau c\u00f2n c\u00f3 th\u1ec3 g\u1eb7p l\u1ea1i nhau. \u0110i c\u1ee9u v\u00e3n, \u0111i t\u00ecm ch\u01b0a ch\u1eafc \u0111\u00e3 gi\u00e0nh l\u1ea1i \u0111\u01b0\u1ee3c ng\u01b0\u1eddi ta, nh\u01b0ng n\u1ebfu kh\u00f4ng c\u1ed1 g\u1eafng l\u00e0m g\u00ec \u0111\u00f3 th\u00ec nh\u1ea5t \u0111\u1ecbnh s\u1ebd \u0111\u00e1nh m\u1ea5t.\u201d<\/p>\n<p>\u2013 R\u1ea5t th\u00edch r\u1ea5t th\u00edch em (V\u00e3n T\u00ecnh)<\/p>\n<p>L\u00e2m L\u1ea1c L\u1ea1c ho\u1ea1t b\u00e1t \u0111\u00e1ng y\u00eau, y\u00eau ti\u1ec1n nh\u01b0 sinh m\u1ec7nh, ti\u00eau chu\u1ea9n ch\u1ecdn b\u1ea1n trai ch\u1ec9 c\u00f3: m\u1ed9t l\u00e0 nam, hai c\u00f2n s\u1ed1ng. Nh\u01b0ng t\u1eeb khi g\u1eb7p nam th\u1ea7n Th\u1ea9m L\u00e2m Phong, L\u1ea1c L\u1ea1c bi\u1ebft ti\u00eau chu\u1ea9n \u1ea5y s\u1edbm \u0111\u00e3 lung lay r\u1ed3i. C\u1ea3 th\u1ebf gi\u1edbi c\u1ee7a c\u00f4 co tr\u00f2n l\u1ea1i th\u00e0nh L\u00e2m Phong. Nh\u01b0ng chinh ph\u1ee5c gi\u1ea5c m\u01a1 \u1ea5y qu\u1ea3 th\u1ef1c kh\u00f4ng d\u1ec5, tr\u00e1i tim mong manh b\u1ecb b\u1ea7m d\u1eadp kh\u00f4ng bi\u1ebft bao l\u1ea7n, \u0111\u00e3 th\u1ebf c\u00f2n m\u1ea5t s\u1ee9c g\u00e2y chi\u1ebfn c\u00e3i c\u1ecd v\u1edbi t\u00ean oan gia ng\u00f5 h\u1eb9p L\u1ee5c T\u1eed Ki\u1ec1u&#8230;<\/p>\n","protected":false},"featured_media":5071,"template":"","meta":{"_acf_changed":false},"product_brand":[],"product_cat":[15,45],"product_tag":[],"class_list":{"0":"post-5072","1":"product","2":"type-product","3":"status-publish","4":"has-post-thumbnail","6":"product_cat-sach-danh-cho-nguoi-lon","7":"product_cat-tieu-thuyet","9":"first","10":"instock","11":"taxable","12":"shipping-taxable","13":"purchasable","14":"product-type-simple"},"supplier_id":null,"supplier_sku":"","barcode":null,"atum_controlled":true,"out_stock_date":null,"out_stock_threshold":null,"inheritable":false,"inbound_stock":0,"stock_on_hold":0,"sold_today":0,"sales_last_days":0,"reserved_stock":0,"customer_returns":0,"warehouse_damage":0,"lost_in_post":0,"other_logs":0,"out_stock_days":0,"lost_sales":0,"has_location":false,"update_date":"2026-01-28T23:11:27","atum_locations":[],"atum_stock_status":"instock","restock_status":false,"low_stock_amount":"","sales_update_date":"2026-01-28T23:11:27","calc_backorders":null,"acf":{"publisher":{"ID":1785,"post_author":"1","post_date":"2021-02-17 01:54:46","post_date_gmt":"2021-02-16 23:54:46","post_content":"<!-- wp:flatsome\/uxbuilder -->\n<h1 style=\"text-align: center;\"><strong>AZ VIETNAM<\/strong><\/h1>\n[row]\n\n[col span=\"8\" span__sm=\"12\"]\n\n<p>Th\u00e0nh l\u1eadp n\u0103m: 2015<br \/>V\u1ed1n \u0111\u1ea7u t\u01b0: 4,000,000,000 \u0111\u1ed3ng<br \/><strong>L\u0129nh v\u1ef1c:<\/strong><br \/>- Xu\u1ea5t b\u1ea3n v\u00e0 ph\u00e1t h\u00e0nh v\u0103n h\u00f3a ph\u1ea9m<br \/>- Cung c\u1ea5p v\u0103n h\u00f3a ph\u1ea9m, c\u00e1c s\u1ea3n ph\u1ea9m cho in \u1ea5n, trang thi\u1ebft b\u1ecb cho c\u00e1c th\u01b0 vi\u1ec7n v\u00e0 trung t\u00e2m s\u00e1ch tr\u00ean c\u1ea3 n\u01b0\u1edbc.<br \/>- Th\u1eddi trang v\u00e0 c\u00e1c s\u1ea3n ph\u1ea9m li\u00ean quan \u0111\u1ebfn l\u0129nh v\u1ef1c th\u1eddi trang<br \/>- Xu\u1ea5t nh\u1eadp kh\u1ea9u c\u00e1c s\u1ea3n ph\u1ea9m v\u0103n h\u00f3a<\/p>\n<p><strong>Quy m\u00f4:<\/strong> 60 nh\u00e2n vi\u00ean<br \/>Kh\u1edfi ngu\u1ed3n c\u1ee7a AZ Vi\u1ec7t Nam ng\u00e0y nay l\u00e0 C\u00f4ng ty TNHH Trung t\u00e2m S\u00e1ch v\u00e0 Thi\u1ebft b\u1ecb Th\u01b0 vi\u1ec7n, v\u1edbi ho\u1ea1t \u0111\u1ed9ng \u0111\u1ea7u ti\u00ean l\u00e0 cung c\u1ea5p s\u00e1ch, trang thi\u1ebft b\u1ecb, v\u0103n h\u00f3a ph\u1ea9m cho c\u00e1c th\u01b0 vi\u1ec7n v\u00e0 trung t\u00e2m s\u00e1ch tr\u00ean c\u1ea3 n\u01b0\u1edbc. T\u1eeb cu\u1ed1i n\u0103m 2010 \u0111\u1ebfn nay, ch\u00fang t\u00f4i \u0111\u00e3 kh\u00f4ng ng\u1eebng n\u1ed7 l\u1ef1c khai ph\u00e1 v\u00e0 ph\u00e1t tri\u1ec3n c\u00e1c d\u00f2ng s\u1ea3n ph\u1ea9m m\u1edbi v\u1edbi 8 th\u01b0\u01a1ng hi\u1ec7u uy t\u00edn. \u0110\u1ec3 \u0111\u00e1p \u1ee9ng nhu c\u1ea7u ph\u00e1t tri\u1ec3n ng\u00e0y m\u1ed9t l\u1edbn m\u1ea1nh v\u00e0 t\u1eadp h\u1ee3p c\u00e1c th\u01b0\u01a1ng hi\u1ec7u \u0111\u00e3 \u0111\u01b0\u1ee3c ch\u00fang t\u00f4i x\u00e2y d\u1ef1ng, 2015 C\u00f4ng ty TNHH AZ Vi\u1ec7t Nam \u0111\u00e3 ra \u0111\u1eddi v\u1edbi s\u1ee9 m\u1ec7nh mang \u0111\u1ebfn nhi\u1ec1u h\u01a1n n\u1eefa nh\u1eefng gi\u00e1 tr\u1ecb tinh th\u1ea7n, tri th\u1ee9c ti\u00ean ti\u1ebfn cho ng\u01b0\u1eddi ti\u00eau d\u00f9ng b\u1eb1ng vi\u1ec7c cung c\u1ea5p nh\u1eefng s\u1ea3n ph\u1ea9m c\u00f3 ch\u1ea5t l\u01b0\u1ee3ng.<\/p>\n\n[\/col]\n[col span=\"4\" span__sm=\"12\"]\n\n[ux_image id=\"1836\" image_size=\"medium\"]\n\n\n[\/col]\n\n[\/row]\n\n<!-- \/wp:flatsome\/uxbuilder -->","post_title":"AZ Vi\u1ec7t Nam","post_excerpt":"","post_status":"publish","comment_status":"closed","ping_status":"closed","post_password":"","post_name":"az-viet-nam","to_ping":"","pinged":"","post_modified":"2021-02-17 22:07:10","post_modified_gmt":"2021-02-17 20:07:10","post_content_filtered":"","post_parent":0,"guid":"https:\/\/sachviet.eu\/nha-phat-hanh\/az-viet-nam\/","menu_order":0,"post_type":"publisher","post_mime_type":"","comment_count":"0","filter":"raw"}},"_links":{"self":[{"href":"https:\/\/sachviet.eu\/en\/wp-json\/wp\/v2\/product\/5072","targetHints":{"allow":["GET"]}}],"collection":[{"href":"https:\/\/sachviet.eu\/en\/wp-json\/wp\/v2\/product"}],"about":[{"href":"https:\/\/sachviet.eu\/en\/wp-json\/wp\/v2\/types\/product"}],"wp:featuredmedia":[{"embeddable":true,"href":"https:\/\/sachviet.eu\/en\/wp-json\/wp\/v2\/media\/5071"}],"wp:attachment":[{"href":"https:\/\/sachviet.eu\/en\/wp-json\/wp\/v2\/media?parent=5072"}],"wp:term":[{"taxonomy":"product_brand","embeddable":true,"href":"https:\/\/sachviet.eu\/en\/wp-json\/wp\/v2\/product_brand?post=5072"},{"taxonomy":"product_cat","embeddable":true,"href":"https:\/\/sachviet.eu\/en\/wp-json\/wp\/v2\/product_cat?post=5072"},{"taxonomy":"product_tag","embeddable":true,"href":"https:\/\/sachviet.eu\/en\/wp-json\/wp\/v2\/product_tag?post=5072"}],"curies":[{"name":"wp","href":"https:\/\/api.w.org\/{rel}","templated":true}]}}