{"id":5070,"date":"2021-03-09T01:56:01","date_gmt":"2021-03-08T23:56:01","guid":{"rendered":"https:\/\/sachviet.eu\/shop\/khong-so-cham-chi-so-dung\/"},"modified":"2023-04-02T11:33:15","modified_gmt":"2023-04-02T08:33:15","slug":"khong-so-cham-chi-so-dung","status":"publish","type":"product","link":"https:\/\/sachviet.eu\/en\/shop\/khong-so-cham-chi-so-dung\/","title":{"rendered":"Kh\u00f4ng S\u1ee3 Ch\u1eadm Ch\u1ec9 S\u1ee3 D\u1eebng"},"content":{"rendered":"<p>Kh\u00f4ng S\u1ee3 Ch\u1eadm Ch\u1ec9 S\u1ee3 D\u1eebng<\/p>\n<p>\u201cNhi\u1ec1u ng\u01b0\u1eddi kh\u00f4ng hi\u1ec3u \u0111\u01b0\u1ee3c v\u00ec sao m\u1ed9t s\u1ed1 ng\u01b0\u1eddi l\u1ea1i c\u00f3 th\u1ec3 s\u1ed1ng k\u1ef7 lu\u1eadt nh\u01b0 v\u1eady. R\u1ed1t cu\u1ed9c l\u00e0m th\u1ebf n\u00e0o \u0111\u1ec3 h\u1ecd c\u00f3 th\u1ec3 duy tr\u00ec \u0111\u01b0\u1ee3c n\u1ebfp s\u1ed1ng nh\u01b0 th\u1ebf? H\u1ecd c\u00f3 b\u00ed quy\u1ebft g\u00ec kh\u00f4ng?<\/p>\n<p>Th\u1eadt ra t\u1ea5t c\u1ea3 nh\u1eefng ng\u01b0\u1eddi c\u00f3 th\u1ec3 s\u1ed1ng t\u1ef1 gi\u00e1c v\u00e0 k\u1ef7 lu\u1eadt \u0111\u1ec1u ch\u1ec9 c\u00f3 m\u1ed9t l\u00fd do: H\u1ecd \u0111\u00e3 \u0111\u01b0\u1ee3c n\u1ebfm th\u1eed \u2018tr\u00e1i ng\u1ecdt\u2019 m\u00e0 s\u1ef1 k\u1ef7 lu\u1eadt \u0111\u00f3 mang l\u1ea1i!\u201d<\/p>\n<p>V\u00e3n T\u00ecnh \u0111\u01b0\u1ee3c coi nh\u01b0 \u201cn\u1eef ho\u00e0ng\u201d c\u1ee7a d\u00f2ng s\u00e1ch c\u1ea3m h\u1ee9ng d\u00e0nh cho ph\u00e1i n\u1eef v\u00e0 t\u1eebng t\u1ea1o n\u00ean m\u1ed9t l\u00e0n s\u00f3ng thay \u0111\u1ed5i t\u01b0 duy t\u00edch c\u1ef1c c\u1ee7a h\u00e0ng v\u1ea1n ph\u1ee5 n\u1eef Vi\u1ec7t Nam qua t\u00e1c ph\u1ea9m B\u1ea1n \u0111\u1eaft gi\u00e1 bao nhi\u00eau?<\/p>\n<p>V\u1eabn l\u00e0 nh\u1eefng quan \u0111i\u1ec3m th\u1eb3ng th\u1eafn v\u00e0 \u0111\u00e1nh tr\u00fang t\u00e2m l\u00fd c\u00e1c c\u00f4 g\u00e1i, s\u1ef1 tr\u1edf l\u1ea1i c\u1ee7a V\u00e3n T\u00ecnh v\u1edbi Kh\u00f4ng s\u1ee3 ch\u1eadm Ch\u1ec9 s\u1ee3 d\u1eebng mang m\u1ed9t h\u01a1i th\u1edf m\u1edbi, trung t\u00ednh h\u01a1n, l\u00e0 nh\u1eefng b\u00e0i h\u1ecdc \u0111\u1eaft gi\u00e1 kh\u00f4ng ch\u1ec9 d\u00e0nh cho ph\u00e1i n\u1eef m\u00e0 c\u00f2n c\u1ea3 nam gi\u1edbi, v\u1ec1 s\u1ee9c m\u1ea1nh c\u1ee7a t\u00ednh k\u1ef7 lu\u1eadt v\u00e0 t\u1ef1 gi\u00e1c \u0111\u1ec3 c\u00f3 th\u1ec3 tr\u1edf th\u00e0nh phi\u00ean b\u1ea3n t\u1ed1t h\u01a1n m\u1ed7i ng\u00e0y.<\/p>\n<p>Khi b\u1ea1n c\u00e0ng K\u1ef7 lu\u1eadt, b\u1ea1n s\u1ebd c\u00e0ng t\u1edbi g\u1ea7n T\u1ef1 do.<\/p>\n","protected":false},"excerpt":{"rendered":"<p>Kh\u00f4ng S\u1ee3 Ch\u1eadm Ch\u1ec9 S\u1ee3 D\u1eebng<\/p>\n<p>\u201cNhi\u1ec1u ng\u01b0\u1eddi kh\u00f4ng hi\u1ec3u \u0111\u01b0\u1ee3c v\u00ec sao m\u1ed9t s\u1ed1 ng\u01b0\u1eddi l\u1ea1i c\u00f3 th\u1ec3 s\u1ed1ng k\u1ef7 lu\u1eadt nh\u01b0 v\u1eady. R\u1ed1t cu\u1ed9c l\u00e0m th\u1ebf n\u00e0o \u0111\u1ec3 h\u1ecd c\u00f3 th\u1ec3 duy tr\u00ec \u0111\u01b0\u1ee3c n\u1ebfp s\u1ed1ng nh\u01b0 th\u1ebf? H\u1ecd c\u00f3 b\u00ed quy\u1ebft g\u00ec kh\u00f4ng?<\/p>\n<p>Th\u1eadt ra t\u1ea5t c\u1ea3 nh\u1eefng ng\u01b0\u1eddi c\u00f3 th\u1ec3 s\u1ed1ng t\u1ef1 gi\u00e1c v\u00e0 k\u1ef7 lu\u1eadt \u0111\u1ec1u ch\u1ec9 c\u00f3 m\u1ed9t l\u00fd do: H\u1ecd \u0111\u00e3 \u0111\u01b0\u1ee3c n\u1ebfm th\u1eed \u2018tr\u00e1i ng\u1ecdt\u2019 m\u00e0 s\u1ef1 k\u1ef7 lu\u1eadt \u0111\u00f3 mang l\u1ea1i!\u201d<\/p>\n<p>V\u00e3n T\u00ecnh \u0111\u01b0\u1ee3c coi nh\u01b0 \u201cn\u1eef ho\u00e0ng\u201d c\u1ee7a d\u00f2ng s\u00e1ch c\u1ea3m h\u1ee9ng d\u00e0nh cho ph\u00e1i n\u1eef v\u00e0 t\u1eebng t\u1ea1o n\u00ean m\u1ed9t l\u00e0n s\u00f3ng thay \u0111\u1ed5i t\u01b0 duy t\u00edch c\u1ef1c c\u1ee7a h\u00e0ng v\u1ea1n ph\u1ee5 n\u1eef Vi\u1ec7t Nam qua t\u00e1c ph\u1ea9m B\u1ea1n \u0111\u1eaft gi\u00e1 bao nhi\u00eau?<\/p>\n<p>V\u1eabn l\u00e0 nh\u1eefng quan \u0111i\u1ec3m th\u1eb3ng th\u1eafn v\u00e0 \u0111\u00e1nh tr\u00fang t\u00e2m l\u00fd c\u00e1c c\u00f4 g\u00e1i, s\u1ef1 tr\u1edf l\u1ea1i c\u1ee7a V\u00e3n T\u00ecnh v\u1edbi Kh\u00f4ng s\u1ee3 ch\u1eadm Ch\u1ec9 s\u1ee3 d\u1eebng mang m\u1ed9t h\u01a1i th\u1edf m\u1edbi, trung t\u00ednh h\u01a1n, l\u00e0 nh\u1eefng b\u00e0i h\u1ecdc \u0111\u1eaft gi\u00e1 kh\u00f4ng ch\u1ec9 d\u00e0nh cho ph\u00e1i n\u1eef m\u00e0 c\u00f2n c\u1ea3 nam gi\u1edbi, v\u1ec1 s\u1ee9c m\u1ea1nh c\u1ee7a t\u00ednh k\u1ef7 lu\u1eadt v\u00e0 t\u1ef1 gi\u00e1c \u0111\u1ec3 c\u00f3 th\u1ec3 tr\u1edf th\u00e0nh phi\u00ean b\u1ea3n t\u1ed1t h\u01a1n m\u1ed7i ng\u00e0y.<\/p>\n<p>Khi b\u1ea1n c\u00e0ng K\u1ef7 lu\u1eadt, b\u1ea1n s\u1ebd c\u00e0ng t\u1edbi g\u1ea7n T\u1ef1 do.<\/p>\n","protected":false},"featured_media":5068,"template":"","meta":{"_acf_changed":false},"product_brand":[],"product_cat":[15,46],"product_tag":[],"class_list":{"0":"post-5070","1":"product","2":"type-product","3":"status-publish","4":"has-post-thumbnail","6":"product_cat-sach-danh-cho-nguoi-lon","7":"product_cat-ky-nang-song","9":"first","10":"instock","11":"taxable","12":"shipping-taxable","13":"purchasable","14":"product-type-simple"},"supplier_id":null,"supplier_sku":"","barcode":null,"atum_controlled":true,"out_stock_date":null,"out_stock_threshold":null,"inheritable":false,"inbound_stock":0,"stock_on_hold":0,"sold_today":0,"sales_last_days":0,"reserved_stock":0,"customer_returns":0,"warehouse_damage":0,"lost_in_post":0,"other_logs":0,"out_stock_days":0,"lost_sales":0,"has_location":false,"update_date":"2026-01-28T23:10:36","atum_locations":[],"atum_stock_status":"instock","restock_status":false,"low_stock_amount":"","sales_update_date":"2026-01-28T23:10:36","calc_backorders":null,"acf":{"publisher":{"ID":1785,"post_author":"1","post_date":"2021-02-17 01:54:46","post_date_gmt":"2021-02-16 23:54:46","post_content":"<!-- wp:flatsome\/uxbuilder -->\n<h1 style=\"text-align: center;\"><strong>AZ VIETNAM<\/strong><\/h1>\n[row]\n\n[col span=\"8\" span__sm=\"12\"]\n\n<p>Th\u00e0nh l\u1eadp n\u0103m: 2015<br \/>V\u1ed1n \u0111\u1ea7u t\u01b0: 4,000,000,000 \u0111\u1ed3ng<br \/><strong>L\u0129nh v\u1ef1c:<\/strong><br \/>- Xu\u1ea5t b\u1ea3n v\u00e0 ph\u00e1t h\u00e0nh v\u0103n h\u00f3a ph\u1ea9m<br \/>- Cung c\u1ea5p v\u0103n h\u00f3a ph\u1ea9m, c\u00e1c s\u1ea3n ph\u1ea9m cho in \u1ea5n, trang thi\u1ebft b\u1ecb cho c\u00e1c th\u01b0 vi\u1ec7n v\u00e0 trung t\u00e2m s\u00e1ch tr\u00ean c\u1ea3 n\u01b0\u1edbc.<br \/>- Th\u1eddi trang v\u00e0 c\u00e1c s\u1ea3n ph\u1ea9m li\u00ean quan \u0111\u1ebfn l\u0129nh v\u1ef1c th\u1eddi trang<br \/>- Xu\u1ea5t nh\u1eadp kh\u1ea9u c\u00e1c s\u1ea3n ph\u1ea9m v\u0103n h\u00f3a<\/p>\n<p><strong>Quy m\u00f4:<\/strong> 60 nh\u00e2n vi\u00ean<br \/>Kh\u1edfi ngu\u1ed3n c\u1ee7a AZ Vi\u1ec7t Nam ng\u00e0y nay l\u00e0 C\u00f4ng ty TNHH Trung t\u00e2m S\u00e1ch v\u00e0 Thi\u1ebft b\u1ecb Th\u01b0 vi\u1ec7n, v\u1edbi ho\u1ea1t \u0111\u1ed9ng \u0111\u1ea7u ti\u00ean l\u00e0 cung c\u1ea5p s\u00e1ch, trang thi\u1ebft b\u1ecb, v\u0103n h\u00f3a ph\u1ea9m cho c\u00e1c th\u01b0 vi\u1ec7n v\u00e0 trung t\u00e2m s\u00e1ch tr\u00ean c\u1ea3 n\u01b0\u1edbc. T\u1eeb cu\u1ed1i n\u0103m 2010 \u0111\u1ebfn nay, ch\u00fang t\u00f4i \u0111\u00e3 kh\u00f4ng ng\u1eebng n\u1ed7 l\u1ef1c khai ph\u00e1 v\u00e0 ph\u00e1t tri\u1ec3n c\u00e1c d\u00f2ng s\u1ea3n ph\u1ea9m m\u1edbi v\u1edbi 8 th\u01b0\u01a1ng hi\u1ec7u uy t\u00edn. \u0110\u1ec3 \u0111\u00e1p \u1ee9ng nhu c\u1ea7u ph\u00e1t tri\u1ec3n ng\u00e0y m\u1ed9t l\u1edbn m\u1ea1nh v\u00e0 t\u1eadp h\u1ee3p c\u00e1c th\u01b0\u01a1ng hi\u1ec7u \u0111\u00e3 \u0111\u01b0\u1ee3c ch\u00fang t\u00f4i x\u00e2y d\u1ef1ng, 2015 C\u00f4ng ty TNHH AZ Vi\u1ec7t Nam \u0111\u00e3 ra \u0111\u1eddi v\u1edbi s\u1ee9 m\u1ec7nh mang \u0111\u1ebfn nhi\u1ec1u h\u01a1n n\u1eefa nh\u1eefng gi\u00e1 tr\u1ecb tinh th\u1ea7n, tri th\u1ee9c ti\u00ean ti\u1ebfn cho ng\u01b0\u1eddi ti\u00eau d\u00f9ng b\u1eb1ng vi\u1ec7c cung c\u1ea5p nh\u1eefng s\u1ea3n ph\u1ea9m c\u00f3 ch\u1ea5t l\u01b0\u1ee3ng.<\/p>\n\n[\/col]\n[col span=\"4\" span__sm=\"12\"]\n\n[ux_image id=\"1836\" image_size=\"medium\"]\n\n\n[\/col]\n\n[\/row]\n\n<!-- \/wp:flatsome\/uxbuilder -->","post_title":"AZ Vi\u1ec7t Nam","post_excerpt":"","post_status":"publish","comment_status":"closed","ping_status":"closed","post_password":"","post_name":"az-viet-nam","to_ping":"","pinged":"","post_modified":"2021-02-17 22:07:10","post_modified_gmt":"2021-02-17 20:07:10","post_content_filtered":"","post_parent":0,"guid":"https:\/\/sachviet.eu\/nha-phat-hanh\/az-viet-nam\/","menu_order":0,"post_type":"publisher","post_mime_type":"","comment_count":"0","filter":"raw"}},"_links":{"self":[{"href":"https:\/\/sachviet.eu\/en\/wp-json\/wp\/v2\/product\/5070","targetHints":{"allow":["GET"]}}],"collection":[{"href":"https:\/\/sachviet.eu\/en\/wp-json\/wp\/v2\/product"}],"about":[{"href":"https:\/\/sachviet.eu\/en\/wp-json\/wp\/v2\/types\/product"}],"wp:featuredmedia":[{"embeddable":true,"href":"https:\/\/sachviet.eu\/en\/wp-json\/wp\/v2\/media\/5068"}],"wp:attachment":[{"href":"https:\/\/sachviet.eu\/en\/wp-json\/wp\/v2\/media?parent=5070"}],"wp:term":[{"taxonomy":"product_brand","embeddable":true,"href":"https:\/\/sachviet.eu\/en\/wp-json\/wp\/v2\/product_brand?post=5070"},{"taxonomy":"product_cat","embeddable":true,"href":"https:\/\/sachviet.eu\/en\/wp-json\/wp\/v2\/product_cat?post=5070"},{"taxonomy":"product_tag","embeddable":true,"href":"https:\/\/sachviet.eu\/en\/wp-json\/wp\/v2\/product_tag?post=5070"}],"curies":[{"name":"wp","href":"https:\/\/api.w.org\/{rel}","templated":true}]}}