{"id":5067,"date":"2021-03-09T01:55:53","date_gmt":"2021-03-08T23:55:53","guid":{"rendered":"https:\/\/sachviet.eu\/shop\/lay-tinh-tham-ma-doi-dau-bac\/"},"modified":"2021-05-18T00:15:40","modified_gmt":"2021-05-17T21:15:40","slug":"lay-tinh-tham-ma-doi-dau-bac","status":"publish","type":"product","link":"https:\/\/sachviet.eu\/en\/shop\/lay-tinh-tham-ma-doi-dau-bac\/","title":{"rendered":"L\u1ea5y T\u00ecnh Th\u00e2m M\u00e0 \u0110\u1ed5i \u0110\u1ea7u B\u1ea1c"},"content":{"rendered":"<p>L\u1ea5y t\u00ecnh th\u00e2m m\u00e0 \u0111\u1ed5i \u0111\u1ea7u b\u1ea1c<\/p>\n<p>V\u00e3n T\u00ecnh v\u1ed1n \u0111\u01b0\u1ee3c bi\u1ebft \u0111\u1ebfn l\u00e0 t\u00e1c gi\u1ea3 b\u1ed9 ba best-seller B\u1ea1n \u0111\u1eaft gi\u00e1 bao nhi\u00eau?, Kh\u00ed ch\u1ea5t bao nhi\u00eau \u2013 H\u1ea1nh ph\u00fac b\u1ea5y nhi\u00eau v\u00e0 Kh\u00f4ng t\u1ef1 khinh b\u1ec9 \u2013 Kh\u00f4ng t\u1ef1 ph\u00ed ho\u00e0i t\u1eebng t\u1ea1o n\u00ean m\u1ed9t l\u00e0n s\u00f3ng thay \u0111\u1ed5i t\u01b0 duy c\u1ee7a h\u00e0ng tri\u1ec7u ph\u1ee5 n\u1eef.<\/p>\n<p>S\u1ef1 tr\u1edf l\u1ea1i l\u1ea7n n\u00e0y c\u1ee7a V\u00e3n T\u00ecnh v\u1edbi L\u1ea5y t\u00ecnh th\u00e2m m\u00e0 \u0111\u1ed5i \u0111\u1ea7u b\u1ea1c h\u1ee9a h\u1eb9n mang \u0111\u1ebfn cho \u0111\u1ed9c gi\u1ea3 nh\u1eefng c\u00e2u chuy\u1ec7n t\u00ecnh y\u00eau, cu\u1ed9c s\u1ed1ng, h\u00f4n nh\u00e2n, gia \u0111\u00ecnh \u0111\u1ea7y g\u1ea7n g\u0169i v\u00e0 \u1ea5m \u00e1p, \u0111\u1eb7c bi\u1ec7t \u0111\u01b0\u1ee3c gi\u1ea3i ngh\u0129a th\u00eam t\u1eeb g\u00f3c nh\u00ecn tr\u1ef1c di\u1ec7n v\u00e0 \u0111\u1ea7y l\u00fd tr\u00ed c\u1ee7a m\u1ed9t ng\u01b0\u1eddi \u0111\u00e0n \u00f4ng, c\u0169ng ch\u00ednh l\u00e0 ch\u1ed3ng c\u1ee7a t\u00e1c gi\u1ea3.<\/p>\n<p>Cu\u1ed1n s\u00e1ch nh\u01b0 m\u1ed9t li\u1ec1u thu\u1ed1c gi\u00fap xoa d\u1ecbu nh\u1eefng t\u00e2m h\u1ed3n \u0111ang \u0111au kh\u1ed5 trong t\u00ecnh y\u00eau, ti\u1ebfp th\u00eam ni\u1ec1m tin v\u00e0 hi v\u1ecdng cho nh\u1eefng ng\u01b0\u1eddi \u0111ang theo \u0111u\u1ed5i m\u1ed9t h\u00f4n nh\u00e2n h\u1ea1nh ph\u00fac.<\/p>\n<p>V\u00e0 quan tr\u1ecdng h\u01a1n c\u1ea3, c\u1ed5 v\u0169 cho t\u1ea5t c\u1ea3 ph\u1ee5 n\u1eef bi\u1ebft y\u00eau v\u00e0 tr\u00e2n qu\u00fd ch\u00ednh b\u1ea3n th\u00e2n m\u00ecnh.<\/p>\n<p>\u201cN\u0103m th\u00e1ng thanh xu\u00e2n t\u00f4i lu\u00f4n theo \u0111u\u1ed5i m\u1ed9t t\u00ecnh y\u00eau s\u1ed1ng ch\u1ebft c\u00f3 nhau. C\u1ee9 m\u1ed7i l\u1ea7n th\u1ea5y nh\u1eefng c\u1ea3nh sinh ly t\u1eed bi\u1ec7t trong phim t\u00f4i l\u1ea1i kh\u00f3c n\u1ee9c n\u1edf. C\u00f2n b\u00e2y gi\u1edd l\u1ea1i d\u1ec5 x\u00fac \u0111\u1ed9ng b\u1edfi nh\u1eefng khung c\u1ea3nh gi\u1ea3n d\u1ecb nh\u01b0ng \u0111\u1ea7y \u1ea5m \u00e1p, ch\u1ec9 mu\u1ed1n \u0111\u01b0\u1ee3c s\u1ed1ng m\u00e3i trong h\u1ea1nh ph\u00fac nh\u1ecf b\u00e9 c\u1ee7a m\u00ecnh.<\/p>\n<p>Mong r\u1eb1ng n\u0103m th\u00e1ng \u1ea5m \u00e1p, c\u1ea3 \u0111\u1eddi b\u00ecnh y\u00ean.\u201d &#8211; L\u1ea5y t\u00ecnh th\u00e2m m\u00e0 \u0111\u1ed5i \u0111\u1ea7u b\u1ea1c, V\u00e3n T\u00ecnh<\/p>\n","protected":false},"excerpt":{"rendered":"<p>L\u1ea5y t\u00ecnh th\u00e2m m\u00e0 \u0111\u1ed5i \u0111\u1ea7u b\u1ea1c<\/p>\n<p>V\u00e3n T\u00ecnh v\u1ed1n \u0111\u01b0\u1ee3c bi\u1ebft \u0111\u1ebfn l\u00e0 t\u00e1c gi\u1ea3 b\u1ed9 ba best-seller B\u1ea1n \u0111\u1eaft gi\u00e1 bao nhi\u00eau?, Kh\u00ed ch\u1ea5t bao nhi\u00eau \u2013 H\u1ea1nh ph\u00fac b\u1ea5y nhi\u00eau v\u00e0 Kh\u00f4ng t\u1ef1 khinh b\u1ec9 \u2013 Kh\u00f4ng t\u1ef1 ph\u00ed ho\u00e0i t\u1eebng t\u1ea1o n\u00ean m\u1ed9t l\u00e0n s\u00f3ng thay \u0111\u1ed5i t\u01b0 duy c\u1ee7a h\u00e0ng tri\u1ec7u ph\u1ee5 n\u1eef.<\/p>\n<p>S\u1ef1 tr\u1edf l\u1ea1i l\u1ea7n n\u00e0y c\u1ee7a V\u00e3n T\u00ecnh v\u1edbi L\u1ea5y t\u00ecnh th\u00e2m m\u00e0 \u0111\u1ed5i \u0111\u1ea7u b\u1ea1c h\u1ee9a h\u1eb9n mang \u0111\u1ebfn cho \u0111\u1ed9c gi\u1ea3 nh\u1eefng c\u00e2u chuy\u1ec7n t\u00ecnh y\u00eau, cu\u1ed9c s\u1ed1ng, h\u00f4n nh\u00e2n, gia \u0111\u00ecnh \u0111\u1ea7y g\u1ea7n g\u0169i v\u00e0 \u1ea5m \u00e1p, \u0111\u1eb7c bi\u1ec7t \u0111\u01b0\u1ee3c gi\u1ea3i ngh\u0129a th\u00eam t\u1eeb g\u00f3c nh\u00ecn tr\u1ef1c di\u1ec7n v\u00e0 \u0111\u1ea7y l\u00fd tr\u00ed c\u1ee7a m\u1ed9t ng\u01b0\u1eddi \u0111\u00e0n \u00f4ng, c\u0169ng ch\u00ednh l\u00e0 ch\u1ed3ng c\u1ee7a t\u00e1c gi\u1ea3.<\/p>\n<p>Cu\u1ed1n s\u00e1ch nh\u01b0 m\u1ed9t li\u1ec1u thu\u1ed1c gi\u00fap xoa d\u1ecbu nh\u1eefng t\u00e2m h\u1ed3n \u0111ang \u0111au kh\u1ed5 trong t\u00ecnh y\u00eau, ti\u1ebfp th\u00eam ni\u1ec1m tin v\u00e0 hi v\u1ecdng cho nh\u1eefng ng\u01b0\u1eddi \u0111ang theo \u0111u\u1ed5i m\u1ed9t h\u00f4n nh\u00e2n h\u1ea1nh ph\u00fac.<\/p>\n<p>V\u00e0 quan tr\u1ecdng h\u01a1n c\u1ea3, c\u1ed5 v\u0169 cho t\u1ea5t c\u1ea3 ph\u1ee5 n\u1eef bi\u1ebft y\u00eau v\u00e0 tr\u00e2n qu\u00fd ch\u00ednh b\u1ea3n th\u00e2n m\u00ecnh.<\/p>\n","protected":false},"featured_media":5066,"template":"","meta":{"_acf_changed":false},"product_brand":[],"product_cat":[15,47],"product_tag":[],"class_list":{"0":"post-5067","1":"product","2":"type-product","3":"status-publish","4":"has-post-thumbnail","6":"product_cat-sach-danh-cho-nguoi-lon","7":"product_cat-truyen-ngan-tan-van","9":"first","10":"outofstock","11":"taxable","12":"shipping-taxable","13":"purchasable","14":"product-type-simple"},"supplier_id":null,"supplier_sku":"","barcode":null,"atum_controlled":true,"out_stock_date":"2021-04-05 16:16:10","out_stock_threshold":null,"inheritable":false,"inbound_stock":0,"stock_on_hold":0,"sold_today":0,"sales_last_days":0,"reserved_stock":0,"customer_returns":0,"warehouse_damage":0,"lost_in_post":0,"other_logs":0,"out_stock_days":1759,"lost_sales":0,"has_location":false,"update_date":"2026-01-28T23:10:36","atum_locations":[],"atum_stock_status":"outofstock","restock_status":false,"low_stock_amount":"","sales_update_date":"2026-01-28T23:10:36","calc_backorders":null,"acf":{"publisher":{"ID":1785,"post_author":"1","post_date":"2021-02-17 01:54:46","post_date_gmt":"2021-02-16 23:54:46","post_content":"<!-- wp:flatsome\/uxbuilder -->\n<h1 style=\"text-align: center;\"><strong>AZ VIETNAM<\/strong><\/h1>\n[row]\n\n[col span=\"8\" span__sm=\"12\"]\n\n<p>Th\u00e0nh l\u1eadp n\u0103m: 2015<br \/>V\u1ed1n \u0111\u1ea7u t\u01b0: 4,000,000,000 \u0111\u1ed3ng<br \/><strong>L\u0129nh v\u1ef1c:<\/strong><br \/>- Xu\u1ea5t b\u1ea3n v\u00e0 ph\u00e1t h\u00e0nh v\u0103n h\u00f3a ph\u1ea9m<br \/>- Cung c\u1ea5p v\u0103n h\u00f3a ph\u1ea9m, c\u00e1c s\u1ea3n ph\u1ea9m cho in \u1ea5n, trang thi\u1ebft b\u1ecb cho c\u00e1c th\u01b0 vi\u1ec7n v\u00e0 trung t\u00e2m s\u00e1ch tr\u00ean c\u1ea3 n\u01b0\u1edbc.<br \/>- Th\u1eddi trang v\u00e0 c\u00e1c s\u1ea3n ph\u1ea9m li\u00ean quan \u0111\u1ebfn l\u0129nh v\u1ef1c th\u1eddi trang<br \/>- Xu\u1ea5t nh\u1eadp kh\u1ea9u c\u00e1c s\u1ea3n ph\u1ea9m v\u0103n h\u00f3a<\/p>\n<p><strong>Quy m\u00f4:<\/strong> 60 nh\u00e2n vi\u00ean<br \/>Kh\u1edfi ngu\u1ed3n c\u1ee7a AZ Vi\u1ec7t Nam ng\u00e0y nay l\u00e0 C\u00f4ng ty TNHH Trung t\u00e2m S\u00e1ch v\u00e0 Thi\u1ebft b\u1ecb Th\u01b0 vi\u1ec7n, v\u1edbi ho\u1ea1t \u0111\u1ed9ng \u0111\u1ea7u ti\u00ean l\u00e0 cung c\u1ea5p s\u00e1ch, trang thi\u1ebft b\u1ecb, v\u0103n h\u00f3a ph\u1ea9m cho c\u00e1c th\u01b0 vi\u1ec7n v\u00e0 trung t\u00e2m s\u00e1ch tr\u00ean c\u1ea3 n\u01b0\u1edbc. T\u1eeb cu\u1ed1i n\u0103m 2010 \u0111\u1ebfn nay, ch\u00fang t\u00f4i \u0111\u00e3 kh\u00f4ng ng\u1eebng n\u1ed7 l\u1ef1c khai ph\u00e1 v\u00e0 ph\u00e1t tri\u1ec3n c\u00e1c d\u00f2ng s\u1ea3n ph\u1ea9m m\u1edbi v\u1edbi 8 th\u01b0\u01a1ng hi\u1ec7u uy t\u00edn. \u0110\u1ec3 \u0111\u00e1p \u1ee9ng nhu c\u1ea7u ph\u00e1t tri\u1ec3n ng\u00e0y m\u1ed9t l\u1edbn m\u1ea1nh v\u00e0 t\u1eadp h\u1ee3p c\u00e1c th\u01b0\u01a1ng hi\u1ec7u \u0111\u00e3 \u0111\u01b0\u1ee3c ch\u00fang t\u00f4i x\u00e2y d\u1ef1ng, 2015 C\u00f4ng ty TNHH AZ Vi\u1ec7t Nam \u0111\u00e3 ra \u0111\u1eddi v\u1edbi s\u1ee9 m\u1ec7nh mang \u0111\u1ebfn nhi\u1ec1u h\u01a1n n\u1eefa nh\u1eefng gi\u00e1 tr\u1ecb tinh th\u1ea7n, tri th\u1ee9c ti\u00ean ti\u1ebfn cho ng\u01b0\u1eddi ti\u00eau d\u00f9ng b\u1eb1ng vi\u1ec7c cung c\u1ea5p nh\u1eefng s\u1ea3n ph\u1ea9m c\u00f3 ch\u1ea5t l\u01b0\u1ee3ng.<\/p>\n\n[\/col]\n[col span=\"4\" span__sm=\"12\"]\n\n[ux_image id=\"1836\" image_size=\"medium\"]\n\n\n[\/col]\n\n[\/row]\n\n<!-- \/wp:flatsome\/uxbuilder -->","post_title":"AZ Vi\u1ec7t Nam","post_excerpt":"","post_status":"publish","comment_status":"closed","ping_status":"closed","post_password":"","post_name":"az-viet-nam","to_ping":"","pinged":"","post_modified":"2021-02-17 22:07:10","post_modified_gmt":"2021-02-17 20:07:10","post_content_filtered":"","post_parent":0,"guid":"https:\/\/sachviet.eu\/nha-phat-hanh\/az-viet-nam\/","menu_order":0,"post_type":"publisher","post_mime_type":"","comment_count":"0","filter":"raw"}},"_links":{"self":[{"href":"https:\/\/sachviet.eu\/en\/wp-json\/wp\/v2\/product\/5067","targetHints":{"allow":["GET"]}}],"collection":[{"href":"https:\/\/sachviet.eu\/en\/wp-json\/wp\/v2\/product"}],"about":[{"href":"https:\/\/sachviet.eu\/en\/wp-json\/wp\/v2\/types\/product"}],"wp:featuredmedia":[{"embeddable":true,"href":"https:\/\/sachviet.eu\/en\/wp-json\/wp\/v2\/media\/5066"}],"wp:attachment":[{"href":"https:\/\/sachviet.eu\/en\/wp-json\/wp\/v2\/media?parent=5067"}],"wp:term":[{"taxonomy":"product_brand","embeddable":true,"href":"https:\/\/sachviet.eu\/en\/wp-json\/wp\/v2\/product_brand?post=5067"},{"taxonomy":"product_cat","embeddable":true,"href":"https:\/\/sachviet.eu\/en\/wp-json\/wp\/v2\/product_cat?post=5067"},{"taxonomy":"product_tag","embeddable":true,"href":"https:\/\/sachviet.eu\/en\/wp-json\/wp\/v2\/product_tag?post=5067"}],"curies":[{"name":"wp","href":"https:\/\/api.w.org\/{rel}","templated":true}]}}