{"id":506,"date":"2021-02-13T02:00:35","date_gmt":"2021-02-13T00:00:35","guid":{"rendered":"https:\/\/sachviet.eu\/shop\/san-pham\/"},"modified":"2023-04-02T20:51:19","modified_gmt":"2023-04-02T17:51:19","slug":"ehon-choi-cung-giri-chu-be-com-nam-tap-2-set-4-quyen","status":"publish","type":"product","link":"https:\/\/sachviet.eu\/en\/shop\/ehon-choi-cung-giri-chu-be-com-nam-tap-2-set-4-quyen\/","title":{"rendered":"Ehon Ch\u01a1i c\u00f9ng Giri: Ch\u00fa b\u00e9 c\u01a1m n\u1eafm (T\u1eadp 2) &#8211; set 4 quy\u1ec3n"},"content":{"rendered":"<p>Ch\u00fa b\u00e9 c\u01a1m n\u1eafm Giri v\u1edbi t\u1ea1o h\u00ecnh \u0111\u00e1ng y\u00eau xu\u1ea5t hi\u1ec7n trong ph\u1ea7n hai v\u1edbi nh\u1eefng c\u00e2u chuy\u1ec7n \u0111\u00e1ng y\u00eau, \u0111em \u0111\u1ebfn th\u00eam cho c\u00e1c b\u00e9 nhi\u1ec1u \u201c\u0111\u1ea5t\u201d \u0111\u1ec3 th\u1ec3 hi\u1ec7n ti\u1ec1m n\u0103ng s\u00e1ng t\u1ea1o v\u00f4 bi\u00ean h\u01a1n.<\/p>\n<p>V\u1edbi sesies Ch\u01a1i c\u00f9ng Giri &#8211; Ch\u00fa b\u00e9 c\u01a1m n\u1eafm ph\u1ea7n 2, c\u00e1c cu\u1ed1n s\u00e1ch s\u1ebd ti\u1ebfp t\u1ee5c \u0111em tr\u1ebb \u0111\u1ebfn v\u1edbi c\u00e1c tr\u00f2 ch\u01a1i k\u00edch th\u00edch s\u1ef1 s\u00e1ng t\u1ea1o v\u00e0 li\u00ean t\u01b0\u1edfng.<\/p>\n<p>&#8220;Ai g\u00f5 c\u1eeda \u0111\u1ea5y?&#8221; cho tr\u1ebb nh\u1eefng d\u1eef li\u1ec7u c\u01a1 b\u1ea3n \u0111\u1ec3 g\u1ee3i nh\u1edb nh\u1eefng \u0111\u1eb7c \u0111i\u1ec3m ri\u00eang c\u1ee7a c\u00e1c lo\u00e0i v\u1eadt, qua \u0111\u00f3 t\u00ecm hi\u1ec3u s\u00e2u h\u01a1n v\u00e0 ghi nh\u1edb ch\u00fang. Qua c\u00e2u chuy\u1ec7n Ehon \u201cAi g\u00f5 c\u1eeda \u0111\u1ea5y?\u201d, b\u00e9 \u0111\u00e3 bi\u1ebft th\u00eam th\u1eadt nhi\u1ec1u lo\u00e0i \u0111\u1ed9ng v\u1eadt v\u1edbi nh\u1eefng \u0111\u1eb7c \u0111i\u1ec3m r\u1ea5t ri\u00eang bi\u1ec7t, r\u1ea5t n\u1ed5i b\u1eadt \u0111\u00fang kh\u00f4ng n\u00e0o? B\u1ea1n th\u1ecf con c\u00f3 \u0111\u00f4i t\u00e0i d\u00e0i v\u00e0 m\u00e0u l\u00f4ng tr\u1eafng mu\u1ed1t, tr\u00f4ng th\u1eadt l\u00e0 d\u1ec5 th\u01b0\u01a1ng. C\u00f4ng th\u00ec l\u00fac n\u00e0o c\u0169ng kho\u00e1c l\u00ean m\u00ecnh b\u1ed9 c\u00e1nh s\u1eb7c s\u1ee1 v\u00e0 xinh \u0111\u1eb9p, y\u00eau ki\u1ec1u nh\u01b0 thi\u1ebfu n\u1eef v\u1edbi v\u00e1y \u00e1o \u0111\u1eb9p l\u1ea1 k\u1ef3. T\u00e1m c\u1eb3ng hai c\u00e0ng, l\u1ea1i b\u00f2 ngang ch\u00ednh l\u00e0 b\u1ea1n cua. B\u1ea1n cua c\u00f3 hai chi\u1ebfc c\u00e0ng th\u1eadt to \u0111\u1ec3 t\u1ef1 v\u1ec7, ch\u1eb3ng ai c\u00f3 th\u1ec3 b\u1eaft n\u1ea1t \u0111\u01b0\u1ee3c b\u1ea1n \u1ea5y \u0111\u00e2u, th\u1eadt l\u00e0 d\u0169ng c\u1ea3m. C\u00f2n b\u1ea1n t\u1eafc k\u00e8 c\u1ee9 tho\u1eaft \u1ea9n tho\u1eaft hi\u1ec7n nh\u1edd v\u00e0o kh\u1ea3 n\u0103ng bi\u1ebfn m\u00e0u theo m\u00e0u m\u00f4i tr\u01b0\u1eddng, gi\u1ed1ng nh\u01b0 l\u00e0 c\u00f3 ph\u00e9p t\u00e0ng h\u00ecnh khi\u1ebfn su\u00fdt n\u1eefa th\u00ec Giri ph\u00e1t c\u00e1u v\u00ec ngh\u0129 r\u1eb1ng ai \u0111\u00f3 \u0111ang tr\u00eau \u0111\u00f9a m\u00ecnh. M\u1ed7i b\u1ea1n \u0111\u1ed9ng v\u1eadt \u0111\u1ec1u c\u00f3 nh\u1eefng \u0111i\u1ec3m ri\u00eang bi\u1ec7t, ai c\u0169ng xinh \u0111\u1eb9p, \u0111\u00e1ng y\u00eau v\u00e0 c\u00f3 vai tr\u00f2 ri\u00eang c\u1ee7a m\u00ecnh. Giri \u0111\u00e3 \u0111\u00f3n nh\u1eefng ng\u01b0\u1eddi kh\u00e1ch b\u00ed m\u1eadt \u0111\u1ebfn ch\u01a1i r\u1ea5t vui, v\u00e0 qua \u0111\u00f3 b\u00e9 \u0111\u00e3 l\u00e0m quen th\u00eam \u0111\u01b0\u1ee3c v\u1edbi r\u1ea5t nhi\u1ec1u ng\u01b0\u1eddi b\u1ea1n m\u1edbi ph\u1ea3i kh\u00f4ng n\u00e0o?<\/p>\n<p>N\u1ebfu \u0111\u00e3 t\u1eebng ch\u01a1i tr\u00f2 tr\u1ed1n trong ch\u0103n, c\u00e1c b\u00e9 ch\u1eafc ch\u1eafn s\u1ebd c\u1ea3m nh\u1eadn \u0111\u01b0\u1ee3c s\u1ef1 h\u1ed3i h\u1ed9p trong cu\u1ed1n Ehon &#8220;Ai tr\u1ed1n trong ch\u0103n \u0111\u1ea5y?&#8221;. Ch\u1ec9 c\u1ea7n tr\u00f9m ch\u0103n l\u00ean, th\u1eadt kh\u00f3 \u0111\u1ec3 \u0111o\u00e1n \u0111\u01b0\u1ee3c ai \u0111ang tr\u1ed1n \u0111\u1eb1ng sau. N\u1ebfu c\u00e1c b\u00e9 c\u00f3 th\u1ec3 \u0111o\u00e1n \u0111\u01b0\u1ee3c, \u0111i\u1ec1u \u0111\u00f3 ch\u1ee9ng t\u1ecf con \u0111\u00e3 c\u00f3 m\u1ed9t tr\u00ed t\u01b0\u1edfng t\u01b0\u1ee3ng v\u00e0 \u00f3c ph\u00e1n \u0111o\u00e1n th\u1eadt l\u00e0 tuy\u1ec7t ph\u1ea3i kh\u00f4ng? \u201cAi tr\u1ed1n trong ch\u0103n \u0111\u1ea5y?\u201d ch\u00ednh l\u00e0 c\u00e2u chuy\u1ec7n m\u00e0 c\u00e1c b\u1ea1n nh\u1ecf th\u01b0\u1eddng c\u1ea3m th\u1ea5y v\u00f4 c\u00f9ng th\u00edch th\u00fa m\u1ed7i khi \u0111\u01b0\u1ee3c ch\u01a1i, \u0111\u1eb7c bi\u1ec7t l\u00e0 khi \u0111\u1ed3 v\u1eadt, con v\u1eadt \u0111ang tr\u1ed1n ho\u1eb7c \u1ea9n sau l\u1edbp ch\u0103n c\u00e0ng m\u1edbi l\u1ea1 th\u00ec con c\u00e0ng th\u00edch th\u00fa. Vi\u1ec7c ph\u1ee7 l\u00ean nh\u1eefng \u0111\u1ed3 v\u1eadt c\u1ea3 quen c\u1ea3 l\u1ea1 m\u1ed9t t\u1ea5m ch\u0103n \u0111\u1ec3 cho con \u0111o\u00e1n b\u00ean d\u01b0\u1edbi l\u00e0 g\u00ec s\u1ebd l\u00e0 h\u00ecnh th\u1ee9c gi\u00fap b\u00e9 v\u1eadn \u0111\u1ed9ng kh\u1ea3 n\u0103ng li\u00ean t\u01b0\u1edfng, t\u01b0\u1edfng t\u01b0\u1ee3ng, kh\u01a1i g\u1ee3i c\u1ea3 tr\u00ed nh\u1edb m\u1ed9t c\u00e1ch hi\u1ec7u qu\u1ea3. B\u00e9 s\u1ebd d\u1ef1a v\u00e0o nh\u1eefng \u0111\u1eb7c \u0111i\u1ec3m c\u1ee7a c\u00e1c con v\u1eadt m\u00e0 b\u00e9 \u0111\u00e3 quan s\u00e1t, thu nh\u1eadn t\u1eeb tr\u01b0\u1edbc \u0111\u1ec3 suy \u0111o\u00e1n t\u1eeb h\u00ecnh th\u1ee9c b\u00ean ngo\u00e0i. N\u1ebfu b\u00e9 \u0111\u00e3 quan s\u00e1t k\u1ef9 th\u00ec ch\u1eafc ch\u1eafc con s\u1ebd r\u1ea5t d\u1ec5 d\u00e0ng \u0111\u1ec3 \u0111o\u00e1n ra s\u1ef1 v\u1eadt, con v\u1eadt \u0111\u00f3; n\u1ebfu b\u00e9 ch\u01b0a bi\u1ebft th\u00ec nh\u1edd nh\u1eefng \u0111\u1eb7c \u0111i\u1ec3m m\u00e0 con \u0111\u00e3 nh\u00ecn th\u1ea5y, con s\u1ebd l\u00e0m quen v\u00e0 ghi nh\u1edb r\u1ea5t nhanh lo\u00e0i v\u1eadt m\u1edbi n\u00e0y.<\/p>\n<p>Ng\u00e0y l\u1ec5 m\u1eb7c qu\u1ea7n l\u00e0 c\u00e2u chuy\u1ec7n r\u1ea5t vui v\u1ebb v\u1ec1 ng\u00e0y l\u1ec5 m\u1eb7c qu\u1ea7n c\u1ee7a c\u00e1c b\u1ea1n \u0111\u1ed9ng v\u1eadt. \u0110\u00f3 l\u00e0 ng\u00e0y m\u00e0 c\u00e1c b\u1ea1n \u0111\u1ed9ng v\u1eadt m\u1eb7c l\u00ean m\u00ecnh chi\u1ebfc qu\u1ea7n \u0111\u1eb9p nh\u1ea5t \u0111\u1ec3 \u0111i gi\u1edbi thi\u1ec7u v\u1edbi m\u1ecdi ng\u01b0\u1eddi. &#8220;Ng\u00e0y l\u1ec5 m\u1eb7c qu\u1ea7n&#8221; khi\u1ebfn tr\u1ebb ph\u1ea3i b\u1eadt c\u01b0\u1eddi l\u00ean v\u00ec t\u00ecnh hu\u1ed1ng b\u1ea5t ng\u1edd, r\u1ea5t h\u00e0i h\u01b0\u1edbc khi\u1ebfn Giri x\u1ea5u h\u1ed5 ph\u1ea3i ch\u1ea1y \u0111i tr\u1ed1n. Ch\u00ednh chi\u1ebfc qu\u1ea7n c\u00f3 nh\u1eefng \u0111\u1eb7c \u0111i\u1ec3m ri\u00eang khi\u1ebfn cho c\u00e1c b\u1ea1n nh\u1ecf ch\u1ec9 c\u1ea7n nh\u00ecn v\u00e0o l\u00e0 nh\u1eadn ra ngay \u0111\u01b0\u1ee3c. B\u1ea1n nh\u1ec7n v\u1edbi nh\u1eefng c\u1eb7p ch\u00e2n \u0111\u1ed1t b\u00e9 x\u00edu c\u0169ng c\u00f3 chi\u1ebfc qu\u1ea7n m\u00e0 ch\u1ec9 m\u00ecnh b\u1ea1n \u1ea5y m\u1eb7c \u0111\u01b0\u1ee3c. M\u1eb9 chu\u1ed9t t\u00fai n\u1ed5i ti\u1ebfng v\u1edbi chi\u1ebfc t\u00fai da to \u0111\u00f9ng \u0111\u1ec3 b\u1ea3o v\u1ec7 con c\u0169ng \u0111\u01b0\u1ee3c mi\u00eau t\u1ea3 r\u1ea5t sinh \u0111\u1ed9ng khi\u1ebfn c\u00e1c b\u00e9 c\u00f3 th\u1ec3 nh\u1eadn ra ngay. Chu\u1ed9t nh\u1eaft th\u00ec b\u00e9 x\u00edu n\u00ean ch\u1ecf c\u00f3 th\u1ec3 m\u1eb7c v\u1eeba chi\u1ebfc qu\u1ea7n t\u00ed hon th\u00f4i. \u201cChi\u1ebfc qu\u1ea7n c\u00f3 \u0111\u1ebfn t\u00e1m \u1ed1ng l\u00e0 c\u1ee7a ai?\u201d, \u201cai m\u1eb7c chi\u1ebfc qu\u1ea7n c\u00f3 t\u00fai r\u1ea5t to tr\u01b0\u1edbc b\u1ee5ng?\u201d, c\u00e2u tr\u1ea3 l\u1eddi \u0111ang \u0111\u1ee3i c\u00e1c b\u1ea1n nh\u1ecf kh\u00e1m ph\u00e1 \u0111\u1ea5y nh\u00e9!<\/p>\n<p>&#8220;\u00da \u00f2a&#8221; l\u00e0 c\u00e2u chuy\u1ec7n ph\u1ed5 c\u1eadp cho c\u00e1c b\u00e9 \u0111\u1eb7c t\u00ednh sinh h\u1ecdc c\u1ee7a m\u1ed9t s\u1ed1 lo\u00e0i \u0111\u1ed9ng v\u1eadt, v\u00ed d\u1ee5 n\u1ebfu ch\u1ed3n h\u00f4i s\u1ee3 th\u00ec b\u1ea1n \u1ea5y s\u1ebd ti\u1ebft ra m\u00f9i kh\u00f3 ch\u1ecbu hay b\u1ea1n nh\u00edm s\u1ebd ph\u00f3ng gai n\u1ebfu c\u1ea3m th\u1ea5y b\u1ecb \u0111e d\u1ecda&#8230; Giri th\u1eed d\u1ecda b\u1ea1n r\u00f9a, b\u1ea1n nh\u00edm, b\u1ea1n ch\u1ed3n h\u00f4i xem c\u00e1c b\u1ea1n ph\u1ea3n \u1ee9ng th\u1ebf n\u00e0o. Th\u1ebf m\u00e0 cu\u1ed1i c\u00f9ng, ch\u00fa b\u00e9 c\u01a1m n\u1eafm Giri m\u1edbi ch\u00ednh l\u00e0 ng\u01b0\u1eddi b\u1ecb g\u1ecda cho gi\u1eadt m\u00ecnh h\u1ebft l\u1ea7n n\u00e0y \u0111\u1ebfn l\u1ea7n kh\u00e1c\u2026.\u0110\u00e2y l\u00e0 nh\u1eefng ki\u1ebfn th\u1ee9c r\u1ea5t b\u1ed5 \u00edch d\u00e0nh cho b\u00e9 \u0111\u1ec3 hi\u1ec3u th\u00eam v\u1ec1 th\u1ebf gi\u1edbi t\u1ef1 nhi\u00ean xung quanh m\u00ecnh.<\/p>\n<p>Qua nh\u1eefng c\u00e2u t\u1eeb gi\u00e0u v\u1ea7n \u0111i\u1ec7u trong b\u1ed9 truy\u1ec7n Ehon \u201cCh\u01a1i c\u00f9ng Giri \u2013 Ch\u00fa b\u00e9 c\u01a1m n\u1eafm\u201d c\u00f9ng k\u1ebft c\u1ea5u c\u00e2u chuy\u1ec7n l\u1eb7p \u0111i l\u1eb7p l\u1ea1i nhi\u1ec1u l\u1ea7n v\u1edbi di\u1ec5n bi\u1ebfn c\u00f3 th\u1ec3 \u0111o\u00e1n tr\u01b0\u1edbc, c\u00e2u chuy\u1ec7n tuy r\u1ea5t \u0111\u01a1n gi\u1ea3n v\u1edbi ng\u01b0\u1eddi l\u1edbn nh\u01b0ng l\u1ea1i l\u00e0 c\u1ea3 m\u1ed9t th\u1ebf gi\u1edbi \u0111\u1ea7y th\u00fa v\u1ecb v\u1edbi c\u00e1c em b\u00e9. Ch\u00ednh s\u1ef1 l\u1eb7p l\u1ea1i nhi\u1ec1u l\u1ea7n n\u00e0y c\u0169ng l\u00e0 ph\u01b0\u01a1ng ph\u00e1p h\u1ecdc t\u1eadp c\u1ee7a c\u00e1c b\u00e9. Tr\u1ebb em r\u1ea5t th\u00edch s\u1ef1 l\u1eb7p \u0111i l\u1eb7p l\u1ea1i b\u1edfi \u0111i\u1ec1u \u0111\u00f3 khi\u1ebfn con ghi nh\u1edb t\u1ea5t c\u1ea3 nh\u1eefng chi ti\u1ebft trong c\u00e2u chuy\u1ec7n \u0111\u00f3.<\/p>\n<p>C\u00e2u chuy\u1ec7n Ehon \u201cAi g\u00f5 c\u1eeda \u0111\u1ea5y?\u201d c\u00f2n mang \u0111\u1ebfn m\u1ea9u chuy\u1ec7n ng\u1eafn v\u1edbi c\u00e2u t\u1eeb \u0111\u1ea7y v\u1ea7n \u0111i\u1ec7u, l\u00e0 c\u00f4ng c\u1ee5 gi\u00fap b\u00e9 b\u1ed3i \u0111\u1eafp th\u00eam v\u1ed1n t\u1eeb c\u1ee7a m\u00ecnh: \u201cl\u00f4ng v\u0169 s\u1eafc hoa\u201d, \u201ct\u00e1m c\u1eb3ng hai c\u00e0ng\u201d,\u2026 Nh\u1eefng c\u00e2u chuy\u1ec7n nh\u01b0 th\u1ebf n\u00e0y \u0111\u01b0a \u0111\u1ebfn nh\u1eefng t\u1eeb v\u1ef1ng m\u1edbi l\u1ea1, b\u00e9 c\u00f3 th\u1ec3 d\u00f9ng nh\u1eefng t\u1eeb ng\u1eef n\u00e0y \u0111\u1ec3 mi\u00eau t\u1ea3 th\u1ebf gi\u1edbi quanh m\u00ecnh m\u1ed9t c\u00e1ch chi ti\u1ebft v\u00e0 r\u00f5 r\u00e0ng h\u01a1n.<\/p>\n<p>V\u1edbi c\u00e1c em b\u00e9 trong \u0111\u1ed9 tu\u1ed5i t\u1eeb 0 \u2013 6, vi\u1ec7c ti\u1ebfp x\u00fac v\u1edbi th\u1ebf gi\u1edbi nhi\u1ec1u m\u00e0u s\u1eafc l\u00e0 c\u01a1 h\u1ed9i r\u1ea5t t\u1ed1t \u0111\u1ec3 c\u00e1c b\u00e9 c\u00f3 th\u1ec3 ti\u1ebfp thu th\u1ebf gi\u1edbi m\u1ed9t c\u00e1ch nhanh ch\u00f3ng. C\u0169ng trong \u0111\u1ed9 tu\u1ed5i n\u00e0y, tr\u00ed n\u00e3o v\u00e0 t\u00e2m h\u1ed3n con c\u00f3 kh\u1ea3 n\u0103ng ti\u1ebfp thu, c\u1ea3m th\u1ee5 m\u1ed9t c\u00e1ch t\u1ed1t nh\u1ea5t, v\u1eady n\u00ean b\u1ed1 m\u1eb9 ch\u00fa tr\u1ecdng v\u00e0o vi\u1ec7c nu\u00f4i d\u01b0\u1ee1ng tinh th\u1ea7n con s\u1ebd \u0111em l\u1ea1i nh\u1eefng n\u1ec1n t\u1eb3ng v\u1eefng ch\u1eafc \u0111\u1ec3 con l\u1edbn kh\u00f4n h\u01a1n sau n\u00e0y.<\/p>\n<p>Ehon kh\u00f4ng ch\u1ec9 l\u00e0 m\u1ed9t cu\u1ed1n s\u00e1ch, \u0111\u00f3 l\u00e0 c\u00f2n l\u00e0 m\u00f3n \u0103n tinh th\u1ea7n gi\u00fap nu\u00f4i d\u01b0\u1ee1ng tr\u00ed tu\u1ec7 v\u00e0 t\u00e2m h\u1ed3n tr\u1ebb th\u01a1.  <div class=\"banner-grid-wrapper\">\n  <div id=\"banner-grid-1874717092\" class=\"banner-grid row row-grid row-small\" data-packery-options=\"\">\n                      <div class=\"col grid-col large-12 grid-col-1\" ><div class=\"col-inner\">\t<div class=\"img has-hover x md-x lg-x y md-y lg-y\" id=\"image_341172315\">\n\t\t\t\t\t\t\t\t<div class=\"img-inner dark\" >\n\t\t\t<img loading=\"lazy\" decoding=\"async\" width=\"1020\" height=\"765\" src=\"https:\/\/sachviet.eu\/wp-content\/uploads\/2021\/02\/img_3367_1d807b15ac184629b745aad1280bc302_master-1024x768.jpg\" class=\"attachment-large size-large\" alt=\"\" srcset=\"https:\/\/sachviet.eu\/wp-content\/uploads\/2021\/02\/img_3367_1d807b15ac184629b745aad1280bc302_master-1024x768.jpg 1024w, https:\/\/sachviet.eu\/wp-content\/uploads\/2021\/02\/img_3367_1d807b15ac184629b745aad1280bc302_master-300x225.jpg 300w, https:\/\/sachviet.eu\/wp-content\/uploads\/2021\/02\/img_3367_1d807b15ac184629b745aad1280bc302_master-768x576.jpg 768w, https:\/\/sachviet.eu\/wp-content\/uploads\/2021\/02\/img_3367_1d807b15ac184629b745aad1280bc302_master-1536x1152.jpg 1536w, https:\/\/sachviet.eu\/wp-content\/uploads\/2021\/02\/img_3367_1d807b15ac184629b745aad1280bc302_master-600x450.jpg 600w, https:\/\/sachviet.eu\/wp-content\/uploads\/2021\/02\/img_3367_1d807b15ac184629b745aad1280bc302_master.jpg 2048w\" sizes=\"auto, (max-width: 1020px) 100vw, 1020px\" \/>\t\t\t\t\t\t\n\t\t\t\t\t<\/div>\n\t\t\t\t\t\t\t\t\n<style>\n#image_341172315 {\n  width: 100%;\n}\n<\/style>\n\t<\/div>\n\t<\/div><\/div>            <\/div>\n    <style>\n    #banner-grid-1874717092 .grid-col-1{height: 600px}\n    #banner-grid-1874717092 .grid-col-1-2{height: 300px}\n    #banner-grid-1874717092 .grid-col-1-3{height:200px}\n    #banner-grid-1874717092 .grid-col-2-3{height: 400px}\n    #banner-grid-1874717092 .grid-col-1-4{height: 150px}\n    #banner-grid-1874717092 .grid-col-3-4{height: 450px}\n\n\n    \n    \n\n  <\/style>\n    <\/div>\n  \n","protected":false},"excerpt":{"rendered":"<p>Ch\u01a1i c\u00f9ng Giri \u2013 Ch\u00fa b\u00e9 c\u01a1m n\u1eafm l\u00e0 nh\u1eefng cu\u1ed1n Ehon mang \u0111\u1eadm s\u1eafc m\u00e0u c\u1ee7a t\u01b0\u1edfng t\u01b0\u1ee3ng v\u00e0 s\u00e1ng t\u1ea1o, mang \u0111\u1ebfn kh\u00f4ng gian cho b\u00e9 th\u1ecfa s\u1ee9c m\u00ecnh th\u1ec3 hi\u1ec7n \u201cn\u0103ng khi\u1ebfu\u201d t\u01b0\u1edfng t\u01b0\u1ee3ng, bay b\u1ed5ng v\u1edbi nh\u1eefng li\u00ean t\u01b0\u1edfng th\u00fa v\u1ecb m\u00e0 con \u0111\u00e3 thu nh\u1eadn trong qu\u00e1 tr\u00ecnh l\u1edbn l\u00ean.<\/p>\n<p>Sau ph\u1ea7n m\u1ed9t v\u1edbi s\u1ef1 \u1ee7ng h\u1ed9 v\u00e0 y\u00eau th\u00edch c\u1ee7a r\u1ea5t nhi\u1ec1u em nh\u1ecf, series truy\u1ec7n Ehon Nh\u1eadt B\u1ea3n Ch\u01a1i c\u00f9ng Giri \u2013 Ch\u00fa b\u00e9 c\u01a1m n\u1eafm ti\u1ebfp t\u1ee5c xu\u1ea5t hi\u1ec7n v\u1edbi ph\u1ea7n hai c\u0169ng kh\u00f4ng k\u00e9m ph\u1ea7n th\u00fa v\u1ecb v\u00e0 s\u00e1ng t\u1ea1o. B\u1ed9 truy\u1ec7n Ch\u01a1i c\u00f9ng Giri \u2013 Ch\u00fa b\u00e9 c\u01a1m n\u1eafm ph\u1ea7n hai v\u1edbi b\u1ed1n \u0111\u1ea7u s\u00e1ch \u201c\u00da \u00f2a\u201d, \u201cNg\u00e0y l\u1ec5 m\u1eb7c qu\u1ea7n\u201d, \u201cAi g\u00f5 c\u1eeda \u0111\u1ea5y\u201d, &#8220;Ai tr\u1ed1n trong ch\u0103n \u0111\u1ea5y?&#8221;. Nh\u1eefng cu\u1ed1n s\u00e1ch ti\u1ebfp t\u1ee5c n\u1eb1m trong top c\u00e1c \u0111\u1ea7u s\u00e1ch b\u00e1n ch\u1ea1y nh\u1ea5t c\u1ee7a Wabooks h\u1eb3n khoogn l\u00e0m c\u00e1c em b\u00e9 th\u1ea5t v\u1ecdng v\u00ec s\u1ef1 s\u00e1ng t\u1ea1o trong m\u1ed7i trang truy\u1ec7n.<\/p>\n<p>Cu\u1ed9c d\u1ea1o ch\u01a1i n\u00e0o m\u00e0 ch\u1eb3ng \u1ea9n ch\u1ee9a nh\u1eefng \u0111i\u1ec1u th\u00fa v\u1ecb ph\u1ea3i kh\u00f4ng? Kh\u00f4ng ch\u1ec9 l\u00e0 ch\u01a1i, ch\u00fa b\u00e9 Giri trong b\u1ed9 s\u00e1ch \u201cCh\u01a1i c\u00f9ng Giri \u2013 Ch\u00fa b\u00e9 c\u01a1m n\u1eafm\u201d d\u1eabn d\u1ee5 b\u00e9 y\u00eau v\u00e0o trong th\u1ebf gi\u1edbi ng\u1eadp tr\u00e0n s\u1eafc m\u00e0u, \u0111\u01b0a b\u00e9 \u0111\u1ebfn \u0111\u1ec3 th\u01b0\u1edfng th\u1ee9c, vui \u0111\u00f9a th\u1ecfa th\u00edch v\u00e0 th\u1ea3 bay tr\u00ed t\u01b0\u1edfng t\u01b0\u1ee3ng v\u00e0o nh\u1eefng tr\u00f2 ch\u01a1i \u1ea5y. B\u1eb1ng vi\u1ec7c \u0111\u00f3, con s\u1ebd \u0111\u01b0\u1ee3c t\u1eadn h\u01b0\u1edfng th\u1eadt nhi\u1ec1u nh\u1eefng \u0111i\u1ec1u vui, nh\u1eefng \u0111i\u1ec1u th\u00fa v\u1ecb, gi\u00fap con m\u1edf mang tri th\u1ee9c l\u00ean m\u1ed9t n\u1ea5c m\u1edbi \u2013 n\u1ea5c thang c\u1ee7a s\u00e1ng t\u1ea1o.<\/p>\n","protected":false},"featured_media":498,"template":"","meta":{"_acf_changed":false},"product_brand":[],"product_cat":[24,17],"product_tag":[],"class_list":{"0":"post-506","1":"product","2":"type-product","3":"status-publish","4":"has-post-thumbnail","6":"product_cat-nha-tre-mau-giao-0-tuoi-6-tuoi","7":"product_cat-sach-danh-cho-cac-be","9":"first","10":"instock","11":"taxable","12":"shipping-taxable","13":"purchasable","14":"product-type-simple"},"supplier_id":null,"supplier_sku":"","barcode":null,"atum_controlled":true,"out_stock_date":null,"out_stock_threshold":null,"inheritable":false,"inbound_stock":3,"stock_on_hold":0,"sold_today":0,"sales_last_days":0,"reserved_stock":0,"customer_returns":0,"warehouse_damage":0,"lost_in_post":0,"other_logs":0,"out_stock_days":0,"lost_sales":0,"has_location":false,"update_date":"2026-01-28T23:11:30","atum_locations":[],"atum_stock_status":"instock","restock_status":false,"low_stock_amount":"","sales_update_date":"2026-01-28T23:11:30","calc_backorders":null,"acf":{"publisher":{"ID":1420,"post_author":"1","post_date":"2021-02-16 23:03:17","post_date_gmt":"2021-02-16 21:03:17","post_content":"<!-- wp:flatsome\/uxbuilder -->\n<h1 style=\"text-align: center\"><strong>WABOOKS<\/strong><\/h1>\n[ux_image id=\"1430\"]\n\n[gap]\n\n<p style=\"text-align: left\">Wabooks l\u00e0 c\u00f4ng ty s\u00e1ch ho\u1ea1t \u0111\u1ed9ng chuy\u00ean nghi\u1ec7p trong l\u0129nh v\u1ef1c xu\u1ea5t b\u1ea3n s\u00e1ch. Ph\u1ea7n l\u1edbn ngu\u1ed3n l\u1ef1c c\u1ee7a c\u00f4ng ty \u0111\u1ea7u t\u01b0 v\u00e0o nghi\u00ean c\u1ee9u, mua b\u1ea3n quy\u1ec1n, d\u1ecbch v\u00e0 xu\u1ea5t b\u1ea3n c\u00e1c \u1ea5n ph\u1ea9m v\u0103n h\u00f3a, tri th\u1ee9c c\u1ee7a Nh\u1eadt B\u1ea3n t\u1ea1i Vi\u1ec7t Nam. Wabooks lu\u00f4n kh\u00f4ng ng\u1eebng n\u1ed7 l\u1ef1c mang \u0111\u1ebfn nh\u1eefng s\u1ea3n ph\u1ea9m c\u00f3 ch\u1ea5t l\u01b0\u1ee3ng v\u00e0 d\u1ecbch v\u1ee5 ho\u00e0n h\u1ea3o, mang \u0111\u1ebfn s\u1ef1 h\u00e0i l\u00f2ng cho kh\u00e1ch h\u00e0ng c\u0169ng nh\u01b0 \u0111\u00f3ng g\u00f3p cho \u0111\u1ea5t n\u01b0\u1edbc t\u1ed1t \u0111\u1eb9p h\u01a1n th\u00f4ng qua nh\u1eefng gi\u00e1 tr\u1ecb m\u00e0 c\u00f4ng ty \u0111ang kh\u00f4ng ng\u1eebng theo \u0111u\u1ed5i.<\/p>\n[row]\n\n[col span=\"6\" span__sm=\"12\"]\n\n[ux_image id=\"2068\"]\n\n\n[\/col]\n[col span=\"6\" span__sm=\"12\"]\n\n<p>Anh Goto Daishi th\u00ec tin r\u1eb1ng ch\u1ec9 c\u00f3 s\u00e1ch m\u1edbi khi\u1ebfn con ng\u01b0\u1eddi ta tr\u1edf n\u00ean v\u0103n minh v\u00e0 ti\u1ebfn b\u1ed9, c\u00f2n anh Nguy\u1ec5n Tu\u1ea5n Anh th\u00ec cho r\u1eb1ng ch\u00fang ta ph\u1ea3i mang s\u00e1ch \u0111\u1ebfn n\u01a1i m\u00e0 ng\u01b0\u1eddi ta th\u1ef1c s\u1ef1 c\u1ea7n, chia s\u1ebb nh\u1eefng gi\u00e1 tr\u1ecb m\u00e0 ng\u01b0\u1eddi kh\u00e1c \u0111ang thi\u1ebfu, \u0111\u00f3 l\u00e0 c\u00e1ch \u0111\u1ec3 ch\u00fang ta ho\u00e0n thi\u1ec7n con ng\u01b0\u1eddi v\u00e0 g\u00f3p ph\u1ea7n l\u00e0m cho x\u00e3 h\u1ed9i ho\u00e0n thi\u1ec7n h\u01a1n.\u00a0<\/p>\n<p>May m\u1eafn r\u1eb1ng<strong> SACHVIET.EU\u00a0<\/strong>\u0111\u00e3 c\u00f3 c\u01a1 h\u1ed9i \u0111\u01b0\u1ee3c anh Nguy\u1ec5n Tu\u1ea5n Anh h\u1ee3p t\u00e1c gi\u00fap \u0111\u1ee1 h\u1ebft m\u00ecnh \u0111\u1ec3 The Stations c\u00f3 th\u1ec3 d\u1ec5 d\u00e0ng \u0111\u01b0a nh\u1eefng cu\u1ed1n s\u00e1ch ehon sang ph\u1ee5c v\u1ee5 nhu c\u1ea7u c\u1ee7a ng\u01b0\u1eddi Vi\u1ec7t t\u1ea1i Ch\u00e2u \u00c2u. V\u00e0 kh\u00f4ng g\u00ec vui m\u1eebng h\u01a1n l\u00e0 nh\u1eefng b\u1ea1n \u0111\u1ed9c gi\u1ea3 nh\u00ed c\u00f3 th\u1ec3 ti\u1ebfp c\u1eadn v\u00e0 c\u1ea7m tr\u00ean tay nh\u1eefng cu\u1ed1n s\u00e1ch ch\u1ea5t l\u01b0\u1ee3ng \u0111\u01b0\u1ee3c \u0111\u1ea7u t\u01b0 t\u1ec9 m\u1ec9, k\u1ef9 c\u00e0ng ch\u1ec9n chu v\u1ec1 c\u1ea3 n\u1ed9i dung l\u1eabn h\u00ecnh th\u1ee9c b\u1eb1ng ti\u1ebfng Vi\u1ec7t.<\/p>\n<p><strong>SACHVIET.EU<\/strong> lu\u00f4n tin t\u01b0\u1edfng r\u1eb1ng ng\u00f4n ng\u1eef m\u1eb9 \u0111\u1ebb lu\u00f4n l\u00e0 th\u1ee9 ng\u00f4n ng\u1eef thi\u00eang li\u00eang nh\u1ea5t v\u00e0 lu\u00f4n mong mu\u1ed1n c\u00e1c \u0111\u1ed9c gi\u1ea3 Vi\u1ec7t c\u00f3 c\u01a1 h\u1ed9i \u0111\u01b0\u1ee3c s\u1edf h\u1eefu nh\u1eefng cu\u1ed1n s\u00e1ch b\u1ea3n quy\u1ec1n \u0111\u1ea7y ch\u1ea5t l\u01b0\u1ee3ng b\u00e1n s\u1eb5n t\u1ea1i Ch\u00e2u \u00c2u<\/p>\n<p>\u00a0<\/p>\n\n[\/col]\n\n[\/row]\n\n<!-- \/wp:flatsome\/uxbuilder -->","post_title":"Wabooks","post_excerpt":"","post_status":"publish","comment_status":"closed","ping_status":"closed","post_password":"","post_name":"wabooks","to_ping":"","pinged":"","post_modified":"2022-12-19 22:37:02","post_modified_gmt":"2022-12-19 20:37:02","post_content_filtered":"","post_parent":0,"guid":"https:\/\/sachviet.eu\/?post_type=publisher&#038;p=1420","menu_order":0,"post_type":"publisher","post_mime_type":"","comment_count":"0","filter":"raw"}},"_links":{"self":[{"href":"https:\/\/sachviet.eu\/en\/wp-json\/wp\/v2\/product\/506","targetHints":{"allow":["GET"]}}],"collection":[{"href":"https:\/\/sachviet.eu\/en\/wp-json\/wp\/v2\/product"}],"about":[{"href":"https:\/\/sachviet.eu\/en\/wp-json\/wp\/v2\/types\/product"}],"wp:featuredmedia":[{"embeddable":true,"href":"https:\/\/sachviet.eu\/en\/wp-json\/wp\/v2\/media\/498"}],"wp:attachment":[{"href":"https:\/\/sachviet.eu\/en\/wp-json\/wp\/v2\/media?parent=506"}],"wp:term":[{"taxonomy":"product_brand","embeddable":true,"href":"https:\/\/sachviet.eu\/en\/wp-json\/wp\/v2\/product_brand?post=506"},{"taxonomy":"product_cat","embeddable":true,"href":"https:\/\/sachviet.eu\/en\/wp-json\/wp\/v2\/product_cat?post=506"},{"taxonomy":"product_tag","embeddable":true,"href":"https:\/\/sachviet.eu\/en\/wp-json\/wp\/v2\/product_tag?post=506"}],"curies":[{"name":"wp","href":"https:\/\/api.w.org\/{rel}","templated":true}]}}