{"id":5057,"date":"2021-03-09T01:55:37","date_gmt":"2021-03-08T23:55:37","guid":{"rendered":"https:\/\/sachviet.eu\/shop\/truyen-ngan-nguyen-huy-thiep\/"},"modified":"2021-05-18T00:16:17","modified_gmt":"2021-05-17T21:16:17","slug":"truyen-ngan-nguyen-huy-thiep","status":"publish","type":"product","link":"https:\/\/sachviet.eu\/en\/shop\/truyen-ngan-nguyen-huy-thiep\/","title":{"rendered":"Truy\u1ec7n ng\u1eafn Nguy\u1ec5n Huy Thi\u1ec7p"},"content":{"rendered":"<p>\u1ea4n b\u1ea3n k\u1ef7 ni\u1ec7m 70 n\u0103m ng\u00e0y sinh t\u00e1c gi\u1ea3 &#8211; V\u1edbi minh h\u1ecda c\u1ee7a c\u00e1c h\u1ecda s\u0129<\/p>\n<p>Truy\u1ec7n ng\u1eafn Nguy\u1ec5n Huy Thi\u1ec7p (V\u1edbi minh h\u1ecda c\u1ee7a c\u00e1c h\u1ecda s\u0129) \u0111\u01b0\u1ee3c in l\u1ea1i theo b\u1ea3n n\u0103m 2007 c\u0169ng do \u0110\u00f4ng A xu\u1ea5t b\u1ea3n, nh\u00e2n k\u1ef7 ni\u1ec7m 70 n\u0103m ng\u00e0y sinh t\u00e1c gi\u1ea3 (1950 &#8211; 2020). C\u00e1c truy\u1ec7n trong s\u00e1ch do ch\u00ednh nh\u00e0 v\u0103n tuy\u1ec3n l\u1ef1a, s\u1eafp x\u1ebfp theo th\u1ee9 t\u1ef1 th\u1eddi gian. Trong b\u1ea3n in n\u0103m 2007, nh\u00e0 v\u0103n Nguy\u1ec5n Huy Thi\u1ec7p \u0111\u00e3 li\u00ean t\u00e0i, m\u1eddi nhi\u1ec1u h\u1ecda s\u0129 \u0111\u01b0\u01a1ng \u0111\u1ea1i v\u1ebd minh h\u1ecda cho t\u1eadp s\u00e1ch. Trong b\u1ea3n in m\u1edbi n\u0103m 2020, b\u1ea1n \u0111\u1ecdc s\u1ebd g\u1eb7p l\u1ea1i \u0111a ph\u1ea7n minh h\u1ecda c\u1ee7a c\u00e1c h\u1ecda s\u0129 \u0111\u01b0\u01a1ng \u0111\u1ea1i Vi\u1ec7t Nam. Ngo\u00e0i ra, \u0111\u1ec3 l\u00e0m m\u1edbi cu\u1ed1n s\u00e1ch, ch\u00fang t\u00f4i quy\u1ebft \u0111\u1ecbnh m\u1eddi th\u00eam m\u1ed9t s\u1ed1 h\u1ecda s\u0129 v\u1ebd minh h\u1ecda m\u1edbi cho c\u00e1c truy\u1ec7n ng\u1eafn v\u1ed1n r\u1ea5t n\u1ed5i ti\u1ebfng c\u1ee7a nh\u00e0 v\u0103n Nguy\u1ec5n Huy Thi\u1ec7p, \u0111\u1ed3ng th\u1eddi l\u01b0\u1ee3c b\u1ecf m\u1ed9t v\u00e0i minh h\u1ecda trong b\u1ea3n in tr\u01b0\u1edbc.<\/p>\n<p>\u0110\u1eb7c bi\u1ec7t kh\u00e1c h\u01a1n, ph\u1ea7n cu\u1ed1i s\u00e1ch c\u00f3 th\u00eam b\u00e0i N\u00f3i chuy\u1ec7n m\u1ed9t m\u00ecnh. \u0110\u00e2y l\u00e0 b\u00e0i \u0111\u01b0\u1ee3c nh\u00e0 v\u0103n Nguy\u1ec5n Huy Thi\u1ec7p vi\u1ebft tr\u01b0\u1edbc T\u1ebft Nguy\u00ean \u0111\u00e1n Canh T\u00fd (2020), \u1edf \u0111\u00f3, th\u00f4ng qua vi\u1ec7c tr\u1ea3 l\u1eddi nh\u1eefng c\u00e2u h\u1ecfi, \u00f4ng g\u1eedi g\u1eafm suy nghi\u1ec7m v\u1ec1 ngh\u1ec1 v\u0103n c\u1ee7a m\u00ecnh:<\/p>\n<p>\u201cH\u1ecfi: Anh l\u00e0 ai?<\/p>\n<p>\u0110\u00e1p: T\u00f4i l\u00e0 m\u1ed9t d\u1ea1ng \u0103n may, m\u1ed9t nh\u00e0 v\u0103n may m\u1eafn g\u1eb7p th\u1eddi. T\u00f4i g\u1eb7p \u0111\u01b0\u1ee3c to\u00e0n nh\u1eefng ng\u01b0\u1eddi r\u1ea5t t\u1ed1t. T\u00f4i \u0103n may\u2026\u201d<\/p>\n<p>Truy\u1ec7n ng\u1eafn Nguy\u1ec5n Huy Thi\u1ec7p (\u1ea4n b\u1ea3n k\u1ef7 ni\u1ec7m 70 n\u0103m ng\u00e0y sinh t\u00e1c gi\u1ea3 &#8211; V\u1edbi minh h\u1ecda c\u1ee7a c\u00e1c h\u1ecda s\u0129) g\u1ed3m 42 t\u00e1c ph\u1ea9m, x\u1ebfp theo tr\u00ecnh t\u1ef1 th\u1eddi gian s\u00e1ng t\u00e1c, b\u1eaft \u0111\u1ea7u t\u1eeb \u201cNh\u1eefng ng\u1ecdn gi\u00f3 Hua T\u00e1t\u201d (M\u01b0\u1eddi truy\u1ec7n trong b\u1ea3n nh\u1ecf, s\u00e1ng t\u00e1c 1971 &#8211; 1986), k\u1ebft th\u00fac v\u1edbi \u201cQuan \u00c2m ch\u1ec9 l\u1ed9\u201d s\u00e1ng t\u00e1c n\u0103m 2004. T\u1eadp truy\u1ec7n cho th\u1ea5y s\u1edf tr\u01b0\u1eddng truy\u1ec7n ng\u1eafn c\u1ee7a nh\u00e0 v\u0103n Nguy\u1ec5n Huy Thi\u1ec7p v\u1edbi m\u1ea3ng \u0111\u1ec1 t\u00e0i \u0111a d\u1ea1ng g\u1ed3m l\u1ecbch s\u1eed v\u00e0 v\u0103n h\u1ecdc, h\u01a1i h\u01b0\u1edbng huy\u1ec1n tho\u1ea1i v\u00e0 c\u1ed5 t\u00edch, x\u00e3 h\u1ed9i Vi\u1ec7t Nam \u0111\u01b0\u01a1ng \u0111\u1ea1i, x\u00e3 h\u1ed9i l\u00e0ng qu\u00ea v\u00e0 nh\u1eefng ng\u01b0\u1eddi lao \u0111\u1ed9ng.<\/p>\n<p>S\u00e1ch in b\u00eca c\u1ee9ng, c\u00f3 b\u00eca \u00e1o metalize, kh\u1ed5 l\u1edbn 18,5 x 26,5 cm. B\u00eca s\u00e1ch \u0111\u01b0\u1ee3c th\u1ef1c hi\u1ec7n theo \u00fd t\u01b0\u1edfng l\u00e0 m\u1ed9t b\u1ea3ng m\u00e0u v\u1edbi c\u00e1c ch\u1ea5m xen k\u1ebd nh\u1eefng tr\u00edch \u0111o\u1ea1n tranh minh h\u1ecda c\u1ee7a 13 h\u1ecda s\u0129 \u0111\u01b0\u01a1ng \u0111\u1ea1i Vi\u1ec7t Nam.<\/p>\n","protected":false},"excerpt":{"rendered":"<p>\u1ea4n b\u1ea3n k\u1ef7 ni\u1ec7m 70 n\u0103m ng\u00e0y sinh t\u00e1c gi\u1ea3 &#8211; V\u1edbi minh h\u1ecda c\u1ee7a c\u00e1c h\u1ecda s\u0129<\/p>\n<p>Truy\u1ec7n ng\u1eafn Nguy\u1ec5n Huy Thi\u1ec7p (V\u1edbi minh h\u1ecda c\u1ee7a c\u00e1c h\u1ecda s\u0129) \u0111\u01b0\u1ee3c in l\u1ea1i theo b\u1ea3n n\u0103m 2007 c\u0169ng do \u0110\u00f4ng A xu\u1ea5t b\u1ea3n, nh\u00e2n k\u1ef7 ni\u1ec7m 70 n\u0103m ng\u00e0y sinh t\u00e1c gi\u1ea3 (1950 &#8211; 2020). C\u00e1c truy\u1ec7n trong s\u00e1ch do ch\u00ednh nh\u00e0 v\u0103n tuy\u1ec3n l\u1ef1a, s\u1eafp x\u1ebfp theo th\u1ee9 t\u1ef1 th\u1eddi gian. Trong b\u1ea3n in n\u0103m 2007, nh\u00e0 v\u0103n Nguy\u1ec5n Huy Thi\u1ec7p \u0111\u00e3 li\u00ean t\u00e0i, m\u1eddi nhi\u1ec1u h\u1ecda s\u0129 \u0111\u01b0\u01a1ng \u0111\u1ea1i v\u1ebd minh h\u1ecda cho t\u1eadp s\u00e1ch. Trong b\u1ea3n in m\u1edbi n\u0103m 2020, b\u1ea1n \u0111\u1ecdc s\u1ebd g\u1eb7p l\u1ea1i \u0111a ph\u1ea7n minh h\u1ecda c\u1ee7a c\u00e1c h\u1ecda s\u0129 \u0111\u01b0\u01a1ng \u0111\u1ea1i Vi\u1ec7t Nam. Ngo\u00e0i ra, \u0111\u1ec3 l\u00e0m m\u1edbi cu\u1ed1n s\u00e1ch, ch\u00fang t\u00f4i quy\u1ebft \u0111\u1ecbnh m\u1eddi th\u00eam m\u1ed9t s\u1ed1 h\u1ecda s\u0129 v\u1ebd minh h\u1ecda m\u1edbi cho c\u00e1c truy\u1ec7n ng\u1eafn v\u1ed1n r\u1ea5t n\u1ed5i ti\u1ebfng c\u1ee7a nh\u00e0 v\u0103n Nguy\u1ec5n Huy Thi\u1ec7p, \u0111\u1ed3ng th\u1eddi l\u01b0\u1ee3c b\u1ecf m\u1ed9t v\u00e0i minh h\u1ecda trong b\u1ea3n in tr\u01b0\u1edbc.<\/p>\n","protected":false},"featured_media":5055,"template":"","meta":{"_acf_changed":false},"product_brand":[],"product_cat":[15,47],"product_tag":[],"class_list":{"0":"post-5057","1":"product","2":"type-product","3":"status-publish","4":"has-post-thumbnail","6":"product_cat-sach-danh-cho-nguoi-lon","7":"product_cat-truyen-ngan-tan-van","9":"first","10":"outofstock","11":"taxable","12":"shipping-taxable","13":"purchasable","14":"product-type-simple"},"supplier_id":null,"supplier_sku":"","barcode":null,"atum_controlled":true,"out_stock_date":"2021-05-02 12:43:42","out_stock_threshold":null,"inheritable":false,"inbound_stock":0,"stock_on_hold":0,"sold_today":0,"sales_last_days":0,"reserved_stock":0,"customer_returns":0,"warehouse_damage":0,"lost_in_post":0,"other_logs":0,"out_stock_days":1732,"lost_sales":0,"has_location":false,"update_date":"2026-01-28T23:10:36","atum_locations":[],"atum_stock_status":"outofstock","restock_status":false,"low_stock_amount":"","sales_update_date":"2026-01-28T23:10:36","calc_backorders":null,"acf":{"publisher":{"ID":1544,"post_author":"1","post_date":"2021-02-17 01:24:05","post_date_gmt":"2021-02-16 23:24:05","post_content":"","post_title":"\u0110\u00f4ng A","post_excerpt":"","post_status":"publish","comment_status":"closed","ping_status":"closed","post_password":"","post_name":"dong-a","to_ping":"","pinged":"","post_modified":"2021-02-17 01:24:05","post_modified_gmt":"2021-02-16 23:24:05","post_content_filtered":"","post_parent":0,"guid":"https:\/\/sachviet.eu\/nha-phat-hanh\/dong-a\/","menu_order":0,"post_type":"publisher","post_mime_type":"","comment_count":"0","filter":"raw"}},"_links":{"self":[{"href":"https:\/\/sachviet.eu\/en\/wp-json\/wp\/v2\/product\/5057","targetHints":{"allow":["GET"]}}],"collection":[{"href":"https:\/\/sachviet.eu\/en\/wp-json\/wp\/v2\/product"}],"about":[{"href":"https:\/\/sachviet.eu\/en\/wp-json\/wp\/v2\/types\/product"}],"wp:featuredmedia":[{"embeddable":true,"href":"https:\/\/sachviet.eu\/en\/wp-json\/wp\/v2\/media\/5055"}],"wp:attachment":[{"href":"https:\/\/sachviet.eu\/en\/wp-json\/wp\/v2\/media?parent=5057"}],"wp:term":[{"taxonomy":"product_brand","embeddable":true,"href":"https:\/\/sachviet.eu\/en\/wp-json\/wp\/v2\/product_brand?post=5057"},{"taxonomy":"product_cat","embeddable":true,"href":"https:\/\/sachviet.eu\/en\/wp-json\/wp\/v2\/product_cat?post=5057"},{"taxonomy":"product_tag","embeddable":true,"href":"https:\/\/sachviet.eu\/en\/wp-json\/wp\/v2\/product_tag?post=5057"}],"curies":[{"name":"wp","href":"https:\/\/api.w.org\/{rel}","templated":true}]}}