{"id":5054,"date":"2021-03-09T01:55:30","date_gmt":"2021-03-08T23:55:30","guid":{"rendered":"https:\/\/sachviet.eu\/shop\/truyen-kieu\/"},"modified":"2021-05-18T00:16:33","modified_gmt":"2021-05-17T21:16:33","slug":"truyen-kieu","status":"publish","type":"product","link":"https:\/\/sachviet.eu\/en\/shop\/truyen-kieu\/","title":{"rendered":"Truy\u1ec7n Ki\u1ec1u"},"content":{"rendered":"<p>N\u00f3i t\u1edbi v\u0103n h\u1ecdc c\u1ed5 \u0111i\u1ec3n Vi\u1ec7t Nam, tr\u01b0\u1edbc h\u1ebft ch\u00fang ta ph\u1ea3i nh\u1eafc \u0111\u1ebfn \u0111\u1ea1i thi h\u00e0o Nguy\u1ec5n Du v\u00e0 ki\u1ec7t t\u00e1c Truy\u1ec7n Ki\u1ec1u c\u1ee7a \u00f4ng. Vi\u1ebft Truy\u1ec7n Ki\u1ec1u, Nguy\u1ec5n Du ch\u1ec9 khi\u00eam nh\u01b0\u1eddng coi \u0111\u00f3 l\u00e0 nh\u1eefng &#8220;&#8230;L\u1eddi qu\u00ea g\u00f3p nh\u1eb7t d\u00f4ng d\u00e0i&#8221;. Nh\u01b0ng, th\u1ef1c t\u1ebf \u0111\u00e3 cho th\u1ea5y, b\u1ea5t ch\u1ea5p quy lu\u1eadt v\u00e0 s\u1ef1 s\u00e0ng l\u1ecdc nghi\u1ec7t ng\u00e3 c\u1ee7a th\u1eddi gian, Truy\u1ec7n Ki\u1ec1u \u0111\u00e3 kh\u1eb3ng \u0111\u1ecbnh s\u1ee9c s\u1ed1ng b\u1ea5t t\u1eed c\u1ee7a m\u1ed9t t\u00e1c ph\u1ea9m b\u1ea5t h\u1ee7.<\/p>\n<p>T\u00e1c ph\u1ea9m Truy\u1ec7n Ki\u1ec1u, nguy\u00ean t\u00ean l\u00e0 \u0110o\u1ea1n tr\u01b0\u1eddng t\u00e2n thanh, t\u1eeb khi ra \u0111\u1eddi \u0111\u1ebfn nay, kho\u1ea3ng 200 n\u0103m, trong l\u1ecbch s\u1eed V\u0103n h\u1ecdc Vi\u1ec7t Nam, ch\u01b0a c\u00f3 t\u00e1c ph\u1ea9m n\u00e0o \u0111\u01b0\u1ee3c c\u00e1c nh\u00e0 kh\u1ea3o c\u1ee9u, ph\u00ea b\u00ecnh, xu\u1ea5t b\u1ea3n quan t\u00e2m \u0111\u1ebfn n\u00f3, t\u1eeb n\u1ed9i dung, h\u00ecnh th\u1ee9c, l\u1eabn v\u0103n b\u1ea3n v\u00e0 th\u1eddi \u0111i\u1ec3m s\u00e1ng t\u00e1c \u0111\u1eb7c bi\u1ec7t \u0111\u1ebfn nh\u01b0 v\u1eady. M\u1ed9t trong nguy\u00ean nh\u00e2n ch\u00ednh l\u00e0 v\u00ec b\u1ea3n g\u1ed1c c\u1ee7a Nguy\u1ec5n Du s\u00e1ng t\u00e1c kh\u00f4ng c\u00f2n n\u1eefa.<\/p>\n","protected":false},"excerpt":{"rendered":"<p>N\u00f3i t\u1edbi v\u0103n h\u1ecdc c\u1ed5 \u0111i\u1ec3n Vi\u1ec7t Nam, tr\u01b0\u1edbc h\u1ebft ch\u00fang ta ph\u1ea3i nh\u1eafc \u0111\u1ebfn \u0111\u1ea1i thi h\u00e0o Nguy\u1ec5n Du v\u00e0 ki\u1ec7t t\u00e1c Truy\u1ec7n Ki\u1ec1u c\u1ee7a \u00f4ng. Vi\u1ebft Truy\u1ec7n Ki\u1ec1u, Nguy\u1ec5n Du ch\u1ec9 khi\u00eam nh\u01b0\u1eddng coi \u0111\u00f3 l\u00e0 nh\u1eefng &#8220;&#8230;L\u1eddi qu\u00ea g\u00f3p nh\u1eb7t d\u00f4ng d\u00e0i&#8221;. Nh\u01b0ng, th\u1ef1c t\u1ebf \u0111\u00e3 cho th\u1ea5y, b\u1ea5t ch\u1ea5p quy lu\u1eadt v\u00e0 s\u1ef1 s\u00e0ng l\u1ecdc nghi\u1ec7t ng\u00e3 c\u1ee7a th\u1eddi gian, Truy\u1ec7n Ki\u1ec1u \u0111\u00e3 kh\u1eb3ng \u0111\u1ecbnh s\u1ee9c s\u1ed1ng b\u1ea5t t\u1eed c\u1ee7a m\u1ed9t t\u00e1c ph\u1ea9m b\u1ea5t h\u1ee7.<\/p>\n<p>T\u00e1c ph\u1ea9m Truy\u1ec7n Ki\u1ec1u, nguy\u00ean t\u00ean l\u00e0 \u0110o\u1ea1n tr\u01b0\u1eddng t\u00e2n thanh, t\u1eeb khi ra \u0111\u1eddi \u0111\u1ebfn nay, kho\u1ea3ng 200 n\u0103m, trong l\u1ecbch s\u1eed V\u0103n h\u1ecdc Vi\u1ec7t Nam, ch\u01b0a c\u00f3 t\u00e1c ph\u1ea9m n\u00e0o \u0111\u01b0\u1ee3c c\u00e1c nh\u00e0 kh\u1ea3o c\u1ee9u, ph\u00ea b\u00ecnh, xu\u1ea5t b\u1ea3n quan t\u00e2m \u0111\u1ebfn n\u00f3, t\u1eeb n\u1ed9i dung, h\u00ecnh th\u1ee9c, l\u1eabn v\u0103n b\u1ea3n v\u00e0 th\u1eddi \u0111i\u1ec3m s\u00e1ng t\u00e1c \u0111\u1eb7c bi\u1ec7t \u0111\u1ebfn nh\u01b0 v\u1eady. M\u1ed9t trong nguy\u00ean nh\u00e2n ch\u00ednh l\u00e0 v\u00ec b\u1ea3n g\u1ed1c c\u1ee7a Nguy\u1ec5n Du s\u00e1ng t\u00e1c kh\u00f4ng c\u00f2n n\u1eefa.<\/p>\n","protected":false},"featured_media":5053,"template":"","meta":{"_acf_changed":false},"product_brand":[],"product_cat":[15,45],"product_tag":[],"class_list":{"0":"post-5054","1":"product","2":"type-product","3":"status-publish","4":"has-post-thumbnail","6":"product_cat-sach-danh-cho-nguoi-lon","7":"product_cat-tieu-thuyet","9":"first","10":"outofstock","11":"taxable","12":"shipping-taxable","13":"purchasable","14":"product-type-simple"},"supplier_id":null,"supplier_sku":"","barcode":null,"atum_controlled":true,"out_stock_date":"2021-03-08 23:55:31","out_stock_threshold":null,"inheritable":false,"inbound_stock":0,"stock_on_hold":0,"sold_today":0,"sales_last_days":0,"reserved_stock":0,"customer_returns":0,"warehouse_damage":0,"lost_in_post":0,"other_logs":0,"out_stock_days":1786,"lost_sales":0,"has_location":false,"update_date":"2026-01-28T23:10:36","atum_locations":[],"atum_stock_status":"outofstock","restock_status":false,"low_stock_amount":"","sales_update_date":"2026-01-28T23:10:36","calc_backorders":null,"acf":{"publisher":{"ID":5052,"post_author":"1","post_date":"2021-03-09 01:55:29","post_date_gmt":"2021-03-08 23:55:29","post_content":"","post_title":"Nh\u00e0 S\u00e1ch Minh Th\u1eafng","post_excerpt":"","post_status":"publish","comment_status":"closed","ping_status":"closed","post_password":"","post_name":"nha-sach-minh-thang","to_ping":"","pinged":"","post_modified":"2021-03-09 01:55:29","post_modified_gmt":"2021-03-08 23:55:29","post_content_filtered":"","post_parent":0,"guid":"https:\/\/sachviet.eu\/blog\/nha-phat-hanh\/nha-sach-minh-thang\/","menu_order":0,"post_type":"publisher","post_mime_type":"","comment_count":"0","filter":"raw"}},"_links":{"self":[{"href":"https:\/\/sachviet.eu\/en\/wp-json\/wp\/v2\/product\/5054","targetHints":{"allow":["GET"]}}],"collection":[{"href":"https:\/\/sachviet.eu\/en\/wp-json\/wp\/v2\/product"}],"about":[{"href":"https:\/\/sachviet.eu\/en\/wp-json\/wp\/v2\/types\/product"}],"wp:featuredmedia":[{"embeddable":true,"href":"https:\/\/sachviet.eu\/en\/wp-json\/wp\/v2\/media\/5053"}],"wp:attachment":[{"href":"https:\/\/sachviet.eu\/en\/wp-json\/wp\/v2\/media?parent=5054"}],"wp:term":[{"taxonomy":"product_brand","embeddable":true,"href":"https:\/\/sachviet.eu\/en\/wp-json\/wp\/v2\/product_brand?post=5054"},{"taxonomy":"product_cat","embeddable":true,"href":"https:\/\/sachviet.eu\/en\/wp-json\/wp\/v2\/product_cat?post=5054"},{"taxonomy":"product_tag","embeddable":true,"href":"https:\/\/sachviet.eu\/en\/wp-json\/wp\/v2\/product_tag?post=5054"}],"curies":[{"name":"wp","href":"https:\/\/api.w.org\/{rel}","templated":true}]}}