{"id":5051,"date":"2021-03-09T01:55:27","date_gmt":"2021-03-08T23:55:27","guid":{"rendered":"https:\/\/sachviet.eu\/shop\/tren-sa-mac-va-trong-rung-tham\/"},"modified":"2021-06-03T23:21:30","modified_gmt":"2021-06-03T20:21:30","slug":"tren-sa-mac-va-trong-rung-tham","status":"publish","type":"product","link":"https:\/\/sachviet.eu\/en\/shop\/tren-sa-mac-va-trong-rung-tham\/","title":{"rendered":"Tr\u00ean sa m\u1ea1c v\u00e0 trong r\u1eebng th\u1eb3m (Huy Ho\u00e0ng)"},"content":{"rendered":"<p>Truy\u1ec7n k\u1ec3 v\u1ec1 cu\u1ed9c phi\u00eau l\u01b0u tr\u00ean v\u00f9ng \u0111\u1ea5t \u0110\u00f4ng Phi c\u1ee7a c\u1eadu b\u00e9 m\u01b0\u1eddi b\u1ed1n tu\u1ed5i Xtas c\u00f9ng c\u00f4 b\u00e9 Nen t\u00e1m tu\u1ed5i trong h\u00e0nh tr\u00ecnh tr\u1ed1n ch\u1ea1y kh\u1ecfi tay b\u1ecdn b\u1eaft c\u00f3c. Tr\u1ea3i qua kh\u00f4ng bi\u1ebft bao hi\u1ec3m nguy, \u0111\u1ed1i m\u1eb7t v\u1edbi nhi\u1ec1u gian nan th\u1eed th\u00e1ch, khi th\u00ec tr\u00ean sa m\u1ea1c n\u1eafng ch\u00e1y, l\u00fac gi\u1eefa r\u1eebng gi\u00e0 th\u1eb3m s\u00e2u, cu\u1ed1i c\u00f9ng, Xtas v\u00e0 Nen c\u0169ng \u0111o\u00e0n t\u1ee5 \u0111\u01b0\u1ee3c v\u1edbi gia \u0111\u00ecnh.<\/p>\n<p>L\u00e0 t\u00e1c ph\u1ea9m duy nh\u1ea5t vi\u1ebft cho thi\u1ebfu nhi c\u1ee7a nh\u00e0 v\u0103n Ba Lan n\u1ed5i ti\u1ebfng Henrich Sienkievich, ng\u01b0\u1eddi \u0111o\u1ea1t Nobel v\u0103n h\u1ecdc n\u0103m 1905, ngay t\u1eeb khi ra \u0111\u1eddi, Tr\u00ean sa m\u1ea1c v\u00e0 trong r\u1eebng th\u1eb3m \u0111\u00e3 \u0111\u01b0\u1ee3c hoan ngh\u00eanh nhi\u1ec7t li\u1ec7t, \u0111\u01b0\u1ee3c t\u00e1i b\u1ea3n ngay v\u00e0 \u0111\u01b0\u1ee3c d\u1ecbch ra nhi\u1ec1u th\u1ee9 ti\u1ebfng. V\u00e0 trong su\u1ed1t m\u1ed9t th\u1ebf k\u1ef7 qua, t\u00e1c ph\u1ea9m \u0111\u1ec1 cao kh\u00e1t v\u1ecdng \u0111i t\u1edbi nh\u1eefng ch\u00e2n tr\u1eddi xa, th\u1ef1c hi\u1ec7n nh\u1eefng k\u00ec t\u00edch phi th\u01b0\u1eddng n\u00e0y lu\u00f4n \u0111\u01b0\u1ee3c coi l\u00e0 m\u1ed9t trong nh\u1eefng cu\u1ed1n truy\u1ec7n hay nh\u1ea5t d\u00e0nh cho thi\u1ebfu nhi.<\/p>\n","protected":false},"excerpt":{"rendered":"<p>Truy\u1ec7n k\u1ec3 v\u1ec1 cu\u1ed9c phi\u00eau l\u01b0u tr\u00ean v\u00f9ng \u0111\u1ea5t \u0110\u00f4ng Phi c\u1ee7a c\u1eadu b\u00e9 m\u01b0\u1eddi b\u1ed1n tu\u1ed5i Xtas c\u00f9ng c\u00f4 b\u00e9 Nen t\u00e1m tu\u1ed5i trong h\u00e0nh tr\u00ecnh tr\u1ed1n ch\u1ea1y kh\u1ecfi tay b\u1ecdn b\u1eaft c\u00f3c. Tr\u1ea3i qua kh\u00f4ng bi\u1ebft bao hi\u1ec3m nguy, \u0111\u1ed1i m\u1eb7t v\u1edbi nhi\u1ec1u gian nan th\u1eed th\u00e1ch, khi th\u00ec tr\u00ean sa m\u1ea1c n\u1eafng ch\u00e1y, l\u00fac gi\u1eefa r\u1eebng gi\u00e0 th\u1eb3m s\u00e2u, cu\u1ed1i c\u00f9ng, Xtas v\u00e0 Nen c\u0169ng \u0111o\u00e0n t\u1ee5 \u0111\u01b0\u1ee3c v\u1edbi gia \u0111\u00ecnh.<\/p>\n<p>L\u00e0 t\u00e1c ph\u1ea9m duy nh\u1ea5t vi\u1ebft cho thi\u1ebfu nhi c\u1ee7a nh\u00e0 v\u0103n Ba Lan n\u1ed5i ti\u1ebfng Henrich Sienkievich, ng\u01b0\u1eddi \u0111o\u1ea1t Nobel v\u0103n h\u1ecdc n\u0103m 1905, ngay t\u1eeb khi ra \u0111\u1eddi, Tr\u00ean sa m\u1ea1c v\u00e0 trong r\u1eebng th\u1eb3m \u0111\u00e3 \u0111\u01b0\u1ee3c hoan ngh\u00eanh nhi\u1ec7t li\u1ec7t, \u0111\u01b0\u1ee3c t\u00e1i b\u1ea3n ngay v\u00e0 \u0111\u01b0\u1ee3c d\u1ecbch ra nhi\u1ec1u th\u1ee9 ti\u1ebfng. V\u00e0 trong su\u1ed1t m\u1ed9t th\u1ebf k\u1ef7 qua, t\u00e1c ph\u1ea9m \u0111\u1ec1 cao kh\u00e1t v\u1ecdng \u0111i t\u1edbi nh\u1eefng ch\u00e2n tr\u1eddi xa, th\u1ef1c hi\u1ec7n nh\u1eefng k\u00ec t\u00edch phi th\u01b0\u1eddng n\u00e0y lu\u00f4n \u0111\u01b0\u1ee3c coi l\u00e0 m\u1ed9t trong nh\u1eefng cu\u1ed1n truy\u1ec7n hay nh\u1ea5t d\u00e0nh cho thi\u1ebfu nhi.<\/p>\n","protected":false},"featured_media":5049,"template":"","meta":{"_acf_changed":false},"product_brand":[],"product_cat":[77],"product_tag":[],"class_list":{"0":"post-5051","1":"product","2":"type-product","3":"status-publish","4":"has-post-thumbnail","6":"product_cat-van-hoc-kinh-dien","8":"first","9":"instock","10":"taxable","11":"shipping-taxable","12":"purchasable","13":"product-type-simple"},"supplier_id":null,"supplier_sku":"","barcode":null,"atum_controlled":true,"out_stock_date":null,"out_stock_threshold":null,"inheritable":false,"inbound_stock":1,"stock_on_hold":0,"sold_today":0,"sales_last_days":0,"reserved_stock":0,"customer_returns":0,"warehouse_damage":0,"lost_in_post":0,"other_logs":0,"out_stock_days":0,"lost_sales":0,"has_location":false,"update_date":"2026-01-28T23:10:36","atum_locations":[],"atum_stock_status":"instock","restock_status":false,"low_stock_amount":"","sales_update_date":"2026-01-28T23:10:36","calc_backorders":null,"acf":{"publisher":{"ID":1472,"post_author":"1","post_date":"2021-02-17 01:12:50","post_date_gmt":"2021-02-16 23:12:50","post_content":"","post_title":"Huy Ho\u00e0ng Bookstore","post_excerpt":"","post_status":"publish","comment_status":"closed","ping_status":"closed","post_password":"","post_name":"huy-hoang-bookstore","to_ping":"","pinged":"","post_modified":"2021-02-17 01:12:50","post_modified_gmt":"2021-02-16 23:12:50","post_content_filtered":"","post_parent":0,"guid":"https:\/\/sachviet.eu\/nha-phat-hanh\/huy-hoang-bookstore\/","menu_order":0,"post_type":"publisher","post_mime_type":"","comment_count":"0","filter":"raw"}},"_links":{"self":[{"href":"https:\/\/sachviet.eu\/en\/wp-json\/wp\/v2\/product\/5051","targetHints":{"allow":["GET"]}}],"collection":[{"href":"https:\/\/sachviet.eu\/en\/wp-json\/wp\/v2\/product"}],"about":[{"href":"https:\/\/sachviet.eu\/en\/wp-json\/wp\/v2\/types\/product"}],"wp:featuredmedia":[{"embeddable":true,"href":"https:\/\/sachviet.eu\/en\/wp-json\/wp\/v2\/media\/5049"}],"wp:attachment":[{"href":"https:\/\/sachviet.eu\/en\/wp-json\/wp\/v2\/media?parent=5051"}],"wp:term":[{"taxonomy":"product_brand","embeddable":true,"href":"https:\/\/sachviet.eu\/en\/wp-json\/wp\/v2\/product_brand?post=5051"},{"taxonomy":"product_cat","embeddable":true,"href":"https:\/\/sachviet.eu\/en\/wp-json\/wp\/v2\/product_cat?post=5051"},{"taxonomy":"product_tag","embeddable":true,"href":"https:\/\/sachviet.eu\/en\/wp-json\/wp\/v2\/product_tag?post=5051"}],"curies":[{"name":"wp","href":"https:\/\/api.w.org\/{rel}","templated":true}]}}