{"id":5018,"date":"2021-03-09T01:53:42","date_gmt":"2021-03-08T23:53:42","guid":{"rendered":"https:\/\/sachviet.eu\/shop\/thoi-tho-au\/"},"modified":"2021-05-18T00:17:10","modified_gmt":"2021-05-17T21:17:10","slug":"thoi-tho-au","status":"publish","type":"product","link":"https:\/\/sachviet.eu\/en\/shop\/thoi-tho-au\/","title":{"rendered":"Th\u1eddi th\u01a1 \u1ea5u"},"content":{"rendered":"<p>B\u1ed9 ba t\u00e1c ph\u1ea9m \u201cTh\u1eddi th\u01a1 \u1ea5u &#8211; Trong th\u1ebf gi\u1edbi &#8211; Nh\u1eefng tr\u01b0\u1eddng \u0111\u1ea1i h\u1ecdc c\u1ee7a t\u00f4i\u201d \u0111\u00e3 ghi ch\u00e9p l\u1ea1i m\u1ed9t c\u00e1ch v\u00f4 c\u00f9ng sinh \u0111\u1ed9ng v\u00e0 \u0111\u1ea7y c\u1ea3m x\u00fac v\u1ec1 nh\u1eefng n\u0103m th\u00e1ng tu\u1ed5i th\u01a1 kh\u1ed1n kh\u00f3 v\u00e0 b\u1ea5t h\u1ea1nh c\u00f9ng qu\u00e1 tr\u00ecnh tr\u01b0\u1edfng th\u00e0nh gian kh\u1ed5 trong s\u00f3ng gi\u00f3 cu\u1ed9c \u0111\u1eddi nh\u00e0 v\u0103n.<\/p>\n<p>B\u1ed9 ba t\u1ef1 truy\u1ec7n: \u201cTh\u1eddi th\u01a1 \u1ea5u &#8211; Trong th\u1ebf gi\u1edbi &#8211; Nh\u1eefng tr\u01b0\u1eddng \u0111\u1ea1i h\u1ecdc c\u1ee7a t\u00f4i\u201d cho ng\u01b0\u1eddi \u0111\u1ecdc th\u1ea5y tu\u1ed5i th\u01a1 n\u01a1i ch\u1edbm n\u1edf c\u1ee7a t\u00ecnh y\u00eau cu\u1ed9c s\u1ed1ng nhi\u1ec7t th\u00e0nh, qu\u00e1 tr\u00ecnh tr\u01b0\u1edfng th\u00e0nh gian nan trong hi\u1ec7n th\u1ef1c kh\u1eafc nghi\u1ec7t v\u00e0 b\u1ea5t h\u1ea1nh c\u1ee7a Maxim Gorky. Kh\u00f4ng ch\u1ec9 v\u1eady, \u0111\u00f3 c\u00f2n l\u00e0 nh\u1eefng th\u1eed th\u00e1ch kh\u1ed1c li\u1ec7t \u0111\u1ed1i v\u1edbi ni\u1ec1m tin v\u00e0 l\u00fd t\u01b0\u1edfng, nh\u1eefng tr\u1edf ng\u1ea1i l\u1edbn lao tr\u00ean con \u0111\u01b0\u1eddng t\u00ecm t\u00f2i h\u1ecdc v\u1ea5n.<\/p>\n<p>T\u00e1c gi\u1ea3 ph\u00e1c h\u1ecda r\u1ea5t nhi\u1ec1u ch\u00e2n dung ch\u1ec9 b\u1eb1ng v\u00e0i n\u00e9t r\u1ea5t ch\u00ednh x\u00e1c v\u00e0 chan ch\u1ee9a t\u00ecnh ng\u01b0\u1eddi. \u0110\u1ed9c gi\u1ea3 c\u1ea3m \u0111\u1ed9ng theo d\u00f5i s\u1ed1 ph\u1eadn c\u1ee7a c\u1eadu b\u00e9 trong \u0111\u1eddi s\u1ed1ng mu\u00f4n m\u00e0u mu\u00f4n s\u1eafc c\u1ee7a qu\u1ea7n ch\u00fang c\u1ea7n lao Nga v\u00e0 hi\u1ec3u \u0111\u01b0\u1ee3c t\u00e1c d\u1ee5ng c\u1ee7a \u201cc\u00e1c tr\u01b0\u1eddng \u0111\u1ea1i h\u1ecdc trong cu\u1ed9c s\u1ed1ng\u201d \u0111\u1ed1i v\u1edbi m\u1ed9t thi\u00ean t\u00e0i.<\/p>\n<p>\u0110\u00e2y th\u1ef1c s\u1ef1 l\u00e0 m\u1ed9t tuy\u1ec7t t\u00e1c v\u1ec1 ngh\u1ecb l\u1ef1c s\u1ed1ng v\u00e0 l\u00f2ng h\u01b0\u1edbng thi\u1ec7n.<\/p>\n","protected":false},"excerpt":{"rendered":"<p>B\u1ed9 ba t\u00e1c ph\u1ea9m \u201cTh\u1eddi th\u01a1 \u1ea5u &#8211; Trong th\u1ebf gi\u1edbi &#8211; Nh\u1eefng tr\u01b0\u1eddng \u0111\u1ea1i h\u1ecdc c\u1ee7a t\u00f4i\u201d \u0111\u00e3 ghi ch\u00e9p l\u1ea1i m\u1ed9t c\u00e1ch v\u00f4 c\u00f9ng sinh \u0111\u1ed9ng v\u00e0 \u0111\u1ea7y c\u1ea3m x\u00fac v\u1ec1 nh\u1eefng n\u0103m th\u00e1ng tu\u1ed5i th\u01a1 kh\u1ed1n kh\u00f3 v\u00e0 b\u1ea5t h\u1ea1nh c\u00f9ng qu\u00e1 tr\u00ecnh tr\u01b0\u1edfng th\u00e0nh gian kh\u1ed5 trong s\u00f3ng gi\u00f3 cu\u1ed9c \u0111\u1eddi nh\u00e0 v\u0103n.<\/p>\n<p>B\u1ed9 ba t\u1ef1 truy\u1ec7n: \u201cTh\u1eddi th\u01a1 \u1ea5u &#8211; Trong th\u1ebf gi\u1edbi &#8211; Nh\u1eefng tr\u01b0\u1eddng \u0111\u1ea1i h\u1ecdc c\u1ee7a t\u00f4i\u201d cho ng\u01b0\u1eddi \u0111\u1ecdc th\u1ea5y tu\u1ed5i th\u01a1 n\u01a1i ch\u1edbm n\u1edf c\u1ee7a t\u00ecnh y\u00eau cu\u1ed9c s\u1ed1ng nhi\u1ec7t th\u00e0nh, qu\u00e1 tr\u00ecnh tr\u01b0\u1edfng th\u00e0nh gian nan trong hi\u1ec7n th\u1ef1c kh\u1eafc nghi\u1ec7t v\u00e0 b\u1ea5t h\u1ea1nh c\u1ee7a Maxim Gorky. Kh\u00f4ng ch\u1ec9 v\u1eady, \u0111\u00f3 c\u00f2n l\u00e0 nh\u1eefng th\u1eed th\u00e1ch kh\u1ed1c li\u1ec7t \u0111\u1ed1i v\u1edbi ni\u1ec1m tin v\u00e0 l\u00fd t\u01b0\u1edfng, nh\u1eefng tr\u1edf ng\u1ea1i l\u1edbn lao tr\u00ean con \u0111\u01b0\u1eddng t\u00ecm t\u00f2i h\u1ecdc v\u1ea5n.<\/p>\n<p>T\u00e1c gi\u1ea3 ph\u00e1c h\u1ecda r\u1ea5t nhi\u1ec1u ch\u00e2n dung ch\u1ec9 b\u1eb1ng v\u00e0i n\u00e9t r\u1ea5t ch\u00ednh x\u00e1c v\u00e0 chan ch\u1ee9a t\u00ecnh ng\u01b0\u1eddi. \u0110\u1ed9c gi\u1ea3 c\u1ea3m \u0111\u1ed9ng theo d\u00f5i s\u1ed1 ph\u1eadn c\u1ee7a c\u1eadu b\u00e9 trong \u0111\u1eddi s\u1ed1ng mu\u00f4n m\u00e0u mu\u00f4n s\u1eafc c\u1ee7a qu\u1ea7n ch\u00fang c\u1ea7n lao Nga v\u00e0 hi\u1ec3u \u0111\u01b0\u1ee3c t\u00e1c d\u1ee5ng c\u1ee7a \u201cc\u00e1c tr\u01b0\u1eddng \u0111\u1ea1i h\u1ecdc trong cu\u1ed9c s\u1ed1ng\u201d \u0111\u1ed1i v\u1edbi m\u1ed9t thi\u00ean t\u00e0i.<\/p>\n<p>\u0110\u00e2y th\u1ef1c s\u1ef1 l\u00e0 m\u1ed9t tuy\u1ec7t t\u00e1c v\u1ec1 ngh\u1ecb l\u1ef1c s\u1ed1ng v\u00e0 l\u00f2ng h\u01b0\u1edbng thi\u1ec7n.<\/p>\n","protected":false},"featured_media":5017,"template":"","meta":{"_acf_changed":false},"product_brand":[],"product_cat":[17,26,77],"product_tag":[],"class_list":{"0":"post-5018","1":"product","2":"type-product","3":"status-publish","4":"has-post-thumbnail","6":"product_cat-sach-danh-cho-cac-be","7":"product_cat-thieu-nien-11-tuoi-18-tuoi","8":"product_cat-van-hoc-kinh-dien","10":"first","11":"outofstock","12":"taxable","13":"shipping-taxable","14":"purchasable","15":"product-type-simple"},"supplier_id":null,"supplier_sku":"","barcode":null,"atum_controlled":true,"out_stock_date":"2021-03-08 23:53:42","out_stock_threshold":null,"inheritable":false,"inbound_stock":0,"stock_on_hold":0,"sold_today":0,"sales_last_days":0,"reserved_stock":0,"customer_returns":0,"warehouse_damage":0,"lost_in_post":0,"other_logs":0,"out_stock_days":1786,"lost_sales":0,"has_location":false,"update_date":"2026-01-28T23:10:36","atum_locations":[],"atum_stock_status":"outofstock","restock_status":false,"low_stock_amount":"","sales_update_date":"2026-01-28T23:10:36","calc_backorders":null,"acf":{"publisher":{"ID":1472,"post_author":"1","post_date":"2021-02-17 01:12:50","post_date_gmt":"2021-02-16 23:12:50","post_content":"","post_title":"Huy Ho\u00e0ng Bookstore","post_excerpt":"","post_status":"publish","comment_status":"closed","ping_status":"closed","post_password":"","post_name":"huy-hoang-bookstore","to_ping":"","pinged":"","post_modified":"2021-02-17 01:12:50","post_modified_gmt":"2021-02-16 23:12:50","post_content_filtered":"","post_parent":0,"guid":"https:\/\/sachviet.eu\/nha-phat-hanh\/huy-hoang-bookstore\/","menu_order":0,"post_type":"publisher","post_mime_type":"","comment_count":"0","filter":"raw"}},"_links":{"self":[{"href":"https:\/\/sachviet.eu\/en\/wp-json\/wp\/v2\/product\/5018","targetHints":{"allow":["GET"]}}],"collection":[{"href":"https:\/\/sachviet.eu\/en\/wp-json\/wp\/v2\/product"}],"about":[{"href":"https:\/\/sachviet.eu\/en\/wp-json\/wp\/v2\/types\/product"}],"wp:featuredmedia":[{"embeddable":true,"href":"https:\/\/sachviet.eu\/en\/wp-json\/wp\/v2\/media\/5017"}],"wp:attachment":[{"href":"https:\/\/sachviet.eu\/en\/wp-json\/wp\/v2\/media?parent=5018"}],"wp:term":[{"taxonomy":"product_brand","embeddable":true,"href":"https:\/\/sachviet.eu\/en\/wp-json\/wp\/v2\/product_brand?post=5018"},{"taxonomy":"product_cat","embeddable":true,"href":"https:\/\/sachviet.eu\/en\/wp-json\/wp\/v2\/product_cat?post=5018"},{"taxonomy":"product_tag","embeddable":true,"href":"https:\/\/sachviet.eu\/en\/wp-json\/wp\/v2\/product_tag?post=5018"}],"curies":[{"name":"wp","href":"https:\/\/api.w.org\/{rel}","templated":true}]}}