{"id":5016,"date":"2021-03-09T01:53:39","date_gmt":"2021-03-08T23:53:39","guid":{"rendered":"https:\/\/sachviet.eu\/shop\/the-gioi-hinh-anh-cua-be-the-gioi-tu-nhien\/"},"modified":"2021-06-03T22:49:15","modified_gmt":"2021-06-03T19:49:15","slug":"the-gioi-hinh-anh-cua-be-the-gioi-tu-nhien","status":"publish","type":"product","link":"https:\/\/sachviet.eu\/en\/shop\/the-gioi-hinh-anh-cua-be-the-gioi-tu-nhien\/","title":{"rendered":"Th\u1ebf Gi\u1edbi H\u00ecnh \u1ea2nh C\u1ee7a B\u00e9 &#8211; Th\u1ebf Gi\u1edbi T\u1ef1 Nhi\u00ean"},"content":{"rendered":"<p>Qua nh\u1eefng mi\u00eau t\u1ea3 ng\u1eafn g\u1ecdn c\u00f9ng h\u00ecnh \u1ea3nh minh h\u1ecda \u0111\u1eb9p m\u1eaft, c\u00e1c em s\u1ebd \u0111\u01b0\u1ee3c kh\u00e1m ph\u00e1 thi\u00ean nhi\u00ean t\u01b0\u01a1i \u0111\u1eb9p tr\u00ean h\u00e0nh tinh ch\u00fang ta, t\u1eeb nh\u1eefng \u0111\u1ed9ng v\u1eadt hoang d\u00e3 \u1edf ch\u00e2u Phi cho \u0111\u1ebfn c\u00e1c lo\u00e0i c\u00e2y, lo\u00e0i hoa \u0111\u1ed9c \u0111\u00e1o trong r\u1eebng nhi\u1ec7t \u0111\u1edbi. C\u00e1c em c\u0169ng s\u1ebd \u0111\u01b0\u1ee3c t\u00ecm hi\u1ec3u th\u00eam v\u1ec1 s\u00f4ng ng\u00f2i, n\u00fai non, kh\u00ed h\u1eadu quanh ta \u0111\u1ec3 bi\u1ebft m\u1ebfn y\u00eau v\u00e0 b\u1ea3o v\u1ec7 m\u00f4i tr\u01b0\u1eddng.<\/p>\n<p>Tr\u01b0\u1edbc h\u1ebft, c\u00e1c b\u1ea1n \u0111\u1ecdc nh\u00ed s\u1ebd c\u00f9ng kh\u00e1m ph\u00e1 v\u00e0 t\u00ecm hi\u1ec3u v\u1ec1 c\u00e1c lo\u00e0i \u0111\u1ed9ng v\u1eadt. C\u00e1c em s\u1ebd bi\u1ebft m\u1ed9t ch\u00fa voi con ra \u0111\u1eddi nh\u01b0 th\u1ebf n\u00e0o, m\u1ed9t ch\u00fa chim non ch\u00e0o \u0111\u1eddi ra sao\u2026 Em s\u1ebd bi\u1ebft s\u01b0 t\u1eed l\u00e0 lo\u00e0i \u0111\u1ed9ng v\u1eadt x\u1ee9 n\u00f3ng c\u00f2n g\u1ea5u B\u1eafc c\u1ef1c l\u00e0 lo\u00e0i \u0111\u1ed9ng v\u1eadt x\u1ee9 l\u1ea1nh, c\u00f2n con chu\u1ed9t ch\u0169i th\u00ec s\u1ed1ng trong l\u00f2ng \u0111\u1ea5t\u2026<\/p>\n<p>Ti\u1ebfp theo, em s\u1ebd h\u1ecdc c\u00e1ch ph\u00e2n bi\u1ec7t c\u00e1c c\u00e2y th\u00e2n g\u1ed7 r\u1ed3i hoa v\u00e0 c\u00e2y th\u00e2n m\u1ec1m. Ch\u00fang s\u1ed1ng \u1edf \u0111\u00e2u v\u00e0 c\u00f3 t\u00e1c d\u1ee5ng g\u00ec, s\u1ef1 ra \u0111\u1eddi c\u1ee7a ch\u00fang ra sao\u2026 T\u1ea5t c\u1ea3 s\u1ebd \u0111\u01b0\u1ee3c minh h\u1ecda b\u1eb1ng nh\u1eefng h\u00ecnh \u1ea3nh sinh \u0111\u1ed9ng, r\u00f5 r\u00e0ng.<\/p>\n<p>Ph\u1ea7n cu\u1ed1i c\u1ee7a cu\u1ed1n s\u00e1ch n\u00f3i v\u1ec1 Th\u1eddi ti\u1ebft, N\u01b0\u1edbc v\u00e0 C\u00e1c d\u1ea1ng \u0111\u1ecba h\u00ecnh. Em s\u1ebd chu du kh\u1eafp th\u1ebf gi\u1edbi trong b\u1ed1n m\u00f9a, \u0111\u1ebfn c\u00e1c b\u00e3i bi\u1ec3n hay v\u00f9ng n\u00fai, tham quan \u0111\u1ed3ng b\u1eb1ng v\u00e0 cao nguy\u00ean\u2026 Nh\u1eefng chuy\u1ebfn \u0111i trong trang s\u00e1ch \u1ea5y s\u1ebd khi\u1ebfn em c\u00e0ng th\u00eam y\u00eau h\u00e0nh t\u00ecnh xanh c\u1ee7a m\u00ecnh.<\/p>\n<p>Th\u1ebf gi\u1edbi t\u1ef1 nhi\u00ean mu\u00f4n m\u00e0u mu\u00f4n v\u1ebb, \u0111\u1ea7y h\u1ea5p d\u1eabn \u0111ang ch\u1edd em kh\u00e1m ph\u00e1 \u0111\u1ea5y! V\u1edbi h\u00e0ng tr\u0103m h\u00ecnh \u1ea3nh \u0111\u00e1ng y\u00eau, s\u1ed1ng \u0111\u1ed9ng, em s\u1ebd nh\u1eadn ra r\u1eb1ng, cu\u1ed9c s\u1ed1ng xung quanh m\u00ecnh lu\u00f4n c\u0103ng tr\u00e0n h\u01a1i th\u1edf c\u1ee7a t\u1ef1 nhi\u00ean.<\/p>\n","protected":false},"excerpt":{"rendered":"<p>Qua nh\u1eefng mi\u00eau t\u1ea3 ng\u1eafn g\u1ecdn c\u00f9ng h\u00ecnh \u1ea3nh minh h\u1ecda \u0111\u1eb9p m\u1eaft, c\u00e1c em s\u1ebd \u0111\u01b0\u1ee3c kh\u00e1m ph\u00e1 thi\u00ean nhi\u00ean t\u01b0\u01a1i \u0111\u1eb9p tr\u00ean h\u00e0nh tinh ch\u00fang ta, t\u1eeb nh\u1eefng \u0111\u1ed9ng v\u1eadt hoang d\u00e3 \u1edf ch\u00e2u Phi cho \u0111\u1ebfn c\u00e1c lo\u00e0i c\u00e2y, lo\u00e0i hoa \u0111\u1ed9c \u0111\u00e1o trong r\u1eebng nhi\u1ec7t \u0111\u1edbi. C\u00e1c em c\u0169ng s\u1ebd \u0111\u01b0\u1ee3c t\u00ecm hi\u1ec3u th\u00eam v\u1ec1 s\u00f4ng ng\u00f2i, n\u00fai non, kh\u00ed h\u1eadu quanh ta \u0111\u1ec3 bi\u1ebft m\u1ebfn y\u00eau v\u00e0 b\u1ea3o v\u1ec7 m\u00f4i tr\u01b0\u1eddng.<\/p>\n<p>Tr\u01b0\u1edbc h\u1ebft, c\u00e1c b\u1ea1n \u0111\u1ecdc nh\u00ed s\u1ebd c\u00f9ng kh\u00e1m ph\u00e1 v\u00e0 t\u00ecm hi\u1ec3u v\u1ec1 c\u00e1c lo\u00e0i \u0111\u1ed9ng v\u1eadt. C\u00e1c em s\u1ebd bi\u1ebft m\u1ed9t ch\u00fa voi con ra \u0111\u1eddi nh\u01b0 th\u1ebf n\u00e0o, m\u1ed9t ch\u00fa chim non ch\u00e0o \u0111\u1eddi ra sao\u2026 Em s\u1ebd bi\u1ebft s\u01b0 t\u1eed l\u00e0 lo\u00e0i \u0111\u1ed9ng v\u1eadt x\u1ee9 n\u00f3ng c\u00f2n g\u1ea5u B\u1eafc c\u1ef1c l\u00e0 lo\u00e0i \u0111\u1ed9ng v\u1eadt x\u1ee9 l\u1ea1nh, c\u00f2n con chu\u1ed9t ch\u0169i th\u00ec s\u1ed1ng trong l\u00f2ng \u0111\u1ea5t\u2026<\/p>\n<p>Ti\u1ebfp theo, em s\u1ebd h\u1ecdc c\u00e1ch ph\u00e2n bi\u1ec7t c\u00e1c c\u00e2y th\u00e2n g\u1ed7 r\u1ed3i hoa v\u00e0 c\u00e2y th\u00e2n m\u1ec1m. Ch\u00fang s\u1ed1ng \u1edf \u0111\u00e2u v\u00e0 c\u00f3 t\u00e1c d\u1ee5ng g\u00ec, s\u1ef1 ra \u0111\u1eddi c\u1ee7a ch\u00fang ra sao\u2026 T\u1ea5t c\u1ea3 s\u1ebd \u0111\u01b0\u1ee3c minh h\u1ecda b\u1eb1ng nh\u1eefng h\u00ecnh \u1ea3nh sinh \u0111\u1ed9ng, r\u00f5 r\u00e0ng.<\/p>\n<p>Ph\u1ea7n cu\u1ed1i c\u1ee7a cu\u1ed1n s\u00e1ch n\u00f3i v\u1ec1 Th\u1eddi ti\u1ebft, N\u01b0\u1edbc v\u00e0 C\u00e1c d\u1ea1ng \u0111\u1ecba h\u00ecnh. Em s\u1ebd chu du kh\u1eafp th\u1ebf gi\u1edbi trong b\u1ed1n m\u00f9a, \u0111\u1ebfn c\u00e1c b\u00e3i bi\u1ec3n hay v\u00f9ng n\u00fai, tham quan \u0111\u1ed3ng b\u1eb1ng v\u00e0 cao nguy\u00ean\u2026 Nh\u1eefng chuy\u1ebfn \u0111i trong trang s\u00e1ch \u1ea5y s\u1ebd khi\u1ebfn em c\u00e0ng th\u00eam y\u00eau h\u00e0nh t\u00ecnh xanh c\u1ee7a m\u00ecnh.<\/p>\n<p>Th\u1ebf gi\u1edbi t\u1ef1 nhi\u00ean mu\u00f4n m\u00e0u mu\u00f4n v\u1ebb, \u0111\u1ea7y h\u1ea5p d\u1eabn \u0111ang ch\u1edd em kh\u00e1m ph\u00e1 \u0111\u1ea5y! V\u1edbi h\u00e0ng tr\u0103m h\u00ecnh \u1ea3nh \u0111\u00e1ng y\u00eau, s\u1ed1ng \u0111\u1ed9ng, em s\u1ebd nh\u1eadn ra r\u1eb1ng, cu\u1ed9c s\u1ed1ng xung quanh m\u00ecnh lu\u00f4n c\u0103ng tr\u00e0n h\u01a1i th\u1edf c\u1ee7a t\u1ef1 nhi\u00ean.<\/p>\n","protected":false},"featured_media":5010,"template":"","meta":{"_acf_changed":false},"product_brand":[],"product_cat":[25,17,26],"product_tag":[],"class_list":{"0":"post-5016","1":"product","2":"type-product","3":"status-publish","4":"has-post-thumbnail","6":"product_cat-nhi-dong-6-tuoi-12-tuoi","7":"product_cat-sach-danh-cho-cac-be","8":"product_cat-thieu-nien-11-tuoi-18-tuoi","10":"first","11":"instock","12":"taxable","13":"shipping-taxable","14":"purchasable","15":"product-type-simple"},"supplier_id":null,"supplier_sku":"","barcode":null,"atum_controlled":true,"out_stock_date":null,"out_stock_threshold":null,"inheritable":false,"inbound_stock":0,"stock_on_hold":0,"sold_today":0,"sales_last_days":0,"reserved_stock":0,"customer_returns":0,"warehouse_damage":0,"lost_in_post":0,"other_logs":0,"out_stock_days":0,"lost_sales":0,"has_location":false,"update_date":"2026-01-28T23:10:36","atum_locations":[],"atum_stock_status":"instock","restock_status":false,"low_stock_amount":"","sales_update_date":"2026-01-28T23:10:36","calc_backorders":null,"acf":{"publisher":{"ID":1544,"post_author":"1","post_date":"2021-02-17 01:24:05","post_date_gmt":"2021-02-16 23:24:05","post_content":"","post_title":"\u0110\u00f4ng A","post_excerpt":"","post_status":"publish","comment_status":"closed","ping_status":"closed","post_password":"","post_name":"dong-a","to_ping":"","pinged":"","post_modified":"2021-02-17 01:24:05","post_modified_gmt":"2021-02-16 23:24:05","post_content_filtered":"","post_parent":0,"guid":"https:\/\/sachviet.eu\/nha-phat-hanh\/dong-a\/","menu_order":0,"post_type":"publisher","post_mime_type":"","comment_count":"0","filter":"raw"}},"_links":{"self":[{"href":"https:\/\/sachviet.eu\/en\/wp-json\/wp\/v2\/product\/5016","targetHints":{"allow":["GET"]}}],"collection":[{"href":"https:\/\/sachviet.eu\/en\/wp-json\/wp\/v2\/product"}],"about":[{"href":"https:\/\/sachviet.eu\/en\/wp-json\/wp\/v2\/types\/product"}],"wp:featuredmedia":[{"embeddable":true,"href":"https:\/\/sachviet.eu\/en\/wp-json\/wp\/v2\/media\/5010"}],"wp:attachment":[{"href":"https:\/\/sachviet.eu\/en\/wp-json\/wp\/v2\/media?parent=5016"}],"wp:term":[{"taxonomy":"product_brand","embeddable":true,"href":"https:\/\/sachviet.eu\/en\/wp-json\/wp\/v2\/product_brand?post=5016"},{"taxonomy":"product_cat","embeddable":true,"href":"https:\/\/sachviet.eu\/en\/wp-json\/wp\/v2\/product_cat?post=5016"},{"taxonomy":"product_tag","embeddable":true,"href":"https:\/\/sachviet.eu\/en\/wp-json\/wp\/v2\/product_tag?post=5016"}],"curies":[{"name":"wp","href":"https:\/\/api.w.org\/{rel}","templated":true}]}}