{"id":5009,"date":"2021-03-09T01:53:28","date_gmt":"2021-03-08T23:53:28","guid":{"rendered":"https:\/\/sachviet.eu\/shop\/tat-tan-tat-ve-long-vu\/"},"modified":"2021-05-18T00:17:33","modified_gmt":"2021-05-17T21:17:33","slug":"tat-tan-tat-ve-long-vu","status":"publish","type":"product","link":"https:\/\/sachviet.eu\/en\/shop\/tat-tan-tat-ve-long-vu\/","title":{"rendered":"T\u1ea5t t\u1ea7n t\u1eadt v\u1ec1 l\u00f4ng v\u0169"},"content":{"rendered":"<p>M\u1ed9t chi\u1ebfc l\u00f4ng chim n\u1eb1m ngay d\u01b0\u1edbi t\u00e1n c\u00e2y. N\u00f3 c\u00f3 th\u1ec3 l\u00e0 c\u1ee7a ai nh\u1ec9? \u00d4i k\u00eca, nh\u1eb9 t\u1ef1a l\u00f4ng h\u1ed3ng, n\u00f3 \u0111\u00e3 b\u1ecb gi\u00f3 cu\u1ed1n bay \u0111i m\u1ea5t r\u1ed3i! L\u00f4ng chim c\u0169ng \u0111a d\u1ea1ng ch\u1eb3ng k\u00e9m g\u00ec chim v\u00e0 \u0111\u01b0\u1ee3c c\u1ea5u t\u1ea1o ph\u00f9 h\u1ee3p v\u1edbi m\u00f4i tr\u01b0\u1eddng sinh s\u1ed1ng c\u1ee7a m\u1ed7i con v\u1eadt. V\u1ecbt nhung \u0111\u00e1ng y\u00eau ph\u01b0\u01a1ng B\u1eafc x\u00fang x\u00ednh trong l\u1edbp \u00e1o l\u00f4ng \u1ea5m \u00e1p, lo\u00e0i ho\u00e9t n\u01b0\u1edbc h\u1ecdng tr\u1eafng gi\u1ea3n d\u1ecb v\u1edbi b\u1ed9 c\u00e1nh tr\u01a1n b\u00f3ng, chim c\u00e1nh c\u1ee5t v\u00f9ng b\u0103ng tuy\u1ebft l\u1ea1i s\u1edf h\u1eefu b\u1ed9 vest ch\u1ed1ng \u0111\u00f4ng ho\u00e0n h\u1ea3o.<\/p>\n<p>N\u00e0o h\u00e3y c\u00f9ng t\u00ecm hi\u1ec3u nh\u1eefng lo\u00e0i th\u00fa v\u1ecb nh\u1ea5t trong th\u1ebf gi\u1edbi chim mu\u00f4ng c\u00f9ng v\u1edbi b\u1ed9 l\u00f4ng c\u1ee7a c\u00e1c b\u1ea1n \u1ea5y nh\u00e9.<\/p>\n","protected":false},"excerpt":{"rendered":"<p>M\u1ed9t chi\u1ebfc l\u00f4ng chim n\u1eb1m ngay d\u01b0\u1edbi t\u00e1n c\u00e2y. N\u00f3 c\u00f3 th\u1ec3 l\u00e0 c\u1ee7a ai nh\u1ec9? \u00d4i k\u00eca, nh\u1eb9 t\u1ef1a l\u00f4ng h\u1ed3ng, n\u00f3 \u0111\u00e3 b\u1ecb gi\u00f3 cu\u1ed1n bay \u0111i m\u1ea5t r\u1ed3i! L\u00f4ng chim c\u0169ng \u0111a d\u1ea1ng ch\u1eb3ng k\u00e9m g\u00ec chim v\u00e0 \u0111\u01b0\u1ee3c c\u1ea5u t\u1ea1o ph\u00f9 h\u1ee3p v\u1edbi m\u00f4i tr\u01b0\u1eddng sinh s\u1ed1ng c\u1ee7a m\u1ed7i con v\u1eadt. V\u1ecbt nhung \u0111\u00e1ng y\u00eau ph\u01b0\u01a1ng B\u1eafc x\u00fang x\u00ednh trong l\u1edbp \u00e1o l\u00f4ng \u1ea5m \u00e1p, lo\u00e0i ho\u00e9t n\u01b0\u1edbc h\u1ecdng tr\u1eafng gi\u1ea3n d\u1ecb v\u1edbi b\u1ed9 c\u00e1nh tr\u01a1n b\u00f3ng, chim c\u00e1nh c\u1ee5t v\u00f9ng b\u0103ng tuy\u1ebft l\u1ea1i s\u1edf h\u1eefu b\u1ed9 vest ch\u1ed1ng \u0111\u00f4ng ho\u00e0n h\u1ea3o.<\/p>\n<p>N\u00e0o h\u00e3y c\u00f9ng t\u00ecm hi\u1ec3u nh\u1eefng lo\u00e0i th\u00fa v\u1ecb nh\u1ea5t trong th\u1ebf gi\u1edbi chim mu\u00f4ng c\u00f9ng v\u1edbi b\u1ed9 l\u00f4ng c\u1ee7a c\u00e1c b\u1ea1n \u1ea5y nh\u00e9.<\/p>\n","protected":false},"featured_media":5008,"template":"","meta":{"_acf_changed":false},"product_brand":[],"product_cat":[25,17,26],"product_tag":[],"class_list":{"0":"post-5009","1":"product","2":"type-product","3":"status-publish","4":"has-post-thumbnail","6":"product_cat-nhi-dong-6-tuoi-12-tuoi","7":"product_cat-sach-danh-cho-cac-be","8":"product_cat-thieu-nien-11-tuoi-18-tuoi","10":"first","11":"outofstock","12":"taxable","13":"shipping-taxable","14":"purchasable","15":"product-type-simple"},"supplier_id":null,"supplier_sku":"","barcode":null,"atum_controlled":true,"out_stock_date":"2021-03-08 23:53:28","out_stock_threshold":null,"inheritable":false,"inbound_stock":0,"stock_on_hold":0,"sold_today":0,"sales_last_days":0,"reserved_stock":0,"customer_returns":0,"warehouse_damage":0,"lost_in_post":0,"other_logs":0,"out_stock_days":1786,"lost_sales":0,"has_location":false,"update_date":"2026-01-28T23:10:36","atum_locations":[],"atum_stock_status":"outofstock","restock_status":false,"low_stock_amount":"","sales_update_date":"2026-01-28T23:10:36","calc_backorders":null,"acf":{"publisher":{"ID":1472,"post_author":"1","post_date":"2021-02-17 01:12:50","post_date_gmt":"2021-02-16 23:12:50","post_content":"","post_title":"Huy Ho\u00e0ng Bookstore","post_excerpt":"","post_status":"publish","comment_status":"closed","ping_status":"closed","post_password":"","post_name":"huy-hoang-bookstore","to_ping":"","pinged":"","post_modified":"2021-02-17 01:12:50","post_modified_gmt":"2021-02-16 23:12:50","post_content_filtered":"","post_parent":0,"guid":"https:\/\/sachviet.eu\/nha-phat-hanh\/huy-hoang-bookstore\/","menu_order":0,"post_type":"publisher","post_mime_type":"","comment_count":"0","filter":"raw"}},"_links":{"self":[{"href":"https:\/\/sachviet.eu\/en\/wp-json\/wp\/v2\/product\/5009","targetHints":{"allow":["GET"]}}],"collection":[{"href":"https:\/\/sachviet.eu\/en\/wp-json\/wp\/v2\/product"}],"about":[{"href":"https:\/\/sachviet.eu\/en\/wp-json\/wp\/v2\/types\/product"}],"wp:featuredmedia":[{"embeddable":true,"href":"https:\/\/sachviet.eu\/en\/wp-json\/wp\/v2\/media\/5008"}],"wp:attachment":[{"href":"https:\/\/sachviet.eu\/en\/wp-json\/wp\/v2\/media?parent=5009"}],"wp:term":[{"taxonomy":"product_brand","embeddable":true,"href":"https:\/\/sachviet.eu\/en\/wp-json\/wp\/v2\/product_brand?post=5009"},{"taxonomy":"product_cat","embeddable":true,"href":"https:\/\/sachviet.eu\/en\/wp-json\/wp\/v2\/product_cat?post=5009"},{"taxonomy":"product_tag","embeddable":true,"href":"https:\/\/sachviet.eu\/en\/wp-json\/wp\/v2\/product_tag?post=5009"}],"curies":[{"name":"wp","href":"https:\/\/api.w.org\/{rel}","templated":true}]}}