{"id":5007,"date":"2021-03-09T01:53:25","date_gmt":"2021-03-08T23:53:25","guid":{"rendered":"https:\/\/sachviet.eu\/shop\/tat-tan-tan-ve-trung\/"},"modified":"2021-05-18T00:17:41","modified_gmt":"2021-05-17T21:17:41","slug":"tat-tan-tan-ve-trung","status":"publish","type":"product","link":"https:\/\/sachviet.eu\/en\/shop\/tat-tan-tan-ve-trung\/","title":{"rendered":"T\u1ea5t t\u1ea7n t\u1eadn v\u1ec1 tr\u1ee9ng"},"content":{"rendered":"<p>H\u00e3y c\u00f9ng ng\u1eafm nh\u00ecn nh\u1eefng chi\u1ebfc t\u1ed5 xinh x\u1eafn v\u1edbi \u0111\u1ee7 c\u00e1c k\u00edch c\u1ee1 tr\u00ean c\u00e0nh c\u00e2y, d\u01b0\u1edbi l\u00f2ng \u0111\u1ea5t, \u1edf cao t\u00edt tr\u00ean c\u00e1c v\u00e1ch \u0111\u00e1 hay t\u1eadn d\u01b0\u1edbi bi\u1ec3n s\u00e2u. Ai \u0111\u1ebb \u0111\u01b0\u1ee3c nhi\u1ec1u tr\u1ee9ng nh\u1ea5t, ai c\u00f3 nh\u1eefng qu\u1ea3 tr\u1ee9ng l\u1ea1 l\u00f9ng nh\u1ea5t, tr\u1ee9ng n\u00e0o nh\u1ecf nh\u1ea5t v\u00e0 tr\u1ee9ng n\u00e0o l\u1edbn nh\u1ea5t? Ai th\u00edch khoe khoang tr\u1ee9ng \u0111\u1ec3 \u0111\u01b0\u1ee3c m\u1ecdi ng\u01b0\u1eddi ng\u01b0\u1ee1ng m\u1ed9, ai l\u1ea1i gi\u1ea5u tr\u1ee9ng th\u1eadt k\u1ef9 trong nh\u1eefng h\u1ed1c nh\u1ecf b\u00ean b\u1edd bi\u1ec3n ng\u1eadp c\u00e1t?<\/p>\n<p>Tr\u1ee9ng lu\u00f4n b\u00e1o hi\u1ec7u cho s\u1ef1 kh\u1edfi \u0111\u1ea7u c\u1ee7a m\u1ed9t m\u1ea7m s\u1ed1ng m\u1edbi. H\u00e3y c\u00f9ng kh\u00e1m ph\u00e1 m\u1ecdi \u0111i\u1ec1u b\u00ed \u1ea9n quanh ch\u00fang ta n\u00e0o!<\/p>\n","protected":false},"excerpt":{"rendered":"<p>H\u00e3y c\u00f9ng ng\u1eafm nh\u00ecn nh\u1eefng chi\u1ebfc t\u1ed5 xinh x\u1eafn v\u1edbi \u0111\u1ee7 c\u00e1c k\u00edch c\u1ee1 tr\u00ean c\u00e0nh c\u00e2y, d\u01b0\u1edbi l\u00f2ng \u0111\u1ea5t, \u1edf cao t\u00edt tr\u00ean c\u00e1c v\u00e1ch \u0111\u00e1 hay t\u1eadn d\u01b0\u1edbi bi\u1ec3n s\u00e2u. Ai \u0111\u1ebb \u0111\u01b0\u1ee3c nhi\u1ec1u tr\u1ee9ng nh\u1ea5t, ai c\u00f3 nh\u1eefng qu\u1ea3 tr\u1ee9ng l\u1ea1 l\u00f9ng nh\u1ea5t, tr\u1ee9ng n\u00e0o nh\u1ecf nh\u1ea5t v\u00e0 tr\u1ee9ng n\u00e0o l\u1edbn nh\u1ea5t? Ai th\u00edch khoe khoang tr\u1ee9ng \u0111\u1ec3 \u0111\u01b0\u1ee3c m\u1ecdi ng\u01b0\u1eddi ng\u01b0\u1ee1ng m\u1ed9, ai l\u1ea1i gi\u1ea5u tr\u1ee9ng th\u1eadt k\u1ef9 trong nh\u1eefng h\u1ed1c nh\u1ecf b\u00ean b\u1edd bi\u1ec3n ng\u1eadp c\u00e1t?<\/p>\n<p>Tr\u1ee9ng lu\u00f4n b\u00e1o hi\u1ec7u cho s\u1ef1 kh\u1edfi \u0111\u1ea7u c\u1ee7a m\u1ed9t m\u1ea7m s\u1ed1ng m\u1edbi. H\u00e3y c\u00f9ng kh\u00e1m ph\u00e1 m\u1ecdi \u0111i\u1ec1u b\u00ed \u1ea9n quanh ch\u00fang ta n\u00e0o!<\/p>\n","protected":false},"featured_media":5006,"template":"","meta":{"_acf_changed":false},"product_brand":[],"product_cat":[25,17,26],"product_tag":[],"class_list":{"0":"post-5007","1":"product","2":"type-product","3":"status-publish","4":"has-post-thumbnail","6":"product_cat-nhi-dong-6-tuoi-12-tuoi","7":"product_cat-sach-danh-cho-cac-be","8":"product_cat-thieu-nien-11-tuoi-18-tuoi","10":"first","11":"outofstock","12":"taxable","13":"shipping-taxable","14":"purchasable","15":"product-type-simple"},"supplier_id":null,"supplier_sku":"","barcode":null,"atum_controlled":true,"out_stock_date":"2021-03-08 23:53:25","out_stock_threshold":null,"inheritable":false,"inbound_stock":0,"stock_on_hold":0,"sold_today":0,"sales_last_days":0,"reserved_stock":0,"customer_returns":0,"warehouse_damage":0,"lost_in_post":0,"other_logs":0,"out_stock_days":1786,"lost_sales":0,"has_location":false,"update_date":"2026-01-28T23:10:36","atum_locations":[],"atum_stock_status":"outofstock","restock_status":false,"low_stock_amount":"","sales_update_date":"2026-01-28T23:10:36","calc_backorders":null,"acf":{"publisher":{"ID":1472,"post_author":"1","post_date":"2021-02-17 01:12:50","post_date_gmt":"2021-02-16 23:12:50","post_content":"","post_title":"Huy Ho\u00e0ng Bookstore","post_excerpt":"","post_status":"publish","comment_status":"closed","ping_status":"closed","post_password":"","post_name":"huy-hoang-bookstore","to_ping":"","pinged":"","post_modified":"2021-02-17 01:12:50","post_modified_gmt":"2021-02-16 23:12:50","post_content_filtered":"","post_parent":0,"guid":"https:\/\/sachviet.eu\/nha-phat-hanh\/huy-hoang-bookstore\/","menu_order":0,"post_type":"publisher","post_mime_type":"","comment_count":"0","filter":"raw"}},"_links":{"self":[{"href":"https:\/\/sachviet.eu\/en\/wp-json\/wp\/v2\/product\/5007","targetHints":{"allow":["GET"]}}],"collection":[{"href":"https:\/\/sachviet.eu\/en\/wp-json\/wp\/v2\/product"}],"about":[{"href":"https:\/\/sachviet.eu\/en\/wp-json\/wp\/v2\/types\/product"}],"wp:featuredmedia":[{"embeddable":true,"href":"https:\/\/sachviet.eu\/en\/wp-json\/wp\/v2\/media\/5006"}],"wp:attachment":[{"href":"https:\/\/sachviet.eu\/en\/wp-json\/wp\/v2\/media?parent=5007"}],"wp:term":[{"taxonomy":"product_brand","embeddable":true,"href":"https:\/\/sachviet.eu\/en\/wp-json\/wp\/v2\/product_brand?post=5007"},{"taxonomy":"product_cat","embeddable":true,"href":"https:\/\/sachviet.eu\/en\/wp-json\/wp\/v2\/product_cat?post=5007"},{"taxonomy":"product_tag","embeddable":true,"href":"https:\/\/sachviet.eu\/en\/wp-json\/wp\/v2\/product_tag?post=5007"}],"curies":[{"name":"wp","href":"https:\/\/api.w.org\/{rel}","templated":true}]}}