{"id":5001,"date":"2021-03-09T01:53:13","date_gmt":"2021-03-08T23:53:13","guid":{"rendered":"https:\/\/sachviet.eu\/shop\/the-gioi-hinh-anh-cua-be-phu-thuy-va-than-tien\/"},"modified":"2023-01-22T00:28:25","modified_gmt":"2023-01-21T22:28:25","slug":"the-gioi-hinh-anh-cua-be-phu-thuy-va-than-tien","status":"publish","type":"product","link":"https:\/\/sachviet.eu\/en\/shop\/the-gioi-hinh-anh-cua-be-phu-thuy-va-than-tien\/","title":{"rendered":"Th\u1ebf Gi\u1edbi H\u00ecnh \u1ea2nh C\u1ee7a B\u00e9 &#8211; Ph\u00f9 Th\u1ee7y V\u00e0 Th\u1ea7n Ti\u00ean"},"content":{"rendered":"<p>\u0110\u00e3 bao gi\u1edd em \u01b0\u1edbc m\u00ecnh s\u1ebd l\u00e0 m\u1ed9t ph\u00f9 th\u1ee7y c\u00f3 ch\u1ed5i th\u1ea7n bi\u1ebft bay v\u00e0 c\u00e2y \u0111\u0169a th\u1ea7n bi\u1ebft l\u00e0m ph\u00e9p kh\u00f4ng?<\/p>\n<p>\u0110\u00e3 bao gi\u1edd em \u01b0\u1edbc m\u00ecnh c\u00f3 th\u1ec3 bi\u1ebfn th\u00e0nh chim ho\u1eb7c con th\u00fa nh\u1ecf n\u00e0o \u0111\u00f3 \u0111\u1ec3 tho\u00e1t th\u00e2n trong tr\u01b0\u1eddng h\u1ee3p kh\u1ea9n c\u1ea5p ch\u01b0a?<\/p>\n<p>\u0110\u00e3 bao gi\u1edd em mu\u1ed1n tr\u1edf th\u00e0nh n\u00e0ng ti\u00ean t\u1ed1t b\u1ee5ng lu\u00f4n gi\u00fap \u0111\u1ee1 m\u1ecdi ng\u01b0\u1eddi ch\u01b0a?<\/p>\n<p>Ch\u1eafc h\u1eb3n l\u00e0 r\u1ed3i, \u0111\u00fang kh\u00f4ng n\u00e0o?<\/p>\n<p>Ph\u00f9 th\u1ee7y v\u00e0 th\u1ea7n ti\u00ean l\u00e0 nh\u1eefng nh\u00e2n v\u1eadt lu\u00f4n khi\u1ebfn em t\u00f2 m\u00f2 mu\u1ed1n t\u00ecm hi\u1ec3u, kh\u00e1m ph\u00e1. Nh\u1eefng \u0111i\u1ec1u em mu\u1ed1n bi\u1ebft v\u1ec1 th\u1ebf gi\u1edbi ph\u00f9 th\u00f9y v\u00e0 th\u1ea7n s\u1ebd c\u00f3 trong cu\u1ed1n s\u00e1ch c\u00f9ng t\u00ean n\u00e0y.<\/p>\n<p>Ph\u00f9 th\u1ee7y v\u00e0 th\u1ea7n ti\u00ean l\u00e0 m\u1ed9t t\u1eadp trong b\u1ed9 s\u00e1ch h\u00ecnh \u1ea3nh g\u1ed3m b\u1ed1n t\u1eadp: Th\u1ebf gi\u1edbi h\u00ecnh \u1ea3nh c\u1ee7a b\u00e9<\/p>\n<p>Tr\u01b0\u1edbc h\u1ebft, em s\u1ebd kh\u00e1m ph\u00e1 th\u1ebf gi\u1edbi ph\u00f9 th\u1ee7y \u0111\u1ea7y b\u00ed \u1ea9n nh\u01b0ng r\u1ea5t th\u00fa v\u1ecb: h\u1ecd ra \u0111\u1eddi nh\u01b0 th\u1ebf n\u00e0o, c\u00f3 bao nhi\u00eau lo\u1ea1i ph\u00f9 th\u1ee7y nh\u1ec9, h\u1ecdc l\u00e0m ph\u00f9 th\u1ee7y \u1edf \u0111\u00e2u, ph\u00f9 th\u1ee7y c\u00f3 nh\u1eefng \u0111\u1ed3 d\u00f9ng b\u1ea5t ly th\u00e2n ra sao, h\u1ecd \u0111i ch\u1ee3 mua ch\u1ed5i bay nh\u01b0 th\u1ebf n\u00e0o, con v\u1eadt c\u01b0ng c\u1ee7a h\u1ecd l\u00e0 g\u00ec nh\u1ec9\u2026 N\u1ebfu tr\u1edf th\u00e0nh m\u1ed9t ph\u00f9 th\u1ee7y r\u1ed3i, em nh\u1ea5t \u0111\u1ecbnh ph\u1ea3i tham gia l\u1ec5 h\u1ed9i c\u1ee7a ph\u00f9 th\u1ee7y n\u00e0y, ng\u00e0y l\u1ec5 Halloween n\u00e0y\u2026 R\u1ed3i em s\u1ebd l\u00e0m quen v\u1edbi nh\u1eefng ng\u01b0\u1eddi b\u1ea1n c\u1ee7a ph\u00f9 th\u1ee7y l\u00e0 ng\u01b0\u1eddi l\u00f9n, ma c\u00e0 r\u1ed3ng, nh\u1eefng con ma hay qu\u1ef7 s\u1ee9. Tho\u1ea1t nghe c\u00f3 v\u1ebb r\u1ea5t \u0111\u00e1ng s\u1ee3 \u0111\u00fang kh\u00f4ng n\u00e0o! Nh\u01b0ng kh\u00f4ng ph\u1ea3i th\u1ebf \u0111\u00e2u\u2026<\/p>\n<p>Ph\u1ea7n ti\u1ebfp theo c\u1ee7a cu\u1ed1n s\u00e1ch r\u1ea5t d\u1ec5 th\u01b0\u01a1ng, n\u00f3i v\u1ec1 c\u00e1c n\u00e0ng ti\u00ean. C\u00e1c n\u00e0ng ti\u00ean th\u00edch \u0103n g\u00ec, m\u1eb7c g\u00ec, gi\u00fap \u0111\u1ee1 m\u1ecdi ng\u01b0\u1eddi ra sao\u2026 s\u1ebd c\u00f3 trong ph\u1ea7n hai n\u00e0y nh\u00e9! Em c\u00f2n \u0111\u01b0\u1ee3c l\u00e0m quen v\u1edbi n\u00e0ng ti\u00ean c\u00e1, n\u00e0ng ti\u00ean r\u1ed3ng hay nh\u1eefng b\u00e0 ti\u00ean \u0111\u1ee1 \u0111\u1ea7u c\u1ee7a con ng\u01b0\u1eddi \u0111\u1ea5y!<\/p>\n<p>V\u1edbi cu\u1ed1n s\u00e1ch Ph\u00f9 th\u1ee7y v\u00e0 th\u1ea7n ti\u00ean, c\u00e1c em s\u1ebd \u0111\u01b0\u1ee3c \u0111\u1eafm m\u00ecnh v\u00e0o nh\u1eefng c\u00e2u chuy\u1ec7n ng\u1ed9 ngh\u0129nh, d\u1ec5 th\u01b0\u01a1ng trong th\u1ebf gi\u1edbi l\u1ea1 l\u00f9ng nh\u01b0ng v\u00f4 c\u00f9ng th\u00fa v\u1ecb c\u1ee7a ph\u00f9 th\u1ee7y. C\u00e1c em c\u00f2n \u0111\u01b0\u1ee3c g\u1eb7p c\u00e1c n\u00e0ng ti\u00ean c\u00f9ng c\u00e1c nh\u00e2n v\u1eadt c\u1ed5 t\u00edch n\u1ed5i ti\u1ebfng kh\u00e1c, c\u0169ng nh\u01b0 h\u1ecdc \u0111\u01b0\u1ee3c c\u00e1ch h\u00f3a trang, l\u00e0m \u0111\u1ed3 ch\u01a1i \u0111\u1ec3 \u0111\u00f3n m\u1eebng ng\u00e0y l\u1ec5 Halloween.<\/p>\n<p>C\u00f2n ch\u1ea7n ch\u1eeb g\u00ec n\u1eefa m\u00e0 kh\u00f4ng kh\u00e1m ph\u00e1 ngay b\u00e2y gi\u1edd?<\/p>\n","protected":false},"excerpt":{"rendered":"<p>\u0110\u00e3 bao gi\u1edd em \u01b0\u1edbc m\u00ecnh s\u1ebd l\u00e0 m\u1ed9t ph\u00f9 th\u1ee7y c\u00f3 ch\u1ed5i th\u1ea7n bi\u1ebft bay v\u00e0 c\u00e2y \u0111\u0169a th\u1ea7n bi\u1ebft l\u00e0m ph\u00e9p kh\u00f4ng?<\/p>\n<p>\u0110\u00e3 bao gi\u1edd em \u01b0\u1edbc m\u00ecnh c\u00f3 th\u1ec3 bi\u1ebfn th\u00e0nh chim ho\u1eb7c con th\u00fa nh\u1ecf n\u00e0o \u0111\u00f3 \u0111\u1ec3 tho\u00e1t th\u00e2n trong tr\u01b0\u1eddng h\u1ee3p kh\u1ea9n c\u1ea5p ch\u01b0a?<\/p>\n<p>\u0110\u00e3 bao gi\u1edd em mu\u1ed1n tr\u1edf th\u00e0nh n\u00e0ng ti\u00ean t\u1ed1t b\u1ee5ng lu\u00f4n gi\u00fap \u0111\u1ee1 m\u1ecdi ng\u01b0\u1eddi ch\u01b0a?<\/p>\n<p>Ch\u1eafc h\u1eb3n l\u00e0 r\u1ed3i, \u0111\u00fang kh\u00f4ng n\u00e0o?<\/p>\n<p>Ph\u00f9 th\u1ee7y v\u00e0 th\u1ea7n ti\u00ean l\u00e0 nh\u1eefng nh\u00e2n v\u1eadt lu\u00f4n khi\u1ebfn em t\u00f2 m\u00f2 mu\u1ed1n t\u00ecm hi\u1ec3u, kh\u00e1m ph\u00e1. Nh\u1eefng \u0111i\u1ec1u em mu\u1ed1n bi\u1ebft v\u1ec1 th\u1ebf gi\u1edbi ph\u00f9 th\u00f9y v\u00e0 th\u1ea7n s\u1ebd c\u00f3 trong cu\u1ed1n s\u00e1ch c\u00f9ng t\u00ean n\u00e0y.<\/p>\n","protected":false},"featured_media":4991,"template":"","meta":{"_acf_changed":false},"product_brand":[],"product_cat":[25,17,26],"product_tag":[],"class_list":{"0":"post-5001","1":"product","2":"type-product","3":"status-publish","4":"has-post-thumbnail","6":"product_cat-nhi-dong-6-tuoi-12-tuoi","7":"product_cat-sach-danh-cho-cac-be","8":"product_cat-thieu-nien-11-tuoi-18-tuoi","10":"first","11":"instock","12":"taxable","13":"shipping-taxable","14":"purchasable","15":"product-type-simple"},"supplier_id":null,"supplier_sku":"","barcode":null,"atum_controlled":true,"out_stock_date":null,"out_stock_threshold":null,"inheritable":false,"inbound_stock":0,"stock_on_hold":0,"sold_today":0,"sales_last_days":0,"reserved_stock":0,"customer_returns":0,"warehouse_damage":0,"lost_in_post":0,"other_logs":0,"out_stock_days":0,"lost_sales":0,"has_location":false,"update_date":"2026-01-28T23:10:36","atum_locations":[],"atum_stock_status":"instock","restock_status":false,"low_stock_amount":"","sales_update_date":"2026-01-28T23:10:36","calc_backorders":null,"acf":{"publisher":{"ID":1544,"post_author":"1","post_date":"2021-02-17 01:24:05","post_date_gmt":"2021-02-16 23:24:05","post_content":"","post_title":"\u0110\u00f4ng A","post_excerpt":"","post_status":"publish","comment_status":"closed","ping_status":"closed","post_password":"","post_name":"dong-a","to_ping":"","pinged":"","post_modified":"2021-02-17 01:24:05","post_modified_gmt":"2021-02-16 23:24:05","post_content_filtered":"","post_parent":0,"guid":"https:\/\/sachviet.eu\/nha-phat-hanh\/dong-a\/","menu_order":0,"post_type":"publisher","post_mime_type":"","comment_count":"0","filter":"raw"}},"_links":{"self":[{"href":"https:\/\/sachviet.eu\/en\/wp-json\/wp\/v2\/product\/5001","targetHints":{"allow":["GET"]}}],"collection":[{"href":"https:\/\/sachviet.eu\/en\/wp-json\/wp\/v2\/product"}],"about":[{"href":"https:\/\/sachviet.eu\/en\/wp-json\/wp\/v2\/types\/product"}],"wp:featuredmedia":[{"embeddable":true,"href":"https:\/\/sachviet.eu\/en\/wp-json\/wp\/v2\/media\/4991"}],"wp:attachment":[{"href":"https:\/\/sachviet.eu\/en\/wp-json\/wp\/v2\/media?parent=5001"}],"wp:term":[{"taxonomy":"product_brand","embeddable":true,"href":"https:\/\/sachviet.eu\/en\/wp-json\/wp\/v2\/product_brand?post=5001"},{"taxonomy":"product_cat","embeddable":true,"href":"https:\/\/sachviet.eu\/en\/wp-json\/wp\/v2\/product_cat?post=5001"},{"taxonomy":"product_tag","embeddable":true,"href":"https:\/\/sachviet.eu\/en\/wp-json\/wp\/v2\/product_tag?post=5001"}],"curies":[{"name":"wp","href":"https:\/\/api.w.org\/{rel}","templated":true}]}}