{"id":4990,"date":"2021-03-09T01:52:40","date_gmt":"2021-03-08T23:52:40","guid":{"rendered":"https:\/\/sachviet.eu\/shop\/nhung-tro-choi-dan-gian-pho-thong-va-vui-nhon-danh-cho-thieu-nhi\/"},"modified":"2021-05-18T00:18:12","modified_gmt":"2021-05-17T21:18:12","slug":"nhung-tro-choi-dan-gian-pho-thong-va-vui-nhon-danh-cho-thieu-nhi","status":"publish","type":"product","link":"https:\/\/sachviet.eu\/en\/shop\/nhung-tro-choi-dan-gian-pho-thong-va-vui-nhon-danh-cho-thieu-nhi\/","title":{"rendered":"Nh\u1eefng Tr\u00f2 Ch\u01a1i D\u00e2n Gian Ph\u1ed5 Th\u00f4ng V\u00e0 Vui Nh\u1ed9n D\u00e0nh Cho Thi\u1ebfu Nhi"},"content":{"rendered":"<p>NH\u1eeeNG TR\u00d2 CH\u01a0I D\u00c2N GIAN \u0111\u01b0\u1ee3c ng\u01b0\u1eddi bi\u00ean so\u1ea1n t\u1ed5ng h\u1ee3p v\u00e0 r\u00fat ra trong kho t\u00e0ng tr\u00f2 ch\u01a1i d\u00e2n gian Vi\u1ec7t Nam nh\u1eefng tr\u00f2 ch\u01a1i d\u00e2n gian ti\u00eau bi\u1ec3u nh\u1ea5t, d\u1ec5 th\u1ef1c hi\u1ec7n nh\u1ea5t m\u00e0 v\u00e0 chung nh\u1ea5t cho c\u1ea3 3 mi\u1ec1n \u0111\u1ea5t n\u01b0\u1edbc, \u0111\u00e2y l\u00e0 nh\u1eefng tr\u00f2 ch\u01a1i d\u00e2n gian m\u00e0 c\u1ea3 3 mi\u1ec1n \u0111\u1ec1u s\u1eed d\u1ee5ng. T\u1eadp s\u00e1ch h\u01b0\u1edbng c\u00e1c em h\u1ecdc sinh \u0111\u1ebfn nh\u1eefng tr\u00f2 ch\u01a1i vui nh\u1ed9n, b\u1ed5 \u00edch b\u1eb1ng ch\u00ednh s\u1ef1 t\u1ef1 l\u1ef1c c\u1ee7a c\u00e1c em.<\/p>\n","protected":false},"excerpt":{"rendered":"<p>NH\u1eeeNG TR\u00d2 CH\u01a0I D\u00c2N GIAN \u0111\u01b0\u1ee3c ng\u01b0\u1eddi bi\u00ean so\u1ea1n t\u1ed5ng h\u1ee3p v\u00e0 r\u00fat ra trong kho t\u00e0ng tr\u00f2 ch\u01a1i d\u00e2n gian Vi\u1ec7t Nam nh\u1eefng tr\u00f2 ch\u01a1i d\u00e2n gian ti\u00eau bi\u1ec3u nh\u1ea5t, d\u1ec5 th\u1ef1c hi\u1ec7n nh\u1ea5t m\u00e0 v\u00e0 chung nh\u1ea5t cho c\u1ea3 3 mi\u1ec1n \u0111\u1ea5t n\u01b0\u1edbc, \u0111\u00e2y l\u00e0 nh\u1eefng tr\u00f2 ch\u01a1i d\u00e2n gian m\u00e0 c\u1ea3 3 mi\u1ec1n \u0111\u1ec1u s\u1eed d\u1ee5ng. T\u1eadp s\u00e1ch h\u01b0\u1edbng c\u00e1c em h\u1ecdc sinh \u0111\u1ebfn nh\u1eefng tr\u00f2 ch\u01a1i vui nh\u1ed9n, b\u1ed5 \u00edch b\u1eb1ng ch\u00ednh s\u1ef1 t\u1ef1 l\u1ef1c c\u1ee7a c\u00e1c em.<\/p>\n","protected":false},"featured_media":4984,"template":"","meta":{"_acf_changed":false},"product_brand":[],"product_cat":[25,17,71],"product_tag":[],"class_list":{"0":"post-4990","1":"product","2":"type-product","3":"status-publish","4":"has-post-thumbnail","6":"product_cat-nhi-dong-6-tuoi-12-tuoi","7":"product_cat-sach-danh-cho-cac-be","8":"product_cat-sach-tre-em-thuan-viet","10":"first","11":"outofstock","12":"taxable","13":"shipping-taxable","14":"purchasable","15":"product-type-simple"},"supplier_id":null,"supplier_sku":"","barcode":null,"atum_controlled":true,"out_stock_date":"2021-03-08 23:52:40","out_stock_threshold":null,"inheritable":false,"inbound_stock":0,"stock_on_hold":0,"sold_today":0,"sales_last_days":0,"reserved_stock":0,"customer_returns":0,"warehouse_damage":0,"lost_in_post":0,"other_logs":0,"out_stock_days":1786,"lost_sales":0,"has_location":false,"update_date":"2026-01-28T23:10:36","atum_locations":[],"atum_stock_status":"outofstock","restock_status":false,"low_stock_amount":"","sales_update_date":"2026-01-28T23:10:36","calc_backorders":null,"acf":{"publisher":{"ID":1517,"post_author":"1","post_date":"2021-02-17 01:14:41","post_date_gmt":"2021-02-16 23:14:41","post_content":"","post_title":"NXB Tr\u1ebb","post_excerpt":"","post_status":"publish","comment_status":"closed","ping_status":"closed","post_password":"","post_name":"nxb-tre","to_ping":"","pinged":"","post_modified":"2021-02-17 01:14:41","post_modified_gmt":"2021-02-16 23:14:41","post_content_filtered":"","post_parent":0,"guid":"https:\/\/sachviet.eu\/nha-phat-hanh\/nxb-tre\/","menu_order":0,"post_type":"publisher","post_mime_type":"","comment_count":"0","filter":"raw"}},"_links":{"self":[{"href":"https:\/\/sachviet.eu\/en\/wp-json\/wp\/v2\/product\/4990","targetHints":{"allow":["GET"]}}],"collection":[{"href":"https:\/\/sachviet.eu\/en\/wp-json\/wp\/v2\/product"}],"about":[{"href":"https:\/\/sachviet.eu\/en\/wp-json\/wp\/v2\/types\/product"}],"wp:featuredmedia":[{"embeddable":true,"href":"https:\/\/sachviet.eu\/en\/wp-json\/wp\/v2\/media\/4984"}],"wp:attachment":[{"href":"https:\/\/sachviet.eu\/en\/wp-json\/wp\/v2\/media?parent=4990"}],"wp:term":[{"taxonomy":"product_brand","embeddable":true,"href":"https:\/\/sachviet.eu\/en\/wp-json\/wp\/v2\/product_brand?post=4990"},{"taxonomy":"product_cat","embeddable":true,"href":"https:\/\/sachviet.eu\/en\/wp-json\/wp\/v2\/product_cat?post=4990"},{"taxonomy":"product_tag","embeddable":true,"href":"https:\/\/sachviet.eu\/en\/wp-json\/wp\/v2\/product_tag?post=4990"}],"curies":[{"name":"wp","href":"https:\/\/api.w.org\/{rel}","templated":true}]}}