{"id":4983,"date":"2021-03-09T01:52:05","date_gmt":"2021-03-08T23:52:05","guid":{"rendered":"https:\/\/sachviet.eu\/shop\/nhung-that-bai-tru-danh\/"},"modified":"2021-05-18T00:18:26","modified_gmt":"2021-05-17T21:18:26","slug":"nhung-that-bai-tru-danh","status":"publish","type":"product","link":"https:\/\/sachviet.eu\/en\/shop\/nhung-that-bai-tru-danh\/","title":{"rendered":"Nh\u1eefng Th\u1ea5t B\u1ea1i Tr\u1ee9 Danh"},"content":{"rendered":"<p>C\u00f9ng t\u00ecm hi\u1ec3u nh\u1eefng th\u00ed nghi\u1ec7m b\u1ea5t th\u00e0nh c\u1ee7a Thomas Edison, c\u00f4ng d\u1ee5ng nguy\u00ean th\u1ee7y c\u1ee7a l\u00f2 xo xo\u1eafn \u1ed1c, chuy\u1ec7n g\u00ec s\u1ebd x\u1ea3y ra khi Michael Jordan vung ch\u00e0y thay v\u00ec \u00fap r\u1ed5, hay Smell-o-Vision l\u00e0 g\u00ec! C\u00e2u tr\u1ea3 l\u1eddi cho t\u1ea5t c\u1ea3 nh\u1eefng v\u1ea5n \u0111\u1ec1 tr\u00ean v\u00e0 c\u00f2n th\u00eam nhi\u1ec1u \u0111i\u1ec1u n\u1eefa s\u1ebd xu\u1ea5t hi\u1ec7n tr\u00ean nh\u1eefng trang s\u00e1ch n\u00e0y. Nh\u1eefng th\u1ea5t b\u1ea1i tr\u1ee9 danh! ch\u1ee9a \u0111\u1ef1ng \u0111\u1ea7y nh\u1eefng sai s\u00f3t, nh\u1ea7m l\u1eabn, h\u1ecfng h\u00f3c, th\u1ea3m h\u1ecda v\u00e0 nhi\u1ec1u l\u1ed7i l\u1ea7m kh\u00e1c: v\u1eeba kh\u00f4i h\u00e0i, k\u00ec qu\u1eb7c m\u00e0 l\u1ea1i ho\u00e0n to\u00e0n c\u00f3 th\u1eadt.<\/p>\n<p>Nh\u01b0ng \u0111\u1eebng lo, cu\u1ed1n s\u00e1ch n\u00e0y \u0111\u00e2u ch\u1ec9 to\u00e0n u \u00e1m bu\u1ed3n th\u1ea3m. Suy cho c\u00f9ng, \u201cai ch\u00e0\u201d v\u00e0 \u201c\u00fai\u201d ch\u1ec9 l\u00e0 nh\u1eefng ti\u1ebfng ng\u1ee3i khen cho n\u1ed7 l\u1ef1c c\u1ee7a b\u1ea1n m\u00e0 th\u00f4i, v\u00e0 \u0111\u00e2u ai th\u00e0nh c\u00f4ng m\u00e0 kh\u00f4ng ph\u1ea3i \u0111\u1ed1i m\u1eb7t v\u1edbi ch\u00fat v\u1ea5p ng\u00e3 tr\u01b0\u1edbc \u0111\u00f3. Cu\u1ed1n s\u00e1ch n\u00e0y vinh danh nh\u1eefng th\u1ea5t b\u1ea1i, v\u00e0 b\u00ean c\u1ea1nh ti\u1ebfng c\u01b0\u1eddi s\u1ea3ng kho\u00e1i c\u00f2n cho b\u1ea1n \u0111\u1ecdc bi\u1ebft v\u1ec1 ngu\u1ed3n c\u01a1n s\u1ef1 c\u1ed1, nh\u1eefng \u0111i\u1ec1u di\u1ec5n ra nh\u01b0 \u00fd v\u00e0 b\u00e0i h\u1ecdc r\u00fat ra t\u1eeb \u0111\u00f3 l\u00e0 g\u00ec.<\/p>\n","protected":false},"excerpt":{"rendered":"<p>C\u00f9ng t\u00ecm hi\u1ec3u nh\u1eefng th\u00ed nghi\u1ec7m b\u1ea5t th\u00e0nh c\u1ee7a Thomas Edison, c\u00f4ng d\u1ee5ng nguy\u00ean th\u1ee7y c\u1ee7a l\u00f2 xo xo\u1eafn \u1ed1c, chuy\u1ec7n g\u00ec s\u1ebd x\u1ea3y ra khi Michael Jordan vung ch\u00e0y thay v\u00ec \u00fap r\u1ed5, hay Smell-o-Vision l\u00e0 g\u00ec! C\u00e2u tr\u1ea3 l\u1eddi cho t\u1ea5t c\u1ea3 nh\u1eefng v\u1ea5n \u0111\u1ec1 tr\u00ean v\u00e0 c\u00f2n th\u00eam nhi\u1ec1u \u0111i\u1ec1u n\u1eefa s\u1ebd xu\u1ea5t hi\u1ec7n tr\u00ean nh\u1eefng trang s\u00e1ch n\u00e0y. Nh\u1eefng th\u1ea5t b\u1ea1i tr\u1ee9 danh! ch\u1ee9a \u0111\u1ef1ng \u0111\u1ea7y nh\u1eefng sai s\u00f3t, nh\u1ea7m l\u1eabn, h\u1ecfng h\u00f3c, th\u1ea3m h\u1ecda v\u00e0 nhi\u1ec1u l\u1ed7i l\u1ea7m kh\u00e1c: v\u1eeba kh\u00f4i h\u00e0i, k\u00ec qu\u1eb7c m\u00e0 l\u1ea1i ho\u00e0n to\u00e0n c\u00f3 th\u1eadt.<\/p>\n<p>Nh\u01b0ng \u0111\u1eebng lo, cu\u1ed1n s\u00e1ch n\u00e0y \u0111\u00e2u ch\u1ec9 to\u00e0n u \u00e1m bu\u1ed3n th\u1ea3m. Suy cho c\u00f9ng, \u201cai ch\u00e0\u201d v\u00e0 \u201c\u00fai\u201d ch\u1ec9 l\u00e0 nh\u1eefng ti\u1ebfng ng\u1ee3i khen cho n\u1ed7 l\u1ef1c c\u1ee7a b\u1ea1n m\u00e0 th\u00f4i, v\u00e0 \u0111\u00e2u ai th\u00e0nh c\u00f4ng m\u00e0 kh\u00f4ng ph\u1ea3i \u0111\u1ed1i m\u1eb7t v\u1edbi ch\u00fat v\u1ea5p ng\u00e3 tr\u01b0\u1edbc \u0111\u00f3. Cu\u1ed1n s\u00e1ch n\u00e0y vinh danh nh\u1eefng th\u1ea5t b\u1ea1i, v\u00e0 b\u00ean c\u1ea1nh ti\u1ebfng c\u01b0\u1eddi s\u1ea3ng kho\u00e1i c\u00f2n cho b\u1ea1n \u0111\u1ecdc bi\u1ebft v\u1ec1 ngu\u1ed3n c\u01a1n s\u1ef1 c\u1ed1, nh\u1eefng \u0111i\u1ec1u di\u1ec5n ra nh\u01b0 \u00fd v\u00e0 b\u00e0i h\u1ecdc r\u00fat ra t\u1eeb \u0111\u00f3 l\u00e0 g\u00ec.<\/p>\n","protected":false},"featured_media":4982,"template":"","meta":{"_acf_changed":false},"product_brand":[],"product_cat":[17,26],"product_tag":[],"class_list":{"0":"post-4983","1":"product","2":"type-product","3":"status-publish","4":"has-post-thumbnail","6":"product_cat-sach-danh-cho-cac-be","7":"product_cat-thieu-nien-11-tuoi-18-tuoi","9":"first","10":"outofstock","11":"taxable","12":"shipping-taxable","13":"purchasable","14":"product-type-simple"},"supplier_id":null,"supplier_sku":"","barcode":null,"atum_controlled":true,"out_stock_date":"2021-03-08 23:52:05","out_stock_threshold":null,"inheritable":false,"inbound_stock":0,"stock_on_hold":0,"sold_today":0,"sales_last_days":0,"reserved_stock":0,"customer_returns":0,"warehouse_damage":0,"lost_in_post":0,"other_logs":0,"out_stock_days":1786,"lost_sales":0,"has_location":false,"update_date":"2026-01-28T23:10:36","atum_locations":[],"atum_stock_status":"outofstock","restock_status":false,"low_stock_amount":"","sales_update_date":"2026-01-28T23:10:36","calc_backorders":null,"acf":{"publisher":{"ID":1454,"post_author":"1","post_date":"2021-02-17 01:11:34","post_date_gmt":"2021-02-16 23:11:34","post_content":"<!-- wp:flatsome\/uxbuilder -->\n<h1 style=\"text-align: center;\"><strong>Kim \u0110\u1ed3ng<\/strong><\/h1>\n[row]\n\n[col span=\"3\" span__sm=\"12\"]\n\n[ux_image id=\"1534\" image_size=\"medium\"]\n\n\n[\/col]\n[col span=\"9\" span__sm=\"12\"]\n\n<p>Nh\u00e0 xu\u1ea5t b\u1ea3n Kim \u0110\u1ed3ng tr\u1ef1c thu\u1ed9c Trung \u01b0\u01a1ng \u0110o\u00e0n TNCS H\u1ed3 Ch\u00ed Minh l\u00e0 Nh\u00e0 xu\u1ea5t b\u1ea3n t\u1ed5ng h\u1ee3p c\u00f3 ch\u1ee9c n\u0103ng xu\u1ea5t b\u1ea3n s\u00e1ch v\u00e0 v\u0103n h\u00f3a ph\u1ea9m ph\u1ee5c v\u1ee5 thi\u1ebfu nhi v\u00e0 c\u00e1c b\u1eadc ph\u1ee5 huynh trong c\u1ea3 n\u01b0\u1edbc, qu\u1ea3ng b\u00e1 v\u00e0 gi\u1edbi thi\u1ec7u v\u0103n h\u00f3a Vi\u1ec7t Nam ra th\u1ebf gi\u1edbi.<br \/>Nh\u00e0 xu\u1ea5t b\u1ea3n c\u00f3 nhi\u1ec7m v\u1ee5 t\u1ed5 ch\u1ee9c b\u1ea3n th\u1ea3o, bi\u00ean so\u1ea1n, bi\u00ean d\u1ecbch, xu\u1ea5t b\u1ea3n v\u00e0 ph\u00e1t h\u00e0nh c\u00e1c xu\u1ea5t b\u1ea3n ph\u1ea9m c\u00f3 n\u1ed9i dung: gi\u00e1o d\u1ee5c truy\u1ec1n th\u1ed1ng d\u00e2n t\u1ed9c, gi\u00e1o d\u1ee5c v\u1ec1 tri th\u1ee9c, ki\u1ebfn th\u1ee9c\u2026 tr\u00ean c\u00e1c l\u0129nh v\u1ef1c v\u0103n h\u1ecdc, ngh\u1ec7 thu\u1eadt, khoa h\u1ecdc k\u1ef9 thu\u1eadt nh\u1eb1m cung c\u1ea5p cho c\u00e1c em thi\u1ebfu nhi c\u0169ng nh\u01b0 c\u00e1c b\u1eadc ph\u1ee5 huynh c\u00e1c ki\u1ebfn th\u1ee9c c\u1ea7n thi\u1ebft trong cu\u1ed9c s\u1ed1ng, nh\u1eefng tinh hoa c\u1ee7a tri th\u1ee9c nh\u00e2n lo\u1ea1i nh\u1eb1m g\u00f3p ph\u1ea7n gi\u00e1o d\u1ee5c v\u00e0 h\u00ecnh th\u00e0nh nh\u00e2n c\u00e1ch th\u1ebf h\u1ec7 tr\u1ebb.<br \/>\u0110\u1ed1i t\u01b0\u1ee3ng ph\u1ee5c v\u1ee5 c\u1ee7a Nh\u00e0 xu\u1ea5t b\u1ea3n l\u00e0 c\u00e1c em t\u1eeb tu\u1ed5i nh\u00e0 tr\u1ebb m\u1eabu gi\u00e1o (1 \u0111\u1ebfn 5 tu\u1ed5i), nhi \u0111\u1ed3ng (6 \u0111\u1ebfn 9 tu\u1ed5i), thi\u1ebfu ni\u00ean (10 \u0111\u1ebfn 15 tu\u1ed5i) \u0111\u1ebfn c\u00e1c em tu\u1ed5i m\u1edbi l\u1edbn (16 \u0111\u1ebfn 18 tu\u1ed5i) v\u00e0 c\u00e1c b\u1eadc ph\u1ee5 huynh.<\/p>\n\n[\/col]\n\n[\/row]\n\n<!-- \/wp:flatsome\/uxbuilder -->","post_title":"Kim \u0110\u1ed3ng","post_excerpt":"","post_status":"publish","comment_status":"closed","ping_status":"closed","post_password":"","post_name":"kim-dong","to_ping":"","pinged":"","post_modified":"2021-02-17 01:31:56","post_modified_gmt":"2021-02-16 23:31:56","post_content_filtered":"","post_parent":0,"guid":"https:\/\/sachviet.eu\/nha-phat-hanh\/kim-dong\/","menu_order":0,"post_type":"publisher","post_mime_type":"","comment_count":"0","filter":"raw"}},"_links":{"self":[{"href":"https:\/\/sachviet.eu\/en\/wp-json\/wp\/v2\/product\/4983","targetHints":{"allow":["GET"]}}],"collection":[{"href":"https:\/\/sachviet.eu\/en\/wp-json\/wp\/v2\/product"}],"about":[{"href":"https:\/\/sachviet.eu\/en\/wp-json\/wp\/v2\/types\/product"}],"wp:featuredmedia":[{"embeddable":true,"href":"https:\/\/sachviet.eu\/en\/wp-json\/wp\/v2\/media\/4982"}],"wp:attachment":[{"href":"https:\/\/sachviet.eu\/en\/wp-json\/wp\/v2\/media?parent=4983"}],"wp:term":[{"taxonomy":"product_brand","embeddable":true,"href":"https:\/\/sachviet.eu\/en\/wp-json\/wp\/v2\/product_brand?post=4983"},{"taxonomy":"product_cat","embeddable":true,"href":"https:\/\/sachviet.eu\/en\/wp-json\/wp\/v2\/product_cat?post=4983"},{"taxonomy":"product_tag","embeddable":true,"href":"https:\/\/sachviet.eu\/en\/wp-json\/wp\/v2\/product_tag?post=4983"}],"curies":[{"name":"wp","href":"https:\/\/api.w.org\/{rel}","templated":true}]}}