{"id":4971,"date":"2021-03-09T01:51:40","date_gmt":"2021-03-08T23:51:40","guid":{"rendered":"https:\/\/sachviet.eu\/shop\/mamma-moo-va-chu-qua-rac-roi-nhanh-len-nao-mamma-moo\/"},"modified":"2024-08-19T11:24:53","modified_gmt":"2024-08-19T08:24:53","slug":"mamma-moo-va-chu-qua-rac-roi-nhanh-len-nao-mamma-moo","status":"publish","type":"product","link":"https:\/\/sachviet.eu\/en\/shop\/mamma-moo-va-chu-qua-rac-roi-nhanh-len-nao-mamma-moo\/","title":{"rendered":"Mamma Moo V\u00e0 Ch\u00fa Qu\u1ea1 R\u1eafc R\u1ed1i &#8211; Nhanh L\u00ean N\u00e0o, Mamma Moo!"},"content":{"rendered":"<p>M\u1ed9t ng\u00e0y h\u00e8 n\u00f3ng n\u1ef1c, Mamma Moo ngh\u1ecbch n\u01b0\u1edbc v\u00e0 b\u1eadp b\u00f5m k\u00e9o thuy\u1ec1n \u0111\u1ed3 ch\u01a1i. Ng\u01b0\u1eddi v\u00e0 v\u1eadt c\u0169ng ngh\u1ec9 ng\u01a1i th\u01b0 th\u00e1i. Ch\u1ec9 c\u00f3 Qu\u1ea1 kh\u00f4ng th\u00edch th\u1ebf. Qu\u1ea1 mu\u1ed1n nhanh, mu\u1ed1n t\u1ed1c \u0111\u1ed9, mu\u1ed1n s\u1ef1 ph\u1ea5n kh\u00edch. Ch\u00fa ta quy\u1ebft t\u00e2m l\u01b0\u1ee3m l\u1eb7t \u0111\u1ed3 ngh\u1ec1 l\u00e0m m\u1ed9t chi\u1ebfc thuy\u1ec1n \u0111ua.<br \/>\nLi\u1ec7u chi\u1ebfc thuy\u1ec1n c\u1ee7a Qu\u1ea1 c\u00f3 khu\u1ea5y \u0111\u1ed9ng \u0111\u01b0\u1ee3c ng\u00e0y h\u00e8 bu\u1ed3n ch\u00e1n? R\u1eafc r\u1ed1i n\u00e0o \u0111ang ch\u1edd \u0111\u1ee3i \u0111\u00f4i b\u1ea1n? Nhanh h\u01a1n c\u00f3 \u0111\u00fang l\u00e0 t\u1ed1t kh\u00f4ng?<br \/>\nC\u00f9ng \u0111\u1ecdc Nhanh l\u00ean n\u00e0o, Mamma Moo! \u0111\u1ec3 t\u00ecm hi\u1ec3u nh\u00e9.<\/p>\n","protected":false},"excerpt":{"rendered":"<p>M\u1ed9t ng\u00e0y h\u00e8 n\u00f3ng n\u1ef1c, Mamma Moo ngh\u1ecbch n\u01b0\u1edbc v\u00e0 b\u1eadp b\u00f5m k\u00e9o thuy\u1ec1n \u0111\u1ed3 ch\u01a1i. Ng\u01b0\u1eddi v\u00e0 v\u1eadt c\u0169ng ngh\u1ec9 ng\u01a1i th\u01b0 th\u00e1i. Ch\u1ec9 c\u00f3 Qu\u1ea1 kh\u00f4ng th\u00edch th\u1ebf. Qu\u1ea1 mu\u1ed1n nhanh, mu\u1ed1n t\u1ed1c \u0111\u1ed9, mu\u1ed1n s\u1ef1 ph\u1ea5n kh\u00edch. Ch\u00fa ta quy\u1ebft t\u00e2m l\u01b0\u1ee3m l\u1eb7t \u0111\u1ed3 ngh\u1ec1 l\u00e0m m\u1ed9t chi\u1ebfc thuy\u1ec1n \u0111ua.<br \/>\nLi\u1ec7u chi\u1ebfc thuy\u1ec1n c\u1ee7a Qu\u1ea1 c\u00f3 khu\u1ea5y \u0111\u1ed9ng \u0111\u01b0\u1ee3c ng\u00e0y h\u00e8 bu\u1ed3n ch\u00e1n? R\u1eafc r\u1ed1i n\u00e0o \u0111ang ch\u1edd \u0111\u1ee3i \u0111\u00f4i b\u1ea1n? Nhanh h\u01a1n c\u00f3 \u0111\u00fang l\u00e0 t\u1ed1t kh\u00f4ng?<br \/>\nC\u00f9ng \u0111\u1ecdc Nhanh l\u00ean n\u00e0o, Mamma Moo! \u0111\u1ec3 t\u00ecm hi\u1ec3u nh\u00e9.<\/p>\n","protected":false},"featured_media":4970,"template":"","meta":{"_acf_changed":false},"product_brand":[],"product_cat":[25,17],"product_tag":[],"class_list":{"0":"post-4971","1":"product","2":"type-product","3":"status-publish","4":"has-post-thumbnail","6":"product_cat-nhi-dong-6-tuoi-12-tuoi","7":"product_cat-sach-danh-cho-cac-be","9":"first","10":"outofstock","11":"taxable","12":"shipping-taxable","13":"purchasable","14":"product-type-simple"},"supplier_id":null,"supplier_sku":"","barcode":null,"atum_controlled":true,"out_stock_date":"2024-08-19 08:24:53","out_stock_threshold":null,"inheritable":false,"inbound_stock":0,"stock_on_hold":0,"sold_today":0,"sales_last_days":0,"reserved_stock":0,"customer_returns":0,"warehouse_damage":0,"lost_in_post":0,"other_logs":0,"out_stock_days":527,"lost_sales":0,"has_location":false,"update_date":"2026-01-28T23:11:22","atum_locations":[],"atum_stock_status":"outofstock","restock_status":false,"low_stock_amount":"","sales_update_date":"2026-01-28T23:11:22","calc_backorders":null,"acf":{"publisher":{"ID":1472,"post_author":"1","post_date":"2021-02-17 01:12:50","post_date_gmt":"2021-02-16 23:12:50","post_content":"","post_title":"Huy Ho\u00e0ng Bookstore","post_excerpt":"","post_status":"publish","comment_status":"closed","ping_status":"closed","post_password":"","post_name":"huy-hoang-bookstore","to_ping":"","pinged":"","post_modified":"2021-02-17 01:12:50","post_modified_gmt":"2021-02-16 23:12:50","post_content_filtered":"","post_parent":0,"guid":"https:\/\/sachviet.eu\/nha-phat-hanh\/huy-hoang-bookstore\/","menu_order":0,"post_type":"publisher","post_mime_type":"","comment_count":"0","filter":"raw"}},"_links":{"self":[{"href":"https:\/\/sachviet.eu\/en\/wp-json\/wp\/v2\/product\/4971","targetHints":{"allow":["GET"]}}],"collection":[{"href":"https:\/\/sachviet.eu\/en\/wp-json\/wp\/v2\/product"}],"about":[{"href":"https:\/\/sachviet.eu\/en\/wp-json\/wp\/v2\/types\/product"}],"wp:featuredmedia":[{"embeddable":true,"href":"https:\/\/sachviet.eu\/en\/wp-json\/wp\/v2\/media\/4970"}],"wp:attachment":[{"href":"https:\/\/sachviet.eu\/en\/wp-json\/wp\/v2\/media?parent=4971"}],"wp:term":[{"taxonomy":"product_brand","embeddable":true,"href":"https:\/\/sachviet.eu\/en\/wp-json\/wp\/v2\/product_brand?post=4971"},{"taxonomy":"product_cat","embeddable":true,"href":"https:\/\/sachviet.eu\/en\/wp-json\/wp\/v2\/product_cat?post=4971"},{"taxonomy":"product_tag","embeddable":true,"href":"https:\/\/sachviet.eu\/en\/wp-json\/wp\/v2\/product_tag?post=4971"}],"curies":[{"name":"wp","href":"https:\/\/api.w.org\/{rel}","templated":true}]}}