{"id":497,"date":"2021-02-13T02:00:22","date_gmt":"2021-02-13T00:00:22","guid":{"rendered":"https:\/\/sachviet.eu\/shop\/ehon-choi-cung-giri-chu-be-com-nam-tap-1-set-4-quyen\/"},"modified":"2025-03-19T16:03:51","modified_gmt":"2025-03-19T14:03:51","slug":"ehon-choi-cung-giri-chu-be-com-nam-tap-1-set-4-quyen","status":"publish","type":"product","link":"https:\/\/sachviet.eu\/en\/shop\/ehon-choi-cung-giri-chu-be-com-nam-tap-1-set-4-quyen\/","title":{"rendered":"Ehon Ch\u01a1i c\u00f9ng Giri: Ch\u00fa b\u00e9 c\u01a1m n\u1eafm (T\u1eadp 1) &#8211; set 4 quy\u1ec3n"},"content":{"rendered":"<p>\u1ede ph\u1ea7n m\u1ed9t n\u00e0y, b\u1ed9 s\u00e1ch \u201cCh\u01a1i c\u00f9ng Giri &#8211; ch\u00fa b\u00e9 c\u01a1m n\u1eafm\u201d mang \u0111\u1ebfn cho c\u00e1c b\u00e9 t\u1eeb 0 \u2013 6 tu\u1ed5i nh\u1eefng c\u00e2u chuy\u1ec7n \u0111\u01a1n gi\u1ea3n, b\u01b0\u1edbc \u0111\u1ea7u \u0111\u1ec3 con l\u00e0m quen v\u00e0 nh\u1eadn bi\u1ebft th\u1ebf gi\u1edbi. N\u1ed9i dung, b\u1ed1i c\u1ea3nh c\u00e2u chuy\u1ec7n bi\u1ebfn \u0111\u1ed5i linh ho\u1ea1t, mang \u0111\u1ebfn cho con th\u1eadt nhi\u1ec1u c\u01a1 h\u1ed9i h\u1ecdc h\u1ecfi nh\u1eefng \u0111i\u1ec1u m\u1edbi l\u1ea1 t\u1eeb trong c\u00e2u chuy\u1ec7n, t\u1eeb \u0111\u00f3 \u0111em \u0111\u1ebfn s\u1ef1 bi\u1ebfn \u0111\u1ed5i linh ho\u1ea1t v\u00e0 s\u00e1ng t\u1ea1o trong cu\u1ed9c s\u1ed1ng.<\/p>\n<p>Trong cu\u1ed1n ehon &#8220;Xe c\u1ee7a ai \u0111\u00e2y nh\u1ec9?&#8221;, con s\u1ebd \u0111\u01b0\u1ee3c kh\u00e1m ph\u00e1 v\u00e0 ghi nh\u1edb t\u00ean g\u1ecdi, \u0111\u1eb7c \u0111i\u1ec3m c\u1ee7a c\u00e1c lo\u1ea1i ph\u01b0\u01a1ng ti\u1ec7n giao th\u00f4ng th\u01b0\u1eddng g\u1eb7p. Chi\u1ebfc xe \u0111\u1ea1p c\u1ee7a gia \u0111\u00ecnh heo s\u1ebd c\u00f3 ba ch\u1ed7 ng\u1ed3i cho c\u1ea3 heo m\u1eb9, heo b\u1ed1 v\u00e0 heo con; chi\u1ebfc xe t\u1ea3i c\u1ee7a h\u01b0\u01a1u cao c\u1ed5 ph\u1ea3i c\u00f3 ph\u1ea7n th\u00e2n th\u1eadt cao; c\u00f2n hai chi\u1ebfc \u00f4 t\u00f4 con s\u1ebd l\u00e0 \u0111\u00f4i gi\u00e0y tr\u01b0\u1ee3t patanh c\u1ee7a b\u1ea1n voi \u0111\u1ea5y.T\u00f9y v\u00e0o m\u1ed7i tr\u01b0\u1eddng h\u1ee3p c\u1ee5 th\u1ec3, con bi\u1ebft xoay s\u1edf \u0111\u1ec3 c\u00e1c ph\u01b0\u01a1ng ti\u1ec7n giao th\u00f4ng \u0111\u00f3 ph\u00f9 h\u1ee3p nh\u1ea5t v\u1edbi m\u1ed7i b\u1ea1n con v\u1eadt. Th\u00f4ng qua cu\u1ed1n s\u00e1ch \u201cXe c\u1ee7a ai \u0111\u00e2y nh\u1ec9\u201d, t\u1eeb ch\u1ed7 ch\u01b0a bi\u1ebft \u0111\u1ebfn h\u00ecnh d\u1ea1ng c\u1ee7a c\u00e1c lo\u1ea1i ph\u01b0\u01a1ng ti\u1ec7n, c\u00e1c b\u00e9 s\u1ebd \u0111\u01b0\u1ee3c gi\u1edbi thi\u1ec7u h\u00ecnh d\u00e1ng c\u1ee7a ch\u00fang, bi\u1ebft t\u00ean g\u1ecdi c\u0169ng nh\u01b0 t\u00ecm hi\u1ec3u th\u00eam v\u1ec1 t\u00e1c d\u1ee5ng c\u1ee7a c\u00e1c lo\u1ea1i ph\u01b0\u01a1ng ti\u1ec7n \u0111\u00f3, v\u00ed d\u1ee5 nh\u01b0 xe \u0111\u1ea1p, xe \u00f4 t\u00f4 s\u1ebd \u0111\u01b0\u1ee3c di chuy\u1ec3n tr\u00ean \u0111\u01b0\u1eddng b\u1ed9, tr\u1ef1c th\u0103ng s\u1ebd xu\u1ea5t hi\u1ec7n tr\u00ean b\u1ea7u tr\u1eddi. V\u00ec th\u1ebf, b\u00e9 c\u00f3 th\u1ec3 x\u00e1c \u0111\u1ecbnh ch\u00ednh x\u00e1c \u0111\u01b0\u1ee3c \u1edf \u0111\u00e2u s\u1ebd c\u1ea7n di chuy\u1ec3n b\u1eb1ng ph\u01b0\u01a1ng ti\u1ec7n g\u00ec. Khi \u0111\u00f3, v\u00ed d\u1ee5 khi tham gia giao th\u00f4ng c\u00f9ng b\u1ed1 m\u1eb9, b\u00e9 s\u1ebd nh\u1eadn ra \u0111\u00e2u l\u00e0 xe \u0111\u1ea1p, \u0111\u00e2u l\u00e0 xe m\u00e1y, \u0111\u00e2u l\u00e0 \u00f4 t\u00f4,\u2026<\/p>\n<p>Cu\u1ed1n ehon &#8220;Kh\u00f4ng ph\u1ea3i tr\u00e1i c\u00e2y \u0111\u00e2u&#8221; g\u00e2y cho c\u00e1c b\u00e9 b\u1ea5t ng\u1edd th\u00fa v\u1ecb v\u00ec c\u00e1c lo\u1ea1i tr\u00e1i c\u00e2y ngo\u00e0i h\u00ecnh d\u1ea1ng th\u01b0\u1eddng th\u1ea5y, ch\u00fang c\u00f2n c\u00f3 th\u1ec3 \u201cbi\u1ebfn h\u00f3a\u201d th\u00e0nh c\u00e1c lo\u00e0i v\u1eadt \u0111\u00e1ng y\u00eau: qu\u1ea3 chu\u1ed1i l\u00e0 chi\u1ebfc m\u1ecf chim b\u1ed3 n\u00f4ng, qu\u1ea3 d\u01b0a h\u1ea5u ch\u00ednh l\u00e0 chi\u1ebfc mai r\u00f9a,\u2026 Ch\u1eafc ch\u1eafn r\u0103ng b\u00e9 s\u1ebd r\u1ea5t ng\u1ea1c nhi\u00ean v\u00e0 th\u00edch th\u00fa v\u1edbi nh\u1eefng \u0111i\u1ec1u m\u00e0 m\u00ecnh ti\u1ebfp nh\u1eadn \u0111\u01b0\u1ee3c sau khi \u0111\u01b0\u1ee3c \u0111\u1ecdc s\u00e1ch, xem tranh, t\u1eeb \u0111\u00f3 \u0111em \u0111\u1ebfn cho con nh\u1eefng \u201cm\u1ea7m non\u201d c\u1ee7a s\u1ef1 s\u00e1ng t\u1ea1o. Vi\u1ec7c c\u1ee7a b\u1ed1 m\u1eb9 th\u1eddi \u0111i\u1ec3m n\u00e0y l\u00e0 ph\u00e1t hi\u1ec7n v\u00e0 nu\u00f4i d\u01b0\u1ee1ng nh\u1eefng ti\u1ec1m n\u0103ng n\u00e0y \u0111\u1ec3 con l\u1edbn l\u00ean v\u1edbi nh\u1eefng kh\u1ea3 n\u0103ng s\u00e1ng t\u1ea1o v\u01b0\u1ee3t tr\u1ed9i, th\u1ec3 hi\u1ec7n s\u1ef1 th\u00f4ng minh \u0111\u00fang nh\u01b0 n\u0103ng l\u1ef1c b\u1ea3n th\u00e2n.<\/p>\n<p>V\u1edbi &#8220;C\u00f9ng \u0111\u1ed9i m\u0169 l\u00ean n\u00e0o&#8221;, ch\u00fa b\u00e9 Giri l\u1ea1i g\u00e2y \u1ea5n t\u01b0\u1ee3ng v\u1edbi m\u1eb9 v\u00e0 b\u00e9 b\u1edfi s\u1ef1 linh ho\u1ea1t trong quan s\u00e1t. C\u00f9ng v\u1edbi s\u1ef1 t\u01b0\u1edfng t\u01b0\u1ee3ng phong ph\u00fa c\u1ee7a m\u00ecnh, ch\u00fa b\u00e9 Giri \u0111\u00e3 bi\u1ebfn t\u1ea5t c\u1ea3 c\u00e1c \u0111\u1ed3 v\u1eadt t\u01b0\u1edfng ch\u1eebng nh\u01b0 kh\u00f4ng li\u00ean quan nh\u01b0 g\u0103ng tay, qu\u1ea7n, v\u00e1y hay t\u1ea5t \u0111\u1ec1u tr\u1edf th\u00e0nh chi\u1ebfc m\u0169 c\u1ee7a c\u00e1c b\u1ea1n \u0111\u1ed9ng v\u1eadt. M\u1ed7i b\u1ea1n l\u1ea1i c\u00f3 m\u1ed9t \u0111\u1eb7c \u0111i\u1ec3m ri\u00eang n\u00ean t\u1ea5t c\u1ea3 \u0111\u1ec1u c\u1ea7n \u0111\u1ebfn s\u1ef1 quan s\u00e1t tinh nh\u1ea1y c\u1ee7a Giri \u0111\u00f3. V\u00ed d\u1ee5 nh\u01b0 chi\u1ebfc g\u0103ng tay \u0111\u1ed9i l\u00ean \u0111\u1ea7u chim b\u1ed3 c\u00e2u th\u00ec s\u1ebd th\u00e0nh m\u0169, h\u01b0\u01a1u cao c\u1ed5 c\u00f3 hai s\u1eebng n\u00ean \u0111\u00f4i t\u1ea5t s\u1eafc m\u00e0u s\u1ebd r\u1ea5t ph\u00f9 h\u1ee3p \u0111\u1ec3 l\u00e0m m\u0169 cho b\u1ea1n \u1ea5y, v\u00e1y x\u00f2e l\u00e0 m\u0169 c\u1ee7a b\u1ea1n s\u01b0 t\u1eed c\u00f2n qu\u1ea7n d\u00e0i th\u00ec r\u1ea5t h\u1ee3p \u0111\u1ec3 l\u00e0m m\u0169 cho b\u1ea1n th\u1ecf tr\u1eafng. Ch\u1ec9 c\u1ea7n \u0111\u1ed9i l\u00ean, m\u1ecdi th\u1ee9 \u0111\u1ec1u c\u00f3 th\u1ec3 bi\u1ebfn th\u00e0nh chi\u1ebfc m\u0169 c\u1ef1c k\u1ef3 \u0111\u00e1ng y\u00eau r\u1ed3i. Nh\u1edd \u0111\u1eb7c \u0111i\u1ec3m ri\u00eang m\u00e0 c\u00e1c b\u1ea1n \u0111\u1ed9ng v\u1eadt l\u1ea1i \u0111\u1ed9i v\u1eeba nh\u1eefng chi\u1ebfc m\u0169 kh\u00e1c nhau m\u00e0 ch\u1ec9 c\u00e1c b\u1ea1n \u1ea5y m\u1edbi \u0111\u1ed9i v\u1eeba. S\u1ef1 so s\u00e1nh t\u01b0\u01a1ng \u0111\u1ed3ng s\u1ebd h\u00ecnh th\u00e0nh trong tr\u1ebb khi \u0111\u1ecdc cu\u1ed1n s\u00e1ch n\u00e0y \u0111\u1ea5y!<\/p>\n<p>Cu\u1ed1n &#8220;Qu\u1ea3 l\u00ea l\u00e0 nh\u00e0 c\u1ee7a t\u1edb&#8221; l\u1ea1i l\u00e0 m\u1ed9t c\u00e2u chuy\u1ec7n \u0111\u1ea7y t\u00ednh nh\u00e2n v\u0103n khi d\u1ea1y con b\u00e0i h\u1ecdc v\u1ec1 s\u1ef1 c\u1ea3m th\u00f4ng, chia s\u1ebb. C\u00e1c b\u1ea1n \u0111\u1ed9ng v\u1eadt trong c\u00e2u chuy\u1ec7n c\u00f9ng ch\u01a1i v\u1edbi nhau v\u00e0 c\u00f9ng \u0103n m\u1ed9t qu\u1ea3 l\u00ea r\u1ea5t vui. B\u1ea1n Giri c\u00f3 m\u1ed9t qu\u1ea3 l\u00ea v\u00e0ng t\u01b0\u01a1i, nh\u01b0ng gi\u1edd b\u1ea1n \u1ea5y ch\u01b0a \u0111\u00f3i n\u00ean t\u1ea1m \u0111\u1ec3 \u0111\u00e2y \u0111\u00e3. Th\u1ebf m\u00e0 ch\u1ec9 m\u1ed9t l\u00e1t sau, b\u1ea1n th\u1ecf, s\u01b0 t\u1eed r\u1ed3i c\u1ea3 \u1ebfch xanh v\u00e0 h\u00e0 m\u00e3 ti\u1ebfn \u0111\u1ebfn c\u1eafn m\u1ed7i ng\u01b0\u1eddi m\u1ed9t mi\u1ebfng, ch\u1eb3ng m\u1ea5y ch\u1ed1c m\u00e0 qu\u1ea3 l\u00ea ch\u1ec9 c\u00f2n m\u1ed1i chi\u1ebfc l\u00f5i. L\u00fac n\u00e0y, b\u1ea1n s\u00e2u m\u1edbi xu\u1ea5t hi\u1ec7n v\u1edbi d\u00f2ng n\u01b0\u1edbc m\u1eaft r\u01b0ng r\u01b0ng v\u00ec ng\u00f4i nh\u00e0 qu\u1ea3 l\u00ea c\u1ee7a b\u1ea1n \u1ea5y \u0111\u00e3 bi\u1ebfn m\u1ea5t r\u1ed3i. C\u00e1c b\u1ea1n ai c\u0169ng bu\u1ed3n v\u00ec s\u00e2u kh\u00f4ng c\u00f2n n\u01a1i \u0111\u1ec3 tr\u00fa ng\u1ee5, nh\u01b0ng c\u0169ng \u0111\u00e3 th\u1eadt nhanh tr\u00ed khi tr\u00e8o l\u00ean l\u01b0ng h\u00e0 m\u00e3 \u0111\u1ec3 \u0111i t\u00ecm nh\u00e0 m\u1edbi cho b\u1ea1n s\u00e2u. Kh\u00f4ng ch\u1ec9 ch\u01a1i c\u00f9ng nhau th\u1eadt vui, c\u00e1c b\u1ea1n \u0111\u1ed9ng v\u1eadt v\u00e0 Giri c\u00f2n r\u1ea5t t\u1ed1t b\u1ee5ng v\u00e0 \u0111o\u00e0n k\u1ebft ph\u1ea3i kh\u00f4ng n\u00e0o?<\/p>\n<p>C\u00e1c c\u00e2u chuy\u1ec7n trong b\u1ed9 s\u00e1ch \u201cCh\u01a1i d\u00f9ng Giri \u2013 Ch\u00fa b\u00e9 c\u01a1m n\u1eafm\u201d \u0111em \u0111\u1ebfn cho con b\u00e0i h\u1ecdc v\u1ec1 s\u1ef1 \u0111o\u00e0n k\u1ebft, t\u01b0\u01a1ng tr\u1ee3 l\u1eabn nhau. R\u1ea5t \u0111\u1eb7c bi\u1ec7t, trong c\u00e2u chuy\u1ec7n n\u00e0y, c\u1eadu b\u00e9 c\u01a1m n\u1eafm Giri \u0111\u00f3ng vai tr\u00f2 l\u00e0 ng\u01b0\u1eddi d\u1eabn chuy\u1ec7n, c\u00f9ng con tham gia v\u00e0o nh\u1eefng ho\u1ea1t \u0111\u1ed9ng kh\u00f4ng ch\u1ec9 l\u00e0 vui ch\u01a1i b\u1ed5 \u00edch m\u00e0 c\u00f2n khi\u1ebfn cho con h\u1ecdc th\u00eam \u0111\u01b0\u1ee3c nhi\u1ec1u \u0111i\u1ec1u th\u00fa v\u1ecb t\u1eeb th\u1ebf gi\u1edbi xung quanh.  <div class=\"banner-grid-wrapper\">\n  <div id=\"banner-grid-654711592\" class=\"banner-grid row row-grid row-small\" data-packery-options=\"\">\n                      <div class=\"col grid-col large-12 grid-col-1\" ><div class=\"col-inner\">\t<div class=\"img has-hover x md-x lg-x y md-y lg-y\" id=\"image_1184877107\">\n\t\t\t\t\t\t\t\t<div class=\"img-inner dark\" >\n\t\t\t<img loading=\"lazy\" decoding=\"async\" width=\"1020\" height=\"720\" src=\"https:\/\/sachviet.eu\/wp-content\/uploads\/2021\/02\/80AFB177-F285-4589-919A-47756385C56E-1024x723.jpg\" class=\"attachment-large size-large\" alt=\"\" srcset=\"https:\/\/sachviet.eu\/wp-content\/uploads\/2021\/02\/80AFB177-F285-4589-919A-47756385C56E-1024x723.jpg 1024w, https:\/\/sachviet.eu\/wp-content\/uploads\/2021\/02\/80AFB177-F285-4589-919A-47756385C56E-300x212.jpg 300w, https:\/\/sachviet.eu\/wp-content\/uploads\/2021\/02\/80AFB177-F285-4589-919A-47756385C56E-768x542.jpg 768w, https:\/\/sachviet.eu\/wp-content\/uploads\/2021\/02\/80AFB177-F285-4589-919A-47756385C56E-1536x1085.jpg 1536w, https:\/\/sachviet.eu\/wp-content\/uploads\/2021\/02\/80AFB177-F285-4589-919A-47756385C56E-600x424.jpg 600w, https:\/\/sachviet.eu\/wp-content\/uploads\/2021\/02\/80AFB177-F285-4589-919A-47756385C56E.jpg 1600w\" sizes=\"auto, (max-width: 1020px) 100vw, 1020px\" \/>\t\t\t\t\t\t\n\t\t\t\t\t<\/div>\n\t\t\t\t\t\t\t\t\n<style>\n#image_1184877107 {\n  width: 100%;\n}\n<\/style>\n\t<\/div>\n\t<\/div><\/div>            <\/div>\n    <style>\n    #banner-grid-654711592 .grid-col-1{height: 600px}\n    #banner-grid-654711592 .grid-col-1-2{height: 300px}\n    #banner-grid-654711592 .grid-col-1-3{height:200px}\n    #banner-grid-654711592 .grid-col-2-3{height: 400px}\n    #banner-grid-654711592 .grid-col-1-4{height: 150px}\n    #banner-grid-654711592 .grid-col-3-4{height: 450px}\n\n\n    \n    \n\n  <\/style>\n    <\/div>\n  \n","protected":false},"excerpt":{"rendered":"<p>Kh\u00f4ng ch\u1ec9 l\u00e0 ch\u01a1i, ch\u00fa b\u00e9 Giri trong b\u1ed9 s\u00e1ch \u201cCh\u01a1i c\u00f9ng Giri \u2013 Ch\u00fa b\u00e9 c\u01a1m n\u1eafm\u201d d\u1eabn d\u1ee5 b\u00e9 y\u00eau v\u00e0o trong th\u1ebf gi\u1edbi ng\u1eadp tr\u00e0n s\u1eafc m\u00e0u, \u0111\u01b0a b\u00e9 \u0111\u1ebfn \u0111\u1ec3 th\u01b0\u1edfng th\u1ee9c, vui \u0111\u00f9a th\u1ecfa th\u00edch v\u00e0 th\u1ea3 bay tr\u00ed t\u01b0\u1edfng t\u01b0\u1ee3ng v\u00e0o nh\u1eefng tr\u00f2 ch\u01a1i \u1ea5y. B\u1eb1ng vi\u1ec7c \u0111\u00f3, con s\u1ebd \u0111\u01b0\u1ee3c t\u1eadn h\u01b0\u1edfng th\u1eadt nhi\u1ec1u nh\u1eefng \u0111i\u1ec1u vui, nh\u1eefng \u0111i\u1ec1u th\u00fa v\u1ecb, gi\u00fap con m\u1edf mang tri th\u1ee9c l\u00ean m\u1ed9t n\u1ea5c m\u1edbi \u2013 n\u1ea5c thang c\u1ee7a s\u00e1ng t\u1ea1o.<\/p>\n<p>B\u1ed9 Ehon \u201cCh\u01a1i c\u00f9ng Giri &#8211; Ch\u00fa b\u00e9 c\u01a1m n\u1eafm\u201d ph\u1ea7n 1 bao g\u1ed3m 4 t\u1ef1a s\u00e1ch mang t\u00ean: Xe c\u1ee7a ai \u0111\u00e2y nh\u1ec9, Qu\u1ea3 l\u00ea l\u00e0 nh\u00e0 c\u1ee7a t\u1edb, C\u00f9ng \u0111\u1ed9i m\u0169 l\u00ean n\u00e0o, Kh\u00f4ng ph\u1ea3i tr\u00e1i c\u00e2y \u0111\u00e2u. V\u1edbi nh\u1eefng m\u1ea9u chuy\u1ec7n nh\u1ecf xoay quanh cu\u1ed9c s\u1ed1ng c\u1ee7a b\u1ea1n Giri, c\u00e1c b\u00e9 s\u1ebd \u0111\u01b0\u1ee3c t\u00ecm hi\u1ec3u v\u1ec1 m\u1ed9t th\u1ebf gi\u1edbi nhi\u1ec1u m\u00e0u s\u1eafc d\u01b0\u1edbi g\u00f3c nh\u00ecn c\u1ee7a ch\u00fa b\u00e9 c\u01a1m n\u1eafm n\u00e0y. S\u1ef1 h\u1ed3n nhi\u00ean, s\u00e1ng t\u1ea1o v\u00e0 ham h\u1ecdc h\u1ecfi c\u1ee7a Giri \u0111\u00e3 khi\u1ebfn c\u00e1c b\u00e9 c\u00f3 nh\u1eefng tr\u1ea3i nghi\u1ec7m th\u1eadt th\u00fa v\u1ecb, g\u00f3p ph\u1ea7n t\u1ea1o n\u00ean t\u00ednh c\u00e1ch cho b\u00e9 ngay t\u1eeb khi c\u00f2n nh\u1ecf.<\/p>\n<p>Ch\u00fa b\u00e9 c\u01a1m n\u1eafm Giri r\u1ea5t th\u00e2n thi\u1ec7n v\u1edbi c\u00e1c b\u1ea1n nh\u1ecf, v\u00e0 b\u1ea1n \u1ea5y s\u1eb5n s\u00e0ng \u0111\u00f3n ch\u1edd c\u00e1c b\u00e9 \u0111\u1ebfn v\u1edbi th\u1ebf gi\u1edbi c\u1ee7a b\u1ea1n \u1ea5y. N\u00e0o, h\u00e3y c\u00f9ng b\u1eaft \u0111\u1ea7u h\u00e0nh tr\u00ecnh kh\u00e1m ph\u00e1 th\u1ebf gi\u1edbi c\u00f9ng Giri th\u00f4i.<\/p>\n","protected":false},"featured_media":488,"template":"","meta":{"_acf_changed":false},"product_brand":[],"product_cat":[24,17],"product_tag":[],"class_list":{"0":"post-497","1":"product","2":"type-product","3":"status-publish","4":"has-post-thumbnail","6":"product_cat-nha-tre-mau-giao-0-tuoi-6-tuoi","7":"product_cat-sach-danh-cho-cac-be","9":"first","10":"instock","11":"taxable","12":"shipping-taxable","13":"purchasable","14":"product-type-simple"},"supplier_id":null,"supplier_sku":"","barcode":null,"atum_controlled":true,"out_stock_date":null,"out_stock_threshold":null,"inheritable":false,"inbound_stock":0,"stock_on_hold":0,"sold_today":0,"sales_last_days":0,"reserved_stock":0,"customer_returns":0,"warehouse_damage":0,"lost_in_post":0,"other_logs":0,"out_stock_days":0,"lost_sales":0,"has_location":false,"update_date":"2026-01-28T23:11:28","atum_locations":[],"atum_stock_status":"instock","restock_status":false,"low_stock_amount":"","sales_update_date":"2026-01-28T23:11:27","calc_backorders":null,"acf":{"publisher":{"ID":1420,"post_author":"1","post_date":"2021-02-16 23:03:17","post_date_gmt":"2021-02-16 21:03:17","post_content":"<!-- wp:flatsome\/uxbuilder -->\n<h1 style=\"text-align: center\"><strong>WABOOKS<\/strong><\/h1>\n[ux_image id=\"1430\"]\n\n[gap]\n\n<p style=\"text-align: left\">Wabooks l\u00e0 c\u00f4ng ty s\u00e1ch ho\u1ea1t \u0111\u1ed9ng chuy\u00ean nghi\u1ec7p trong l\u0129nh v\u1ef1c xu\u1ea5t b\u1ea3n s\u00e1ch. Ph\u1ea7n l\u1edbn ngu\u1ed3n l\u1ef1c c\u1ee7a c\u00f4ng ty \u0111\u1ea7u t\u01b0 v\u00e0o nghi\u00ean c\u1ee9u, mua b\u1ea3n quy\u1ec1n, d\u1ecbch v\u00e0 xu\u1ea5t b\u1ea3n c\u00e1c \u1ea5n ph\u1ea9m v\u0103n h\u00f3a, tri th\u1ee9c c\u1ee7a Nh\u1eadt B\u1ea3n t\u1ea1i Vi\u1ec7t Nam. Wabooks lu\u00f4n kh\u00f4ng ng\u1eebng n\u1ed7 l\u1ef1c mang \u0111\u1ebfn nh\u1eefng s\u1ea3n ph\u1ea9m c\u00f3 ch\u1ea5t l\u01b0\u1ee3ng v\u00e0 d\u1ecbch v\u1ee5 ho\u00e0n h\u1ea3o, mang \u0111\u1ebfn s\u1ef1 h\u00e0i l\u00f2ng cho kh\u00e1ch h\u00e0ng c\u0169ng nh\u01b0 \u0111\u00f3ng g\u00f3p cho \u0111\u1ea5t n\u01b0\u1edbc t\u1ed1t \u0111\u1eb9p h\u01a1n th\u00f4ng qua nh\u1eefng gi\u00e1 tr\u1ecb m\u00e0 c\u00f4ng ty \u0111ang kh\u00f4ng ng\u1eebng theo \u0111u\u1ed5i.<\/p>\n[row]\n\n[col span=\"6\" span__sm=\"12\"]\n\n[ux_image id=\"2068\"]\n\n\n[\/col]\n[col span=\"6\" span__sm=\"12\"]\n\n<p>Anh Goto Daishi th\u00ec tin r\u1eb1ng ch\u1ec9 c\u00f3 s\u00e1ch m\u1edbi khi\u1ebfn con ng\u01b0\u1eddi ta tr\u1edf n\u00ean v\u0103n minh v\u00e0 ti\u1ebfn b\u1ed9, c\u00f2n anh Nguy\u1ec5n Tu\u1ea5n Anh th\u00ec cho r\u1eb1ng ch\u00fang ta ph\u1ea3i mang s\u00e1ch \u0111\u1ebfn n\u01a1i m\u00e0 ng\u01b0\u1eddi ta th\u1ef1c s\u1ef1 c\u1ea7n, chia s\u1ebb nh\u1eefng gi\u00e1 tr\u1ecb m\u00e0 ng\u01b0\u1eddi kh\u00e1c \u0111ang thi\u1ebfu, \u0111\u00f3 l\u00e0 c\u00e1ch \u0111\u1ec3 ch\u00fang ta ho\u00e0n thi\u1ec7n con ng\u01b0\u1eddi v\u00e0 g\u00f3p ph\u1ea7n l\u00e0m cho x\u00e3 h\u1ed9i ho\u00e0n thi\u1ec7n h\u01a1n.\u00a0<\/p>\n<p>May m\u1eafn r\u1eb1ng<strong> SACHVIET.EU\u00a0<\/strong>\u0111\u00e3 c\u00f3 c\u01a1 h\u1ed9i \u0111\u01b0\u1ee3c anh Nguy\u1ec5n Tu\u1ea5n Anh h\u1ee3p t\u00e1c gi\u00fap \u0111\u1ee1 h\u1ebft m\u00ecnh \u0111\u1ec3 The Stations c\u00f3 th\u1ec3 d\u1ec5 d\u00e0ng \u0111\u01b0a nh\u1eefng cu\u1ed1n s\u00e1ch ehon sang ph\u1ee5c v\u1ee5 nhu c\u1ea7u c\u1ee7a ng\u01b0\u1eddi Vi\u1ec7t t\u1ea1i Ch\u00e2u \u00c2u. V\u00e0 kh\u00f4ng g\u00ec vui m\u1eebng h\u01a1n l\u00e0 nh\u1eefng b\u1ea1n \u0111\u1ed9c gi\u1ea3 nh\u00ed c\u00f3 th\u1ec3 ti\u1ebfp c\u1eadn v\u00e0 c\u1ea7m tr\u00ean tay nh\u1eefng cu\u1ed1n s\u00e1ch ch\u1ea5t l\u01b0\u1ee3ng \u0111\u01b0\u1ee3c \u0111\u1ea7u t\u01b0 t\u1ec9 m\u1ec9, k\u1ef9 c\u00e0ng ch\u1ec9n chu v\u1ec1 c\u1ea3 n\u1ed9i dung l\u1eabn h\u00ecnh th\u1ee9c b\u1eb1ng ti\u1ebfng Vi\u1ec7t.<\/p>\n<p><strong>SACHVIET.EU<\/strong> lu\u00f4n tin t\u01b0\u1edfng r\u1eb1ng ng\u00f4n ng\u1eef m\u1eb9 \u0111\u1ebb lu\u00f4n l\u00e0 th\u1ee9 ng\u00f4n ng\u1eef thi\u00eang li\u00eang nh\u1ea5t v\u00e0 lu\u00f4n mong mu\u1ed1n c\u00e1c \u0111\u1ed9c gi\u1ea3 Vi\u1ec7t c\u00f3 c\u01a1 h\u1ed9i \u0111\u01b0\u1ee3c s\u1edf h\u1eefu nh\u1eefng cu\u1ed1n s\u00e1ch b\u1ea3n quy\u1ec1n \u0111\u1ea7y ch\u1ea5t l\u01b0\u1ee3ng b\u00e1n s\u1eb5n t\u1ea1i Ch\u00e2u \u00c2u<\/p>\n<p>\u00a0<\/p>\n\n[\/col]\n\n[\/row]\n\n<!-- \/wp:flatsome\/uxbuilder -->","post_title":"Wabooks","post_excerpt":"","post_status":"publish","comment_status":"closed","ping_status":"closed","post_password":"","post_name":"wabooks","to_ping":"","pinged":"","post_modified":"2022-12-19 22:37:02","post_modified_gmt":"2022-12-19 20:37:02","post_content_filtered":"","post_parent":0,"guid":"https:\/\/sachviet.eu\/?post_type=publisher&#038;p=1420","menu_order":0,"post_type":"publisher","post_mime_type":"","comment_count":"0","filter":"raw"}},"_links":{"self":[{"href":"https:\/\/sachviet.eu\/en\/wp-json\/wp\/v2\/product\/497","targetHints":{"allow":["GET"]}}],"collection":[{"href":"https:\/\/sachviet.eu\/en\/wp-json\/wp\/v2\/product"}],"about":[{"href":"https:\/\/sachviet.eu\/en\/wp-json\/wp\/v2\/types\/product"}],"wp:featuredmedia":[{"embeddable":true,"href":"https:\/\/sachviet.eu\/en\/wp-json\/wp\/v2\/media\/488"}],"wp:attachment":[{"href":"https:\/\/sachviet.eu\/en\/wp-json\/wp\/v2\/media?parent=497"}],"wp:term":[{"taxonomy":"product_brand","embeddable":true,"href":"https:\/\/sachviet.eu\/en\/wp-json\/wp\/v2\/product_brand?post=497"},{"taxonomy":"product_cat","embeddable":true,"href":"https:\/\/sachviet.eu\/en\/wp-json\/wp\/v2\/product_cat?post=497"},{"taxonomy":"product_tag","embeddable":true,"href":"https:\/\/sachviet.eu\/en\/wp-json\/wp\/v2\/product_tag?post=497"}],"curies":[{"name":"wp","href":"https:\/\/api.w.org\/{rel}","templated":true}]}}