{"id":4967,"date":"2021-03-09T01:51:34","date_gmt":"2021-03-08T23:51:34","guid":{"rendered":"https:\/\/sachviet.eu\/shop\/mamma-moo-va-chu-qua-rac-roi-mamma-moo-bi-thuong\/"},"modified":"2024-08-19T11:24:53","modified_gmt":"2024-08-19T08:24:53","slug":"mamma-moo-va-chu-qua-rac-roi-mamma-moo-bi-thuong","status":"publish","type":"product","link":"https:\/\/sachviet.eu\/en\/shop\/mamma-moo-va-chu-qua-rac-roi-mamma-moo-bi-thuong\/","title":{"rendered":"Mamma Moo V\u00e0 Ch\u00fa Qu\u1ea1 R\u1eafc R\u1ed1i &#8211; Mamma Moo B\u1ecb Th\u01b0\u01a1ng"},"content":{"rendered":"<p>Mamma Moo tr\u01b0\u1ee3t ng\u00e3 b\u1ecb th\u01b0\u01a1ng, tr\u00e1n u l\u00ean m\u1ed9t c\u1ee5c b\u1ef1 b\u1eb1ng qu\u1ea3 \u1ed5i. \u0110au qu\u00e1 l\u00e0 \u0111au, c\u00f4 b\u00f2 \u1ec9 \u00f4i v\u1edbi Qu\u1ea1, nh\u1edd b\u1ea1n t\u00ecm \u0111\u00e1 l\u1ea1nh v\u1ec1 ch\u01b0\u1eddm v\u1ebft th\u01b0\u01a1ng cho m\u00ecnh. B\u1eadn b\u1ecbu l\u1eafm nh\u01b0ng Qu\u1ea1 ta c\u0169ng mi\u1ec5n c\u01b0\u1ee1ng bay \u0111i t\u00ecm th\u1eed. Ch\u1eb3ng m\u1ea5y ch\u1ed1c, Qu\u1ea1 tr\u1edf v\u1ec1 chu\u1ed3ng b\u00f2, than \u0111au b\u1ee5ng v\u00e0 \u1ee3 r\u00f5 to.<br \/>\nCh\u1eebng nh\u01b0 \u0111\u00e3 c\u00f3 chuy\u1ec7n g\u00ec x\u1ea3y ra trong l\u00fac t\u00ecm ki\u1ebfm m\u00e0 Qu\u1ea1 mu\u1ed1n gi\u1ea5y Mamma Moo th\u00ec ph\u1ea3i? CHi\u1ebfn l\u1ee3i ph\u1ea9m n\u00e0o \u0111\u00e3 bi\u1ebfn m\u1eb7t Mamma Moo ra xanh r\u00ec v\u00e0 l\u00e0m b\u1ee5ng Qu\u1ea1 l\u1ea1nh c\u00f3ng th\u1ebf?<br \/>\nH\u00e3y c\u00f9ng \u0111\u1ecdc Mamma Moo b\u1ecb th\u01b0\u01a1ng \u0111\u1ec3 kh\u00e1m ph\u00e1 nh\u00e9!<\/p>\n","protected":false},"excerpt":{"rendered":"<p>Mamma Moo tr\u01b0\u1ee3t ng\u00e3 b\u1ecb th\u01b0\u01a1ng, tr\u00e1n u l\u00ean m\u1ed9t c\u1ee5c b\u1ef1 b\u1eb1ng qu\u1ea3 \u1ed5i. \u0110au qu\u00e1 l\u00e0 \u0111au, c\u00f4 b\u00f2 \u1ec9 \u00f4i v\u1edbi Qu\u1ea1, nh\u1edd b\u1ea1n t\u00ecm \u0111\u00e1 l\u1ea1nh v\u1ec1 ch\u01b0\u1eddm v\u1ebft th\u01b0\u01a1ng cho m\u00ecnh. B\u1eadn b\u1ecbu l\u1eafm nh\u01b0ng Qu\u1ea1 ta c\u0169ng mi\u1ec5n c\u01b0\u1ee1ng bay \u0111i t\u00ecm th\u1eed. Ch\u1eb3ng m\u1ea5y ch\u1ed1c, Qu\u1ea1 tr\u1edf v\u1ec1 chu\u1ed3ng b\u00f2, than \u0111au b\u1ee5ng v\u00e0 \u1ee3 r\u00f5 to.<br \/>\nCh\u1eebng nh\u01b0 \u0111\u00e3 c\u00f3 chuy\u1ec7n g\u00ec x\u1ea3y ra trong l\u00fac t\u00ecm ki\u1ebfm m\u00e0 Qu\u1ea1 mu\u1ed1n gi\u1ea5y Mamma Moo th\u00ec ph\u1ea3i? CHi\u1ebfn l\u1ee3i ph\u1ea9m n\u00e0o \u0111\u00e3 bi\u1ebfn m\u1eb7t Mamma Moo ra xanh r\u00ec v\u00e0 l\u00e0m b\u1ee5ng Qu\u1ea1 l\u1ea1nh c\u00f3ng th\u1ebf?<br \/>\nH\u00e3y c\u00f9ng \u0111\u1ecdc Mamma Moo b\u1ecb th\u01b0\u01a1ng \u0111\u1ec3 kh\u00e1m ph\u00e1 nh\u00e9!<\/p>\n","protected":false},"featured_media":4966,"template":"","meta":{"_acf_changed":false},"product_brand":[],"product_cat":[25,17],"product_tag":[],"class_list":{"0":"post-4967","1":"product","2":"type-product","3":"status-publish","4":"has-post-thumbnail","6":"product_cat-nhi-dong-6-tuoi-12-tuoi","7":"product_cat-sach-danh-cho-cac-be","9":"first","10":"outofstock","11":"taxable","12":"shipping-taxable","13":"purchasable","14":"product-type-simple"},"supplier_id":null,"supplier_sku":"","barcode":null,"atum_controlled":true,"out_stock_date":"2024-08-19 08:24:53","out_stock_threshold":null,"inheritable":false,"inbound_stock":0,"stock_on_hold":0,"sold_today":0,"sales_last_days":0,"reserved_stock":0,"customer_returns":0,"warehouse_damage":0,"lost_in_post":0,"other_logs":0,"out_stock_days":527,"lost_sales":0,"has_location":false,"update_date":"2026-01-28T23:11:22","atum_locations":[],"atum_stock_status":"outofstock","restock_status":false,"low_stock_amount":"","sales_update_date":"2026-01-28T23:11:22","calc_backorders":null,"acf":{"publisher":{"ID":1472,"post_author":"1","post_date":"2021-02-17 01:12:50","post_date_gmt":"2021-02-16 23:12:50","post_content":"","post_title":"Huy Ho\u00e0ng Bookstore","post_excerpt":"","post_status":"publish","comment_status":"closed","ping_status":"closed","post_password":"","post_name":"huy-hoang-bookstore","to_ping":"","pinged":"","post_modified":"2021-02-17 01:12:50","post_modified_gmt":"2021-02-16 23:12:50","post_content_filtered":"","post_parent":0,"guid":"https:\/\/sachviet.eu\/nha-phat-hanh\/huy-hoang-bookstore\/","menu_order":0,"post_type":"publisher","post_mime_type":"","comment_count":"0","filter":"raw"}},"_links":{"self":[{"href":"https:\/\/sachviet.eu\/en\/wp-json\/wp\/v2\/product\/4967","targetHints":{"allow":["GET"]}}],"collection":[{"href":"https:\/\/sachviet.eu\/en\/wp-json\/wp\/v2\/product"}],"about":[{"href":"https:\/\/sachviet.eu\/en\/wp-json\/wp\/v2\/types\/product"}],"wp:featuredmedia":[{"embeddable":true,"href":"https:\/\/sachviet.eu\/en\/wp-json\/wp\/v2\/media\/4966"}],"wp:attachment":[{"href":"https:\/\/sachviet.eu\/en\/wp-json\/wp\/v2\/media?parent=4967"}],"wp:term":[{"taxonomy":"product_brand","embeddable":true,"href":"https:\/\/sachviet.eu\/en\/wp-json\/wp\/v2\/product_brand?post=4967"},{"taxonomy":"product_cat","embeddable":true,"href":"https:\/\/sachviet.eu\/en\/wp-json\/wp\/v2\/product_cat?post=4967"},{"taxonomy":"product_tag","embeddable":true,"href":"https:\/\/sachviet.eu\/en\/wp-json\/wp\/v2\/product_tag?post=4967"}],"curies":[{"name":"wp","href":"https:\/\/api.w.org\/{rel}","templated":true}]}}