{"id":4963,"date":"2021-03-09T01:51:27","date_gmt":"2021-03-08T23:51:27","guid":{"rendered":"https:\/\/sachviet.eu\/shop\/khong-gia-dinh\/"},"modified":"2021-05-18T00:20:59","modified_gmt":"2021-05-17T21:20:59","slug":"khong-gia-dinh","status":"publish","type":"product","link":"https:\/\/sachviet.eu\/en\/shop\/khong-gia-dinh\/","title":{"rendered":"Kh\u00f4ng gia \u0111\u00ecnh"},"content":{"rendered":"<p>Kh\u00f4ng gia \u0111\u00ecnh l\u00e0 ki\u1ec7t t\u00e1c n\u1ed5i ti\u1ebfng nh\u1ea5t c\u1ee7a v\u0103n h\u00e0o Ph\u00e1p Hector Malot. T\u00e1c ph\u1ea9m \u0111\u00e3 \u0111\u01b0\u1ee3c gi\u1ea3i th\u01b0\u1edfng c\u1ee7a Vi\u1ec7n H\u00e0n l\u00e2m V\u0103n h\u1ecdc Ph\u00e1p, \u0111\u01b0\u1ee3c d\u1ecbch ra nhi\u1ec1u th\u1ee9 ti\u1ebfng, nhi\u1ec1u l\u1ea7n \u0111\u01b0\u1ee3c d\u1ef1ng th\u00e0nh phim.<\/p>\n<p>Truy\u1ec7n k\u1ec3 v\u1ec1 R\u00e9mi, m\u1ed9t em b\u00e9 kh\u00f4ng cha kh\u00f4ng m\u1eb9, kh\u00f4ng h\u1ecd h\u00e0ng th\u00e2n th\u00edch. Trong khi nh\u1eefng em b\u00e9 tr\u1ea1c tu\u1ed5i em \u0111\u01b0\u1ee3c \u0103n no ng\u1ee7 k\u0129, y\u00ean \u1ea5m trong v\u00f2ng tay m\u1eb9 th\u00ec R\u00e9mi \u0111\u00e3 ph\u1ea3i l\u01b0u l\u1ea1c kh\u1eafp n\u01b0\u1edbc Ph\u00e1p c\u00f9ng ch\u1ee7 g\u00e1nh xi\u1ebfc th\u00fa l\u00e0 c\u1ee5 Vitalis t\u1ed1t b\u1ee5ng. Em lu\u00f4n kh\u00e1t khao \u0111\u01b0\u1ee3c y\u00eau th\u01b0\u01a1ng, ch\u1ec9 m\u1ed9t c\u1eed ch\u1ec9 quan t\u00e2m c\u0169ng khi\u1ebfn em h\u1ea1nh ph\u00fac, ghi nh\u1edb su\u1ed1t nhi\u1ec1u n\u0103m.<\/p>\n<p>Nh\u01b0ng r\u1ed3i khi c\u1ee5 Vitalis ch\u1ebft v\u00ec \u0111\u00f3i r\u00e9t, R\u00e9mi kh\u00f4ng c\u00f2n n\u01a1i n\u01b0\u01a1ng t\u1ef1a, \u0111\u00e0nh lang thang t\u1ef1 m\u00ecnh ki\u1ebfm s\u1ed1ng. Nhi\u1ec1u l\u00fac em ph\u1ea3i \u0111\u00e1nh \u0111\u00e0n, ca h\u00e1t trong khi m\u1ea5y ng\u00e0y ch\u01b0a c\u00f3 g\u00ec b\u1ecf b\u1ee5ng. C\u00f3 l\u00fac em b\u1ecb l\u1ee5t ch\u00f4n trong gi\u1ebfng m\u1ecf m\u01b0\u1eddi m\u1ea5y ng\u00e0y \u0111\u00eam, l\u00fac kh\u00e1c l\u1ea1i b\u1ecb m\u1eafc oan v\u00e0 ph\u1ea3i \u1edf t\u00f9. \u0110\u00e3 bao l\u1ea7n R\u00e9mi t\u01b0\u1edfng \u0111\u00e3 \u0111\u01b0\u1ee3c y\u00ean \u1ed5n, h\u1ea1nh ph\u00fac, nh\u01b0ng r\u1ed3i nh\u1eefng ng\u01b0\u1eddi t\u1ed1t b\u1ee5ng quanh em l\u1ea1i l\u1ea7n l\u01b0\u1ee3t ph\u1ea3i r\u1eddi xa, b\u1ecf l\u1ea1i em m\u1ed9t m\u00ecnh b\u01a1 v\u01a1 gi\u1eefa d\u00f2ng \u0111\u1eddi nghi\u1ec7t ng\u00e3. Li\u1ec7u cu\u1ed9c s\u1ed1ng \u0111\u00f3i ngh\u00e8o, x\u00f4 b\u1ed3, va ch\u1ea1m v\u1edbi \u0111\u1ee7 m\u1ecdi h\u1ea1ng ng\u01b0\u1eddi c\u00f3 khi\u1ebfn R\u00e9mi sa ng\u00e3?<\/p>\n","protected":false},"excerpt":{"rendered":"<p>Kh\u00f4ng gia \u0111\u00ecnh l\u00e0 ki\u1ec7t t\u00e1c n\u1ed5i ti\u1ebfng nh\u1ea5t c\u1ee7a v\u0103n h\u00e0o Ph\u00e1p Hector Malot. T\u00e1c ph\u1ea9m \u0111\u00e3 \u0111\u01b0\u1ee3c gi\u1ea3i th\u01b0\u1edfng c\u1ee7a Vi\u1ec7n H\u00e0n l\u00e2m V\u0103n h\u1ecdc Ph\u00e1p, \u0111\u01b0\u1ee3c d\u1ecbch ra nhi\u1ec1u th\u1ee9 ti\u1ebfng, nhi\u1ec1u l\u1ea7n \u0111\u01b0\u1ee3c d\u1ef1ng th\u00e0nh phim.<\/p>\n<p>Truy\u1ec7n k\u1ec3 v\u1ec1 R\u00e9mi, m\u1ed9t em b\u00e9 kh\u00f4ng cha kh\u00f4ng m\u1eb9, kh\u00f4ng h\u1ecd h\u00e0ng th\u00e2n th\u00edch. Trong khi nh\u1eefng em b\u00e9 tr\u1ea1c tu\u1ed5i em \u0111\u01b0\u1ee3c \u0103n no ng\u1ee7 k\u0129, y\u00ean \u1ea5m trong v\u00f2ng tay m\u1eb9 th\u00ec R\u00e9mi \u0111\u00e3 ph\u1ea3i l\u01b0u l\u1ea1c kh\u1eafp n\u01b0\u1edbc Ph\u00e1p c\u00f9ng ch\u1ee7 g\u00e1nh xi\u1ebfc th\u00fa l\u00e0 c\u1ee5 Vitalis t\u1ed1t b\u1ee5ng. Em lu\u00f4n kh\u00e1t khao \u0111\u01b0\u1ee3c y\u00eau th\u01b0\u01a1ng, ch\u1ec9 m\u1ed9t c\u1eed ch\u1ec9 quan t\u00e2m c\u0169ng khi\u1ebfn em h\u1ea1nh ph\u00fac, ghi nh\u1edb su\u1ed1t nhi\u1ec1u n\u0103m.<\/p>\n<p>Nh\u01b0ng r\u1ed3i khi c\u1ee5 Vitalis ch\u1ebft v\u00ec \u0111\u00f3i r\u00e9t, R\u00e9mi kh\u00f4ng c\u00f2n n\u01a1i n\u01b0\u01a1ng t\u1ef1a, \u0111\u00e0nh lang thang t\u1ef1 m\u00ecnh ki\u1ebfm s\u1ed1ng. Nhi\u1ec1u l\u00fac em ph\u1ea3i \u0111\u00e1nh \u0111\u00e0n, ca h\u00e1t trong khi m\u1ea5y ng\u00e0y ch\u01b0a c\u00f3 g\u00ec b\u1ecf b\u1ee5ng. C\u00f3 l\u00fac em b\u1ecb l\u1ee5t ch\u00f4n trong gi\u1ebfng m\u1ecf m\u01b0\u1eddi m\u1ea5y ng\u00e0y \u0111\u00eam, l\u00fac kh\u00e1c l\u1ea1i b\u1ecb m\u1eafc oan v\u00e0 ph\u1ea3i \u1edf t\u00f9. \u0110\u00e3 bao l\u1ea7n R\u00e9mi t\u01b0\u1edfng \u0111\u00e3 \u0111\u01b0\u1ee3c y\u00ean \u1ed5n, h\u1ea1nh ph\u00fac, nh\u01b0ng r\u1ed3i nh\u1eefng ng\u01b0\u1eddi t\u1ed1t b\u1ee5ng quanh em l\u1ea1i l\u1ea7n l\u01b0\u1ee3t ph\u1ea3i r\u1eddi xa, b\u1ecf l\u1ea1i em m\u1ed9t m\u00ecnh b\u01a1 v\u01a1 gi\u1eefa d\u00f2ng \u0111\u1eddi nghi\u1ec7t ng\u00e3. Li\u1ec7u cu\u1ed9c s\u1ed1ng \u0111\u00f3i ngh\u00e8o, x\u00f4 b\u1ed3, va ch\u1ea1m v\u1edbi \u0111\u1ee7 m\u1ecdi h\u1ea1ng ng\u01b0\u1eddi c\u00f3 khi\u1ebfn R\u00e9mi sa ng\u00e3?<\/p>\n","protected":false},"featured_media":4961,"template":"","meta":{"_acf_changed":false},"product_brand":[],"product_cat":[77],"product_tag":[],"class_list":{"0":"post-4963","1":"product","2":"type-product","3":"status-publish","4":"has-post-thumbnail","6":"product_cat-van-hoc-kinh-dien","8":"first","9":"outofstock","10":"taxable","11":"shipping-taxable","12":"purchasable","13":"product-type-simple"},"supplier_id":null,"supplier_sku":"","barcode":null,"atum_controlled":true,"out_stock_date":"2021-03-08 23:51:27","out_stock_threshold":null,"inheritable":false,"inbound_stock":0,"stock_on_hold":0,"sold_today":0,"sales_last_days":0,"reserved_stock":0,"customer_returns":0,"warehouse_damage":0,"lost_in_post":0,"other_logs":0,"out_stock_days":1786,"lost_sales":0,"has_location":false,"update_date":"2026-01-28T23:10:36","atum_locations":[],"atum_stock_status":"outofstock","restock_status":false,"low_stock_amount":"","sales_update_date":"2026-01-28T23:10:36","calc_backorders":null,"acf":{"publisher":{"ID":1472,"post_author":"1","post_date":"2021-02-17 01:12:50","post_date_gmt":"2021-02-16 23:12:50","post_content":"","post_title":"Huy Ho\u00e0ng Bookstore","post_excerpt":"","post_status":"publish","comment_status":"closed","ping_status":"closed","post_password":"","post_name":"huy-hoang-bookstore","to_ping":"","pinged":"","post_modified":"2021-02-17 01:12:50","post_modified_gmt":"2021-02-16 23:12:50","post_content_filtered":"","post_parent":0,"guid":"https:\/\/sachviet.eu\/nha-phat-hanh\/huy-hoang-bookstore\/","menu_order":0,"post_type":"publisher","post_mime_type":"","comment_count":"0","filter":"raw"}},"_links":{"self":[{"href":"https:\/\/sachviet.eu\/en\/wp-json\/wp\/v2\/product\/4963","targetHints":{"allow":["GET"]}}],"collection":[{"href":"https:\/\/sachviet.eu\/en\/wp-json\/wp\/v2\/product"}],"about":[{"href":"https:\/\/sachviet.eu\/en\/wp-json\/wp\/v2\/types\/product"}],"wp:featuredmedia":[{"embeddable":true,"href":"https:\/\/sachviet.eu\/en\/wp-json\/wp\/v2\/media\/4961"}],"wp:attachment":[{"href":"https:\/\/sachviet.eu\/en\/wp-json\/wp\/v2\/media?parent=4963"}],"wp:term":[{"taxonomy":"product_brand","embeddable":true,"href":"https:\/\/sachviet.eu\/en\/wp-json\/wp\/v2\/product_brand?post=4963"},{"taxonomy":"product_cat","embeddable":true,"href":"https:\/\/sachviet.eu\/en\/wp-json\/wp\/v2\/product_cat?post=4963"},{"taxonomy":"product_tag","embeddable":true,"href":"https:\/\/sachviet.eu\/en\/wp-json\/wp\/v2\/product_tag?post=4963"}],"curies":[{"name":"wp","href":"https:\/\/api.w.org\/{rel}","templated":true}]}}