{"id":4934,"date":"2021-03-09T01:50:17","date_gmt":"2021-03-08T23:50:17","guid":{"rendered":"https:\/\/sachviet.eu\/shop\/giao-su-ton-giao\/"},"modified":"2021-05-18T00:21:20","modified_gmt":"2021-05-17T21:21:20","slug":"giao-su-ton-giao","status":"publish","type":"product","link":"https:\/\/sachviet.eu\/en\/shop\/giao-su-ton-giao\/","title":{"rendered":"&#8220;Gi\u00e1o S\u01b0&#8221; T\u00f4n Gi\u00e1o"},"content":{"rendered":"<p>T\u1edb l\u00e0 Jonas v\u00e0 t\u1edb \u1edf trong \u0111\u1ed9i b\u00f3ng c\u00f9ng v\u1edbi Sara, Indrani, Tenzin v\u00e0 Mehmet. B\u1ecdn t\u1edb r\u1ea5t \u201ckh\u00e1c nhau\u201d c\u00f3 l\u1ebd v\u00ec b\u1ecdn t\u1edb theo c\u00e1c t\u00f4n gi\u00e1o kh\u00e1c nhau.  C\u00e1ch b\u1ecdn t\u1edb \u0103n m\u1eebng m\u1ed7i l\u1ea7n chi\u1ebfn th\u1eafng trong c\u00e1c tr\u1eadn \u0111\u1ea5u c\u0169ng ch\u1eb3ng h\u1ec1 gi\u1ed1ng nhau n\u1ed1t.<\/p>\n<p>Th\u1ea7y hu\u1ea5n luy\u1ec7n c\u1ee7a t\u1edb t\u00ean l\u00e0 Ferdinand Lichte v\u00e0 r\u1ea5t am hi\u1ec3u v\u1ec1 c\u00e1c t\u00f4n gi\u00e1o tr\u00ean th\u1ebf gi\u1edbi. Nh\u1edd th\u1ea7y m\u00e0 gi\u1edd b\u1ecdn t\u1edb l\u1ea1i hi\u1ec3u th\u00eam v\u1ec1 t\u00f4n gi\u00e1o c\u1ee7a ch\u00ednh m\u00ecnh. Ngo\u00e0i th\u1ea7y th\u00ec hai ng\u01b0\u1eddi b\u1ea1n l\u00e0 thi\u00ean th\u1ea7n nh\u1ecf v\u00e0 qu\u1ef7 nh\u1ecf c\u0169ng g\u00f3p ph\u1ea7n l\u00e0m cho c\u00e1c cu\u1ed9c th\u1ea3o lu\u1eadn v\u1ec1 t\u00f4n gi\u00e1o th\u00eam nh\u1ed9n nh\u1ecbp.<\/p>\n<p>B\u1eaft \u0111\u1ea7u, t\u1ea5t c\u1ea3 \u0111\u1ec1u c\u00f9ng th\u1ea3o lu\u1eadn v\u00e0 t\u00ecm hi\u1ec3u v\u1ec1 Do Th\u00e1i gi\u00e1o, Ki t\u00f4 gi\u00e1o, H\u1ed3i gi\u00e1o, Hindu gi\u00e1o v\u00e0 Ph\u1eadt gi\u00e1o. N\u00e0o th\u00ec c\u00f3 t\u1ed5ng c\u1ed9ng bao nhi\u00eau t\u00edn \u0111\u1ed3 v\u00e0 h\u1ecd t\u1eadp trung ch\u1ee7 y\u1ebfu \u1edf \u0111\u00e2u? C\u00e1c t\u00edn \u0111\u1ed3 \u0111\u1ebfn v\u1edbi t\u00f4n gi\u00e1o nh\u01b0 th\u1ebf n\u00e0o? T\u1eeb khi m\u1edbi sinh hay h\u1ecd t\u1ef1 gi\u00e1c ng\u1ed9? Bi\u1ec3u t\u01b0\u1ee3ng c\u1ee7a c\u00e1c t\u00f4n gi\u00e1o l\u00e0 g\u00ec? H\u1ecd t\u00f4n th\u1edd nh\u1eefng ai? H\u1ecd sinh ho\u1ea1t t\u00f4n gi\u00e1o \u1edf \u0111\u00e2u? H\u1ecd \u0111\u1ecdc g\u00ec? H\u1ecd tin v\u00e0o nh\u1eefng g\u00ec? M\u1ee5c ti\u00eau c\u1ee7a h\u1ecd l\u00e0 g\u00ec? Nh\u1eadn v\u1eadt quan tr\u1ecdng l\u00e0 ai? S\u1ef1 ki\u1ec7n quan tr\u1ecdng l\u00e0 g\u00ec? Nh\u1eefng ng\u01b0\u1eddi l\u00e3nh \u0111\u1ea1o l\u00e0 ai? Hay gi\u00e1o l\u00fd v\u00e0 ng\u00e0y l\u1ec5 quan tr\u1ecdng l\u00e0 g\u00ec? Th\u1ef1c ra tr\u1ea3 l\u1eddi \u0111\u01b0\u1ee3c t\u1ea5t t\u1ea7n t\u1eadt nh\u1eefng c\u00e2u h\u1ecfi n\u00e0y th\u00ec coi nh\u01b0 b\u1ecdn t\u1edb \u0111\u00e3 tr\u1edf th\u00e0nh c\u00e1c \u201cgi\u00e1o s\u01b0\u201d t\u00f4n gi\u00e1o r\u1ed3i \u0111\u1ea5y.<\/p>\n<p>Nh\u01b0ng m\u00e0 b\u1ecdn t\u1edb kh\u00f4ng ch\u1ec9 h\u1ecfi th\u1ea7y m\u00e0 c\u00f2n h\u1ecfi l\u1eabn nhau, r\u1ed3i h\u00f3a th\u00e2n th\u00e0nh nh\u1eefng nh\u00e2n v\u1eadt th\u1eddi x\u01b0a \u0111\u1ec3 hi\u1ec3u \u0111\u01b0\u1ee3c r\u1ea5t nhi\u1ec1u \u0111i\u1ec1u k\u1ef3 th\u00fa v\u1ec1 t\u00f4n gi\u00e1o. B\u1ecdn t\u1edb c\u0169ng c\u00f2n theo ch\u00e2n m\u1ed9t s\u1ed1 nh\u00e2n v\u1eadt quan tr\u1ecdng \u0111\u1ec3 hi\u1ec3u \u0111\u01b0\u1ee3c l\u00fd do t\u1ea1i sao t\u1ee9ng t\u00f4n gi\u00e1o l\u1ea1i c\u00f3 m\u00e0u s\u1eafc si\u00eau kh\u00e1c bi\u1ec7t. Vui nh\u1ea5t l\u00e0 b\u1ecdn t\u1edb c\u00f2n t\u1edbi nh\u00e0 nhau d\u1ef1 nh\u1eefng ng\u00e0y l\u1ec5 quan tr\u1ecdng n\u1eefa.<\/p>\n<p>C\u1eadu th\u1ea5y t\u00f2 m\u00f2 v\u1ec1 c\u00e1c t\u00f4n gi\u00e1o tr\u00ean th\u1ebf gi\u1edbi kh\u00f4ng? N\u1ebfu c\u00f3 v\u00e0 ch\u01b0a k\u1ec3 c\u00f2n mu\u1ed1n tr\u1edf th\u00e0nh \u201cgi\u00e1o s\u01b0\u201d t\u00f4n gi\u00e1o, r\u1ea5t \u0111\u01a1n gi\u1ea3n th\u00f4i. C\u1eadu ch\u1ec9 c\u1ea7n c\u1ea7m cu\u1ed1n s\u00e1ch c\u00f3 t\u00ean\u201d \u201cGI\u00c1O S\u01af\u201d t\u00f4n gi\u00e1o n\u00e0y v\u00e0 \u0111\u1ecdc ng\u1ea5u nghi\u1ebfn \u0111i. Bi\u1ebft \u0111\u00e2u sau khi \u0111\u1ecdc xong, c\u1eadu s\u1ebd tr\u1edf th\u00e0nh m\u1ed9t gi\u00e1o s\u01b0 t\u00f4n gi\u00e1o \u0111\u00edch th\u1ef1c. R\u1ea5t c\u00f3 th\u1ec3 \u0111\u1ea5y! V\u00ec c\u00f3 h\u1eb3n c\u1ea3 b\u00e0i ki\u1ec3m tra v\u00e0 c\u00e2u \u0111\u1ed1 gi\u00fap c\u1eadu \u1edf cu\u1ed1i s\u00e1ch n\u1eefa m\u00e0.<\/p>\n","protected":false},"excerpt":{"rendered":"<p>T\u1edb l\u00e0 Jonas v\u00e0 t\u1edb \u1edf trong \u0111\u1ed9i b\u00f3ng c\u00f9ng v\u1edbi Sara, Indrani, Tenzin v\u00e0 Mehmet. B\u1ecdn t\u1edb r\u1ea5t \u201ckh\u00e1c nhau\u201d c\u00f3 l\u1ebd v\u00ec b\u1ecdn t\u1edb theo c\u00e1c t\u00f4n gi\u00e1o kh\u00e1c nhau.  C\u00e1ch b\u1ecdn t\u1edb \u0103n m\u1eebng m\u1ed7i l\u1ea7n chi\u1ebfn th\u1eafng trong c\u00e1c tr\u1eadn \u0111\u1ea5u c\u0169ng ch\u1eb3ng h\u1ec1 gi\u1ed1ng nhau n\u1ed1t.<\/p>\n<p>Th\u1ea7y hu\u1ea5n luy\u1ec7n c\u1ee7a t\u1edb t\u00ean l\u00e0 Ferdinand Lichte v\u00e0 r\u1ea5t am hi\u1ec3u v\u1ec1 c\u00e1c t\u00f4n gi\u00e1o tr\u00ean th\u1ebf gi\u1edbi. Nh\u1edd th\u1ea7y m\u00e0 gi\u1edd b\u1ecdn t\u1edb l\u1ea1i hi\u1ec3u th\u00eam v\u1ec1 t\u00f4n gi\u00e1o c\u1ee7a ch\u00ednh m\u00ecnh. Ngo\u00e0i th\u1ea7y th\u00ec hai ng\u01b0\u1eddi b\u1ea1n l\u00e0 thi\u00ean th\u1ea7n nh\u1ecf v\u00e0 qu\u1ef7 nh\u1ecf c\u0169ng g\u00f3p ph\u1ea7n l\u00e0m cho c\u00e1c cu\u1ed9c th\u1ea3o lu\u1eadn v\u1ec1 t\u00f4n gi\u00e1o th\u00eam nh\u1ed9n nh\u1ecbp.<\/p>\n<p>B\u1eaft \u0111\u1ea7u, t\u1ea5t c\u1ea3 \u0111\u1ec1u c\u00f9ng th\u1ea3o lu\u1eadn v\u00e0 t\u00ecm hi\u1ec3u v\u1ec1 Do Th\u00e1i gi\u00e1o, Ki t\u00f4 gi\u00e1o, H\u1ed3i gi\u00e1o, Hindu gi\u00e1o v\u00e0 Ph\u1eadt gi\u00e1o. N\u00e0o th\u00ec c\u00f3 t\u1ed5ng c\u1ed9ng bao nhi\u00eau t\u00edn \u0111\u1ed3 v\u00e0 h\u1ecd t\u1eadp trung ch\u1ee7 y\u1ebfu \u1edf \u0111\u00e2u? C\u00e1c t\u00edn \u0111\u1ed3 \u0111\u1ebfn v\u1edbi t\u00f4n gi\u00e1o nh\u01b0 th\u1ebf n\u00e0o? T\u1eeb khi m\u1edbi sinh hay h\u1ecd t\u1ef1 gi\u00e1c ng\u1ed9? Bi\u1ec3u t\u01b0\u1ee3ng c\u1ee7a c\u00e1c t\u00f4n gi\u00e1o l\u00e0 g\u00ec? H\u1ecd t\u00f4n th\u1edd nh\u1eefng ai? H\u1ecd sinh ho\u1ea1t t\u00f4n gi\u00e1o \u1edf \u0111\u00e2u? H\u1ecd \u0111\u1ecdc g\u00ec? H\u1ecd tin v\u00e0o nh\u1eefng g\u00ec? M\u1ee5c ti\u00eau c\u1ee7a h\u1ecd l\u00e0 g\u00ec? Nh\u1eadn v\u1eadt quan tr\u1ecdng l\u00e0 ai? S\u1ef1 ki\u1ec7n quan tr\u1ecdng l\u00e0 g\u00ec? Nh\u1eefng ng\u01b0\u1eddi l\u00e3nh \u0111\u1ea1o l\u00e0 ai? Hay gi\u00e1o l\u00fd v\u00e0 ng\u00e0y l\u1ec5 quan tr\u1ecdng l\u00e0 g\u00ec? Th\u1ef1c ra tr\u1ea3 l\u1eddi \u0111\u01b0\u1ee3c t\u1ea5t t\u1ea7n t\u1eadt nh\u1eefng c\u00e2u h\u1ecfi n\u00e0y th\u00ec coi nh\u01b0 b\u1ecdn t\u1edb \u0111\u00e3 tr\u1edf th\u00e0nh c\u00e1c \u201cgi\u00e1o s\u01b0\u201d t\u00f4n gi\u00e1o r\u1ed3i \u0111\u1ea5y.<\/p>\n","protected":false},"featured_media":4924,"template":"","meta":{"_acf_changed":false},"product_brand":[],"product_cat":[25,17,26],"product_tag":[],"class_list":{"0":"post-4934","1":"product","2":"type-product","3":"status-publish","4":"has-post-thumbnail","6":"product_cat-nhi-dong-6-tuoi-12-tuoi","7":"product_cat-sach-danh-cho-cac-be","8":"product_cat-thieu-nien-11-tuoi-18-tuoi","10":"first","11":"outofstock","12":"taxable","13":"shipping-taxable","14":"purchasable","15":"product-type-simple"},"supplier_id":null,"supplier_sku":"","barcode":null,"atum_controlled":true,"out_stock_date":"2021-03-08 23:50:17","out_stock_threshold":null,"inheritable":false,"inbound_stock":0,"stock_on_hold":0,"sold_today":0,"sales_last_days":0,"reserved_stock":0,"customer_returns":0,"warehouse_damage":0,"lost_in_post":0,"other_logs":0,"out_stock_days":1786,"lost_sales":0,"has_location":false,"update_date":"2026-01-28T23:10:36","atum_locations":[],"atum_stock_status":"outofstock","restock_status":false,"low_stock_amount":"","sales_update_date":"2026-01-28T23:10:36","calc_backorders":null,"acf":{"publisher":{"ID":1474,"post_author":"1","post_date":"2021-02-17 01:12:51","post_date_gmt":"2021-02-16 23:12:51","post_content":"","post_title":"Th\u00e1i H\u00e0","post_excerpt":"","post_status":"publish","comment_status":"closed","ping_status":"closed","post_password":"","post_name":"thai-ha","to_ping":"","pinged":"","post_modified":"2021-02-17 01:12:51","post_modified_gmt":"2021-02-16 23:12:51","post_content_filtered":"","post_parent":0,"guid":"https:\/\/sachviet.eu\/nha-phat-hanh\/thai-ha\/","menu_order":0,"post_type":"publisher","post_mime_type":"","comment_count":"0","filter":"raw"}},"_links":{"self":[{"href":"https:\/\/sachviet.eu\/en\/wp-json\/wp\/v2\/product\/4934","targetHints":{"allow":["GET"]}}],"collection":[{"href":"https:\/\/sachviet.eu\/en\/wp-json\/wp\/v2\/product"}],"about":[{"href":"https:\/\/sachviet.eu\/en\/wp-json\/wp\/v2\/types\/product"}],"wp:featuredmedia":[{"embeddable":true,"href":"https:\/\/sachviet.eu\/en\/wp-json\/wp\/v2\/media\/4924"}],"wp:attachment":[{"href":"https:\/\/sachviet.eu\/en\/wp-json\/wp\/v2\/media?parent=4934"}],"wp:term":[{"taxonomy":"product_brand","embeddable":true,"href":"https:\/\/sachviet.eu\/en\/wp-json\/wp\/v2\/product_brand?post=4934"},{"taxonomy":"product_cat","embeddable":true,"href":"https:\/\/sachviet.eu\/en\/wp-json\/wp\/v2\/product_cat?post=4934"},{"taxonomy":"product_tag","embeddable":true,"href":"https:\/\/sachviet.eu\/en\/wp-json\/wp\/v2\/product_tag?post=4934"}],"curies":[{"name":"wp","href":"https:\/\/api.w.org\/{rel}","templated":true}]}}