{"id":4921,"date":"2021-03-09T01:49:36","date_gmt":"2021-03-08T23:49:36","guid":{"rendered":"https:\/\/sachviet.eu\/shop\/ban-co-biet-dong-vat-co-can-di-hoc-khong-hoi-dap-ve-cach-thuc-sinh-ton\/"},"modified":"2021-03-23T01:13:30","modified_gmt":"2021-03-22T23:13:30","slug":"ban-co-biet-dong-vat-co-can-di-hoc-khong-hoi-dap-ve-cach-thuc-sinh-ton","status":"publish","type":"product","link":"https:\/\/sachviet.eu\/en\/shop\/ban-co-biet-dong-vat-co-can-di-hoc-khong-hoi-dap-ve-cach-thuc-sinh-ton\/","title":{"rendered":"B\u1ea1n C\u00f3 Bi\u1ebft: \u0110\u1ed9ng V\u1eadt C\u00f3 C\u1ea7n \u0110i H\u1ecdc Kh\u00f4ng? &#8211; H\u1ecfi \u0110\u00e1p V\u1ec1 C\u00e1ch Th\u1ee9c Sinh T\u1ed3n"},"content":{"rendered":"<p>B\u1ed9 s\u00e1ch v\u00f4 c\u00f9ng th\u00fa v\u1ecb mang l\u1ea1i nhi\u1ec1u th\u00f4ng tin b\u1ed5 \u00edch v\u1ec1 Th\u1ebf gi\u1edbi \u0111\u1ed9ng v\u1eadt: \u0110\u1ed9ng v\u1eadt th\u1eddi Ti\u1ec1n s\u1eed, \u0111\u1ed9ng v\u1eadt hoang d\u00e3, s\u00e2u b\u1ecd, c\u00f4n tr\u00f9ng&#8230; v\u00e0 c\u00e1ch th\u00edch nghi v\u1edbi m\u00f4i tr\u01b0\u1eddng c\u1ee7a ch\u00fang.<br \/>\n\u0110i\u1ec1u h\u1ea5p d\u1eabn \u1edf \u0111\u00e2y, m\u1ed7i c\u00e2u h\u1ecfi \u0111\u1ec1u l\u00e0 nh\u1eefng \u0111i\u1ec1u c\u00e1c b\u1ea1n nh\u1ecf th\u01b0\u1eddng th\u1eafc m\u1eafc, c\u00e1c b\u1ea1n s\u1ebd nhanh ch\u00f3ng \u0111\u01b0\u1ee3c th\u1ecfa m\u00e3n l\u00f2ng hi\u1ebfu k\u00ec v\u1edbi nh\u1eefng c\u00e2u tr\u1ea3 l\u1eddi h\u00f3m h\u1ec9nh c\u00f9ng h\u00ecnh v\u1ebd minh h\u1ecda v\u00f4 c\u00f9ng s\u1ed1ng \u0111\u1ed9ng.<br \/>\nC\u00f2n ch\u1ea7n ch\u1eeb g\u00ec n\u1eefa m\u00e0 kh\u00f4ng l\u1eadt gi\u1edf trang s\u00e1ch \u0111\u1ea7u ti\u00ean ra nh\u1ec9? Ch\u1eafc ch\u1eafn, c\u00e1c b\u1ea1n s\u1ebd kh\u00f4ng th\u1ec3 \u0111\u1eb7t cu\u1ed1n s\u00e1ch xu\u1ed1ng tr\u01b0\u1edbc khi b\u01b0\u1edbc ra kh\u1ecfi th\u1ebf gi\u1edbi k\u00ec di\u1ec7u c\u1ee7a c\u00e1c lo\u00e0i v\u1eadt n\u00e0y \u0111\u00e2u!<\/p>\n","protected":false},"excerpt":{"rendered":"<p>B\u1ed9 s\u00e1ch v\u00f4 c\u00f9ng th\u00fa v\u1ecb mang l\u1ea1i nhi\u1ec1u th\u00f4ng tin b\u1ed5 \u00edch v\u1ec1 Th\u1ebf gi\u1edbi \u0111\u1ed9ng v\u1eadt: \u0110\u1ed9ng v\u1eadt th\u1eddi Ti\u1ec1n s\u1eed, \u0111\u1ed9ng v\u1eadt hoang d\u00e3, s\u00e2u b\u1ecd, c\u00f4n tr\u00f9ng&#8230; v\u00e0 c\u00e1ch th\u00edch nghi v\u1edbi m\u00f4i tr\u01b0\u1eddng c\u1ee7a ch\u00fang.<br \/>\n\u0110i\u1ec1u h\u1ea5p d\u1eabn \u1edf \u0111\u00e2y, m\u1ed7i c\u00e2u h\u1ecfi \u0111\u1ec1u l\u00e0 nh\u1eefng \u0111i\u1ec1u c\u00e1c b\u1ea1n nh\u1ecf th\u01b0\u1eddng th\u1eafc m\u1eafc, c\u00e1c b\u1ea1n s\u1ebd nhanh ch\u00f3ng \u0111\u01b0\u1ee3c th\u1ecfa m\u00e3n l\u00f2ng hi\u1ebfu k\u00ec v\u1edbi nh\u1eefng c\u00e2u tr\u1ea3 l\u1eddi h\u00f3m h\u1ec9nh c\u00f9ng h\u00ecnh v\u1ebd minh h\u1ecda v\u00f4 c\u00f9ng s\u1ed1ng \u0111\u1ed9ng.<br \/>\nC\u00f2n ch\u1ea7n ch\u1eeb g\u00ec n\u1eefa m\u00e0 kh\u00f4ng l\u1eadt gi\u1edf trang s\u00e1ch \u0111\u1ea7u ti\u00ean ra nh\u1ec9? Ch\u1eafc ch\u1eafn, c\u00e1c b\u1ea1n s\u1ebd kh\u00f4ng th\u1ec3 \u0111\u1eb7t cu\u1ed1n s\u00e1ch xu\u1ed1ng tr\u01b0\u1edbc khi b\u01b0\u1edbc ra kh\u1ecfi th\u1ebf gi\u1edbi k\u00ec di\u1ec7u c\u1ee7a c\u00e1c lo\u00e0i v\u1eadt n\u00e0y \u0111\u00e2u!<\/p>\n","protected":false},"featured_media":4920,"template":"","meta":{"_acf_changed":false},"product_brand":[],"product_cat":[20,24,25,17,26],"product_tag":[],"class_list":{"0":"post-4921","1":"product","2":"type-product","3":"status-publish","4":"has-post-thumbnail","6":"product_cat-be-vua-hoc-vua-choi","7":"product_cat-nha-tre-mau-giao-0-tuoi-6-tuoi","8":"product_cat-nhi-dong-6-tuoi-12-tuoi","9":"product_cat-sach-danh-cho-cac-be","10":"product_cat-thieu-nien-11-tuoi-18-tuoi","12":"first","13":"outofstock","14":"taxable","15":"shipping-taxable","16":"purchasable","17":"product-type-simple"},"supplier_id":null,"supplier_sku":"","barcode":null,"atum_controlled":true,"out_stock_date":"2021-03-08 23:49:36","out_stock_threshold":null,"inheritable":false,"inbound_stock":0,"stock_on_hold":0,"sold_today":0,"sales_last_days":0,"reserved_stock":0,"customer_returns":0,"warehouse_damage":0,"lost_in_post":0,"other_logs":0,"out_stock_days":1786,"lost_sales":0,"has_location":false,"update_date":"2026-01-28T23:10:36","atum_locations":[],"atum_stock_status":"outofstock","restock_status":false,"low_stock_amount":"","sales_update_date":"2026-01-28T23:10:36","calc_backorders":null,"acf":{"publisher":{"ID":1472,"post_author":"1","post_date":"2021-02-17 01:12:50","post_date_gmt":"2021-02-16 23:12:50","post_content":"","post_title":"Huy Ho\u00e0ng Bookstore","post_excerpt":"","post_status":"publish","comment_status":"closed","ping_status":"closed","post_password":"","post_name":"huy-hoang-bookstore","to_ping":"","pinged":"","post_modified":"2021-02-17 01:12:50","post_modified_gmt":"2021-02-16 23:12:50","post_content_filtered":"","post_parent":0,"guid":"https:\/\/sachviet.eu\/nha-phat-hanh\/huy-hoang-bookstore\/","menu_order":0,"post_type":"publisher","post_mime_type":"","comment_count":"0","filter":"raw"}},"_links":{"self":[{"href":"https:\/\/sachviet.eu\/en\/wp-json\/wp\/v2\/product\/4921","targetHints":{"allow":["GET"]}}],"collection":[{"href":"https:\/\/sachviet.eu\/en\/wp-json\/wp\/v2\/product"}],"about":[{"href":"https:\/\/sachviet.eu\/en\/wp-json\/wp\/v2\/types\/product"}],"wp:featuredmedia":[{"embeddable":true,"href":"https:\/\/sachviet.eu\/en\/wp-json\/wp\/v2\/media\/4920"}],"wp:attachment":[{"href":"https:\/\/sachviet.eu\/en\/wp-json\/wp\/v2\/media?parent=4921"}],"wp:term":[{"taxonomy":"product_brand","embeddable":true,"href":"https:\/\/sachviet.eu\/en\/wp-json\/wp\/v2\/product_brand?post=4921"},{"taxonomy":"product_cat","embeddable":true,"href":"https:\/\/sachviet.eu\/en\/wp-json\/wp\/v2\/product_cat?post=4921"},{"taxonomy":"product_tag","embeddable":true,"href":"https:\/\/sachviet.eu\/en\/wp-json\/wp\/v2\/product_tag?post=4921"}],"curies":[{"name":"wp","href":"https:\/\/api.w.org\/{rel}","templated":true}]}}