{"id":4896,"date":"2021-03-09T01:48:26","date_gmt":"2021-03-08T23:48:26","guid":{"rendered":"https:\/\/sachviet.eu\/shop\/super-chef-con-tro-thanh-sieu-dau-bep-tap-3\/"},"modified":"2021-03-23T01:13:28","modified_gmt":"2021-03-22T23:13:28","slug":"super-chef-con-tro-thanh-sieu-dau-bep-tap-3","status":"publish","type":"product","link":"https:\/\/sachviet.eu\/en\/shop\/super-chef-con-tro-thanh-sieu-dau-bep-tap-3\/","title":{"rendered":"Super Chef &#8211; Con Tr\u1edf Th\u00e0nh Si\u00eau \u0110\u1ea7u B\u1ebfp &#8211; T\u1eadp 3"},"content":{"rendered":"<p>Super Chef &#8211; Con Tr\u1edf Th\u00e0nh Si\u00eau \u0110\u1ea7u B\u1ebfp &#8211; T\u1eadp 3 &#8211; M\u00f3n \u0102n T\u1eeb Th\u1ecbt L\u1ee3n<\/p>\n<p>\u0110\u00e2y l\u00e0 cu\u1ed1n s\u00e1ch th\u1ee9 3 trong b\u1ed9 \u201cSuper Chef \u2013 Con tr\u1edf th\u00e0nh \u0111\u1ea7u b\u1ebfp\u201d g\u1ed3m c\u00f3 8 cu\u1ed1n.<\/p>\n<p>N\u1ea5u \u0103n l\u00e0 c\u00f4ng vi\u1ec7c quen thu\u1ed9c h\u1eb1ng ng\u00e0y c\u1ee7a m\u1ecdi gia \u0111\u00ecnh, ai c\u0169ng c\u00f3 th\u1ec3 n\u1ea5u \u0103n, nh\u01b0ng \u0111\u00fang l\u00e0 n\u1ea5u \u0103n kh\u00f4ng ph\u1ea3i l\u00e0 vi\u1ec7c l\u00e0m \u0111\u01a1n gi\u1ea3n, d\u1ec5 d\u00e0ng.<br \/>\nTr\u1ebb em Vi\u1ec7t Nam v\u1ed1n th\u00f4ng minh, ngh\u1ecbch ng\u1ee3m v\u00e0 c\u0169ng r\u1ea5t kh\u00e9o l\u00e9o tinh t\u1ebf trong \u0103n u\u1ed1ng\u2026Tuy nhi\u00ean \u0111\u1ec3 c\u00e1c em c\u00f3 th\u00eam ph\u1ea7n hi\u1ec3u bi\u1ebft, y\u00eau m\u1ebfn v\u00e0 c\u00f3 ni\u1ec1m \u0111am m\u00ea v\u1edbi c\u00f4ng vi\u1ec7c n\u1ea5u b\u1ebfp th\u00ec l\u1ea1i l\u00e0 vi\u1ec7c kh\u00e1c\u2026<\/p>\n","protected":false},"excerpt":{"rendered":"<p>T\u1ea1i cu\u1ed1n Super Chef: Con Tr\u1edf Th\u00e0nh Si\u00eau \u0110\u1ea7u B\u1ebfp (T\u1eadp 3) b\u00e9 s\u1ebd \u0111\u01b0\u1ee3c h\u1ecdc v\u1ec1 c\u00e1ch l\u00e0m nh\u1eefng m\u00f3n \u0103n quen thu\u1ed9c t\u1eeb th\u1ecbt l\u1ee3n.<\/p>\n<p>Th\u1ecbt l\u1ee3n l\u00e0 th\u1ef1c ph\u1ea9m r\u1ea5t quen thu\u1ed9c kh\u00f4ng ch\u1ec9 \u1edf Vi\u1ec7t Nam m\u00e0 tr\u00ean to\u00e0n th\u1ebf gi\u1edbi. Th\u1ecbt l\u1ee3n \u0111\u01b0\u1ee3c coi l\u00e0 th\u1ef1c ph\u1ea9m ph\u1ed5 bi\u1ebfn nh\u1ea5t \u0111\u1ea5y c\u00e1c em \u1ea1!<\/p>\n<p>Ng\u00e0y n\u00e0o c\u0169ng c\u00f3 th\u1ec3 \u0103n th\u1ecbt l\u1ee3n \u0111\u01b0\u1ee3c, v\u1eady ph\u1ea3i l\u00e0m sao cho kh\u00f4ng b\u1ecb ch\u00e1n \u0111\u00e2y? H\u00e3y th\u1eed thay \u0111\u1ed5i th\u1ef1c \u0111\u01a1n h\u00e0ng ng\u00e0y, \u0111\u1ec3 cho b\u1eefa c\u01a1m gia \u0111\u00ecnh th\u00eam phong ph\u00fa v\u00e0 \u0111a d\u1ea1ng.<\/p>\n","protected":false},"featured_media":4884,"template":"","meta":{"_acf_changed":false},"product_brand":[],"product_cat":[24,25,17],"product_tag":[],"class_list":{"0":"post-4896","1":"product","2":"type-product","3":"status-publish","4":"has-post-thumbnail","6":"product_cat-nha-tre-mau-giao-0-tuoi-6-tuoi","7":"product_cat-nhi-dong-6-tuoi-12-tuoi","8":"product_cat-sach-danh-cho-cac-be","10":"first","11":"outofstock","12":"taxable","13":"shipping-taxable","14":"purchasable","15":"product-type-simple"},"supplier_id":null,"supplier_sku":"","barcode":null,"atum_controlled":true,"out_stock_date":"2021-03-08 23:48:26","out_stock_threshold":null,"inheritable":false,"inbound_stock":0,"stock_on_hold":0,"sold_today":0,"sales_last_days":0,"reserved_stock":0,"customer_returns":0,"warehouse_damage":0,"lost_in_post":0,"other_logs":0,"out_stock_days":1786,"lost_sales":0,"has_location":false,"update_date":"2026-01-28T23:10:36","atum_locations":[],"atum_stock_status":"outofstock","restock_status":false,"low_stock_amount":"","sales_update_date":"2026-01-28T23:10:36","calc_backorders":null,"acf":{"publisher":{"ID":4073,"post_author":"1","post_date":"2021-03-02 03:53:16","post_date_gmt":"2021-03-02 01:53:16","post_content":"","post_title":"MCBooks","post_excerpt":"","post_status":"publish","comment_status":"closed","ping_status":"closed","post_password":"","post_name":"mcbooks","to_ping":"","pinged":"","post_modified":"2021-03-02 03:53:16","post_modified_gmt":"2021-03-02 01:53:16","post_content_filtered":"","post_parent":0,"guid":"https:\/\/sachviet.eu\/nha-phat-hanh\/mcbooks\/","menu_order":0,"post_type":"publisher","post_mime_type":"","comment_count":"0","filter":"raw"}},"_links":{"self":[{"href":"https:\/\/sachviet.eu\/en\/wp-json\/wp\/v2\/product\/4896","targetHints":{"allow":["GET"]}}],"collection":[{"href":"https:\/\/sachviet.eu\/en\/wp-json\/wp\/v2\/product"}],"about":[{"href":"https:\/\/sachviet.eu\/en\/wp-json\/wp\/v2\/types\/product"}],"wp:featuredmedia":[{"embeddable":true,"href":"https:\/\/sachviet.eu\/en\/wp-json\/wp\/v2\/media\/4884"}],"wp:attachment":[{"href":"https:\/\/sachviet.eu\/en\/wp-json\/wp\/v2\/media?parent=4896"}],"wp:term":[{"taxonomy":"product_brand","embeddable":true,"href":"https:\/\/sachviet.eu\/en\/wp-json\/wp\/v2\/product_brand?post=4896"},{"taxonomy":"product_cat","embeddable":true,"href":"https:\/\/sachviet.eu\/en\/wp-json\/wp\/v2\/product_cat?post=4896"},{"taxonomy":"product_tag","embeddable":true,"href":"https:\/\/sachviet.eu\/en\/wp-json\/wp\/v2\/product_tag?post=4896"}],"curies":[{"name":"wp","href":"https:\/\/api.w.org\/{rel}","templated":true}]}}