{"id":4881,"date":"2021-03-09T01:47:48","date_gmt":"2021-03-08T23:47:48","guid":{"rendered":"https:\/\/sachviet.eu\/shop\/super-chef-con-tro-thanh-sieu-dau-bep-tap-1\/"},"modified":"2021-03-23T01:13:26","modified_gmt":"2021-03-22T23:13:26","slug":"super-chef-con-tro-thanh-sieu-dau-bep-tap-1","status":"publish","type":"product","link":"https:\/\/sachviet.eu\/en\/shop\/super-chef-con-tro-thanh-sieu-dau-bep-tap-1\/","title":{"rendered":"Super Chef &#8211; Con Tr\u1edf Th\u00e0nh Si\u00eau \u0110\u1ea7u B\u1ebfp &#8211; T\u1eadp 1"},"content":{"rendered":"<p>Super chef 1 l\u00e0 cu\u1ed1n s\u00e1ch d\u1ea1y n\u1ea5u \u0103n d\u00e0nh cho tr\u1ebb nh\u1ecf, gi\u1edbi thi\u1ec7u nh\u1eefng k\u1ef9 n\u0103ng c\u01a1 b\u1ea3n \u0111\u01a1n gi\u1ea3n nh\u1ea5t cho tr\u1ebb \u0111\u1ec3 c\u00e1c em b\u01b0\u1edbc \u0111\u1ea7u l\u00e0m quen v\u00e0 c\u00f3 th\u1ec3 t\u1ef1 n\u1ea5u \u0103n h\u00e0ng ng\u00e0y.<\/p>\n<p>Con b\u1ea1n s\u1ebd ra sao n\u1ebfu b\u1ed1 m\u1eb9 th\u01b0\u1eddng xuy\u00ean v\u1eafng nh\u00e0? Ch\u1eafc ch\u1eafn r\u1eb1ng b\u1ea1n kh\u00f4ng mu\u1ed1n tr\u1ebb ch\u1ec9 \u0103n \u0111\u1ed3 h\u1ed9p hay n\u1ea5u m\u00ec qua b\u1eefa \u0111\u1ee3i ng\u01b0\u1eddi l\u1edbn v\u1ec1. V\u00ec th\u1ebf, n\u1ebfu tr\u1ebb bi\u1ebft n\u1ea5u n\u01b0\u1edbng, tr\u1ebb s\u1ebd kh\u00f4ng g\u1eb7p kh\u00f3 kh\u0103n khi t\u1ef1 ph\u1ee5c v\u1ee5 b\u1ea3n th\u00e2n.<\/p>\n<p>B\u1ebfp l\u00e0 n\u01a1i c\u00f3 th\u1ec3 gi\u00fap b\u00e9 c\u00f3 c\u01a1 h\u1ed9i tr\u1ea3i nghi\u1ec7m th\u1ef1c t\u1ebf, d\u1ea1y cho tr\u1ebb ph\u00e1t tri\u1ec3n nhi\u1ec1u gi\u00e1c quan v\u00e0 t\u01b0 duy logic nh\u01b0 nh\u1eadn bi\u1ebft m\u00f9i v\u1ecb, m\u00e0u s\u1eafc, ph\u00e2n lo\u1ea1i \u0111\u1ed3 v\u1eadt, d\u1ee5ng c\u1ee5, ph\u00e2n bi\u1ec7t s\u1ed1ng v\u00e0 ch\u00edn, n\u00f3ng v\u00e0 l\u1ea1nh,\u2026kh\u01a1i ngu\u1ed3n s\u00e1ng t\u1ea1o cho tr\u1ebb trong qu\u00e1 tr\u00ecnh n\u1ea5u n\u01b0\u1edbng.<\/p>\n<p>\u201cH\u1ecdc n\u1ea5u \u0103n \u2013 H\u1ecdc y\u00eau th\u01b0\u01a1ng\u201d ch\u00ednh l\u00e0 th\u00f4ng \u0111i\u1ec7p m\u00e0 b\u1ed9 s\u00e1ch mu\u1ed1n g\u1eedi g\u1eafm \u0111\u1ebfn \u0111\u1ed9c gi\u1ea3. V\u00e0o b\u1ebfp c\u00f9ng con kh\u00f4ng ch\u1ec9 \u0111\u1ec3 n\u1ea5u m\u1ed9t b\u1eefa \u0103n ngon m\u00e0 c\u00f2n l\u00e0 c\u00e1ch \u0111\u1ec3 g\u1eafn k\u1ebft c\u00e1c th\u00e0nh vi\u00ean trong gia \u0111\u00ecnh.<\/p>\n<p>M\u1ed9t ng\u01b0\u1eddi y\u00eau th\u00edch n\u1ea5u n\u01b0\u1edbng c\u00f3 xu h\u01b0\u1edbng g\u1eafn b\u00f3 v\u1edbi gia \u0111\u00ecnh nhi\u1ec1u h\u01a1n. B\u1ed1 m\u1eb9 n\u00e0o c\u0169ng mu\u1ed1n con c\u00e1i tr\u1edf v\u1ec1 nh\u00e0 v\u00e0o m\u1ed7i b\u1eefa c\u01a1m.<\/p>\n<p>H\u1ecdc n\u1ea5u n\u01b0\u1edbng l\u00e0 m\u1ed9t c\u00e1ch \u0111\u1ec3 tr\u1ebb hi\u1ec3u t\u1ea7m quan tr\u1ecdng c\u1ee7a b\u1eefa \u0103n gia \u0111\u00ecnh, t\u1ef1 \u00fd th\u1ee9c \u0111\u01b0\u1ee3c v\u1ecb tr\u00ed c\u1ee7a m\u00ecnh trong gia \u0111\u00ecnh.<\/p>\n","protected":false},"excerpt":{"rendered":"<p>Super chef 1 l\u00e0 cu\u1ed1n s\u00e1ch d\u1ea1y n\u1ea5u \u0103n d\u00e0nh cho tr\u1ebb nh\u1ecf, gi\u1edbi thi\u1ec7u nh\u1eefng k\u1ef9 n\u0103ng c\u01a1 b\u1ea3n \u0111\u01a1n gi\u1ea3n nh\u1ea5t cho tr\u1ebb \u0111\u1ec3 c\u00e1c em b\u01b0\u1edbc \u0111\u1ea7u l\u00e0m quen v\u00e0 c\u00f3 th\u1ec3 t\u1ef1 n\u1ea5u \u0103n h\u00e0ng ng\u00e0y.<\/p>\n<p>Con b\u1ea1n s\u1ebd ra sao n\u1ebfu b\u1ed1 m\u1eb9 th\u01b0\u1eddng xuy\u00ean v\u1eafng nh\u00e0? Ch\u1eafc ch\u1eafn r\u1eb1ng b\u1ea1n kh\u00f4ng mu\u1ed1n tr\u1ebb ch\u1ec9 \u0103n \u0111\u1ed3 h\u1ed9p hay n\u1ea5u m\u00ec qua b\u1eefa \u0111\u1ee3i ng\u01b0\u1eddi l\u1edbn v\u1ec1. V\u00ec th\u1ebf, n\u1ebfu tr\u1ebb bi\u1ebft n\u1ea5u n\u01b0\u1edbng, tr\u1ebb s\u1ebd kh\u00f4ng g\u1eb7p kh\u00f3 kh\u0103n khi t\u1ef1 ph\u1ee5c v\u1ee5 b\u1ea3n th\u00e2n.<\/p>\n<p>B\u1ebfp l\u00e0 n\u01a1i c\u00f3 th\u1ec3 gi\u00fap b\u00e9 c\u00f3 c\u01a1 h\u1ed9i tr\u1ea3i nghi\u1ec7m th\u1ef1c t\u1ebf, d\u1ea1y cho tr\u1ebb ph\u00e1t tri\u1ec3n nhi\u1ec1u gi\u00e1c quan v\u00e0 t\u01b0 duy logic nh\u01b0 nh\u1eadn bi\u1ebft m\u00f9i v\u1ecb, m\u00e0u s\u1eafc, ph\u00e2n lo\u1ea1i \u0111\u1ed3 v\u1eadt, d\u1ee5ng c\u1ee5, ph\u00e2n bi\u1ec7t s\u1ed1ng v\u00e0 ch\u00edn, n\u00f3ng v\u00e0 l\u1ea1nh,\u2026kh\u01a1i ngu\u1ed3n s\u00e1ng t\u1ea1o cho tr\u1ebb trong qu\u00e1 tr\u00ecnh n\u1ea5u n\u01b0\u1edbng.<\/p>\n<p>\u201cH\u1ecdc n\u1ea5u \u0103n \u2013 H\u1ecdc y\u00eau th\u01b0\u01a1ng\u201d ch\u00ednh l\u00e0 th\u00f4ng \u0111i\u1ec7p m\u00e0 b\u1ed9 s\u00e1ch mu\u1ed1n g\u1eedi g\u1eafm \u0111\u1ebfn \u0111\u1ed9c gi\u1ea3. V\u00e0o b\u1ebfp c\u00f9ng con kh\u00f4ng ch\u1ec9 \u0111\u1ec3 n\u1ea5u m\u1ed9t b\u1eefa \u0103n ngon m\u00e0 c\u00f2n l\u00e0 c\u00e1ch \u0111\u1ec3 g\u1eafn k\u1ebft c\u00e1c th\u00e0nh vi\u00ean trong gia \u0111\u00ecnh.<\/p>\n<p>M\u1ed9t ng\u01b0\u1eddi y\u00eau th\u00edch n\u1ea5u n\u01b0\u1edbng c\u00f3 xu h\u01b0\u1edbng g\u1eafn b\u00f3 v\u1edbi gia \u0111\u00ecnh nhi\u1ec1u h\u01a1n. B\u1ed1 m\u1eb9 n\u00e0o c\u0169ng mu\u1ed1n con c\u00e1i tr\u1edf v\u1ec1 nh\u00e0 v\u00e0o m\u1ed7i b\u1eefa c\u01a1m.<\/p>\n<p>H\u1ecdc n\u1ea5u n\u01b0\u1edbng l\u00e0 m\u1ed9t c\u00e1ch \u0111\u1ec3 tr\u1ebb hi\u1ec3u t\u1ea7m quan tr\u1ecdng c\u1ee7a b\u1eefa \u0103n gia \u0111\u00ecnh, t\u1ef1 \u00fd th\u1ee9c \u0111\u01b0\u1ee3c v\u1ecb tr\u00ed c\u1ee7a m\u00ecnh trong gia \u0111\u00ecnh.<\/p>\n","protected":false},"featured_media":4880,"template":"","meta":{"_acf_changed":false},"product_brand":[],"product_cat":[24,25,17],"product_tag":[],"class_list":{"0":"post-4881","1":"product","2":"type-product","3":"status-publish","4":"has-post-thumbnail","6":"product_cat-nha-tre-mau-giao-0-tuoi-6-tuoi","7":"product_cat-nhi-dong-6-tuoi-12-tuoi","8":"product_cat-sach-danh-cho-cac-be","10":"first","11":"outofstock","12":"taxable","13":"shipping-taxable","14":"purchasable","15":"product-type-simple"},"supplier_id":null,"supplier_sku":"","barcode":null,"atum_controlled":true,"out_stock_date":"2021-03-08 23:47:48","out_stock_threshold":null,"inheritable":false,"inbound_stock":0,"stock_on_hold":0,"sold_today":0,"sales_last_days":0,"reserved_stock":0,"customer_returns":0,"warehouse_damage":0,"lost_in_post":0,"other_logs":0,"out_stock_days":1786,"lost_sales":0,"has_location":false,"update_date":"2026-01-28T23:10:36","atum_locations":[],"atum_stock_status":"outofstock","restock_status":false,"low_stock_amount":"","sales_update_date":"2026-01-28T23:10:36","calc_backorders":null,"acf":{"publisher":{"ID":4073,"post_author":"1","post_date":"2021-03-02 03:53:16","post_date_gmt":"2021-03-02 01:53:16","post_content":"","post_title":"MCBooks","post_excerpt":"","post_status":"publish","comment_status":"closed","ping_status":"closed","post_password":"","post_name":"mcbooks","to_ping":"","pinged":"","post_modified":"2021-03-02 03:53:16","post_modified_gmt":"2021-03-02 01:53:16","post_content_filtered":"","post_parent":0,"guid":"https:\/\/sachviet.eu\/nha-phat-hanh\/mcbooks\/","menu_order":0,"post_type":"publisher","post_mime_type":"","comment_count":"0","filter":"raw"}},"_links":{"self":[{"href":"https:\/\/sachviet.eu\/en\/wp-json\/wp\/v2\/product\/4881","targetHints":{"allow":["GET"]}}],"collection":[{"href":"https:\/\/sachviet.eu\/en\/wp-json\/wp\/v2\/product"}],"about":[{"href":"https:\/\/sachviet.eu\/en\/wp-json\/wp\/v2\/types\/product"}],"wp:featuredmedia":[{"embeddable":true,"href":"https:\/\/sachviet.eu\/en\/wp-json\/wp\/v2\/media\/4880"}],"wp:attachment":[{"href":"https:\/\/sachviet.eu\/en\/wp-json\/wp\/v2\/media?parent=4881"}],"wp:term":[{"taxonomy":"product_brand","embeddable":true,"href":"https:\/\/sachviet.eu\/en\/wp-json\/wp\/v2\/product_brand?post=4881"},{"taxonomy":"product_cat","embeddable":true,"href":"https:\/\/sachviet.eu\/en\/wp-json\/wp\/v2\/product_cat?post=4881"},{"taxonomy":"product_tag","embeddable":true,"href":"https:\/\/sachviet.eu\/en\/wp-json\/wp\/v2\/product_tag?post=4881"}],"curies":[{"name":"wp","href":"https:\/\/api.w.org\/{rel}","templated":true}]}}