{"id":4877,"date":"2021-03-09T01:47:40","date_gmt":"2021-03-08T23:47:40","guid":{"rendered":"https:\/\/sachviet.eu\/shop\/cau-lac-bo-rung-xanh\/"},"modified":"2021-05-18T00:21:49","modified_gmt":"2021-05-17T21:21:49","slug":"cau-lac-bo-rung-xanh","status":"publish","type":"product","link":"https:\/\/sachviet.eu\/en\/shop\/cau-lac-bo-rung-xanh\/","title":{"rendered":"C\u00e2u l\u1ea1c b\u1ed9 R\u1eebng Xanh"},"content":{"rendered":"<p>B\u1ed1n m\u00f9a xu\u00e2n h\u1ea1 thu \u0111\u00f4ng \u0111\u1ec1u l\u00e0 th\u1eddi \u0111i\u1ec3m th\u00edch h\u1ee3p \u0111\u1ec3 ta c\u00f9ng kh\u00e1m ph\u00e1 thi\u00ean nhi\u00ean k\u00ec th\u00fa. H\u00e3y ra ngo\u00e0i v\u00e0 b\u00e1t \u0111\u1ea7u t\u00ecm hi\u1ec3u n\u00e0o &#8211; B\u00e9 s\u1ebd quan s\u00e1t \u0111\u01b0\u1ee3c g\u00ec, ng\u1eedi th\u1ea5y m\u00f9i g\u00ec v\u00e0 l\u1eafng nghe nh\u1eefng \u00e2m thanh n\u00e0o nh\u1ec9?<br \/>\nV\u1edbi mu\u00f4n v\u00e0n \u00fd t\u01b0\u1edfng v\u1ec1 c\u00e1c ho\u1ea1t \u0111\u1ed9ng vui ch\u01a1i ngo\u00e0i tr\u1eddi, l\u00e0m \u0111\u1ed3 th\u1ee7 c\u00f4ng s\u00e1ng t\u1ea1o c\u00f9ng r\u1ea5t nhi\u1ec1u c\u00e1c th\u00f4ng tin h\u1eefu \u00edch v\u1ec1 t\u1ef1 nhi\u00ean, C\u00e2u l\u1ea1c b\u1ed9 R\u1eebng Xanh s\u1ebd l\u00e0 c\u1ea7u n\u1ed1i gi\u00fap c\u00e1c b\u00e9 ti\u1ebfp x\u00fac g\u1ea7n h\u01a1n v\u1edbi m\u00f4i tr\u01b0\u1eddng t\u1ef1 nhi\u00ean.<\/p>\n","protected":false},"excerpt":{"rendered":"<p>B\u1ed1n m\u00f9a xu\u00e2n h\u1ea1 thu \u0111\u00f4ng \u0111\u1ec1u l\u00e0 th\u1eddi \u0111i\u1ec3m th\u00edch h\u1ee3p \u0111\u1ec3 ta c\u00f9ng kh\u00e1m ph\u00e1 thi\u00ean nhi\u00ean k\u00ec th\u00fa. H\u00e3y ra ngo\u00e0i v\u00e0 b\u00e1t \u0111\u1ea7u t\u00ecm hi\u1ec3u n\u00e0o &#8211; B\u00e9 s\u1ebd quan s\u00e1t \u0111\u01b0\u1ee3c g\u00ec, ng\u1eedi th\u1ea5y m\u00f9i g\u00ec v\u00e0 l\u1eafng nghe nh\u1eefng \u00e2m thanh n\u00e0o nh\u1ec9?<br \/>\nV\u1edbi mu\u00f4n v\u00e0n \u00fd t\u01b0\u1edfng v\u1ec1 c\u00e1c ho\u1ea1t \u0111\u1ed9ng vui ch\u01a1i ngo\u00e0i tr\u1eddi, l\u00e0m \u0111\u1ed3 th\u1ee7 c\u00f4ng s\u00e1ng t\u1ea1o c\u00f9ng r\u1ea5t nhi\u1ec1u c\u00e1c th\u00f4ng tin h\u1eefu \u00edch v\u1ec1 t\u1ef1 nhi\u00ean, C\u00e2u l\u1ea1c b\u1ed9 R\u1eebng Xanh s\u1ebd l\u00e0 c\u1ea7u n\u1ed1i gi\u00fap c\u00e1c b\u00e9 ti\u1ebfp x\u00fac g\u1ea7n h\u01a1n v\u1edbi m\u00f4i tr\u01b0\u1eddng t\u1ef1 nhi\u00ean.<\/p>\n","protected":false},"featured_media":4876,"template":"","meta":{"_acf_changed":false},"product_brand":[],"product_cat":[17,26],"product_tag":[],"class_list":{"0":"post-4877","1":"product","2":"type-product","3":"status-publish","4":"has-post-thumbnail","6":"product_cat-sach-danh-cho-cac-be","7":"product_cat-thieu-nien-11-tuoi-18-tuoi","9":"first","10":"outofstock","11":"taxable","12":"shipping-taxable","13":"purchasable","14":"product-type-simple"},"supplier_id":null,"supplier_sku":"","barcode":null,"atum_controlled":true,"out_stock_date":"2021-03-08 23:47:41","out_stock_threshold":null,"inheritable":false,"inbound_stock":0,"stock_on_hold":0,"sold_today":0,"sales_last_days":0,"reserved_stock":0,"customer_returns":0,"warehouse_damage":0,"lost_in_post":0,"other_logs":0,"out_stock_days":1786,"lost_sales":0,"has_location":false,"update_date":"2026-01-28T23:10:36","atum_locations":[],"atum_stock_status":"outofstock","restock_status":false,"low_stock_amount":"","sales_update_date":"2026-01-28T23:10:36","calc_backorders":null,"acf":{"publisher":{"ID":1472,"post_author":"1","post_date":"2021-02-17 01:12:50","post_date_gmt":"2021-02-16 23:12:50","post_content":"","post_title":"Huy Ho\u00e0ng Bookstore","post_excerpt":"","post_status":"publish","comment_status":"closed","ping_status":"closed","post_password":"","post_name":"huy-hoang-bookstore","to_ping":"","pinged":"","post_modified":"2021-02-17 01:12:50","post_modified_gmt":"2021-02-16 23:12:50","post_content_filtered":"","post_parent":0,"guid":"https:\/\/sachviet.eu\/nha-phat-hanh\/huy-hoang-bookstore\/","menu_order":0,"post_type":"publisher","post_mime_type":"","comment_count":"0","filter":"raw"}},"_links":{"self":[{"href":"https:\/\/sachviet.eu\/en\/wp-json\/wp\/v2\/product\/4877","targetHints":{"allow":["GET"]}}],"collection":[{"href":"https:\/\/sachviet.eu\/en\/wp-json\/wp\/v2\/product"}],"about":[{"href":"https:\/\/sachviet.eu\/en\/wp-json\/wp\/v2\/types\/product"}],"wp:featuredmedia":[{"embeddable":true,"href":"https:\/\/sachviet.eu\/en\/wp-json\/wp\/v2\/media\/4876"}],"wp:attachment":[{"href":"https:\/\/sachviet.eu\/en\/wp-json\/wp\/v2\/media?parent=4877"}],"wp:term":[{"taxonomy":"product_brand","embeddable":true,"href":"https:\/\/sachviet.eu\/en\/wp-json\/wp\/v2\/product_brand?post=4877"},{"taxonomy":"product_cat","embeddable":true,"href":"https:\/\/sachviet.eu\/en\/wp-json\/wp\/v2\/product_cat?post=4877"},{"taxonomy":"product_tag","embeddable":true,"href":"https:\/\/sachviet.eu\/en\/wp-json\/wp\/v2\/product_tag?post=4877"}],"curies":[{"name":"wp","href":"https:\/\/api.w.org\/{rel}","templated":true}]}}