{"id":4875,"date":"2021-03-09T01:47:37","date_gmt":"2021-03-08T23:47:37","guid":{"rendered":"https:\/\/sachviet.eu\/shop\/can-ca-ngoi-lang\/"},"modified":"2021-03-23T01:13:24","modified_gmt":"2021-03-22T23:13:24","slug":"can-ca-ngoi-lang","status":"publish","type":"product","link":"https:\/\/sachviet.eu\/en\/shop\/can-ca-ngoi-lang\/","title":{"rendered":"C\u1ea7n c\u1ea3 ng\u00f4i l\u00e0ng"},"content":{"rendered":"<p>Hillary Rodham Clinton l\u00e0 ng\u01b0\u1eddi ph\u1ee5 n\u1eef \u0111\u1ea7u ti\u00ean tr\u1edf th\u00e0nh \u1ee9ng vi\u00ean \u0111\u1ea1i di\u1ec7n m\u1ed9t \u0111\u1ea3ng l\u1edbn tranh c\u1eed t\u1ed5ng th\u1ed1ng Hoa K\u00ec. B\u00e0 l\u00e0 B\u1ed9 tr\u01b0\u1edfng Ngo\u1ea1i giao th\u1ee9 67 c\u1ee7a Hoa K\u00ec, t\u1ea1i nhi\u1ec7m t\u1eeb ng\u00e0y 21 th\u00e1ng<\/p>\n<p>1 n\u0103m 2009 \u0111\u1ebfn ng\u00e0y 1 th\u00e1ng 2 n\u0103m 2013, sau g\u1ea7n 40 n\u0103m b\u1ea3o v\u1ec7 quy\u1ec1n l\u1ee3i cho tr\u1ebb em v\u00e0 c\u00e1c gia \u0111\u00ecnh \u1edf c\u01b0\u01a1ng v\u1ecb lu\u1eadt s\u01b0, \u0110\u1ec7 nh\u1ea5t Phu nh\u00e2n v\u00e0 Th\u01b0\u1ee3ng ngh\u1ecb s\u0129.<\/p>\n<p>B\u00e0 c\u0169ng l\u00e0 m\u1ed9t ng\u01b0\u1eddi v\u1ee3, m\u1ed9t ng\u01b0\u1eddi m\u1eb9, m\u1ed9t ng\u01b0\u1eddi b\u00e0.<\/p>\n<p>Marla Frazee gi\u00e0nh gi\u1ea3i th\u01b0\u1edfng Caldecott Honor danh gi\u00e1 cho c\u00e1c t\u00e1c ph\u1ea9m: To\u00e0n th\u1ebf gi\u1edbi (All the World), Nh\u1eefng c\u1eadu nh\u00f3c c\u00f3 tu\u1ea7n l\u1ec5 tuy\u1ec7t v\u1eddi nh\u1ea5t tr\u1ea7n \u0111\u1eddi (A Couple of Boys Have the Best Week Ever); gi\u1ea3i th\u01b0\u1edfng Boston Clobe Horn Book, h\u1ea1ng m\u1ee5c S\u00e1ch tranh, cho cu\u1ed1n s\u00e1ch kh\u00f4ng l\u1eddi B\u00e1c n\u00f4ng d\u00e2n v\u00e0 ch\u00fa h\u1ec1 (The Farmer and the Clown). B\u00e0 l\u00e0 t\u00e1c gi\u1ea3, ki\u00eam h\u1ecda s\u0129 minh h\u1ecda r\u1ea5t nhi\u1ec1u cu\u1ed1n s\u00e1ch, trong \u0111\u00f3 cu\u1ed1n Nh\u00f3c tr\u00f9m (Boss Baby) \u0111\u01b0\u1ee3c h\u00e3ng DreamWorks chuy\u1ec3n th\u1ec3 th\u00e0nh b\u1ed9 phim ho\u1ea1t h\u00ecnh c\u00f9ng t\u00ean.<\/p>\n<p>T\u00e1c gi\u1ea3 c\u00f3 ba ng\u01b0\u1eddi con trai, v\u00e0 hi\u1ec7n \u0111ang s\u1ed1ng t\u1ea1i th\u00e0nh ph\u1ed1 Pasadena, bang California, Hoa K\u00ec.<\/p>\n","protected":false},"excerpt":{"rendered":"<p>N\u1ebfu th\u1ebf gi\u1edbi l\u00e0 m\u1ed9t ng\u00f4i l\u00e0ng, h\u00e3y chung tay x\u00e2y m\u1ed9t ng\u00f4i l\u00e0ng \u0111\u00e1ng s\u1ed1ng cho m\u1ecdi tr\u1ebb em tr\u00ean \u0111\u1eddi.<\/p>\n","protected":false},"featured_media":4874,"template":"","meta":{"_acf_changed":false},"product_brand":[],"product_cat":[17,15,26],"product_tag":[],"class_list":{"0":"post-4875","1":"product","2":"type-product","3":"status-publish","4":"has-post-thumbnail","6":"product_cat-sach-danh-cho-cac-be","7":"product_cat-sach-danh-cho-nguoi-lon","8":"product_cat-thieu-nien-11-tuoi-18-tuoi","10":"first","11":"outofstock","12":"taxable","13":"shipping-taxable","14":"purchasable","15":"product-type-simple"},"supplier_id":null,"supplier_sku":"","barcode":null,"atum_controlled":true,"out_stock_date":"2021-03-08 23:47:37","out_stock_threshold":null,"inheritable":false,"inbound_stock":0,"stock_on_hold":0,"sold_today":0,"sales_last_days":0,"reserved_stock":0,"customer_returns":0,"warehouse_damage":0,"lost_in_post":0,"other_logs":0,"out_stock_days":1786,"lost_sales":0,"has_location":false,"update_date":"2026-01-28T23:10:36","atum_locations":[],"atum_stock_status":"outofstock","restock_status":false,"low_stock_amount":"","sales_update_date":"2026-01-28T23:10:36","calc_backorders":null,"acf":{"publisher":{"ID":1454,"post_author":"1","post_date":"2021-02-17 01:11:34","post_date_gmt":"2021-02-16 23:11:34","post_content":"<!-- wp:flatsome\/uxbuilder -->\n<h1 style=\"text-align: center;\"><strong>Kim \u0110\u1ed3ng<\/strong><\/h1>\n[row]\n\n[col span=\"3\" span__sm=\"12\"]\n\n[ux_image id=\"1534\" image_size=\"medium\"]\n\n\n[\/col]\n[col span=\"9\" span__sm=\"12\"]\n\n<p>Nh\u00e0 xu\u1ea5t b\u1ea3n Kim \u0110\u1ed3ng tr\u1ef1c thu\u1ed9c Trung \u01b0\u01a1ng \u0110o\u00e0n TNCS H\u1ed3 Ch\u00ed Minh l\u00e0 Nh\u00e0 xu\u1ea5t b\u1ea3n t\u1ed5ng h\u1ee3p c\u00f3 ch\u1ee9c n\u0103ng xu\u1ea5t b\u1ea3n s\u00e1ch v\u00e0 v\u0103n h\u00f3a ph\u1ea9m ph\u1ee5c v\u1ee5 thi\u1ebfu nhi v\u00e0 c\u00e1c b\u1eadc ph\u1ee5 huynh trong c\u1ea3 n\u01b0\u1edbc, qu\u1ea3ng b\u00e1 v\u00e0 gi\u1edbi thi\u1ec7u v\u0103n h\u00f3a Vi\u1ec7t Nam ra th\u1ebf gi\u1edbi.<br \/>Nh\u00e0 xu\u1ea5t b\u1ea3n c\u00f3 nhi\u1ec7m v\u1ee5 t\u1ed5 ch\u1ee9c b\u1ea3n th\u1ea3o, bi\u00ean so\u1ea1n, bi\u00ean d\u1ecbch, xu\u1ea5t b\u1ea3n v\u00e0 ph\u00e1t h\u00e0nh c\u00e1c xu\u1ea5t b\u1ea3n ph\u1ea9m c\u00f3 n\u1ed9i dung: gi\u00e1o d\u1ee5c truy\u1ec1n th\u1ed1ng d\u00e2n t\u1ed9c, gi\u00e1o d\u1ee5c v\u1ec1 tri th\u1ee9c, ki\u1ebfn th\u1ee9c\u2026 tr\u00ean c\u00e1c l\u0129nh v\u1ef1c v\u0103n h\u1ecdc, ngh\u1ec7 thu\u1eadt, khoa h\u1ecdc k\u1ef9 thu\u1eadt nh\u1eb1m cung c\u1ea5p cho c\u00e1c em thi\u1ebfu nhi c\u0169ng nh\u01b0 c\u00e1c b\u1eadc ph\u1ee5 huynh c\u00e1c ki\u1ebfn th\u1ee9c c\u1ea7n thi\u1ebft trong cu\u1ed9c s\u1ed1ng, nh\u1eefng tinh hoa c\u1ee7a tri th\u1ee9c nh\u00e2n lo\u1ea1i nh\u1eb1m g\u00f3p ph\u1ea7n gi\u00e1o d\u1ee5c v\u00e0 h\u00ecnh th\u00e0nh nh\u00e2n c\u00e1ch th\u1ebf h\u1ec7 tr\u1ebb.<br \/>\u0110\u1ed1i t\u01b0\u1ee3ng ph\u1ee5c v\u1ee5 c\u1ee7a Nh\u00e0 xu\u1ea5t b\u1ea3n l\u00e0 c\u00e1c em t\u1eeb tu\u1ed5i nh\u00e0 tr\u1ebb m\u1eabu gi\u00e1o (1 \u0111\u1ebfn 5 tu\u1ed5i), nhi \u0111\u1ed3ng (6 \u0111\u1ebfn 9 tu\u1ed5i), thi\u1ebfu ni\u00ean (10 \u0111\u1ebfn 15 tu\u1ed5i) \u0111\u1ebfn c\u00e1c em tu\u1ed5i m\u1edbi l\u1edbn (16 \u0111\u1ebfn 18 tu\u1ed5i) v\u00e0 c\u00e1c b\u1eadc ph\u1ee5 huynh.<\/p>\n\n[\/col]\n\n[\/row]\n\n<!-- \/wp:flatsome\/uxbuilder -->","post_title":"Kim \u0110\u1ed3ng","post_excerpt":"","post_status":"publish","comment_status":"closed","ping_status":"closed","post_password":"","post_name":"kim-dong","to_ping":"","pinged":"","post_modified":"2021-02-17 01:31:56","post_modified_gmt":"2021-02-16 23:31:56","post_content_filtered":"","post_parent":0,"guid":"https:\/\/sachviet.eu\/nha-phat-hanh\/kim-dong\/","menu_order":0,"post_type":"publisher","post_mime_type":"","comment_count":"0","filter":"raw"}},"_links":{"self":[{"href":"https:\/\/sachviet.eu\/en\/wp-json\/wp\/v2\/product\/4875","targetHints":{"allow":["GET"]}}],"collection":[{"href":"https:\/\/sachviet.eu\/en\/wp-json\/wp\/v2\/product"}],"about":[{"href":"https:\/\/sachviet.eu\/en\/wp-json\/wp\/v2\/types\/product"}],"wp:featuredmedia":[{"embeddable":true,"href":"https:\/\/sachviet.eu\/en\/wp-json\/wp\/v2\/media\/4874"}],"wp:attachment":[{"href":"https:\/\/sachviet.eu\/en\/wp-json\/wp\/v2\/media?parent=4875"}],"wp:term":[{"taxonomy":"product_brand","embeddable":true,"href":"https:\/\/sachviet.eu\/en\/wp-json\/wp\/v2\/product_brand?post=4875"},{"taxonomy":"product_cat","embeddable":true,"href":"https:\/\/sachviet.eu\/en\/wp-json\/wp\/v2\/product_cat?post=4875"},{"taxonomy":"product_tag","embeddable":true,"href":"https:\/\/sachviet.eu\/en\/wp-json\/wp\/v2\/product_tag?post=4875"}],"curies":[{"name":"wp","href":"https:\/\/api.w.org\/{rel}","templated":true}]}}