{"id":4870,"date":"2021-03-09T01:47:27","date_gmt":"2021-03-08T23:47:27","guid":{"rendered":"https:\/\/sachviet.eu\/shop\/cac-nen-van-minh-the-gioi-lich-su-co-dai-bundle-5-quyen\/"},"modified":"2022-12-19T18:48:58","modified_gmt":"2022-12-19T16:48:58","slug":"cac-nen-van-minh-the-gioi-lich-su-co-dai-bundle-5-quyen","status":"publish","type":"product","link":"https:\/\/sachviet.eu\/en\/shop\/cac-nen-van-minh-the-gioi-lich-su-co-dai-bundle-5-quyen\/","title":{"rendered":"C\u00e1c N\u1ec1n V\u0103n Minh Th\u1ebf Gi\u1edbi &#8211; L\u1ecbch S\u1eed C\u1ed5 \u0110\u1ea1i (Bundle 5 quy\u1ec3n)"},"content":{"rendered":"<p>C\u00e1c n\u1ec1n v\u0103n minh th\u1ebf gi\u1edbi &#8211; L\u1ecbch s\u1eed c\u1ed5 \u0111\u1ea1i, g\u1ed3m 5 t\u1eadp:<\/p>\n<p>Nh\u1eadt B\u1ea3n c\u1ed5 \u0111\u1ea1i<br \/>\nTrung Qu\u1ed1c c\u1ed5 \u0111\u1ea1i<br \/>\nAi C\u1eadp c\u1ed5 \u0111\u1ea1i<br \/>\nHy L\u1ea1p c\u1ed5 \u0111\u1ea1i<br \/>\nLa M\u00e3 c\u1ed5 \u0111\u1ea1i<br \/>\nM\u1ed7i t\u1eadp s\u00e1ch s\u1ebd gi\u00fap c\u00e1c em quay tr\u1edf v\u1ec1 qu\u00e1 kh\u1ee9 \u0111\u1ec3 t\u00ecm hi\u1ec3u nh\u1eefng n\u1ec1n v\u0103n minh c\u1ed5 \u0111\u1ea1i: Nh\u1eadt B\u1ea3n, Trung Qu\u1ed1c, Ai C\u1eadp, Hy L\u1ea1p v\u00e0 La M\u00e3. M\u1ed7i t\u1eadp c\u00f3 h\u01a1n 350 tranh \u1ea3nh, h\u00ecnh minh h\u1ecda v\u00e0 b\u1ea3n \u0111\u1ed3 l\u1ecbch s\u1eed.<\/p>\n<p>\u0110\u1eb7c bi\u1ec7t, trong m\u1ed7i cu\u1ed1n s\u00e1ch c\u00f3 h\u01b0\u1edbng d\u1eabn c\u00e1c em ch\u01a1i 15 tr\u00f2 th\u1ee7 c\u00f4ng th\u00fa v\u1ecb v\u00e0 d\u1ec5 l\u00e0m, gi\u00fap c\u00e1c em t\u1ef1 t\u1ea1o ra nh\u1eefng m\u00f3n \u0111\u1ed3 m\u00f4 ph\u1ecfng th\u1eddi x\u01b0a, nh\u01b0:l\u00e0m di\u1ec1u h\u00ecnh r\u1ed3ng, x\u00e2y kim t\u1ef1 th\u00e1p, ch\u01a1i c\u1edd ki\u1ec3u La M\u00e3, l\u00e0m c\u1edd c\u00e1 ch\u00e9p\u2026<\/p>\n","protected":false},"excerpt":{"rendered":"<p>C\u00e1c n\u1ec1n v\u0103n minh th\u1ebf gi\u1edbi &#8211; L\u1ecbch s\u1eed c\u1ed5 \u0111\u1ea1i, g\u1ed3m 5 t\u1eadp:<\/p>\n<p>Nh\u1eadt B\u1ea3n c\u1ed5 \u0111\u1ea1i<br \/>\nTrung Qu\u1ed1c c\u1ed5 \u0111\u1ea1i<br \/>\nAi C\u1eadp c\u1ed5 \u0111\u1ea1i<br \/>\nHy L\u1ea1p c\u1ed5 \u0111\u1ea1i<br \/>\nLa M\u00e3 c\u1ed5 \u0111\u1ea1i<br \/>\nM\u1ed7i t\u1eadp s\u00e1ch s\u1ebd gi\u00fap c\u00e1c em quay tr\u1edf v\u1ec1 qu\u00e1 kh\u1ee9 \u0111\u1ec3 t\u00ecm hi\u1ec3u nh\u1eefng n\u1ec1n v\u0103n minh c\u1ed5 \u0111\u1ea1i: Nh\u1eadt B\u1ea3n, Trung Qu\u1ed1c, Ai C\u1eadp, Hy L\u1ea1p v\u00e0 La M\u00e3. M\u1ed7i t\u1eadp c\u00f3 h\u01a1n 350 tranh \u1ea3nh, h\u00ecnh minh h\u1ecda v\u00e0 b\u1ea3n \u0111\u1ed3 l\u1ecbch s\u1eed.<\/p>\n<p>\u0110\u1eb7c bi\u1ec7t, trong m\u1ed7i cu\u1ed1n s\u00e1ch c\u00f3 h\u01b0\u1edbng d\u1eabn c\u00e1c em ch\u01a1i 15 tr\u00f2 th\u1ee7 c\u00f4ng th\u00fa v\u1ecb v\u00e0 d\u1ec5 l\u00e0m, gi\u00fap c\u00e1c em t\u1ef1 t\u1ea1o ra nh\u1eefng m\u00f3n \u0111\u1ed3 m\u00f4 ph\u1ecfng th\u1eddi x\u01b0a, nh\u01b0:l\u00e0m di\u1ec1u h\u00ecnh r\u1ed3ng, x\u00e2y kim t\u1ef1 th\u00e1p, ch\u01a1i c\u1edd ki\u1ec3u La M\u00e3, l\u00e0m c\u1edd c\u00e1 ch\u00e9p\u2026<\/p>\n","protected":false},"featured_media":5463,"template":"","meta":{"_acf_changed":false},"product_brand":[],"product_cat":[25,17,26],"product_tag":[81],"class_list":{"0":"post-4870","1":"product","2":"type-product","3":"status-publish","4":"has-post-thumbnail","6":"product_cat-nhi-dong-6-tuoi-12-tuoi","7":"product_cat-sach-danh-cho-cac-be","8":"product_cat-thieu-nien-11-tuoi-18-tuoi","9":"product_tag-sach-gia-uu-dai","11":"first","12":"outofstock","13":"sale","14":"taxable","15":"shipping-taxable","16":"purchasable","17":"product-type-woosb"},"supplier_id":null,"supplier_sku":"","barcode":null,"atum_controlled":true,"out_stock_date":"2021-03-09 13:33:45","out_stock_threshold":null,"inheritable":false,"inbound_stock":0,"stock_on_hold":0,"sold_today":0,"sales_last_days":0,"reserved_stock":0,"customer_returns":0,"warehouse_damage":0,"lost_in_post":0,"other_logs":0,"out_stock_days":1786,"lost_sales":0,"has_location":false,"update_date":"2026-01-28T23:10:35","atum_locations":[],"atum_stock_status":"outofstock","restock_status":false,"low_stock_amount":"","sales_update_date":"2026-01-28T23:10:35","calc_backorders":null,"acf":{"publisher":{"ID":1544,"post_author":"1","post_date":"2021-02-17 01:24:05","post_date_gmt":"2021-02-16 23:24:05","post_content":"","post_title":"\u0110\u00f4ng A","post_excerpt":"","post_status":"publish","comment_status":"closed","ping_status":"closed","post_password":"","post_name":"dong-a","to_ping":"","pinged":"","post_modified":"2021-02-17 01:24:05","post_modified_gmt":"2021-02-16 23:24:05","post_content_filtered":"","post_parent":0,"guid":"https:\/\/sachviet.eu\/nha-phat-hanh\/dong-a\/","menu_order":0,"post_type":"publisher","post_mime_type":"","comment_count":"0","filter":"raw"}},"_links":{"self":[{"href":"https:\/\/sachviet.eu\/en\/wp-json\/wp\/v2\/product\/4870","targetHints":{"allow":["GET"]}}],"collection":[{"href":"https:\/\/sachviet.eu\/en\/wp-json\/wp\/v2\/product"}],"about":[{"href":"https:\/\/sachviet.eu\/en\/wp-json\/wp\/v2\/types\/product"}],"wp:featuredmedia":[{"embeddable":true,"href":"https:\/\/sachviet.eu\/en\/wp-json\/wp\/v2\/media\/5463"}],"wp:attachment":[{"href":"https:\/\/sachviet.eu\/en\/wp-json\/wp\/v2\/media?parent=4870"}],"wp:term":[{"taxonomy":"product_brand","embeddable":true,"href":"https:\/\/sachviet.eu\/en\/wp-json\/wp\/v2\/product_brand?post=4870"},{"taxonomy":"product_cat","embeddable":true,"href":"https:\/\/sachviet.eu\/en\/wp-json\/wp\/v2\/product_cat?post=4870"},{"taxonomy":"product_tag","embeddable":true,"href":"https:\/\/sachviet.eu\/en\/wp-json\/wp\/v2\/product_tag?post=4870"}],"curies":[{"name":"wp","href":"https:\/\/api.w.org\/{rel}","templated":true}]}}