{"id":4843,"date":"2021-03-09T01:46:31","date_gmt":"2021-03-08T23:46:31","guid":{"rendered":"https:\/\/sachviet.eu\/shop\/cac-nen-van-minh-the-gioi-ai-cap-co-dai\/"},"modified":"2021-05-18T00:22:54","modified_gmt":"2021-05-17T21:22:54","slug":"cac-nen-van-minh-the-gioi-ai-cap-co-dai","status":"publish","type":"product","link":"https:\/\/sachviet.eu\/en\/shop\/cac-nen-van-minh-the-gioi-ai-cap-co-dai\/","title":{"rendered":"C\u00e1c n\u1ec1n v\u0103n minh th\u1ebf gi\u1edbi &#8211; Ai C\u1eadp c\u1ed5 \u0111\u1ea1i"},"content":{"rendered":"<p>C\u00e1c N\u1ec1n V\u0103n Minh Th\u1ebf Gi\u1edbi &#8211; Ai C\u1eadp C\u1ed5 \u0110\u1ea1i<\/p>\n<p>Quay tr\u1edf v\u1ec1 qu\u00e1 kh\u1ee9 \u0111\u1ec3 t\u00ecm hi\u1ec3u xem ng\u01b0\u1eddi Hy L\u1ea1p c\u1ed5 \u0111\u1ea1i \u0111\u00e3 s\u1ed1ng nh\u01b0 th\u1ebf n\u00e0o.<\/p>\n<p>H\u01a1n 350 tranh \u1ea3nh, h\u00ecnh minh h\u1ecda v\u00e0 b\u1ea3n \u0111\u1ed3 l\u1ecbch s\u1eed<\/p>\n<p>15 tr\u00f2 ch\u01a1i th\u1ee7 c\u00f4ng th\u00fa v\u1ecb v\u00e0 d\u1ec5 l\u00e0m, gi\u00fap c\u00e1c em t\u1ef1 t\u1ea1o ra nh\u1eefng m\u00f3n \u0111\u1ed3 m\u00f4 ph\u1ecfng th\u1eddi x\u01b0a \u2013 x\u00e2y m\u00f4 h\u00ecnh \u0111\u1ec1n Parthenon, v\u1ebd b\u00edch h\u1ecda c\u00e1 heo, l\u00e0m m\u1eb7t n\u1ea1 v\u00e0 h\u1ecdc b\u1ea3ng ch\u1eef c\u00e1i Hy L\u1ea1p c\u1ed5.<\/p>\n<p>Ph\u00f9 h\u1ee3p v\u1edbi tr\u1ebb em t\u1eeb 8 \u0111\u1ebfn 12 tu\u1ed5i.<\/p>\n","protected":false},"excerpt":{"rendered":"<p>C\u00e1c N\u1ec1n V\u0103n Minh Th\u1ebf Gi\u1edbi &#8211; Ai C\u1eadp C\u1ed5 \u0110\u1ea1i<\/p>\n<p>Quay tr\u1edf v\u1ec1 qu\u00e1 kh\u1ee9 \u0111\u1ec3 t\u00ecm hi\u1ec3u xem ng\u01b0\u1eddi Hy L\u1ea1p c\u1ed5 \u0111\u1ea1i \u0111\u00e3 s\u1ed1ng nh\u01b0 th\u1ebf n\u00e0o.<\/p>\n<p>H\u01a1n 350 tranh \u1ea3nh, h\u00ecnh minh h\u1ecda v\u00e0 b\u1ea3n \u0111\u1ed3 l\u1ecbch s\u1eed<\/p>\n<p>15 tr\u00f2 ch\u01a1i th\u1ee7 c\u00f4ng th\u00fa v\u1ecb v\u00e0 d\u1ec5 l\u00e0m, gi\u00fap c\u00e1c em t\u1ef1 t\u1ea1o ra nh\u1eefng m\u00f3n \u0111\u1ed3 m\u00f4 ph\u1ecfng th\u1eddi x\u01b0a \u2013 x\u00e2y m\u00f4 h\u00ecnh \u0111\u1ec1n Parthenon, v\u1ebd b\u00edch h\u1ecda c\u00e1 heo, l\u00e0m m\u1eb7t n\u1ea1 v\u00e0 h\u1ecdc b\u1ea3ng ch\u1eef c\u00e1i Hy L\u1ea1p c\u1ed5.<\/p>\n<p>Ph\u00f9 h\u1ee3p v\u1edbi tr\u1ebb em t\u1eeb 8 \u0111\u1ebfn 12 tu\u1ed5i.<\/p>\n","protected":false},"featured_media":4838,"template":"","meta":{"_acf_changed":false},"product_brand":[],"product_cat":[25,17,26],"product_tag":[],"class_list":{"0":"post-4843","1":"product","2":"type-product","3":"status-publish","4":"has-post-thumbnail","6":"product_cat-nhi-dong-6-tuoi-12-tuoi","7":"product_cat-sach-danh-cho-cac-be","8":"product_cat-thieu-nien-11-tuoi-18-tuoi","10":"first","11":"outofstock","12":"taxable","13":"shipping-taxable","14":"purchasable","15":"product-type-simple"},"supplier_id":null,"supplier_sku":"","barcode":null,"atum_controlled":true,"out_stock_date":"2021-04-29 19:49:26","out_stock_threshold":null,"inheritable":false,"inbound_stock":0,"stock_on_hold":0,"sold_today":0,"sales_last_days":0,"reserved_stock":0,"customer_returns":0,"warehouse_damage":0,"lost_in_post":0,"other_logs":0,"out_stock_days":1735,"lost_sales":0,"has_location":false,"update_date":"2026-01-28T23:10:35","atum_locations":[],"atum_stock_status":"outofstock","restock_status":false,"low_stock_amount":"","sales_update_date":"2026-01-28T23:10:35","calc_backorders":null,"acf":{"publisher":{"ID":1544,"post_author":"1","post_date":"2021-02-17 01:24:05","post_date_gmt":"2021-02-16 23:24:05","post_content":"","post_title":"\u0110\u00f4ng A","post_excerpt":"","post_status":"publish","comment_status":"closed","ping_status":"closed","post_password":"","post_name":"dong-a","to_ping":"","pinged":"","post_modified":"2021-02-17 01:24:05","post_modified_gmt":"2021-02-16 23:24:05","post_content_filtered":"","post_parent":0,"guid":"https:\/\/sachviet.eu\/nha-phat-hanh\/dong-a\/","menu_order":0,"post_type":"publisher","post_mime_type":"","comment_count":"0","filter":"raw"}},"_links":{"self":[{"href":"https:\/\/sachviet.eu\/en\/wp-json\/wp\/v2\/product\/4843","targetHints":{"allow":["GET"]}}],"collection":[{"href":"https:\/\/sachviet.eu\/en\/wp-json\/wp\/v2\/product"}],"about":[{"href":"https:\/\/sachviet.eu\/en\/wp-json\/wp\/v2\/types\/product"}],"wp:featuredmedia":[{"embeddable":true,"href":"https:\/\/sachviet.eu\/en\/wp-json\/wp\/v2\/media\/4838"}],"wp:attachment":[{"href":"https:\/\/sachviet.eu\/en\/wp-json\/wp\/v2\/media?parent=4843"}],"wp:term":[{"taxonomy":"product_brand","embeddable":true,"href":"https:\/\/sachviet.eu\/en\/wp-json\/wp\/v2\/product_brand?post=4843"},{"taxonomy":"product_cat","embeddable":true,"href":"https:\/\/sachviet.eu\/en\/wp-json\/wp\/v2\/product_cat?post=4843"},{"taxonomy":"product_tag","embeddable":true,"href":"https:\/\/sachviet.eu\/en\/wp-json\/wp\/v2\/product_tag?post=4843"}],"curies":[{"name":"wp","href":"https:\/\/api.w.org\/{rel}","templated":true}]}}