{"id":4817,"date":"2021-03-09T01:45:21","date_gmt":"2021-03-08T23:45:21","guid":{"rendered":"https:\/\/sachviet.eu\/shop\/biet-tuot-ve-thien-van\/"},"modified":"2021-05-18T00:23:29","modified_gmt":"2021-05-17T21:23:29","slug":"biet-tuot-ve-thien-van","status":"publish","type":"product","link":"https:\/\/sachviet.eu\/en\/shop\/biet-tuot-ve-thien-van\/","title":{"rendered":"Bi\u1ebft Tu\u1ed1t V\u1ec1 Thi\u00ean V\u0103n"},"content":{"rendered":"<p>P\u00edp p\u00edp, m\u1eddi l\u00ean t\u00e0u du h\u00e0nh v\u0169 tr\u1ee5! T\u00ean t\u1edb l\u00e0 BI\u1ebeT TU\u1ed0T. T\u1edb s\u1ebd \u0111\u01b0a c\u1eadu \u0111i th\u00e1m hi\u1ec3m kh\u00f4ng gian. \u0110\u1ea3m b\u1ea3o c\u1ee9 l\u1eadt m\u1ed9t trang m\u1edbi, c\u1eadu s\u1ebd ph\u1ea3i \u201c\u1ed3, \u00e0\u201d v\u1ec1 nh\u1eefng \u0111i\u1ec1u k\u1ef3 th\u00fa trong v\u0169 tr\u1ee5 bao la c\u1ee7a ch\u00fang m\u00ecnh. \u0110\u1ea7u ti\u00ean ch\u00fang m\u00ecnh s\u1ebd \u0111i th\u0103m t\u1ea5t c\u1ea3 c\u00e1c h\u00e0nh tinh trong H\u1ec7 m\u1eb7t tr\u1eddi, t\u1eeb Sao Th\u1ee7y t\u1edbi Sao H\u1ea3i V\u01b0\u01a1ng. R\u1ed3i t\u1edb s\u1ebd \u0111\u01b0a c\u1eadu ti\u1ebfn xa h\u01a1n t\u1edbi D\u1ea3i Ng\u00e2n H\u00e0 v\u00e0 c\u00e1c thi\u00ean h\u00e0 l\u00e1ng gi\u1ec1ng kh\u00e1c. V\u1eeba \u0111i, t\u1edb s\u1ebd v\u1eeba gi\u1ea3i th\u00edch cho c\u1eadu hi\u1ec3u th\u1ebf n\u00e0o l\u00e0 V\u00e0nh \u0111ai ti\u1ec3u h\u00e0nh tinh,Tinh v\u00e2n, hay Si\u00eau t\u00e2n tinh. C\u1eadu c\u00f2n \u0111\u01b0\u1ee3c b\u1eadt m\u00ed m\u1ed9t ch\u00fat v\u1ec1 H\u1ed1 \u0111en n\u1eefa. \u0110\u00f3, t\u1ea5t c\u1ea3 nh\u1eefng g\u00ec th\u01b0\u1eddng b\u1ecb m\u1ecdi ng\u01b0\u1eddi cho l\u00e0 kh\u00f4 khan, t\u1edb s\u1ebd gi\u00fap c\u1eadu th\u1ea5y th\u00fa v\u1ecb v\u00ec ch\u00fang m\u00ecnh s\u1ebd V\u1eeaA H\u1eccC V\u1eeaA CH\u01a0I! V\u00e0 khi m\u00ecnh t\u1ea1m bi\u1ec7t nhau, t\u1edb xin h\u1ee9a danh d\u1ef1 v\u1edbi c\u1eadu, c\u1eadu s\u1ebd bi\u1ebft tu\u1ed1t v\u1ec1 thi\u00ean v\u0103n cho xem!<\/p>\n","protected":false},"excerpt":{"rendered":"<p>P\u00edp p\u00edp, m\u1eddi l\u00ean t\u00e0u du h\u00e0nh v\u0169 tr\u1ee5! T\u00ean t\u1edb l\u00e0 BI\u1ebeT TU\u1ed0T. T\u1edb s\u1ebd \u0111\u01b0a c\u1eadu \u0111i th\u00e1m hi\u1ec3m kh\u00f4ng gian. \u0110\u1ea3m b\u1ea3o c\u1ee9 l\u1eadt m\u1ed9t trang m\u1edbi, c\u1eadu s\u1ebd ph\u1ea3i \u201c\u1ed3, \u00e0\u201d v\u1ec1 nh\u1eefng \u0111i\u1ec1u k\u1ef3 th\u00fa trong v\u0169 tr\u1ee5 bao la c\u1ee7a ch\u00fang m\u00ecnh. \u0110\u1ea7u ti\u00ean ch\u00fang m\u00ecnh s\u1ebd \u0111i th\u0103m t\u1ea5t c\u1ea3 c\u00e1c h\u00e0nh tinh trong H\u1ec7 m\u1eb7t tr\u1eddi, t\u1eeb Sao Th\u1ee7y t\u1edbi Sao H\u1ea3i V\u01b0\u01a1ng. R\u1ed3i t\u1edb s\u1ebd \u0111\u01b0a c\u1eadu ti\u1ebfn xa h\u01a1n t\u1edbi D\u1ea3i Ng\u00e2n H\u00e0 v\u00e0 c\u00e1c thi\u00ean h\u00e0 l\u00e1ng gi\u1ec1ng kh\u00e1c. V\u1eeba \u0111i, t\u1edb s\u1ebd v\u1eeba gi\u1ea3i th\u00edch cho c\u1eadu hi\u1ec3u th\u1ebf n\u00e0o l\u00e0 V\u00e0nh \u0111ai ti\u1ec3u h\u00e0nh tinh,Tinh v\u00e2n, hay Si\u00eau t\u00e2n tinh. C\u1eadu c\u00f2n \u0111\u01b0\u1ee3c b\u1eadt m\u00ed m\u1ed9t ch\u00fat v\u1ec1 H\u1ed1 \u0111en n\u1eefa. \u0110\u00f3, t\u1ea5t c\u1ea3 nh\u1eefng g\u00ec th\u01b0\u1eddng b\u1ecb m\u1ecdi ng\u01b0\u1eddi cho l\u00e0 kh\u00f4 khan, t\u1edb s\u1ebd gi\u00fap c\u1eadu th\u1ea5y th\u00fa v\u1ecb v\u00ec ch\u00fang m\u00ecnh s\u1ebd V\u1eeaA H\u1eccC V\u1eeaA CH\u01a0I! V\u00e0 khi m\u00ecnh t\u1ea1m bi\u1ec7t nhau, t\u1edb xin h\u1ee9a danh d\u1ef1 v\u1edbi c\u1eadu, c\u1eadu s\u1ebd bi\u1ebft tu\u1ed1t v\u1ec1 thi\u00ean v\u0103n cho xem!<\/p>\n","protected":false},"featured_media":4816,"template":"","meta":{"_acf_changed":false},"product_brand":[],"product_cat":[25,17,26],"product_tag":[],"class_list":{"0":"post-4817","1":"product","2":"type-product","3":"status-publish","4":"has-post-thumbnail","6":"product_cat-nhi-dong-6-tuoi-12-tuoi","7":"product_cat-sach-danh-cho-cac-be","8":"product_cat-thieu-nien-11-tuoi-18-tuoi","10":"first","11":"outofstock","12":"taxable","13":"shipping-taxable","14":"purchasable","15":"product-type-simple"},"supplier_id":null,"supplier_sku":"","barcode":null,"atum_controlled":true,"out_stock_date":"2021-03-09 13:33:47","out_stock_threshold":null,"inheritable":false,"inbound_stock":0,"stock_on_hold":0,"sold_today":0,"sales_last_days":0,"reserved_stock":0,"customer_returns":0,"warehouse_damage":0,"lost_in_post":0,"other_logs":0,"out_stock_days":1786,"lost_sales":0,"has_location":false,"update_date":"2026-01-28T23:10:35","atum_locations":[],"atum_stock_status":"outofstock","restock_status":false,"low_stock_amount":"","sales_update_date":"2026-01-28T23:10:35","calc_backorders":null,"acf":{"publisher":{"ID":1474,"post_author":"1","post_date":"2021-02-17 01:12:51","post_date_gmt":"2021-02-16 23:12:51","post_content":"","post_title":"Th\u00e1i H\u00e0","post_excerpt":"","post_status":"publish","comment_status":"closed","ping_status":"closed","post_password":"","post_name":"thai-ha","to_ping":"","pinged":"","post_modified":"2021-02-17 01:12:51","post_modified_gmt":"2021-02-16 23:12:51","post_content_filtered":"","post_parent":0,"guid":"https:\/\/sachviet.eu\/nha-phat-hanh\/thai-ha\/","menu_order":0,"post_type":"publisher","post_mime_type":"","comment_count":"0","filter":"raw"}},"_links":{"self":[{"href":"https:\/\/sachviet.eu\/en\/wp-json\/wp\/v2\/product\/4817","targetHints":{"allow":["GET"]}}],"collection":[{"href":"https:\/\/sachviet.eu\/en\/wp-json\/wp\/v2\/product"}],"about":[{"href":"https:\/\/sachviet.eu\/en\/wp-json\/wp\/v2\/types\/product"}],"wp:featuredmedia":[{"embeddable":true,"href":"https:\/\/sachviet.eu\/en\/wp-json\/wp\/v2\/media\/4816"}],"wp:attachment":[{"href":"https:\/\/sachviet.eu\/en\/wp-json\/wp\/v2\/media?parent=4817"}],"wp:term":[{"taxonomy":"product_brand","embeddable":true,"href":"https:\/\/sachviet.eu\/en\/wp-json\/wp\/v2\/product_brand?post=4817"},{"taxonomy":"product_cat","embeddable":true,"href":"https:\/\/sachviet.eu\/en\/wp-json\/wp\/v2\/product_cat?post=4817"},{"taxonomy":"product_tag","embeddable":true,"href":"https:\/\/sachviet.eu\/en\/wp-json\/wp\/v2\/product_tag?post=4817"}],"curies":[{"name":"wp","href":"https:\/\/api.w.org\/{rel}","templated":true}]}}