{"id":4815,"date":"2021-03-09T01:45:18","date_gmt":"2021-03-08T23:45:18","guid":{"rendered":"https:\/\/sachviet.eu\/shop\/biet-tuot-ve-tien-bac\/"},"modified":"2021-05-18T00:23:41","modified_gmt":"2021-05-17T21:23:41","slug":"biet-tuot-ve-tien-bac","status":"publish","type":"product","link":"https:\/\/sachviet.eu\/en\/shop\/biet-tuot-ve-tien-bac\/","title":{"rendered":"Bi\u1ebft tu\u1ed1t v\u1ec1 ti\u1ec1n b\u1ea1c"},"content":{"rendered":"<p>N\u00e0y, ti-vi h\u00e0ng ng\u00e0y v\u1eabn n\u00f3i nh\u1eefng t\u1eeb g\u00ec m\u00e0 \u201cng\u00e2n h\u00e0ng\u201d, \u201cng\u00e2n qu\u1ef9\u201d, \u201cc\u1ed5 phi\u1ebfu\u201d? V\u00e0 c\u00f2n bao nhi\u00eau l\u00e0 th\u1ebb n\u1eefa ch\u1ee9, n\u00e0o \u201cth\u1ebb ghi n\u1ee3\u201d n\u00e0o \u201cth\u1ebb t\u00edn d\u1ee5ng\u201d? Th\u1eadt kh\u00f3 hi\u1ec3u. Nh\u01b0ng c\u1eadu \u0111\u1eebng v\u1ed9i lo l\u1eafng, t\u1eeb t\u1eeb t\u1edb s\u1ebd gi\u00fap c\u1eadu hi\u1ec3u ch\u00fang ngay th\u00f4i. C\u00f3 t\u1edb \u1edf b\u00ean, c\u1eadu s\u1ebd th\u1ea5y t\u1ea5t c\u1ea3 d\u1ec5 nh\u01b0 m\u1ed9t c\u00e1i b\u00fang tay \u1ea5y!<\/p>\n<p>Khi k\u1ebft th\u00fac chuy\u1ebfn kh\u00e1m ph\u00e1 n\u00e0y, c\u1eadu s\u1ebd hi\u1ec3u nh\u1eefng t\u1eeb c\u01a1 b\u1ea3n li\u00ean quan \u0111\u1ebfn ti\u1ec1n nh\u01b0 \u201cki\u1ebfm ti\u1ec1n\u201d n\u00e0y, \u201cti\u1ebft ki\u1ec7m\u201d, \u201cti\u00eau ti\u1ec1n\u201d v\u00e0 \u201cchia s\u1ebb\u201d n\u00e0y. C\u1eadu c\u0169ng s\u1ebd bi\u1ebft c\u00e1ch qu\u1ea3n l\u00fd ti\u1ec1n th\u1eadt t\u1ed1t n\u1eefa. Ch\u00fang m\u00ecnh s\u1ebd c\u00f9ng nhau V\u1eeaA H\u1eccC V\u1eeaA CH\u01a0I! V\u00e0 khi m\u00ecnh t\u1ea1m bi\u1ec7t nhau, t\u1edb xin h\u1ee9a danh d\u1ef1 v\u1edbi c\u1eadu, c\u1eadu s\u1ebd bi\u1ebft tu\u1ed1t v\u1ec1 ti\u1ec1n cho xem!<\/p>\n","protected":false},"excerpt":{"rendered":"<p>N\u00e0y, ti-vi h\u00e0ng ng\u00e0y v\u1eabn n\u00f3i nh\u1eefng t\u1eeb g\u00ec m\u00e0 \u201cng\u00e2n h\u00e0ng\u201d, \u201cng\u00e2n qu\u1ef9\u201d, \u201cc\u1ed5 phi\u1ebfu\u201d? V\u00e0 c\u00f2n bao nhi\u00eau l\u00e0 th\u1ebb n\u1eefa ch\u1ee9, n\u00e0o \u201cth\u1ebb ghi n\u1ee3\u201d n\u00e0o \u201cth\u1ebb t\u00edn d\u1ee5ng\u201d? Th\u1eadt kh\u00f3 hi\u1ec3u. Nh\u01b0ng c\u1eadu \u0111\u1eebng v\u1ed9i lo l\u1eafng, t\u1eeb t\u1eeb t\u1edb s\u1ebd gi\u00fap c\u1eadu hi\u1ec3u ch\u00fang ngay th\u00f4i. C\u00f3 t\u1edb \u1edf b\u00ean, c\u1eadu s\u1ebd th\u1ea5y t\u1ea5t c\u1ea3 d\u1ec5 nh\u01b0 m\u1ed9t c\u00e1i b\u00fang tay \u1ea5y!<\/p>\n<p>Khi k\u1ebft th\u00fac chuy\u1ebfn kh\u00e1m ph\u00e1 n\u00e0y, c\u1eadu s\u1ebd hi\u1ec3u nh\u1eefng t\u1eeb c\u01a1 b\u1ea3n li\u00ean quan \u0111\u1ebfn ti\u1ec1n nh\u01b0 \u201cki\u1ebfm ti\u1ec1n\u201d n\u00e0y, \u201cti\u1ebft ki\u1ec7m\u201d, \u201cti\u00eau ti\u1ec1n\u201d v\u00e0 \u201cchia s\u1ebb\u201d n\u00e0y. C\u1eadu c\u0169ng s\u1ebd bi\u1ebft c\u00e1ch qu\u1ea3n l\u00fd ti\u1ec1n th\u1eadt t\u1ed1t n\u1eefa. Ch\u00fang m\u00ecnh s\u1ebd c\u00f9ng nhau V\u1eeaA H\u1eccC V\u1eeaA CH\u01a0I! V\u00e0 khi m\u00ecnh t\u1ea1m bi\u1ec7t nhau, t\u1edb xin h\u1ee9a danh d\u1ef1 v\u1edbi c\u1eadu, c\u1eadu s\u1ebd bi\u1ebft tu\u1ed1t v\u1ec1 ti\u1ec1n cho xem!<\/p>\n","protected":false},"featured_media":4814,"template":"","meta":{"_acf_changed":false},"product_brand":[],"product_cat":[25,17,26],"product_tag":[],"class_list":{"0":"post-4815","1":"product","2":"type-product","3":"status-publish","4":"has-post-thumbnail","6":"product_cat-nhi-dong-6-tuoi-12-tuoi","7":"product_cat-sach-danh-cho-cac-be","8":"product_cat-thieu-nien-11-tuoi-18-tuoi","10":"first","11":"outofstock","12":"taxable","13":"shipping-taxable","14":"purchasable","15":"product-type-simple"},"supplier_id":null,"supplier_sku":"","barcode":null,"atum_controlled":true,"out_stock_date":"2021-03-09 13:33:47","out_stock_threshold":null,"inheritable":false,"inbound_stock":0,"stock_on_hold":0,"sold_today":0,"sales_last_days":0,"reserved_stock":0,"customer_returns":0,"warehouse_damage":0,"lost_in_post":0,"other_logs":0,"out_stock_days":1786,"lost_sales":0,"has_location":false,"update_date":"2026-01-28T23:10:35","atum_locations":[],"atum_stock_status":"outofstock","restock_status":false,"low_stock_amount":"","sales_update_date":"2026-01-28T23:10:35","calc_backorders":null,"acf":{"publisher":{"ID":1474,"post_author":"1","post_date":"2021-02-17 01:12:51","post_date_gmt":"2021-02-16 23:12:51","post_content":"","post_title":"Th\u00e1i H\u00e0","post_excerpt":"","post_status":"publish","comment_status":"closed","ping_status":"closed","post_password":"","post_name":"thai-ha","to_ping":"","pinged":"","post_modified":"2021-02-17 01:12:51","post_modified_gmt":"2021-02-16 23:12:51","post_content_filtered":"","post_parent":0,"guid":"https:\/\/sachviet.eu\/nha-phat-hanh\/thai-ha\/","menu_order":0,"post_type":"publisher","post_mime_type":"","comment_count":"0","filter":"raw"}},"_links":{"self":[{"href":"https:\/\/sachviet.eu\/en\/wp-json\/wp\/v2\/product\/4815","targetHints":{"allow":["GET"]}}],"collection":[{"href":"https:\/\/sachviet.eu\/en\/wp-json\/wp\/v2\/product"}],"about":[{"href":"https:\/\/sachviet.eu\/en\/wp-json\/wp\/v2\/types\/product"}],"wp:featuredmedia":[{"embeddable":true,"href":"https:\/\/sachviet.eu\/en\/wp-json\/wp\/v2\/media\/4814"}],"wp:attachment":[{"href":"https:\/\/sachviet.eu\/en\/wp-json\/wp\/v2\/media?parent=4815"}],"wp:term":[{"taxonomy":"product_brand","embeddable":true,"href":"https:\/\/sachviet.eu\/en\/wp-json\/wp\/v2\/product_brand?post=4815"},{"taxonomy":"product_cat","embeddable":true,"href":"https:\/\/sachviet.eu\/en\/wp-json\/wp\/v2\/product_cat?post=4815"},{"taxonomy":"product_tag","embeddable":true,"href":"https:\/\/sachviet.eu\/en\/wp-json\/wp\/v2\/product_tag?post=4815"}],"curies":[{"name":"wp","href":"https:\/\/api.w.org\/{rel}","templated":true}]}}