{"id":4813,"date":"2021-03-09T01:45:14","date_gmt":"2021-03-08T23:45:14","guid":{"rendered":"https:\/\/sachviet.eu\/shop\/biet-tuot-ve-do-luong\/"},"modified":"2021-05-18T00:23:49","modified_gmt":"2021-05-17T21:23:49","slug":"biet-tuot-ve-do-luong","status":"publish","type":"product","link":"https:\/\/sachviet.eu\/en\/shop\/biet-tuot-ve-do-luong\/","title":{"rendered":"Bi\u1ebft tu\u1ed1t v\u1ec1 \u0111o l\u01b0\u1eddng"},"content":{"rendered":"<p>\u0110\u1ecdc s\u00e1ch b\u00e1o, c\u1eadu th\u1ea5y \u00f9 h\u1ebft c\u1ea3 tai v\u1edbi \u201cm\u00e9t\u201d, \u201cph\u00edt\u201d, \u201cin-s\u01a1\u201d. Tr\u00ean ti-vi th\u00ec n\u00f3i c\u00e1i g\u00ec m\u00e0 \u201cbit\u201d v\u1edbi \u201cbyte\u201d \u1ea5y nh\u1ec9. L\u1ea1i c\u00f2n tr\u1ecdng l\u01b0\u1ee3ng v\u00e0 kh\u1ed1i l\u01b0\u1ee3ng, c\u00f9ng l\u00e0 \u201cl\u01b0\u1ee3ng\u201d sao t\u00ean l\u1ea1i kh\u00e1c nhau? N\u00e0o n\u00e0o, y\u00ean t\u00e2m! \u0110i l\u1ea5y ngay m\u1ed9t c\u00e1i k\u1eb9o m\u00fat \u0111i n\u00e0o. Khi c\u00f3 t\u1edb \u1edf b\u00ean, c\u1eadu s\u1ebd th\u1ea5y t\u1ea5t c\u1ea3 nh\u1eefng th\u1ee9 \u0111\u00f3 th\u1eadt vui, th\u1eadt ng\u1ecdt ng\u00e0o v\u00e0 th\u1eadt d\u1ec5 hi\u1ec3u, nh\u01b0 nh\u00e2m nhi m\u1ed9t chi\u1ebfc k\u1eb9o m\u00fat v\u1eady!<\/p>\n<p>Khi k\u1ebft th\u00fac chuy\u1ebfn kh\u00e1m ph\u00e1 n\u00e0y, c\u1eadu s\u1ebd bi\u1ebft c\u00e1ch \u0111o chi\u1ec1u d\u00e0i n\u00e0y, \u0111o kh\u1ed1i l\u01b0\u1ee3ng, \u0111o th\u1eddi gian, \u0111o \u0111\u1ed9 m\u1ea1nh\/y\u1ebfu n\u00e0y, l\u1ea1i c\u00f2n bi\u1ebft c\u00e1ch chuy\u1ec3n \u0111\u1ed5i gi\u1eefa c\u00e1c \u0111\u01a1n v\u1ecb \u0111o n\u1eefa. Ch\u00fang m\u00ecnh s\u1ebd c\u00f9ng nhau V\u1eeaA H\u1eccC V\u1eeaA CH\u01a0I! V\u00e0 khi m\u00ecnh t\u1ea1m bi\u1ec7t nhau, t\u1edb xin h\u1ee9a danh d\u1ef1 v\u1edbi c\u1eadu, c\u1eadu s\u1ebd bi\u1ebft tu\u1ed1t v\u1ec1 \u0111o l\u01b0\u1eddng cho xem!<\/p>\n","protected":false},"excerpt":{"rendered":"<p>\u0110\u1ecdc s\u00e1ch b\u00e1o, c\u1eadu th\u1ea5y \u00f9 h\u1ebft c\u1ea3 tai v\u1edbi \u201cm\u00e9t\u201d, \u201cph\u00edt\u201d, \u201cin-s\u01a1\u201d. Tr\u00ean ti-vi th\u00ec n\u00f3i c\u00e1i g\u00ec m\u00e0 \u201cbit\u201d v\u1edbi \u201cbyte\u201d \u1ea5y nh\u1ec9. L\u1ea1i c\u00f2n tr\u1ecdng l\u01b0\u1ee3ng v\u00e0 kh\u1ed1i l\u01b0\u1ee3ng, c\u00f9ng l\u00e0 \u201cl\u01b0\u1ee3ng\u201d sao t\u00ean l\u1ea1i kh\u00e1c nhau? N\u00e0o n\u00e0o, y\u00ean t\u00e2m! \u0110i l\u1ea5y ngay m\u1ed9t c\u00e1i k\u1eb9o m\u00fat \u0111i n\u00e0o. Khi c\u00f3 t\u1edb \u1edf b\u00ean, c\u1eadu s\u1ebd th\u1ea5y t\u1ea5t c\u1ea3 nh\u1eefng th\u1ee9 \u0111\u00f3 th\u1eadt vui, th\u1eadt ng\u1ecdt ng\u00e0o v\u00e0 th\u1eadt d\u1ec5 hi\u1ec3u, nh\u01b0 nh\u00e2m nhi m\u1ed9t chi\u1ebfc k\u1eb9o m\u00fat v\u1eady!<\/p>\n<p>Khi k\u1ebft th\u00fac chuy\u1ebfn kh\u00e1m ph\u00e1 n\u00e0y, c\u1eadu s\u1ebd bi\u1ebft c\u00e1ch \u0111o chi\u1ec1u d\u00e0i n\u00e0y, \u0111o kh\u1ed1i l\u01b0\u1ee3ng, \u0111o th\u1eddi gian, \u0111o \u0111\u1ed9 m\u1ea1nh\/y\u1ebfu n\u00e0y, l\u1ea1i c\u00f2n bi\u1ebft c\u00e1ch chuy\u1ec3n \u0111\u1ed5i gi\u1eefa c\u00e1c \u0111\u01a1n v\u1ecb \u0111o n\u1eefa. Ch\u00fang m\u00ecnh s\u1ebd c\u00f9ng nhau V\u1eeaA H\u1eccC V\u1eeaA CH\u01a0I! V\u00e0 khi m\u00ecnh t\u1ea1m bi\u1ec7t nhau, t\u1edb xin h\u1ee9a danh d\u1ef1 v\u1edbi c\u1eadu, c\u1eadu s\u1ebd bi\u1ebft tu\u1ed1t v\u1ec1 \u0111o l\u01b0\u1eddng cho xem!<\/p>\n","protected":false},"featured_media":4812,"template":"","meta":{"_acf_changed":false},"product_brand":[],"product_cat":[25,17,26],"product_tag":[],"class_list":{"0":"post-4813","1":"product","2":"type-product","3":"status-publish","4":"has-post-thumbnail","6":"product_cat-nhi-dong-6-tuoi-12-tuoi","7":"product_cat-sach-danh-cho-cac-be","8":"product_cat-thieu-nien-11-tuoi-18-tuoi","10":"first","11":"outofstock","12":"taxable","13":"shipping-taxable","14":"purchasable","15":"product-type-simple"},"supplier_id":null,"supplier_sku":"","barcode":null,"atum_controlled":true,"out_stock_date":"2021-03-09 13:33:47","out_stock_threshold":null,"inheritable":false,"inbound_stock":0,"stock_on_hold":0,"sold_today":0,"sales_last_days":0,"reserved_stock":0,"customer_returns":0,"warehouse_damage":0,"lost_in_post":0,"other_logs":0,"out_stock_days":1786,"lost_sales":0,"has_location":false,"update_date":"2026-01-28T23:10:35","atum_locations":[],"atum_stock_status":"outofstock","restock_status":false,"low_stock_amount":"","sales_update_date":"2026-01-28T23:10:35","calc_backorders":null,"acf":{"publisher":{"ID":1474,"post_author":"1","post_date":"2021-02-17 01:12:51","post_date_gmt":"2021-02-16 23:12:51","post_content":"","post_title":"Th\u00e1i H\u00e0","post_excerpt":"","post_status":"publish","comment_status":"closed","ping_status":"closed","post_password":"","post_name":"thai-ha","to_ping":"","pinged":"","post_modified":"2021-02-17 01:12:51","post_modified_gmt":"2021-02-16 23:12:51","post_content_filtered":"","post_parent":0,"guid":"https:\/\/sachviet.eu\/nha-phat-hanh\/thai-ha\/","menu_order":0,"post_type":"publisher","post_mime_type":"","comment_count":"0","filter":"raw"}},"_links":{"self":[{"href":"https:\/\/sachviet.eu\/en\/wp-json\/wp\/v2\/product\/4813","targetHints":{"allow":["GET"]}}],"collection":[{"href":"https:\/\/sachviet.eu\/en\/wp-json\/wp\/v2\/product"}],"about":[{"href":"https:\/\/sachviet.eu\/en\/wp-json\/wp\/v2\/types\/product"}],"wp:featuredmedia":[{"embeddable":true,"href":"https:\/\/sachviet.eu\/en\/wp-json\/wp\/v2\/media\/4812"}],"wp:attachment":[{"href":"https:\/\/sachviet.eu\/en\/wp-json\/wp\/v2\/media?parent=4813"}],"wp:term":[{"taxonomy":"product_brand","embeddable":true,"href":"https:\/\/sachviet.eu\/en\/wp-json\/wp\/v2\/product_brand?post=4813"},{"taxonomy":"product_cat","embeddable":true,"href":"https:\/\/sachviet.eu\/en\/wp-json\/wp\/v2\/product_cat?post=4813"},{"taxonomy":"product_tag","embeddable":true,"href":"https:\/\/sachviet.eu\/en\/wp-json\/wp\/v2\/product_tag?post=4813"}],"curies":[{"name":"wp","href":"https:\/\/api.w.org\/{rel}","templated":true}]}}