{"id":4808,"date":"2021-03-09T01:45:05","date_gmt":"2021-03-08T23:45:05","guid":{"rendered":"https:\/\/sachviet.eu\/shop\/bac-si-aibolit\/"},"modified":"2021-05-18T00:24:15","modified_gmt":"2021-05-17T21:24:15","slug":"bac-si-aibolit","status":"publish","type":"product","link":"https:\/\/sachviet.eu\/en\/shop\/bac-si-aibolit\/","title":{"rendered":"B\u00e1c S\u0129 Aib\u00f4l\u00edt"},"content":{"rendered":"<p>B\u00e1c S\u0129 Aib\u00f4l\u00edt B\u00e1c s\u0129 Aib\u00f4lit l\u00e0 m\u1ed9t trong nh\u1eefng t\u00e1c ph\u1ea9m hay nh\u1ea5t vi\u1ebft cho thi\u1ebfu nhi c\u1ee7a nh\u00e0 v\u0103n Nga n\u1ed5i ti\u1ebfng C\u00f3ocn\u00e2y Truc\u1ed1pXki. Nh\u00e2n v\u1eadt ch\u00ednh c\u1ee7a ti\u1ec3u thuy\u1ebft l\u00e0 b\u00e1c s\u0129 Aib\u00f4lit, m\u1ed9t ng\u01b0\u1eddi gi\u00e0u l\u00f2ng nh\u00e2n \u00e1i. \u00d4ng r\u1ea5t y\u00eau qu\u00fd b\u1ecdn chim mu\u00f4ng, th\u00fa v\u1eadt. N\u01a1i n\u00e0o c\u00f3 b\u1ec7nh nh\u00e2n \u00f4ng \u0111\u1ec1u \u0111i \u0111\u1ebfn \u0111\u1ec3 ch\u1eefa b\u1ec7nh v\u00e0 mu\u00f4n lo\u00e0i \u0111\u1ec1u l\u00e0m m\u1ecdi th\u1ee9 m\u00e0 \u00f4ng y\u00eau c\u1ea7u. \u00d4ng c\u01b0u mang nh\u1eefng con v\u1eadt \u0111\u00e1ng th\u01b0\u01a1ng g\u1eb7p n\u1ea1n. S\u1ed1ng c\u00f9ng \u00f4ng c\u00f3 c\u00f4 S\u1ebfu, ch\u00fa c\u00e1 S\u1ea5u, con C\u00fa, ch\u00fa S\u00f3c&#8230; v\u00e0 \u0111\u1eb7c bi\u1ec7t l\u00e0 con K\u00e9o \u0110\u1ea9y.<\/p>\n","protected":false},"excerpt":{"rendered":"<p>B\u00e1c S\u0129 Aib\u00f4l\u00edt B\u00e1c s\u0129 Aib\u00f4lit l\u00e0 m\u1ed9t trong nh\u1eefng t\u00e1c ph\u1ea9m hay nh\u1ea5t vi\u1ebft cho thi\u1ebfu nhi c\u1ee7a nh\u00e0 v\u0103n Nga n\u1ed5i ti\u1ebfng C\u00f3ocn\u00e2y Truc\u1ed1pXki. Nh\u00e2n v\u1eadt ch\u00ednh c\u1ee7a ti\u1ec3u thuy\u1ebft l\u00e0 b\u00e1c s\u0129 Aib\u00f4lit, m\u1ed9t ng\u01b0\u1eddi gi\u00e0u l\u00f2ng nh\u00e2n \u00e1i. \u00d4ng r\u1ea5t y\u00eau qu\u00fd b\u1ecdn chim mu\u00f4ng, th\u00fa v\u1eadt. N\u01a1i n\u00e0o c\u00f3 b\u1ec7nh nh\u00e2n \u00f4ng \u0111\u1ec1u \u0111i \u0111\u1ebfn \u0111\u1ec3 ch\u1eefa b\u1ec7nh v\u00e0 mu\u00f4n lo\u00e0i \u0111\u1ec1u l\u00e0m m\u1ecdi th\u1ee9 m\u00e0 \u00f4ng y\u00eau c\u1ea7u. \u00d4ng c\u01b0u mang nh\u1eefng con v\u1eadt \u0111\u00e1ng th\u01b0\u01a1ng g\u1eb7p n\u1ea1n. S\u1ed1ng c\u00f9ng \u00f4ng c\u00f3 c\u00f4 S\u1ebfu, ch\u00fa c\u00e1 S\u1ea5u, con C\u00fa, ch\u00fa S\u00f3c&#8230; v\u00e0 \u0111\u1eb7c bi\u1ec7t l\u00e0 con K\u00e9o \u0110\u1ea9y.<\/p>\n","protected":false},"featured_media":4807,"template":"","meta":{"_acf_changed":false},"product_brand":[],"product_cat":[25,17,26],"product_tag":[],"class_list":{"0":"post-4808","1":"product","2":"type-product","3":"status-publish","4":"has-post-thumbnail","6":"product_cat-nhi-dong-6-tuoi-12-tuoi","7":"product_cat-sach-danh-cho-cac-be","8":"product_cat-thieu-nien-11-tuoi-18-tuoi","10":"first","11":"outofstock","12":"taxable","13":"shipping-taxable","14":"purchasable","15":"product-type-simple"},"supplier_id":null,"supplier_sku":"","barcode":null,"atum_controlled":true,"out_stock_date":"2021-03-09 13:33:47","out_stock_threshold":null,"inheritable":false,"inbound_stock":0,"stock_on_hold":0,"sold_today":0,"sales_last_days":0,"reserved_stock":0,"customer_returns":0,"warehouse_damage":0,"lost_in_post":0,"other_logs":0,"out_stock_days":1786,"lost_sales":0,"has_location":false,"update_date":"2026-01-28T23:10:35","atum_locations":[],"atum_stock_status":"outofstock","restock_status":false,"low_stock_amount":"","sales_update_date":"2026-01-28T23:10:35","calc_backorders":null,"acf":{"publisher":{"ID":4806,"post_author":"1","post_date":"2021-03-09 01:45:01","post_date_gmt":"2021-03-08 23:45:01","post_content":"","post_title":"Li\u00ean Vi\u1ec7t","post_excerpt":"","post_status":"publish","comment_status":"closed","ping_status":"closed","post_password":"","post_name":"lien-viet","to_ping":"","pinged":"","post_modified":"2021-03-09 01:45:01","post_modified_gmt":"2021-03-08 23:45:01","post_content_filtered":"","post_parent":0,"guid":"https:\/\/sachviet.eu\/blog\/nha-phat-hanh\/lien-viet\/","menu_order":0,"post_type":"publisher","post_mime_type":"","comment_count":"0","filter":"raw"}},"_links":{"self":[{"href":"https:\/\/sachviet.eu\/en\/wp-json\/wp\/v2\/product\/4808","targetHints":{"allow":["GET"]}}],"collection":[{"href":"https:\/\/sachviet.eu\/en\/wp-json\/wp\/v2\/product"}],"about":[{"href":"https:\/\/sachviet.eu\/en\/wp-json\/wp\/v2\/types\/product"}],"wp:featuredmedia":[{"embeddable":true,"href":"https:\/\/sachviet.eu\/en\/wp-json\/wp\/v2\/media\/4807"}],"wp:attachment":[{"href":"https:\/\/sachviet.eu\/en\/wp-json\/wp\/v2\/media?parent=4808"}],"wp:term":[{"taxonomy":"product_brand","embeddable":true,"href":"https:\/\/sachviet.eu\/en\/wp-json\/wp\/v2\/product_brand?post=4808"},{"taxonomy":"product_cat","embeddable":true,"href":"https:\/\/sachviet.eu\/en\/wp-json\/wp\/v2\/product_cat?post=4808"},{"taxonomy":"product_tag","embeddable":true,"href":"https:\/\/sachviet.eu\/en\/wp-json\/wp\/v2\/product_tag?post=4808"}],"curies":[{"name":"wp","href":"https:\/\/api.w.org\/{rel}","templated":true}]}}