{"id":4803,"date":"2021-03-09T01:44:56","date_gmt":"2021-03-08T23:44:56","guid":{"rendered":"https:\/\/sachviet.eu\/shop\/viet-nam-phong-tuc\/"},"modified":"2021-05-18T00:24:37","modified_gmt":"2021-05-17T21:24:37","slug":"viet-nam-phong-tuc","status":"publish","type":"product","link":"https:\/\/sachviet.eu\/en\/shop\/viet-nam-phong-tuc\/","title":{"rendered":"Vi\u1ec7t Nam Phong T\u1ee5c"},"content":{"rendered":"<p>\u1ea4n b\u1ea3n \u0111\u1ea7y \u0111\u1ee7 nh\u1ea5t c\u1ee7a \u201cVi\u1ec7t Nam phong t\u1ee5c\u201d &#8211; t\u1eadp kh\u1ea3o c\u1ee9u to\u00e0n di\u1ec7n v\u1ec1 phong t\u1ee5c, t\u1eadp qu\u00e1n c\u1ee7a ng\u01b0\u1eddi Vi\u1ec7t x\u01b0a c\u1ee7a h\u1ecdc gi\u1ea3 Phan K\u1ebf B\u00ednh. T\u1eadp s\u00e1ch c\u00f3 th\u00eam ph\u1ea7n ch\u00fa gi\u1ea3i, hi\u1ec7u ch\u1ec9nh gi\u00fap \u0111\u1ed9c gi\u1ea3 ng\u00e0y nay c\u00f3 th\u1ec3 hi\u1ec3u r\u00f5 h\u01a1n t\u00e1c ph\u1ea9m.<\/p>\n<p>&#8220;Vi\u1ec7t Nam phong t\u1ee5c\u201d l\u00e0 m\u1ed9t nghi\u00ean c\u1ee9u kh\u00e1 k\u0129 l\u01b0\u1ee1ng, b\u1ee9c tranh to\u00e0n di\u1ec7n v\u1ec1 phong t\u1ee5c, t\u1eadp qu\u00e1n c\u1ee7a ng\u01b0\u1eddi Vi\u1ec7t, t\u1eeb phong t\u1ee5c trong gia \u0111\u00ecnh, l\u00e0ng x\u00e3 \u0111\u1ebfn phong t\u1ee5c qu\u1ed1c gia, x\u00e3 h\u1ed9i \u0111\u01b0\u1ee3c vi\u1ebft v\u1edbi v\u0103n phong hi\u1ec7n \u0111\u1ea1i d\u00f9 v\u1eabn ch\u1ecbu \u1ea3nh h\u01b0\u1edfng c\u1ee7a l\u1ed1i vi\u1ebft bi\u1ec1n ng\u1eabu \u0111\u0103ng \u0111\u1ed1i trong v\u0103n h\u1ecdc c\u1ed5. M\u1ed7i ch\u01b0\u01a1ng, m\u1ee5c \u0111\u1ec1u \u0111\u01b0\u1ee3c t\u00e1c gi\u1ea3 tr\u00ecnh b\u00e0y v\u00e0 di\u1ec5n gi\u1ea3i kh\u00fac chi\u1ebft, ng\u1eafn g\u1ecdn, r\u00f5 r\u00e0ng v\u1edbi quan \u0111i\u1ec3m kh\u00e1 t\u00e2n ti\u1ebfn so v\u1edbi nh\u1eefng ng\u01b0\u1eddi c\u00f9ng th\u1eddi.<\/p>\n<p>\u1ea4n b\u1ea3n \u201cVi\u1ec7t Nam phong t\u1ee5c\u201d c\u1ee7a NXB Kim \u0110\u1ed3ng \u0111\u01b0\u1ee3c in b\u00eca c\u1ee9ng v\u1edbi g\u1ea7n 100 minh ho\u1ea1 s\u1ed1ng \u0111\u1ed9ng c\u1ee7a ho\u1ea1 s\u0129 B\u00f9i Ng\u1ecdc Thu\u1ef7.<\/p>\n<p>\u201cTa ngo\u1ea3nh l\u1ea1i m\u00e0 xem nh\u1eefng t\u1ee5c c\u0169 th\u00ec t\u1ecf ra nhi\u1ec1u \u0111i\u1ec1u ng\u00e0y tr\u01b0\u1edbc l\u00e0 hay m\u00e0 b\u00e2y gi\u1edd h\u00f3a ra h\u1ee7 b\u1ea1i l\u1eafm r\u1ed3i.<\/p>\n<p>\u0110\u00f3 c\u0169ng kh\u00f4ng ph\u1ea3i l\u00e0 t\u1ed5 ti\u00ean ta khi tr\u01b0\u1edbc c\u00f3 v\u1ee5ng d\u1ea1i g\u00ec, ch\u1ec9 l\u00e0 th\u1eddi th\u1ebf m\u1ed7i l\u00fac m\u1ed9t kh\u00e1c, m\u00e0 m\u1ed7i l\u1ea7n bi\u1ebfn c\u1ea3i th\u00ec c\u00e1i tr\u00ecnh \u0111\u1ed9 khai h\u00f3a l\u1ea1i t\u1ea5n t\u1edbi th\u00eam l\u00ean m\u1ed9t t\u1ea7ng. \u1ea4y c\u0169ng l\u00e0 c\u00e1i l\u1ebd t\u1ef1 nhi\u00ean c\u1ee7a t\u1ea1o h\u00f3a nh\u01b0 th\u1ebf.<\/p>\n<p>Tuy v\u1eady c\u00e1i t\u1ee5c c\u0169 truy\u1ec1n nhi\u1ec5m \u0111\u00e3 l\u00e2u, kh\u00f4ng d\u1ec5 m\u00e0 m\u1ed9t mai \u0111\u1ed5i ngay \u0111\u01b0\u1ee3c. Mu\u1ed1n \u0111\u1ed5i th\u00ec ph\u1ea3i l\u1ef1a d\u1ea7n d\u1ea7n, tr\u01b0\u1edbc h\u1ebft ph\u1ea3i x\u00e9t \u0111i\u1ec1u g\u00ec qu\u00e1 t\u1ec7 m\u00e0 b\u1ecf b\u1edbt \u0111i, r\u1ed3i l\u00e2u l\u00e2u m\u1edbi \u0111em c\u00e1i t\u1ee5c hay m\u00e0 b\u1ed5 h\u1ebft cho c\u00e1c t\u1ee5c d\u1edf. C\u00f2n t\u1ee5c g\u00ec hay m\u00e0 l\u00e0 qu\u1ed1c t\u00fay c\u1ee7a ta th\u00ec c\u1ee9 gi\u1eef l\u1ea5y.\u201d<\/p>\n<p>Vi\u1ec7t Nam phong t\u1ee5c<\/p>\n<p>Phan K\u1ebf B\u00ednh (1875 \u2013 1921), hi\u1ec7u l\u00e0 B\u01b0u V\u0103n, qu\u00ea \u1edf l\u00e0ng Th\u1ee5y Kh\u00ea, huy\u1ec7n Ho\u00e0n Long, t\u1ec9nh H\u00e0 \u0110\u00f4ng (nay thu\u1ed9c ph\u01b0\u1eddng Th\u1ee5y Khu\u00ea, qu\u1eadn T\u00e2y H\u1ed3, H\u00e0 N\u1ed9i). \u00d4ng l\u00e0 m\u1ed9t nh\u00e0 b\u00e1o, nh\u00e0 kh\u1ea3o c\u1ee9u v\u00e0 d\u1ecbch gi\u1ea3 n\u1ed5i ti\u1ebfng c\u1ee7a Vi\u1ec7t Nam \u0111\u1ea7u th\u1ebf k\u1ec9 20.<\/p>\n<p>T\u00ean tu\u1ed5i c\u1ee7a \u00f4ng g\u1eafn li\u1ec1n v\u1edbi c\u00e1c t\u1edd b\u00e1o \u00d0\u00f4ng D\u01b0\u01a1ng t\u1ea1p ch\u00ed, L\u1ee5c t\u1ec9nh t\u00e2n v\u0103n, Trung B\u1eafc t\u00e2n v\u0103n. \u0110\u1eb7c bi\u1ec7t, \u00f4ng c\u00f3 th\u1eddi gian l\u00e0m trong ban bi\u00ean t\u1eadp \u0110\u00f4ng D\u01b0\u01a1ng t\u1ea1p ch\u00ed, v\u00e0 nhi\u1ec1u t\u00e1c ph\u1ea9m c\u1ee7a \u00f4ng \u0111\u01b0\u1ee3c \u0111\u0103ng tr\u00ean t\u1ea1p ch\u00ed n\u00e0y, ti\u00eau bi\u1ec3u l\u00e0 \u201cVi\u1ec7t Nam phong t\u1ee5c\u201d.<\/p>\n","protected":false},"excerpt":{"rendered":"<p>\u1ea4n b\u1ea3n \u0111\u1ea7y \u0111\u1ee7 nh\u1ea5t c\u1ee7a \u201cVi\u1ec7t Nam phong t\u1ee5c\u201d &#8211; t\u1eadp kh\u1ea3o c\u1ee9u to\u00e0n di\u1ec7n v\u1ec1 phong t\u1ee5c, t\u1eadp qu\u00e1n c\u1ee7a ng\u01b0\u1eddi Vi\u1ec7t x\u01b0a c\u1ee7a h\u1ecdc gi\u1ea3 Phan K\u1ebf B\u00ednh. T\u1eadp s\u00e1ch c\u00f3 th\u00eam ph\u1ea7n ch\u00fa gi\u1ea3i, hi\u1ec7u ch\u1ec9nh gi\u00fap \u0111\u1ed9c gi\u1ea3 ng\u00e0y nay c\u00f3 th\u1ec3 hi\u1ec3u r\u00f5 h\u01a1n t\u00e1c ph\u1ea9m.<\/p>\n<p>&#8220;Vi\u1ec7t Nam phong t\u1ee5c\u201d l\u00e0 m\u1ed9t nghi\u00ean c\u1ee9u kh\u00e1 k\u0129 l\u01b0\u1ee1ng, b\u1ee9c tranh to\u00e0n di\u1ec7n v\u1ec1 phong t\u1ee5c, t\u1eadp qu\u00e1n c\u1ee7a ng\u01b0\u1eddi Vi\u1ec7t, t\u1eeb phong t\u1ee5c trong gia \u0111\u00ecnh, l\u00e0ng x\u00e3 \u0111\u1ebfn phong t\u1ee5c qu\u1ed1c gia, x\u00e3 h\u1ed9i \u0111\u01b0\u1ee3c vi\u1ebft v\u1edbi v\u0103n phong hi\u1ec7n \u0111\u1ea1i d\u00f9 v\u1eabn ch\u1ecbu \u1ea3nh h\u01b0\u1edfng c\u1ee7a l\u1ed1i vi\u1ebft bi\u1ec1n ng\u1eabu \u0111\u0103ng \u0111\u1ed1i trong v\u0103n h\u1ecdc c\u1ed5. M\u1ed7i ch\u01b0\u01a1ng, m\u1ee5c \u0111\u1ec1u \u0111\u01b0\u1ee3c t\u00e1c gi\u1ea3 tr\u00ecnh b\u00e0y v\u00e0 di\u1ec5n gi\u1ea3i kh\u00fac chi\u1ebft, ng\u1eafn g\u1ecdn, r\u00f5 r\u00e0ng v\u1edbi quan \u0111i\u1ec3m kh\u00e1 t\u00e2n ti\u1ebfn so v\u1edbi nh\u1eefng ng\u01b0\u1eddi c\u00f9ng th\u1eddi.<\/p>\n<p>\u1ea4n b\u1ea3n \u201cVi\u1ec7t Nam phong t\u1ee5c\u201d c\u1ee7a NXB Kim \u0110\u1ed3ng \u0111\u01b0\u1ee3c in b\u00eca c\u1ee9ng v\u1edbi g\u1ea7n 100 minh ho\u1ea1 s\u1ed1ng \u0111\u1ed9ng c\u1ee7a ho\u1ea1 s\u0129 B\u00f9i Ng\u1ecdc Thu\u1ef7.<\/p>\n<p>\u201cTa ngo\u1ea3nh l\u1ea1i m\u00e0 xem nh\u1eefng t\u1ee5c c\u0169 th\u00ec t\u1ecf ra nhi\u1ec1u \u0111i\u1ec1u ng\u00e0y tr\u01b0\u1edbc l\u00e0 hay m\u00e0 b\u00e2y gi\u1edd h\u00f3a ra h\u1ee7 b\u1ea1i l\u1eafm r\u1ed3i.<\/p>\n<p>\u0110\u00f3 c\u0169ng kh\u00f4ng ph\u1ea3i l\u00e0 t\u1ed5 ti\u00ean ta khi tr\u01b0\u1edbc c\u00f3 v\u1ee5ng d\u1ea1i g\u00ec, ch\u1ec9 l\u00e0 th\u1eddi th\u1ebf m\u1ed7i l\u00fac m\u1ed9t kh\u00e1c, m\u00e0 m\u1ed7i l\u1ea7n bi\u1ebfn c\u1ea3i th\u00ec c\u00e1i tr\u00ecnh \u0111\u1ed9 khai h\u00f3a l\u1ea1i t\u1ea5n t\u1edbi th\u00eam l\u00ean m\u1ed9t t\u1ea7ng. \u1ea4y c\u0169ng l\u00e0 c\u00e1i l\u1ebd t\u1ef1 nhi\u00ean c\u1ee7a t\u1ea1o h\u00f3a nh\u01b0 th\u1ebf.<\/p>\n<p>Tuy v\u1eady c\u00e1i t\u1ee5c c\u0169 truy\u1ec1n nhi\u1ec5m \u0111\u00e3 l\u00e2u, kh\u00f4ng d\u1ec5 m\u00e0 m\u1ed9t mai \u0111\u1ed5i ngay \u0111\u01b0\u1ee3c. Mu\u1ed1n \u0111\u1ed5i th\u00ec ph\u1ea3i l\u1ef1a d\u1ea7n d\u1ea7n, tr\u01b0\u1edbc h\u1ebft ph\u1ea3i x\u00e9t \u0111i\u1ec1u g\u00ec qu\u00e1 t\u1ec7 m\u00e0 b\u1ecf b\u1edbt \u0111i, r\u1ed3i l\u00e2u l\u00e2u m\u1edbi \u0111em c\u00e1i t\u1ee5c hay m\u00e0 b\u1ed5 h\u1ebft cho c\u00e1c t\u1ee5c d\u1edf. C\u00f2n t\u1ee5c g\u00ec hay m\u00e0 l\u00e0 qu\u1ed1c t\u00fay c\u1ee7a ta th\u00ec c\u1ee9 gi\u1eef l\u1ea5y.\u201d<\/p>\n","protected":false},"featured_media":4802,"template":"","meta":{"_acf_changed":false},"product_brand":[],"product_cat":[15,76],"product_tag":[],"class_list":{"0":"post-4803","1":"product","2":"type-product","3":"status-publish","4":"has-post-thumbnail","6":"product_cat-sach-danh-cho-nguoi-lon","7":"product_cat-ton-giao-tam-linh","9":"first","10":"outofstock","11":"taxable","12":"shipping-taxable","13":"purchasable","14":"product-type-simple"},"supplier_id":null,"supplier_sku":"","barcode":null,"atum_controlled":true,"out_stock_date":"2021-03-08 23:44:56","out_stock_threshold":null,"inheritable":false,"inbound_stock":0,"stock_on_hold":0,"sold_today":0,"sales_last_days":0,"reserved_stock":0,"customer_returns":0,"warehouse_damage":0,"lost_in_post":0,"other_logs":0,"out_stock_days":1786,"lost_sales":0,"has_location":false,"update_date":"2026-01-28T23:10:35","atum_locations":[],"atum_stock_status":"outofstock","restock_status":false,"low_stock_amount":"","sales_update_date":"2026-01-28T23:10:35","calc_backorders":null,"acf":{"publisher":{"ID":1454,"post_author":"1","post_date":"2021-02-17 01:11:34","post_date_gmt":"2021-02-16 23:11:34","post_content":"<!-- wp:flatsome\/uxbuilder -->\n<h1 style=\"text-align: center;\"><strong>Kim \u0110\u1ed3ng<\/strong><\/h1>\n[row]\n\n[col span=\"3\" span__sm=\"12\"]\n\n[ux_image id=\"1534\" image_size=\"medium\"]\n\n\n[\/col]\n[col span=\"9\" span__sm=\"12\"]\n\n<p>Nh\u00e0 xu\u1ea5t b\u1ea3n Kim \u0110\u1ed3ng tr\u1ef1c thu\u1ed9c Trung \u01b0\u01a1ng \u0110o\u00e0n TNCS H\u1ed3 Ch\u00ed Minh l\u00e0 Nh\u00e0 xu\u1ea5t b\u1ea3n t\u1ed5ng h\u1ee3p c\u00f3 ch\u1ee9c n\u0103ng xu\u1ea5t b\u1ea3n s\u00e1ch v\u00e0 v\u0103n h\u00f3a ph\u1ea9m ph\u1ee5c v\u1ee5 thi\u1ebfu nhi v\u00e0 c\u00e1c b\u1eadc ph\u1ee5 huynh trong c\u1ea3 n\u01b0\u1edbc, qu\u1ea3ng b\u00e1 v\u00e0 gi\u1edbi thi\u1ec7u v\u0103n h\u00f3a Vi\u1ec7t Nam ra th\u1ebf gi\u1edbi.<br \/>Nh\u00e0 xu\u1ea5t b\u1ea3n c\u00f3 nhi\u1ec7m v\u1ee5 t\u1ed5 ch\u1ee9c b\u1ea3n th\u1ea3o, bi\u00ean so\u1ea1n, bi\u00ean d\u1ecbch, xu\u1ea5t b\u1ea3n v\u00e0 ph\u00e1t h\u00e0nh c\u00e1c xu\u1ea5t b\u1ea3n ph\u1ea9m c\u00f3 n\u1ed9i dung: gi\u00e1o d\u1ee5c truy\u1ec1n th\u1ed1ng d\u00e2n t\u1ed9c, gi\u00e1o d\u1ee5c v\u1ec1 tri th\u1ee9c, ki\u1ebfn th\u1ee9c\u2026 tr\u00ean c\u00e1c l\u0129nh v\u1ef1c v\u0103n h\u1ecdc, ngh\u1ec7 thu\u1eadt, khoa h\u1ecdc k\u1ef9 thu\u1eadt nh\u1eb1m cung c\u1ea5p cho c\u00e1c em thi\u1ebfu nhi c\u0169ng nh\u01b0 c\u00e1c b\u1eadc ph\u1ee5 huynh c\u00e1c ki\u1ebfn th\u1ee9c c\u1ea7n thi\u1ebft trong cu\u1ed9c s\u1ed1ng, nh\u1eefng tinh hoa c\u1ee7a tri th\u1ee9c nh\u00e2n lo\u1ea1i nh\u1eb1m g\u00f3p ph\u1ea7n gi\u00e1o d\u1ee5c v\u00e0 h\u00ecnh th\u00e0nh nh\u00e2n c\u00e1ch th\u1ebf h\u1ec7 tr\u1ebb.<br \/>\u0110\u1ed1i t\u01b0\u1ee3ng ph\u1ee5c v\u1ee5 c\u1ee7a Nh\u00e0 xu\u1ea5t b\u1ea3n l\u00e0 c\u00e1c em t\u1eeb tu\u1ed5i nh\u00e0 tr\u1ebb m\u1eabu gi\u00e1o (1 \u0111\u1ebfn 5 tu\u1ed5i), nhi \u0111\u1ed3ng (6 \u0111\u1ebfn 9 tu\u1ed5i), thi\u1ebfu ni\u00ean (10 \u0111\u1ebfn 15 tu\u1ed5i) \u0111\u1ebfn c\u00e1c em tu\u1ed5i m\u1edbi l\u1edbn (16 \u0111\u1ebfn 18 tu\u1ed5i) v\u00e0 c\u00e1c b\u1eadc ph\u1ee5 huynh.<\/p>\n\n[\/col]\n\n[\/row]\n\n<!-- \/wp:flatsome\/uxbuilder -->","post_title":"Kim \u0110\u1ed3ng","post_excerpt":"","post_status":"publish","comment_status":"closed","ping_status":"closed","post_password":"","post_name":"kim-dong","to_ping":"","pinged":"","post_modified":"2021-02-17 01:31:56","post_modified_gmt":"2021-02-16 23:31:56","post_content_filtered":"","post_parent":0,"guid":"https:\/\/sachviet.eu\/nha-phat-hanh\/kim-dong\/","menu_order":0,"post_type":"publisher","post_mime_type":"","comment_count":"0","filter":"raw"}},"_links":{"self":[{"href":"https:\/\/sachviet.eu\/en\/wp-json\/wp\/v2\/product\/4803","targetHints":{"allow":["GET"]}}],"collection":[{"href":"https:\/\/sachviet.eu\/en\/wp-json\/wp\/v2\/product"}],"about":[{"href":"https:\/\/sachviet.eu\/en\/wp-json\/wp\/v2\/types\/product"}],"wp:featuredmedia":[{"embeddable":true,"href":"https:\/\/sachviet.eu\/en\/wp-json\/wp\/v2\/media\/4802"}],"wp:attachment":[{"href":"https:\/\/sachviet.eu\/en\/wp-json\/wp\/v2\/media?parent=4803"}],"wp:term":[{"taxonomy":"product_brand","embeddable":true,"href":"https:\/\/sachviet.eu\/en\/wp-json\/wp\/v2\/product_brand?post=4803"},{"taxonomy":"product_cat","embeddable":true,"href":"https:\/\/sachviet.eu\/en\/wp-json\/wp\/v2\/product_cat?post=4803"},{"taxonomy":"product_tag","embeddable":true,"href":"https:\/\/sachviet.eu\/en\/wp-json\/wp\/v2\/product_tag?post=4803"}],"curies":[{"name":"wp","href":"https:\/\/api.w.org\/{rel}","templated":true}]}}