{"id":4801,"date":"2021-03-09T01:44:53","date_gmt":"2021-03-08T23:44:53","guid":{"rendered":"https:\/\/sachviet.eu\/shop\/moi-bai-doc-hieu-hoc-nhieu-dieu-hay\/"},"modified":"2021-03-23T01:13:13","modified_gmt":"2021-03-22T23:13:13","slug":"moi-bai-doc-hieu-hoc-nhieu-dieu-hay","status":"publish","type":"product","link":"https:\/\/sachviet.eu\/en\/shop\/moi-bai-doc-hieu-hoc-nhieu-dieu-hay\/","title":{"rendered":"M\u1ed7i b\u00e0i \u0111\u1ecdc hi\u1ec3u h\u1ecdc nhi\u1ec1u \u0111i\u1ec1u hay"},"content":{"rendered":"<p>N\u1ebfu th\u1ea5y con m\u00ecnh c\u00f3 bi\u1ec3u hi\u1ec7n \u0111\u1ecdc hi\u1ec3u k\u00e9m cha m\u1eb9 n\u00ean l\u01b0u \u00fd \u0111\u1ebfn m\u1ed9t s\u1ed1 nguy\u00ean nh\u00e2n sau:<br \/>\nY\u1ebfu t\u1ed1 \u1ea3nh h\u01b0\u1edfng \u0111\u1ebfn kh\u1ea3 n\u0103ng \u0111\u1ecdc hi\u1ec3u c\u1ee7a tr\u1ebb li\u00ean quan \u0111\u1ebfn th\u00ednh gi\u00e1c, th\u1ecb gi\u00e1c, c\u01a1 quan v\u1eadn \u0111\u1ed9ng. C\u00e1c c\u01a1 quan n\u00e0y khi ph\u1ed1i h\u1ee3p nhu\u1ea7n nhuy\u1ec5n, kh\u1ea3 n\u0103ng \u0111\u1ecdc hi\u1ec3u c\u1ee7a tr\u1ebb s\u1ebd t\u0103ng l\u00ean. Ng\u01b0\u1ee3c l\u1ea1i, n\u1ebfu c\u00e1c c\u01a1 quan kh\u00f4ng ph\u1ed1i h\u1ee3p t\u1ed1t, kh\u1ea3 n\u0103ng \u0111\u1ecdc hi\u1ec3u c\u1ee7a tr\u1ebb s\u1ebd gi\u1ea3m.<br \/>\n1. C\u01a1 quan th\u00ednh gi\u00e1c y\u1ebfu<br \/>\nTrong qu\u00e1 tr\u00ecnh gi\u1ea3ng b\u00e0i, n\u1ebfu gi\u00e1o vi\u00ean di\u1ec5n \u0111\u1ea1t n\u1ed9i dung d\u00e0i, ph\u1ea1m vi nghe c\u1ee7a tr\u1ebb s\u1ebd ph\u1ea3i t\u0103ng l\u00ean \u0111\u1ec3 theo k\u1ecbp b\u00e0i gi\u1ea3ng c\u1ee7a gi\u00e1o vi\u00ean. Khi tr\u1ebb kh\u00f4ng nghe k\u1ecbp, tr\u1ebb s\u1ebd kh\u00f4ng th\u1ec3 ti\u1ebfp thu b\u00e0i gi\u1ea3ng tr\u00ean l\u1edbp v\u00e0 h\u1ec7 qu\u1ea3 l\u00e0 th\u00e0nh t\u00edch h\u1ecdc t\u1eadp gi\u1ea3m s\u00fat.<br \/>\nNgo\u00e0i nghe ph\u1ea1m vi, c\u00f2n c\u00f3: nghe t\u1eadp trung, nghe ph\u00e2n t\u00edch, nghe ghi nh\u1edb, nghe hi\u1ec3u.<br \/>\n2. C\u01a1 quan th\u1ecb gi\u00e1c y\u1ebfu<br \/>\nTrong qu\u00e1 tr\u00ecnh h\u1ecdc, \u0111\u1ecdc v\u00e0 xem \u0111\u1ec1 b\u00e0i c\u00f3 li\u00ean h\u1ec7 m\u1eadt thi\u1ebft v\u1edbi nhau. Khi c\u00e2u ch\u1eef ho\u1eb7c con s\u1ed1 g\u1ea7n gi\u1ed1ng nhau, tr\u1ebb c\u1ea7n kh\u1ea3 n\u0103ng nh\u00ecn ph\u00e2n bi\u1ec7t, \u0111\u1ec3 gi\u1ea3m thi\u1ec3u sai l\u1ea7m khi \u0111\u1ecdc hi\u1ec3u v\u00e0 l\u00e0m b\u00e0i.<br \/>\nKh\u1ea3 n\u0103ng nh\u00ecn ph\u1ea1m vi c\u0169ng c\u1ea7n t\u0103ng l\u00ean gi\u00fap tr\u1ebb dung n\u1ea1p c\u00e2u ch\u1eef ho\u1eb7c con s\u1ed1 d\u00e0i, trong qu\u00e1 tr\u00ecnh \u0111\u1ecdc hi\u1ec3u, tr\u1ebb s\u1ebd kh\u00f4ng b\u1ecf s\u00f3t ch\u1eef ho\u1eb7c s\u1ed1. T\u1ed1c \u0111\u1ed9 \u0111\u1ecdc v\u00e0 t\u1ec9 l\u1ec7 ch\u00ednh x\u00e1c c\u1ee7a c\u00e2u ch\u1eef s\u1ebd b\u1ecb \u1ea3nh h\u01b0\u1edfng n\u1ebfu kh\u1ea3 n\u0103ng nh\u00ecn ph\u1ea1m vi c\u1ee7a tr\u1ebb gi\u1ea3m.<br \/>\nNgo\u00e0i nh\u00ecn ph\u1ea1m vi, c\u00f2n c\u00f3: nh\u00ecn t\u1eadp trung, nh\u00ecn ph\u00e2n bi\u1ec7t, nh\u00ecn ghi nh\u1edb, nh\u00ecn hi\u1ec3u.<br \/>\n3. C\u01a1 quan v\u1eadn \u0111\u1ed9ng y\u1ebfu<br \/>\nTrong qu\u00e1 tr\u00ecnh h\u1ecdc, tr\u1ebb c\u1ea7n ph\u1ea3i vi\u1ebft c\u00e2u ch\u1eef v\u00e0 con s\u1ed1. L\u00fac n\u00e0y, c\u00e1c c\u01a1 quan th\u00ednh gi\u00e1c, th\u1ecb gi\u00e1c, c\u01a1 quan v\u1eadn \u0111\u1ed9ng c\u1ea7n ph\u1ed1i h\u1ee3p nhu\u1ea7n nhuy\u1ec5n. B\u00e0i t\u1eadp vi\u1ebft truy\u1ec1n th\u1ed1ng \u0111\u00f2i h\u1ecfi tr\u1ebb ph\u1ea3i sao ch\u00e9p c\u00e2u ch\u1eef t\u1eeb s\u00e1ch gi\u00e1o khoa, n\u1ebfu c\u01a1 b\u00e0n tay kh\u00f4ng linh ho\u1ea1t, theo th\u1eddi gian, t\u01b0 th\u1ebf v\u00e0 c\u00e1ch vi\u1ebft s\u1ebd \u1ea3nh h\u01b0\u1edfng \u0111\u1ebfn c\u00e2u ch\u1eef. N\u1ebfu tr\u1ebb \u0111\u1ecdc hi\u1ec3u kh\u00f4ng ch\u00ednh x\u00e1c, kh\u1ea3 n\u0103ng vi\u1ebft c\u0169ng s\u1ebd gi\u1ea3m s\u00fat.<br \/>\nL\u00c0M TH\u1ebe N\u00c0O D\u1ec2 N\u00c2NG CAO KH\u1ea2 N\u0102NG \u0110\u1eccC HI\u1ec2U C\u1ee6A TR\u1eba<br \/>\n1. N\u00e2ng cao kh\u1ea3 n\u0103ng ph\u1ed1i h\u1ee3p gi\u1eefa c\u00e1c c\u01a1 quan th\u00ednh gi\u00e1c, th\u1ecb gi\u00e1c, v\u1eadn \u0111\u1ed9ng<br \/>\nXoa d\u1ecbu tinh th\u1ea7n c\u1ee7a tr\u1ebb, khuy\u1ebfn kh\u00edch tr\u1ebb \u0111\u1ecdc trong t\u00e2m tr\u1ea1ng vui v\u1ebb, s\u1ebd gi\u00fap c\u00e1c c\u01a1 quan th\u00ednh gi\u00e1c, th\u1ecb gi\u00e1c, v\u1eadn \u0111\u1ed9ng ph\u1ed1i h\u1ee3p nh\u1ecbp nh\u00e0ng.<br \/>\n2. \u0110\u1ecdc nhi\u1ec1u s\u00e1ch<br \/>\nKhi tr\u1ebb \u0111\u1ecdc nhi\u1ec1u s\u00e1ch, kh\u1ea3 n\u0103ng \u0111\u1ecdc v\u00e0 v\u1ed1n t\u1eeb c\u1ee7a tr\u1ebb s\u1ebd n\u00e2ng cao, c\u00f9ng v\u1edbi \u0111\u00f3, kh\u1ea3 n\u0103ng \u0111\u1ecdc hi\u1ec3u c\u0169ng s\u1ebd t\u0103ng l\u00ean. T\u1ea1o cho tr\u1ebb th\u00f3i quen \u0111\u1ecdc s\u00e1ch, ch\u00ednh l\u00e0 c\u00e1ch \u0111\u01a1n gi\u1ea3n c\u1ea3i thi\u1ec7n k\u0129 n\u0103ng \u0111\u1ecdc hi\u1ec3u v\u00e0 v\u1ed1n t\u1eeb v\u1ef1ng ngh\u00e8o n\u00e0n.<br \/>\n4. B\u1ed3i d\u01b0\u1ee1ng th\u00f3i quen \u0111\u1ecdc c\u1ee7a tr\u1ebb<\/p>\n","protected":false},"excerpt":{"rendered":"<p>N\u1ebfu th\u1ea5y con m\u00ecnh c\u00f3 bi\u1ec3u hi\u1ec7n \u0111\u1ecdc hi\u1ec3u k\u00e9m cha m\u1eb9 n\u00ean l\u01b0u \u00fd \u0111\u1ebfn m\u1ed9t s\u1ed1 nguy\u00ean nh\u00e2n sau:<br \/>\nY\u1ebfu t\u1ed1 \u1ea3nh h\u01b0\u1edfng \u0111\u1ebfn kh\u1ea3 n\u0103ng \u0111\u1ecdc hi\u1ec3u c\u1ee7a tr\u1ebb li\u00ean quan \u0111\u1ebfn th\u00ednh gi\u00e1c, th\u1ecb gi\u00e1c, c\u01a1 quan v\u1eadn \u0111\u1ed9ng. C\u00e1c c\u01a1 quan n\u00e0y khi ph\u1ed1i h\u1ee3p nhu\u1ea7n nhuy\u1ec5n, kh\u1ea3 n\u0103ng \u0111\u1ecdc hi\u1ec3u c\u1ee7a tr\u1ebb s\u1ebd t\u0103ng l\u00ean. Ng\u01b0\u1ee3c l\u1ea1i, n\u1ebfu c\u00e1c c\u01a1 quan kh\u00f4ng ph\u1ed1i h\u1ee3p t\u1ed1t, kh\u1ea3 n\u0103ng \u0111\u1ecdc hi\u1ec3u c\u1ee7a tr\u1ebb s\u1ebd gi\u1ea3m.<br \/>\n1. C\u01a1 quan th\u00ednh gi\u00e1c y\u1ebfu<br \/>\nTrong qu\u00e1 tr\u00ecnh gi\u1ea3ng b\u00e0i, n\u1ebfu gi\u00e1o vi\u00ean di\u1ec5n \u0111\u1ea1t n\u1ed9i dung d\u00e0i, ph\u1ea1m vi nghe c\u1ee7a tr\u1ebb s\u1ebd ph\u1ea3i t\u0103ng l\u00ean \u0111\u1ec3 theo k\u1ecbp b\u00e0i gi\u1ea3ng c\u1ee7a gi\u00e1o vi\u00ean. Khi tr\u1ebb kh\u00f4ng nghe k\u1ecbp, tr\u1ebb s\u1ebd kh\u00f4ng th\u1ec3 ti\u1ebfp thu b\u00e0i gi\u1ea3ng tr\u00ean l\u1edbp v\u00e0 h\u1ec7 qu\u1ea3 l\u00e0 th\u00e0nh t\u00edch h\u1ecdc t\u1eadp gi\u1ea3m s\u00fat.<br \/>\nNgo\u00e0i nghe ph\u1ea1m vi, c\u00f2n c\u00f3: nghe t\u1eadp trung, nghe ph\u00e2n t\u00edch, nghe ghi nh\u1edb, nghe hi\u1ec3u.<br \/>\n2. C\u01a1 quan th\u1ecb gi\u00e1c y\u1ebfu<br \/>\nTrong qu\u00e1 tr\u00ecnh h\u1ecdc, \u0111\u1ecdc v\u00e0 xem \u0111\u1ec1 b\u00e0i c\u00f3 li\u00ean h\u1ec7 m\u1eadt thi\u1ebft v\u1edbi nhau. Khi c\u00e2u ch\u1eef ho\u1eb7c con s\u1ed1 g\u1ea7n gi\u1ed1ng nhau, tr\u1ebb c\u1ea7n kh\u1ea3 n\u0103ng nh\u00ecn ph\u00e2n bi\u1ec7t, \u0111\u1ec3 gi\u1ea3m thi\u1ec3u sai l\u1ea7m khi \u0111\u1ecdc hi\u1ec3u v\u00e0 l\u00e0m b\u00e0i.<br \/>\nKh\u1ea3 n\u0103ng nh\u00ecn ph\u1ea1m vi c\u0169ng c\u1ea7n t\u0103ng l\u00ean gi\u00fap tr\u1ebb dung n\u1ea1p c\u00e2u ch\u1eef ho\u1eb7c con s\u1ed1 d\u00e0i, trong qu\u00e1 tr\u00ecnh \u0111\u1ecdc hi\u1ec3u, tr\u1ebb s\u1ebd kh\u00f4ng b\u1ecf s\u00f3t ch\u1eef ho\u1eb7c s\u1ed1. T\u1ed1c \u0111\u1ed9 \u0111\u1ecdc v\u00e0 t\u1ec9 l\u1ec7 ch\u00ednh x\u00e1c c\u1ee7a c\u00e2u ch\u1eef s\u1ebd b\u1ecb \u1ea3nh h\u01b0\u1edfng n\u1ebfu kh\u1ea3 n\u0103ng nh\u00ecn ph\u1ea1m vi c\u1ee7a tr\u1ebb gi\u1ea3m.<br \/>\nNgo\u00e0i nh\u00ecn ph\u1ea1m vi, c\u00f2n c\u00f3: nh\u00ecn t\u1eadp trung, nh\u00ecn ph\u00e2n bi\u1ec7t, nh\u00ecn ghi nh\u1edb, nh\u00ecn hi\u1ec3u.<br \/>\n3. C\u01a1 quan v\u1eadn \u0111\u1ed9ng y\u1ebfu<br \/>\nTrong qu\u00e1 tr\u00ecnh h\u1ecdc, tr\u1ebb c\u1ea7n ph\u1ea3i vi\u1ebft c\u00e2u ch\u1eef v\u00e0 con s\u1ed1. L\u00fac n\u00e0y, c\u00e1c c\u01a1 quan th\u00ednh gi\u00e1c, th\u1ecb gi\u00e1c, c\u01a1 quan v\u1eadn \u0111\u1ed9ng c\u1ea7n ph\u1ed1i h\u1ee3p nhu\u1ea7n nhuy\u1ec5n. B\u00e0i t\u1eadp vi\u1ebft truy\u1ec1n th\u1ed1ng \u0111\u00f2i h\u1ecfi tr\u1ebb ph\u1ea3i sao ch\u00e9p c\u00e2u ch\u1eef t\u1eeb s\u00e1ch gi\u00e1o khoa, n\u1ebfu c\u01a1 b\u00e0n tay kh\u00f4ng linh ho\u1ea1t, theo th\u1eddi gian, t\u01b0 th\u1ebf v\u00e0 c\u00e1ch vi\u1ebft s\u1ebd \u1ea3nh h\u01b0\u1edfng \u0111\u1ebfn c\u00e2u ch\u1eef. N\u1ebfu tr\u1ebb \u0111\u1ecdc hi\u1ec3u kh\u00f4ng ch\u00ednh x\u00e1c, kh\u1ea3 n\u0103ng vi\u1ebft c\u0169ng s\u1ebd gi\u1ea3m s\u00fat.<\/p>\n","protected":false},"featured_media":4800,"template":"","meta":{"_acf_changed":false},"product_brand":[],"product_cat":[20],"product_tag":[],"class_list":{"0":"post-4801","1":"product","2":"type-product","3":"status-publish","4":"has-post-thumbnail","6":"product_cat-be-vua-hoc-vua-choi","8":"first","9":"outofstock","10":"taxable","11":"shipping-taxable","12":"purchasable","13":"product-type-simple"},"supplier_id":null,"supplier_sku":"","barcode":null,"atum_controlled":true,"out_stock_date":"2021-03-13 20:17:54","out_stock_threshold":null,"inheritable":false,"inbound_stock":0,"stock_on_hold":0,"sold_today":0,"sales_last_days":0,"reserved_stock":0,"customer_returns":0,"warehouse_damage":0,"lost_in_post":0,"other_logs":0,"out_stock_days":1782,"lost_sales":0,"has_location":false,"update_date":"2026-01-28T23:10:35","atum_locations":[],"atum_stock_status":"outofstock","restock_status":false,"low_stock_amount":"","sales_update_date":"2026-01-28T23:10:35","calc_backorders":null,"acf":{"publisher":{"ID":4756,"post_author":"1","post_date":"2021-03-09 01:42:44","post_date_gmt":"2021-03-08 23:42:44","post_content":"","post_title":"\u0110\u1ea1i H\u1ecdc S\u01b0 Ph\u1ea1m","post_excerpt":"","post_status":"publish","comment_status":"closed","ping_status":"closed","post_password":"","post_name":"dai-hoc-su-pham","to_ping":"","pinged":"","post_modified":"2021-03-09 01:42:44","post_modified_gmt":"2021-03-08 23:42:44","post_content_filtered":"","post_parent":0,"guid":"https:\/\/sachviet.eu\/blog\/nha-phat-hanh\/dai-hoc-su-pham\/","menu_order":0,"post_type":"publisher","post_mime_type":"","comment_count":"0","filter":"raw"}},"_links":{"self":[{"href":"https:\/\/sachviet.eu\/en\/wp-json\/wp\/v2\/product\/4801","targetHints":{"allow":["GET"]}}],"collection":[{"href":"https:\/\/sachviet.eu\/en\/wp-json\/wp\/v2\/product"}],"about":[{"href":"https:\/\/sachviet.eu\/en\/wp-json\/wp\/v2\/types\/product"}],"wp:featuredmedia":[{"embeddable":true,"href":"https:\/\/sachviet.eu\/en\/wp-json\/wp\/v2\/media\/4800"}],"wp:attachment":[{"href":"https:\/\/sachviet.eu\/en\/wp-json\/wp\/v2\/media?parent=4801"}],"wp:term":[{"taxonomy":"product_brand","embeddable":true,"href":"https:\/\/sachviet.eu\/en\/wp-json\/wp\/v2\/product_brand?post=4801"},{"taxonomy":"product_cat","embeddable":true,"href":"https:\/\/sachviet.eu\/en\/wp-json\/wp\/v2\/product_cat?post=4801"},{"taxonomy":"product_tag","embeddable":true,"href":"https:\/\/sachviet.eu\/en\/wp-json\/wp\/v2\/product_tag?post=4801"}],"curies":[{"name":"wp","href":"https:\/\/api.w.org\/{rel}","templated":true}]}}