{"id":4799,"date":"2021-03-09T01:44:49","date_gmt":"2021-03-08T23:44:49","guid":{"rendered":"https:\/\/sachviet.eu\/shop\/lu-chung-toi\/"},"modified":"2021-05-18T00:24:51","modified_gmt":"2021-05-17T21:24:51","slug":"lu-chung-toi","status":"publish","type":"product","link":"https:\/\/sachviet.eu\/en\/shop\/lu-chung-toi\/","title":{"rendered":"L\u0169 Ch\u00fang T\u00f4i"},"content":{"rendered":"<p>L\u0169 Ch\u00fang T\u00f4i l\u00e0 cu\u1ed1n ti\u1ec3u thuy\u1ebft \u0111\u01b0\u1ee3c vi\u1ebft b\u1edfi nh\u00e0 v\u0103n n\u1ed5i ti\u1ebfng ng\u01b0\u1eddi \u0110\u1ed3ng Nai Ho\u00e0ng V\u0103n B\u1ed5n. T\u00e1c ph\u1ea9m \u0111\u01b0\u1ee3c ho\u00e0n th\u00e0nh v\u00e0o tr\u01b0\u1edbc th\u1eddi k\u1ef3 \u0110\u1ed5i m\u1edbi &#8211; n\u0103m 1980 k\u1ec3 v\u1ec1 ho\u1ea1t \u0111\u1ed9ng c\u1ee7a tr\u01b0\u1eddng Ti\u1ec3u h\u1ecdc kh\u00e1ng chi\u1ebfn T\u00e2n Uy\u00ean \u1edf chi\u1ebfn khu D v\u00e0o th\u1eddi gian t\u1eeb 1946 \u0111\u1ebfn 1950. Theo s\u1ef1 chia s\u1ebb c\u1ee7a t\u00e1c gi\u1ea3, \u00f4ng vi\u1ebft n\u00ean t\u00e1c ph\u1ea9m n\u00e0y nh\u1eb1m \u0111\u1ec3 &#8220;th\u1ecfa m\u00e3n c\u00e1i th\u1ebf gi\u1edbi qu\u00e1 kh\u1ee9 c\u1ee7a t\u00f4i&#8221; v\u00e0 qu\u1ea3 th\u1ef1c, \u00f4ng \u0111\u00e3 ho\u00e0n th\u00e0nh \u0111\u01b0\u1ee3c tr\u1ecdn v\u1eb9n m\u1ee5c ti\u00eau c\u1ee7a m\u00ecnh. V\u1edbi l\u1ed1i v\u0103n k\u1ec3 chuy\u1ec7n h\u1ebft s\u1ee9c t\u1ef1 nhi\u00ean, ch\u00e2n th\u1ef1c, ph\u1ea3ng ph\u1ea5t m\u00e0u d\u00e2n d\u00e3 vui t\u01b0\u01a1i h\u00f3m h\u1ec9nh, t\u00e1c gi\u1ea3 Ho\u00e0ng V\u0103n B\u1ed3i \u0111\u00e3 mang \u0111\u1ebfn cho b\u1ea1n \u0111\u1ecdc nh\u1eefng c\u00e2u chuy\u1ec7n m\u00e0 ch\u00ednh t\u00e1c gi\u1ea3 k\u1ec1 vai s\u00e1t c\u00e1nh b\u00ean nh\u1eefng ng\u01b0\u1eddi b\u1ea1n , ng\u01b0\u1eddi \u0111\u1ed3ng \u0111\u1ed9i c\u1ee7a m\u00ecnh tr\u1ea3i qua..<\/p>\n","protected":false},"excerpt":{"rendered":"<p>L\u0169 Ch\u00fang T\u00f4i l\u00e0 cu\u1ed1n ti\u1ec3u thuy\u1ebft \u0111\u01b0\u1ee3c vi\u1ebft b\u1edfi nh\u00e0 v\u0103n n\u1ed5i ti\u1ebfng ng\u01b0\u1eddi \u0110\u1ed3ng Nai Ho\u00e0ng V\u0103n B\u1ed5n. T\u00e1c ph\u1ea9m \u0111\u01b0\u1ee3c ho\u00e0n th\u00e0nh v\u00e0o tr\u01b0\u1edbc th\u1eddi k\u1ef3 \u0110\u1ed5i m\u1edbi &#8211; n\u0103m 1980 k\u1ec3 v\u1ec1 ho\u1ea1t \u0111\u1ed9ng c\u1ee7a tr\u01b0\u1eddng Ti\u1ec3u h\u1ecdc kh\u00e1ng chi\u1ebfn T\u00e2n Uy\u00ean \u1edf chi\u1ebfn khu D v\u00e0o th\u1eddi gian t\u1eeb 1946 \u0111\u1ebfn 1950. Theo s\u1ef1 chia s\u1ebb c\u1ee7a t\u00e1c gi\u1ea3, \u00f4ng vi\u1ebft n\u00ean t\u00e1c ph\u1ea9m n\u00e0y nh\u1eb1m \u0111\u1ec3 &#8220;th\u1ecfa m\u00e3n c\u00e1i th\u1ebf gi\u1edbi qu\u00e1 kh\u1ee9 c\u1ee7a t\u00f4i&#8221; v\u00e0 qu\u1ea3 th\u1ef1c, \u00f4ng \u0111\u00e3 ho\u00e0n th\u00e0nh \u0111\u01b0\u1ee3c tr\u1ecdn v\u1eb9n m\u1ee5c ti\u00eau c\u1ee7a m\u00ecnh. V\u1edbi l\u1ed1i v\u0103n k\u1ec3 chuy\u1ec7n h\u1ebft s\u1ee9c t\u1ef1 nhi\u00ean, ch\u00e2n th\u1ef1c, ph\u1ea3ng ph\u1ea5t m\u00e0u d\u00e2n d\u00e3 vui t\u01b0\u01a1i h\u00f3m h\u1ec9nh, t\u00e1c gi\u1ea3 Ho\u00e0ng V\u0103n B\u1ed3i \u0111\u00e3 mang \u0111\u1ebfn cho b\u1ea1n \u0111\u1ecdc nh\u1eefng c\u00e2u chuy\u1ec7n m\u00e0 ch\u00ednh t\u00e1c gi\u1ea3 k\u1ec1 vai s\u00e1t c\u00e1nh b\u00ean nh\u1eefng ng\u01b0\u1eddi b\u1ea1n , ng\u01b0\u1eddi \u0111\u1ed3ng \u0111\u1ed9i c\u1ee7a m\u00ecnh tr\u1ea3i qua..<\/p>\n","protected":false},"featured_media":4798,"template":"","meta":{"_acf_changed":false},"product_brand":[],"product_cat":[15,47],"product_tag":[],"class_list":{"0":"post-4799","1":"product","2":"type-product","3":"status-publish","4":"has-post-thumbnail","6":"product_cat-sach-danh-cho-nguoi-lon","7":"product_cat-truyen-ngan-tan-van","9":"first","10":"outofstock","11":"taxable","12":"shipping-taxable","13":"purchasable","14":"product-type-simple"},"supplier_id":null,"supplier_sku":"","barcode":null,"atum_controlled":true,"out_stock_date":"2021-03-13 20:17:54","out_stock_threshold":null,"inheritable":false,"inbound_stock":0,"stock_on_hold":0,"sold_today":0,"sales_last_days":0,"reserved_stock":0,"customer_returns":0,"warehouse_damage":0,"lost_in_post":0,"other_logs":0,"out_stock_days":1782,"lost_sales":0,"has_location":false,"update_date":"2026-01-28T23:10:35","atum_locations":[],"atum_stock_status":"outofstock","restock_status":false,"low_stock_amount":"","sales_update_date":"2026-01-28T23:10:35","calc_backorders":null,"acf":{"publisher":{"ID":1454,"post_author":"1","post_date":"2021-02-17 01:11:34","post_date_gmt":"2021-02-16 23:11:34","post_content":"<!-- wp:flatsome\/uxbuilder -->\n<h1 style=\"text-align: center;\"><strong>Kim \u0110\u1ed3ng<\/strong><\/h1>\n[row]\n\n[col span=\"3\" span__sm=\"12\"]\n\n[ux_image id=\"1534\" image_size=\"medium\"]\n\n\n[\/col]\n[col span=\"9\" span__sm=\"12\"]\n\n<p>Nh\u00e0 xu\u1ea5t b\u1ea3n Kim \u0110\u1ed3ng tr\u1ef1c thu\u1ed9c Trung \u01b0\u01a1ng \u0110o\u00e0n TNCS H\u1ed3 Ch\u00ed Minh l\u00e0 Nh\u00e0 xu\u1ea5t b\u1ea3n t\u1ed5ng h\u1ee3p c\u00f3 ch\u1ee9c n\u0103ng xu\u1ea5t b\u1ea3n s\u00e1ch v\u00e0 v\u0103n h\u00f3a ph\u1ea9m ph\u1ee5c v\u1ee5 thi\u1ebfu nhi v\u00e0 c\u00e1c b\u1eadc ph\u1ee5 huynh trong c\u1ea3 n\u01b0\u1edbc, qu\u1ea3ng b\u00e1 v\u00e0 gi\u1edbi thi\u1ec7u v\u0103n h\u00f3a Vi\u1ec7t Nam ra th\u1ebf gi\u1edbi.<br \/>Nh\u00e0 xu\u1ea5t b\u1ea3n c\u00f3 nhi\u1ec7m v\u1ee5 t\u1ed5 ch\u1ee9c b\u1ea3n th\u1ea3o, bi\u00ean so\u1ea1n, bi\u00ean d\u1ecbch, xu\u1ea5t b\u1ea3n v\u00e0 ph\u00e1t h\u00e0nh c\u00e1c xu\u1ea5t b\u1ea3n ph\u1ea9m c\u00f3 n\u1ed9i dung: gi\u00e1o d\u1ee5c truy\u1ec1n th\u1ed1ng d\u00e2n t\u1ed9c, gi\u00e1o d\u1ee5c v\u1ec1 tri th\u1ee9c, ki\u1ebfn th\u1ee9c\u2026 tr\u00ean c\u00e1c l\u0129nh v\u1ef1c v\u0103n h\u1ecdc, ngh\u1ec7 thu\u1eadt, khoa h\u1ecdc k\u1ef9 thu\u1eadt nh\u1eb1m cung c\u1ea5p cho c\u00e1c em thi\u1ebfu nhi c\u0169ng nh\u01b0 c\u00e1c b\u1eadc ph\u1ee5 huynh c\u00e1c ki\u1ebfn th\u1ee9c c\u1ea7n thi\u1ebft trong cu\u1ed9c s\u1ed1ng, nh\u1eefng tinh hoa c\u1ee7a tri th\u1ee9c nh\u00e2n lo\u1ea1i nh\u1eb1m g\u00f3p ph\u1ea7n gi\u00e1o d\u1ee5c v\u00e0 h\u00ecnh th\u00e0nh nh\u00e2n c\u00e1ch th\u1ebf h\u1ec7 tr\u1ebb.<br \/>\u0110\u1ed1i t\u01b0\u1ee3ng ph\u1ee5c v\u1ee5 c\u1ee7a Nh\u00e0 xu\u1ea5t b\u1ea3n l\u00e0 c\u00e1c em t\u1eeb tu\u1ed5i nh\u00e0 tr\u1ebb m\u1eabu gi\u00e1o (1 \u0111\u1ebfn 5 tu\u1ed5i), nhi \u0111\u1ed3ng (6 \u0111\u1ebfn 9 tu\u1ed5i), thi\u1ebfu ni\u00ean (10 \u0111\u1ebfn 15 tu\u1ed5i) \u0111\u1ebfn c\u00e1c em tu\u1ed5i m\u1edbi l\u1edbn (16 \u0111\u1ebfn 18 tu\u1ed5i) v\u00e0 c\u00e1c b\u1eadc ph\u1ee5 huynh.<\/p>\n\n[\/col]\n\n[\/row]\n\n<!-- \/wp:flatsome\/uxbuilder -->","post_title":"Kim \u0110\u1ed3ng","post_excerpt":"","post_status":"publish","comment_status":"closed","ping_status":"closed","post_password":"","post_name":"kim-dong","to_ping":"","pinged":"","post_modified":"2021-02-17 01:31:56","post_modified_gmt":"2021-02-16 23:31:56","post_content_filtered":"","post_parent":0,"guid":"https:\/\/sachviet.eu\/nha-phat-hanh\/kim-dong\/","menu_order":0,"post_type":"publisher","post_mime_type":"","comment_count":"0","filter":"raw"}},"_links":{"self":[{"href":"https:\/\/sachviet.eu\/en\/wp-json\/wp\/v2\/product\/4799","targetHints":{"allow":["GET"]}}],"collection":[{"href":"https:\/\/sachviet.eu\/en\/wp-json\/wp\/v2\/product"}],"about":[{"href":"https:\/\/sachviet.eu\/en\/wp-json\/wp\/v2\/types\/product"}],"wp:featuredmedia":[{"embeddable":true,"href":"https:\/\/sachviet.eu\/en\/wp-json\/wp\/v2\/media\/4798"}],"wp:attachment":[{"href":"https:\/\/sachviet.eu\/en\/wp-json\/wp\/v2\/media?parent=4799"}],"wp:term":[{"taxonomy":"product_brand","embeddable":true,"href":"https:\/\/sachviet.eu\/en\/wp-json\/wp\/v2\/product_brand?post=4799"},{"taxonomy":"product_cat","embeddable":true,"href":"https:\/\/sachviet.eu\/en\/wp-json\/wp\/v2\/product_cat?post=4799"},{"taxonomy":"product_tag","embeddable":true,"href":"https:\/\/sachviet.eu\/en\/wp-json\/wp\/v2\/product_tag?post=4799"}],"curies":[{"name":"wp","href":"https:\/\/api.w.org\/{rel}","templated":true}]}}