{"id":4797,"date":"2021-03-09T01:44:45","date_gmt":"2021-03-08T23:44:45","guid":{"rendered":"https:\/\/sachviet.eu\/shop\/doi-mat-troi-an-ban-ki-niem-60-nam-nxb-kim-dong\/"},"modified":"2021-05-18T00:25:01","modified_gmt":"2021-05-17T21:25:01","slug":"doi-mat-troi-an-ban-ki-niem-60-nam-nxb-kim-dong","status":"publish","type":"product","link":"https:\/\/sachviet.eu\/en\/shop\/doi-mat-troi-an-ban-ki-niem-60-nam-nxb-kim-dong\/","title":{"rendered":"\u0110\u1ee3i M\u1eb7t Tr\u1eddi (\u1ea4n B\u1ea3n K\u1ec9 Ni\u1ec7m 60 N\u0103m NXB Kim \u0110\u1ed3ng)"},"content":{"rendered":"<p>\u0110\u1ee3i m\u1eb7t tr\u1eddi l\u00e0 cu\u1ed1n truy\u1ec7n k\u1ec3 v\u1ec1 \u01b0\u1edbc m\u01a1 v\u01b0\u01a1n l\u00ean trong cu\u1ed9c s\u1ed1ng c\u1ee7a tr\u1ebb th\u01a1.<\/p>\n<p>Nh\u00e2n v\u1eadt trong truy\u1ec7n l\u00e0 nh\u1eefng \u0111\u1ee9a tr\u1ebb b\u1ea5t h\u1ea1nh v\u00ec l\u00ed do n\u00e0y hay l\u00ed do kh\u00e1c \u0111\u00e3 ph\u1ea3i b\u01b0\u01a1n ch\u1ea3i t\u1ef1 ki\u1ebfm s\u1ed1ng. Vi\u1ebft v\u1ec1 nh\u1eefng \u0111\u1ee9a b\u00e9 kh\u00f4ng may m\u1eafn nh\u01b0ng t\u00e1c gi\u1ea3 c\u0169ng nh\u01b0 mu\u1ed1n n\u00f3i v\u1edbi ch\u00ednh m\u00ecnh, v\u1edbi nh\u1eefng b\u1eadc cha m\u1eb9 v\u1ec1 tr\u00e1ch nhi\u1ec7m c\u1ee7a ng\u01b0\u1eddi l\u1edbn \u0111\u1ed1i v\u1edbi tr\u1ebb nh\u1ecf. \u0110\u00f3 ch\u00ednh l\u00e0 m\u1ed9t m\u00e1i \u1ea5m, m\u1ed9t gia \u0111\u00ecnh. M\u1ed9t gia \u0111\u00ecnh th\u1ef1c s\u1ef1 ch\u00ednh l\u00e0 m\u00e1i \u1ea5m c\u1ee7a nh\u1eefng \u0111\u1ee9a tr\u1ebb. N\u1ebfu kh\u00f4ng c\u00f3 \u0111i\u1ec1u \u1ea5y, nh\u1eefng em b\u00e9 s\u1ebd ph\u1ea3i ch\u1ecbu nhi\u1ec1u thua thi\u1ec7t&#8230; V\u00e0 \u01b0\u1edbc m\u01a1 v\u1ec1 cu\u1ed9c s\u1ed1ng t\u1ed1t \u0111\u1eb9p h\u01a1n, gi\u1ed1ng nh\u01b0 \u01b0\u1edbc v\u1ecdng th\u1ea5y M\u1eb7t Tr\u1eddi sau nh\u1eefng ng\u00e0y \u0111en t\u1ed1i&#8230;<\/p>\n<p>T\u00e1c ph\u1ea9m \u0111o\u1ea1t gi\u1ea3i A &#8211; cu\u1ed9c v\u1eadn \u0111\u1ed9ng s\u00e1ng t\u00e1c cho thi\u1ebfu nhi n\u0103m 1993 &#8211; 1995 c\u1ee7a NXB Kim \u0110\u1ed3ng<\/p>\n","protected":false},"excerpt":{"rendered":"<p>\u0110\u1ee3i m\u1eb7t tr\u1eddi l\u00e0 cu\u1ed1n truy\u1ec7n k\u1ec3 v\u1ec1 \u01b0\u1edbc m\u01a1 v\u01b0\u01a1n l\u00ean trong cu\u1ed9c s\u1ed1ng c\u1ee7a tr\u1ebb th\u01a1.<\/p>\n<p>Nh\u00e2n v\u1eadt trong truy\u1ec7n l\u00e0 nh\u1eefng \u0111\u1ee9a tr\u1ebb b\u1ea5t h\u1ea1nh v\u00ec l\u00ed do n\u00e0y hay l\u00ed do kh\u00e1c \u0111\u00e3 ph\u1ea3i b\u01b0\u01a1n ch\u1ea3i t\u1ef1 ki\u1ebfm s\u1ed1ng. Vi\u1ebft v\u1ec1 nh\u1eefng \u0111\u1ee9a b\u00e9 kh\u00f4ng may m\u1eafn nh\u01b0ng t\u00e1c gi\u1ea3 c\u0169ng nh\u01b0 mu\u1ed1n n\u00f3i v\u1edbi ch\u00ednh m\u00ecnh, v\u1edbi nh\u1eefng b\u1eadc cha m\u1eb9 v\u1ec1 tr\u00e1ch nhi\u1ec7m c\u1ee7a ng\u01b0\u1eddi l\u1edbn \u0111\u1ed1i v\u1edbi tr\u1ebb nh\u1ecf. \u0110\u00f3 ch\u00ednh l\u00e0 m\u1ed9t m\u00e1i \u1ea5m, m\u1ed9t gia \u0111\u00ecnh. M\u1ed9t gia \u0111\u00ecnh th\u1ef1c s\u1ef1 ch\u00ednh l\u00e0 m\u00e1i \u1ea5m c\u1ee7a nh\u1eefng \u0111\u1ee9a tr\u1ebb. N\u1ebfu kh\u00f4ng c\u00f3 \u0111i\u1ec1u \u1ea5y, nh\u1eefng em b\u00e9 s\u1ebd ph\u1ea3i ch\u1ecbu nhi\u1ec1u thua thi\u1ec7t&#8230; V\u00e0 \u01b0\u1edbc m\u01a1 v\u1ec1 cu\u1ed9c s\u1ed1ng t\u1ed1t \u0111\u1eb9p h\u01a1n, gi\u1ed1ng nh\u01b0 \u01b0\u1edbc v\u1ecdng th\u1ea5y M\u1eb7t Tr\u1eddi sau nh\u1eefng ng\u00e0y \u0111en t\u1ed1i&#8230;<\/p>\n<p>T\u00e1c ph\u1ea9m \u0111o\u1ea1t gi\u1ea3i A &#8211; cu\u1ed9c v\u1eadn \u0111\u1ed9ng s\u00e1ng t\u00e1c cho thi\u1ebfu nhi n\u0103m 1993 &#8211; 1995 c\u1ee7a NXB Kim \u0110\u1ed3ng<\/p>\n","protected":false},"featured_media":4796,"template":"","meta":{"_acf_changed":false},"product_brand":[],"product_cat":[15,47],"product_tag":[],"class_list":{"0":"post-4797","1":"product","2":"type-product","3":"status-publish","4":"has-post-thumbnail","6":"product_cat-sach-danh-cho-nguoi-lon","7":"product_cat-truyen-ngan-tan-van","9":"first","10":"outofstock","11":"taxable","12":"shipping-taxable","13":"purchasable","14":"product-type-simple"},"supplier_id":null,"supplier_sku":"","barcode":null,"atum_controlled":true,"out_stock_date":"2021-03-13 20:17:55","out_stock_threshold":null,"inheritable":false,"inbound_stock":0,"stock_on_hold":0,"sold_today":0,"sales_last_days":0,"reserved_stock":0,"customer_returns":0,"warehouse_damage":0,"lost_in_post":0,"other_logs":0,"out_stock_days":1782,"lost_sales":0,"has_location":false,"update_date":"2026-01-28T23:10:35","atum_locations":[],"atum_stock_status":"outofstock","restock_status":false,"low_stock_amount":"","sales_update_date":"2026-01-28T23:10:35","calc_backorders":null,"acf":{"publisher":{"ID":1454,"post_author":"1","post_date":"2021-02-17 01:11:34","post_date_gmt":"2021-02-16 23:11:34","post_content":"<!-- wp:flatsome\/uxbuilder -->\n<h1 style=\"text-align: center;\"><strong>Kim \u0110\u1ed3ng<\/strong><\/h1>\n[row]\n\n[col span=\"3\" span__sm=\"12\"]\n\n[ux_image id=\"1534\" image_size=\"medium\"]\n\n\n[\/col]\n[col span=\"9\" span__sm=\"12\"]\n\n<p>Nh\u00e0 xu\u1ea5t b\u1ea3n Kim \u0110\u1ed3ng tr\u1ef1c thu\u1ed9c Trung \u01b0\u01a1ng \u0110o\u00e0n TNCS H\u1ed3 Ch\u00ed Minh l\u00e0 Nh\u00e0 xu\u1ea5t b\u1ea3n t\u1ed5ng h\u1ee3p c\u00f3 ch\u1ee9c n\u0103ng xu\u1ea5t b\u1ea3n s\u00e1ch v\u00e0 v\u0103n h\u00f3a ph\u1ea9m ph\u1ee5c v\u1ee5 thi\u1ebfu nhi v\u00e0 c\u00e1c b\u1eadc ph\u1ee5 huynh trong c\u1ea3 n\u01b0\u1edbc, qu\u1ea3ng b\u00e1 v\u00e0 gi\u1edbi thi\u1ec7u v\u0103n h\u00f3a Vi\u1ec7t Nam ra th\u1ebf gi\u1edbi.<br \/>Nh\u00e0 xu\u1ea5t b\u1ea3n c\u00f3 nhi\u1ec7m v\u1ee5 t\u1ed5 ch\u1ee9c b\u1ea3n th\u1ea3o, bi\u00ean so\u1ea1n, bi\u00ean d\u1ecbch, xu\u1ea5t b\u1ea3n v\u00e0 ph\u00e1t h\u00e0nh c\u00e1c xu\u1ea5t b\u1ea3n ph\u1ea9m c\u00f3 n\u1ed9i dung: gi\u00e1o d\u1ee5c truy\u1ec1n th\u1ed1ng d\u00e2n t\u1ed9c, gi\u00e1o d\u1ee5c v\u1ec1 tri th\u1ee9c, ki\u1ebfn th\u1ee9c\u2026 tr\u00ean c\u00e1c l\u0129nh v\u1ef1c v\u0103n h\u1ecdc, ngh\u1ec7 thu\u1eadt, khoa h\u1ecdc k\u1ef9 thu\u1eadt nh\u1eb1m cung c\u1ea5p cho c\u00e1c em thi\u1ebfu nhi c\u0169ng nh\u01b0 c\u00e1c b\u1eadc ph\u1ee5 huynh c\u00e1c ki\u1ebfn th\u1ee9c c\u1ea7n thi\u1ebft trong cu\u1ed9c s\u1ed1ng, nh\u1eefng tinh hoa c\u1ee7a tri th\u1ee9c nh\u00e2n lo\u1ea1i nh\u1eb1m g\u00f3p ph\u1ea7n gi\u00e1o d\u1ee5c v\u00e0 h\u00ecnh th\u00e0nh nh\u00e2n c\u00e1ch th\u1ebf h\u1ec7 tr\u1ebb.<br \/>\u0110\u1ed1i t\u01b0\u1ee3ng ph\u1ee5c v\u1ee5 c\u1ee7a Nh\u00e0 xu\u1ea5t b\u1ea3n l\u00e0 c\u00e1c em t\u1eeb tu\u1ed5i nh\u00e0 tr\u1ebb m\u1eabu gi\u00e1o (1 \u0111\u1ebfn 5 tu\u1ed5i), nhi \u0111\u1ed3ng (6 \u0111\u1ebfn 9 tu\u1ed5i), thi\u1ebfu ni\u00ean (10 \u0111\u1ebfn 15 tu\u1ed5i) \u0111\u1ebfn c\u00e1c em tu\u1ed5i m\u1edbi l\u1edbn (16 \u0111\u1ebfn 18 tu\u1ed5i) v\u00e0 c\u00e1c b\u1eadc ph\u1ee5 huynh.<\/p>\n\n[\/col]\n\n[\/row]\n\n<!-- \/wp:flatsome\/uxbuilder -->","post_title":"Kim \u0110\u1ed3ng","post_excerpt":"","post_status":"publish","comment_status":"closed","ping_status":"closed","post_password":"","post_name":"kim-dong","to_ping":"","pinged":"","post_modified":"2021-02-17 01:31:56","post_modified_gmt":"2021-02-16 23:31:56","post_content_filtered":"","post_parent":0,"guid":"https:\/\/sachviet.eu\/nha-phat-hanh\/kim-dong\/","menu_order":0,"post_type":"publisher","post_mime_type":"","comment_count":"0","filter":"raw"}},"_links":{"self":[{"href":"https:\/\/sachviet.eu\/en\/wp-json\/wp\/v2\/product\/4797","targetHints":{"allow":["GET"]}}],"collection":[{"href":"https:\/\/sachviet.eu\/en\/wp-json\/wp\/v2\/product"}],"about":[{"href":"https:\/\/sachviet.eu\/en\/wp-json\/wp\/v2\/types\/product"}],"wp:featuredmedia":[{"embeddable":true,"href":"https:\/\/sachviet.eu\/en\/wp-json\/wp\/v2\/media\/4796"}],"wp:attachment":[{"href":"https:\/\/sachviet.eu\/en\/wp-json\/wp\/v2\/media?parent=4797"}],"wp:term":[{"taxonomy":"product_brand","embeddable":true,"href":"https:\/\/sachviet.eu\/en\/wp-json\/wp\/v2\/product_brand?post=4797"},{"taxonomy":"product_cat","embeddable":true,"href":"https:\/\/sachviet.eu\/en\/wp-json\/wp\/v2\/product_cat?post=4797"},{"taxonomy":"product_tag","embeddable":true,"href":"https:\/\/sachviet.eu\/en\/wp-json\/wp\/v2\/product_tag?post=4797"}],"curies":[{"name":"wp","href":"https:\/\/api.w.org\/{rel}","templated":true}]}}