{"id":4795,"date":"2021-03-09T01:44:41","date_gmt":"2021-03-08T23:44:41","guid":{"rendered":"https:\/\/sachviet.eu\/shop\/bo-tron-an-pham-ki-niem-60-nam-thanh-lap-nxb-kim-dong\/"},"modified":"2021-05-18T00:25:13","modified_gmt":"2021-05-17T21:25:13","slug":"bo-tron-an-pham-ki-niem-60-nam-thanh-lap-nxb-kim-dong","status":"publish","type":"product","link":"https:\/\/sachviet.eu\/en\/shop\/bo-tron-an-pham-ki-niem-60-nam-thanh-lap-nxb-kim-dong\/","title":{"rendered":"B\u1ecf Tr\u1ed1n (\u1ea4n Ph\u1ea9m K\u1ec9 Ni\u1ec7m 60 N\u0103m Th\u00e0nh L\u1eadp NXB Kim \u0110\u1ed3ng)"},"content":{"rendered":"<p>Th\u1ee7a b\u00e9, t\u00f4i s\u1ed1ng v\u1edbi b\u1ed1 m\u1eb9 \u1edf x\u00f3m \u0111\u00ea Y\u00ean Ph\u1ee5. \u0110\u00f3 l\u00e0 m\u1ed9t x\u00f3m ngh\u00e8o v\u1edbi nh\u1eefng \u0111\u1ee9a tr\u1ebb ngh\u1ecbch ng\u1ee3m, th\u00f4ng minh v\u00e0 lam l\u0169. Sau n\u00e0y, ch\u1ed3ng t\u00f4i c\u0169ng \u1edf x\u00f3m nh\u1ecf La Th\u00e0nh v\u1edbi con \u0111\u00ea l\u1ea7y l\u1ed9i v\u00e0 m\u1ed9t m\u00e1i nh\u00e0 tranh. Sau khi ch\u1ed3ng m\u1ea5t, t\u00f4i nhi\u1ec1u l\u1ea7n xu\u1ed1ng ngh\u0129a trang V\u0103n \u0110i\u1ec3n th\u0103m m\u1ed9 anh v\u00e0 \u0111\u00e3 b\u1eaft g\u1eb7p c\u00e1c em b\u00e9 t\u1ea7n t\u1ea3o ki\u1ebfm s\u1ed1ng \u1edf \u0111\u00e2y&#8230; B\u1edfi v\u1eady t\u1eeb b\u00e9 t\u00f4i \u0111\u00e3 r\u1ea5t quen v\u1edbi c\u1ea3nh tr\u1ebb em lam l\u0169 ki\u1ebfm s\u1ed1ng c\u00f9ng c\u00e1c chuy\u1ec7n \u00e9o le c\u1ee7a gia \u0111\u00ecnh. T\u00f4i bi\u1ebft, m\u00ecnh kh\u00f4ng th\u1ec3 gi\u1ea7u c\u00f3 ho\u1eb7c t\u00e0i n\u0103ng \u0111\u1ebfn m\u1ee9c c\u00f3 th\u1ec3 g\u00f3p ph\u1ea7n c\u1ea3i thi\u1ec7n \u0111\u01b0\u1ee3c th\u1ef1c t\u1ebf n\u00e0y. Nh\u01b0ng t\u00f4i hi v\u1ecdng m\u00ecnh c\u00f3 th\u1ec3 chia s\u1ebb v\u00e0 th\u00f4ng c\u1ea3m b\u1eb1ng t\u1ea5t c\u1ea3 t\u00e2m h\u1ed3n ch\u1ec9 v\u1edbi m\u1ed9t c\u00e2y b\u00fat nh\u1ecf. T\u00f4i \u0111\u00e3 quan s\u00e1t, ghi ch\u00e9p v\u00e0 c\u1eb7m c\u1ee5i ng\u1ed3i vi\u1ebft l\u1ea1i nh\u1eefng g\u00ec t\u00f4i c\u1ea3m nh\u1eadn, suy t\u01b0 v\u00e0 x\u00f3t th\u01b0\u01a1ng s\u1ed1 ph\u1eadn c\u1ee7a nh\u1eefng tr\u1ebb em kh\u00f4ng may m\u1eafn. Cu\u1ed1n B\u1ecf Tr\u1ed1n \u0111\u01b0\u1ee3c \u0111\u1ea1o di\u1ec5n Ph\u1ea1m Nhu\u1ec7 Giang v\u00e0 nh\u00e0 bi\u00ean k\u1ecbch Nguy\u1ec5n Th\u1ecb H\u1ed3ng Ng\u00e1t chuy\u1ec3n th\u00e0nh phim nh\u1ef1a v\u00e0 \u0111\u00e3 \u0111o\u1ea1t gi\u1ea3i b\u1ea1c c\u1ee7a H\u1ed9i \u0110i\u1ec7n \u1ea3nh n\u0103m 1996&#8230;<\/p>\n","protected":false},"excerpt":{"rendered":"<p>Th\u1ee7a b\u00e9, t\u00f4i s\u1ed1ng v\u1edbi b\u1ed1 m\u1eb9 \u1edf x\u00f3m \u0111\u00ea Y\u00ean Ph\u1ee5. \u0110\u00f3 l\u00e0 m\u1ed9t x\u00f3m ngh\u00e8o v\u1edbi nh\u1eefng \u0111\u1ee9a tr\u1ebb ngh\u1ecbch ng\u1ee3m, th\u00f4ng minh v\u00e0 lam l\u0169. Sau n\u00e0y, ch\u1ed3ng t\u00f4i c\u0169ng \u1edf x\u00f3m nh\u1ecf La Th\u00e0nh v\u1edbi con \u0111\u00ea l\u1ea7y l\u1ed9i v\u00e0 m\u1ed9t m\u00e1i nh\u00e0 tranh. Sau khi ch\u1ed3ng m\u1ea5t, t\u00f4i nhi\u1ec1u l\u1ea7n xu\u1ed1ng ngh\u0129a trang V\u0103n \u0110i\u1ec3n th\u0103m m\u1ed9 anh v\u00e0 \u0111\u00e3 b\u1eaft g\u1eb7p c\u00e1c em b\u00e9 t\u1ea7n t\u1ea3o ki\u1ebfm s\u1ed1ng \u1edf \u0111\u00e2y&#8230; B\u1edfi v\u1eady t\u1eeb b\u00e9 t\u00f4i \u0111\u00e3 r\u1ea5t quen v\u1edbi c\u1ea3nh tr\u1ebb em lam l\u0169 ki\u1ebfm s\u1ed1ng c\u00f9ng c\u00e1c chuy\u1ec7n \u00e9o le c\u1ee7a gia \u0111\u00ecnh. T\u00f4i bi\u1ebft, m\u00ecnh kh\u00f4ng th\u1ec3 gi\u1ea7u c\u00f3 ho\u1eb7c t\u00e0i n\u0103ng \u0111\u1ebfn m\u1ee9c c\u00f3 th\u1ec3 g\u00f3p ph\u1ea7n c\u1ea3i thi\u1ec7n \u0111\u01b0\u1ee3c th\u1ef1c t\u1ebf n\u00e0y. Nh\u01b0ng t\u00f4i hi v\u1ecdng m\u00ecnh c\u00f3 th\u1ec3 chia s\u1ebb v\u00e0 th\u00f4ng c\u1ea3m b\u1eb1ng t\u1ea5t c\u1ea3 t\u00e2m h\u1ed3n ch\u1ec9 v\u1edbi m\u1ed9t c\u00e2y b\u00fat nh\u1ecf. T\u00f4i \u0111\u00e3 quan s\u00e1t, ghi ch\u00e9p v\u00e0 c\u1eb7m c\u1ee5i ng\u1ed3i vi\u1ebft l\u1ea1i nh\u1eefng g\u00ec t\u00f4i c\u1ea3m nh\u1eadn, suy t\u01b0 v\u00e0 x\u00f3t th\u01b0\u01a1ng s\u1ed1 ph\u1eadn c\u1ee7a nh\u1eefng tr\u1ebb em kh\u00f4ng may m\u1eafn. Cu\u1ed1n B\u1ecf Tr\u1ed1n \u0111\u01b0\u1ee3c \u0111\u1ea1o di\u1ec5n Ph\u1ea1m Nhu\u1ec7 Giang v\u00e0 nh\u00e0 bi\u00ean k\u1ecbch Nguy\u1ec5n Th\u1ecb H\u1ed3ng Ng\u00e1t chuy\u1ec3n th\u00e0nh phim nh\u1ef1a v\u00e0 \u0111\u00e3 \u0111o\u1ea1t gi\u1ea3i b\u1ea1c c\u1ee7a H\u1ed9i \u0110i\u1ec7n \u1ea3nh n\u0103m 1996&#8230;<\/p>\n","protected":false},"featured_media":4794,"template":"","meta":{"_acf_changed":false},"product_brand":[],"product_cat":[15,47],"product_tag":[],"class_list":{"0":"post-4795","1":"product","2":"type-product","3":"status-publish","4":"has-post-thumbnail","6":"product_cat-sach-danh-cho-nguoi-lon","7":"product_cat-truyen-ngan-tan-van","9":"first","10":"outofstock","11":"taxable","12":"shipping-taxable","13":"purchasable","14":"product-type-simple"},"supplier_id":null,"supplier_sku":"","barcode":null,"atum_controlled":true,"out_stock_date":"2021-03-13 20:17:55","out_stock_threshold":null,"inheritable":false,"inbound_stock":0,"stock_on_hold":0,"sold_today":0,"sales_last_days":0,"reserved_stock":0,"customer_returns":0,"warehouse_damage":0,"lost_in_post":0,"other_logs":0,"out_stock_days":1782,"lost_sales":0,"has_location":false,"update_date":"2026-01-28T23:10:35","atum_locations":[],"atum_stock_status":"outofstock","restock_status":false,"low_stock_amount":"","sales_update_date":"2026-01-28T23:10:35","calc_backorders":null,"acf":{"publisher":{"ID":1454,"post_author":"1","post_date":"2021-02-17 01:11:34","post_date_gmt":"2021-02-16 23:11:34","post_content":"<!-- wp:flatsome\/uxbuilder -->\n<h1 style=\"text-align: center;\"><strong>Kim \u0110\u1ed3ng<\/strong><\/h1>\n[row]\n\n[col span=\"3\" span__sm=\"12\"]\n\n[ux_image id=\"1534\" image_size=\"medium\"]\n\n\n[\/col]\n[col span=\"9\" span__sm=\"12\"]\n\n<p>Nh\u00e0 xu\u1ea5t b\u1ea3n Kim \u0110\u1ed3ng tr\u1ef1c thu\u1ed9c Trung \u01b0\u01a1ng \u0110o\u00e0n TNCS H\u1ed3 Ch\u00ed Minh l\u00e0 Nh\u00e0 xu\u1ea5t b\u1ea3n t\u1ed5ng h\u1ee3p c\u00f3 ch\u1ee9c n\u0103ng xu\u1ea5t b\u1ea3n s\u00e1ch v\u00e0 v\u0103n h\u00f3a ph\u1ea9m ph\u1ee5c v\u1ee5 thi\u1ebfu nhi v\u00e0 c\u00e1c b\u1eadc ph\u1ee5 huynh trong c\u1ea3 n\u01b0\u1edbc, qu\u1ea3ng b\u00e1 v\u00e0 gi\u1edbi thi\u1ec7u v\u0103n h\u00f3a Vi\u1ec7t Nam ra th\u1ebf gi\u1edbi.<br \/>Nh\u00e0 xu\u1ea5t b\u1ea3n c\u00f3 nhi\u1ec7m v\u1ee5 t\u1ed5 ch\u1ee9c b\u1ea3n th\u1ea3o, bi\u00ean so\u1ea1n, bi\u00ean d\u1ecbch, xu\u1ea5t b\u1ea3n v\u00e0 ph\u00e1t h\u00e0nh c\u00e1c xu\u1ea5t b\u1ea3n ph\u1ea9m c\u00f3 n\u1ed9i dung: gi\u00e1o d\u1ee5c truy\u1ec1n th\u1ed1ng d\u00e2n t\u1ed9c, gi\u00e1o d\u1ee5c v\u1ec1 tri th\u1ee9c, ki\u1ebfn th\u1ee9c\u2026 tr\u00ean c\u00e1c l\u0129nh v\u1ef1c v\u0103n h\u1ecdc, ngh\u1ec7 thu\u1eadt, khoa h\u1ecdc k\u1ef9 thu\u1eadt nh\u1eb1m cung c\u1ea5p cho c\u00e1c em thi\u1ebfu nhi c\u0169ng nh\u01b0 c\u00e1c b\u1eadc ph\u1ee5 huynh c\u00e1c ki\u1ebfn th\u1ee9c c\u1ea7n thi\u1ebft trong cu\u1ed9c s\u1ed1ng, nh\u1eefng tinh hoa c\u1ee7a tri th\u1ee9c nh\u00e2n lo\u1ea1i nh\u1eb1m g\u00f3p ph\u1ea7n gi\u00e1o d\u1ee5c v\u00e0 h\u00ecnh th\u00e0nh nh\u00e2n c\u00e1ch th\u1ebf h\u1ec7 tr\u1ebb.<br \/>\u0110\u1ed1i t\u01b0\u1ee3ng ph\u1ee5c v\u1ee5 c\u1ee7a Nh\u00e0 xu\u1ea5t b\u1ea3n l\u00e0 c\u00e1c em t\u1eeb tu\u1ed5i nh\u00e0 tr\u1ebb m\u1eabu gi\u00e1o (1 \u0111\u1ebfn 5 tu\u1ed5i), nhi \u0111\u1ed3ng (6 \u0111\u1ebfn 9 tu\u1ed5i), thi\u1ebfu ni\u00ean (10 \u0111\u1ebfn 15 tu\u1ed5i) \u0111\u1ebfn c\u00e1c em tu\u1ed5i m\u1edbi l\u1edbn (16 \u0111\u1ebfn 18 tu\u1ed5i) v\u00e0 c\u00e1c b\u1eadc ph\u1ee5 huynh.<\/p>\n\n[\/col]\n\n[\/row]\n\n<!-- \/wp:flatsome\/uxbuilder -->","post_title":"Kim \u0110\u1ed3ng","post_excerpt":"","post_status":"publish","comment_status":"closed","ping_status":"closed","post_password":"","post_name":"kim-dong","to_ping":"","pinged":"","post_modified":"2021-02-17 01:31:56","post_modified_gmt":"2021-02-16 23:31:56","post_content_filtered":"","post_parent":0,"guid":"https:\/\/sachviet.eu\/nha-phat-hanh\/kim-dong\/","menu_order":0,"post_type":"publisher","post_mime_type":"","comment_count":"0","filter":"raw"}},"_links":{"self":[{"href":"https:\/\/sachviet.eu\/en\/wp-json\/wp\/v2\/product\/4795","targetHints":{"allow":["GET"]}}],"collection":[{"href":"https:\/\/sachviet.eu\/en\/wp-json\/wp\/v2\/product"}],"about":[{"href":"https:\/\/sachviet.eu\/en\/wp-json\/wp\/v2\/types\/product"}],"wp:featuredmedia":[{"embeddable":true,"href":"https:\/\/sachviet.eu\/en\/wp-json\/wp\/v2\/media\/4794"}],"wp:attachment":[{"href":"https:\/\/sachviet.eu\/en\/wp-json\/wp\/v2\/media?parent=4795"}],"wp:term":[{"taxonomy":"product_brand","embeddable":true,"href":"https:\/\/sachviet.eu\/en\/wp-json\/wp\/v2\/product_brand?post=4795"},{"taxonomy":"product_cat","embeddable":true,"href":"https:\/\/sachviet.eu\/en\/wp-json\/wp\/v2\/product_cat?post=4795"},{"taxonomy":"product_tag","embeddable":true,"href":"https:\/\/sachviet.eu\/en\/wp-json\/wp\/v2\/product_tag?post=4795"}],"curies":[{"name":"wp","href":"https:\/\/api.w.org\/{rel}","templated":true}]}}