{"id":4793,"date":"2021-03-09T01:44:38","date_gmt":"2021-03-08T23:44:38","guid":{"rendered":"https:\/\/sachviet.eu\/shop\/vao-bep-nau-an-san-ngay-diem-tot\/"},"modified":"2021-03-23T01:13:10","modified_gmt":"2021-03-22T23:13:10","slug":"vao-bep-nau-an-san-ngay-diem-tot","status":"publish","type":"product","link":"https:\/\/sachviet.eu\/en\/shop\/vao-bep-nau-an-san-ngay-diem-tot\/","title":{"rendered":"V\u00e0o b\u1ebfp n\u1ea5u \u0103n s\u0103n ngay \u0111i\u1ec3m t\u1ed1t"},"content":{"rendered":"<p>N\u1ebfu c\u00f3 con nh\u1ecf, ch\u1eafc h\u1eb3n c\u00e1c cha m\u1eb9 t\u1eebng \u0111\u1ec3 \u00fd th\u1ea5y tr\u1ebb r\u1ea5t h\u1ee9ng th\u00fa v\u1edbi nh\u1eefng g\u00ec b\u1ea1n l\u00e0m trong b\u1ebfp. Ch\u00fang c\u00f3 th\u1ec3 h\u01a1i l\u00e0m v\u01b0\u1edbng ch\u00e2n b\u1ea1n, nh\u01b0ng t\u1eadn d\u1ee5ng \u0111\u01b0\u1ee3c s\u1ef1 t\u00f2 m\u00f2 c\u1ee7a tr\u1ebb \u0111\u1ec3 d\u1ea1y ch\u00fang n\u1ea5u \u0103n l\u00e0 m\u1ed9t \u00fd t\u01b0\u1edfng tuy\u1ec7t v\u1eddi. B\u00ean c\u1ea1nh ni\u1ec1m vui m\u00e0 c\u1ea3 nh\u00e0 c\u00f3 \u0111\u01b0\u1ee3c th\u00ec h\u1ecdc n\u1ea5u \u0103n l\u00e0 m\u1ed9t k\u1ef9 n\u0103ng r\u1ea5t quan tr\u1ecdng cho tr\u1ebb.<\/p>\n<p>Khi n\u1ea5u \u0103n, c\u00e1c con s\u1ebd \u00fd th\u1ee9c cao v\u1ec1 t\u00ednh t\u1ef1 l\u1eadp, t\u1ef1 tin h\u01a1n, bi\u1ebft ch\u0103m lo cho b\u1ea3n th\u00e2n, gi\u00fap \u0111\u1ee1 ng\u01b0\u1eddi kh\u00e1c v\u00ec v\u1eady cha m\u1eb9 s\u1ebd v\u00f4 c\u00f9ng an t\u00e2m m\u1ed7i khi kh\u00f4ng c\u00f3 nh\u00e0. \u0110\u1eb7c bi\u1ec7t, n\u1ea5u \u0103n l\u00e0 ph\u01b0\u01a1ng ph\u00e1p hi\u1ec7u qu\u1ea3 d\u00e0nh cho nh\u1eefng \u0111\u1ee9a tr\u1ebb n\u00f3ng t\u00ednh, thi\u1ebfu ki\u00ean nh\u1eabn tr\u1edf n\u00ean m\u1ec1m m\u1ea1i v\u00e0 tr\u1ea7m t\u00ednh h\u01a1n.<\/p>\n<p>Cu\u1ed1n s\u00e1ch V\u00e0o b\u1ebfp n\u1ea5u \u0103n s\u0103n ngay \u0111i\u1ec3m t\u1ed1t bi\u1ebfn m\u1ed7i c\u00f4ng th\u1ee9c n\u1ea5u \u0103n th\u00e0nh m\u1ed9t c\u00e2u chuy\u1ec7n th\u00fa v\u1ecb h\u1ea5p d\u1eabn \u0111\u1ec3 c\u00e1c con c\u00f3 th\u1ec3 v\u1eeba \u0111\u1ecdc truy\u1ec7n v\u1eeba th\u1ef1c h\u00e0nh m\u00f3n \u0103n v\u00e0 luy\u1ec7n vi\u1ebft v\u0103n theo s\u01a1 \u0111\u1ed3 ngay t\u1eeb m\u00f3n \u0103n m\u00e0 m\u00ecnh ch\u1ebf bi\u1ebfn.<\/p>\n<p>C\u00e1c cha m\u1eb9 h\u00e3y khuy\u1ebfn kh\u00edch c\u00e1c con l\u00e0m, sau \u0111\u00f3 \u0111\u1ecdc truy\u1ec7n, r\u1ed3i vi\u1ebft, r\u1ed3i tr\u00f2 chuy\u1ec7n v\u1edbi nhau v\u00e0 c\u00f9ng nhau th\u01b0\u1edfng th\u1ee9c m\u00f3n \u0103n. \u0110\u00f3 l\u00e0 c\u00e1ch h\u1ecdc v\u00f4 c\u00f9ng hi\u1ec7u qu\u1ea3 &#8211; h\u1ecdc trong th\u1ef1c h\u00e0nh \u2013 h\u1ecdc \u0111\u1ec3 ph\u00e1t tri\u1ec3n n\u0103ng l\u1ef1c.<\/p>\n<p>&#8220;Tr\u1ee9ng nho nh\u1ecf<br \/>\nC\u00f3 l\u00f2ng \u0111\u1ecf<br \/>\nH\u00e0nh b\u00f3c v\u1ecf<br \/>\nMu\u1ed1i trong l\u1ecd<br \/>\nChai d\u1ea7u to<br \/>\nNa l\u00e0m cho<br \/>\nKh\u00f4ng c\u1ea7n lo<\/p>\n<p>Kh\u00e9o l\u00e9o \u0111\u1eadp tr\u1ee9ng<br \/>\nCho gia v\u1ecb v\u00e0o<\/p>\n<p>R\u1ed3i th\u00eam ch\u00fat h\u00e0nh<br \/>\nKhu\u1ea5y \u0111\u1ec1u trong b\u00e1t<br \/>\nV\u1eeba l\u00e0m v\u1eeba h\u00e1t<br \/>\n\u0110\u1ee3i l\u00fac d\u1ea7u s\u00f4i<br \/>\nCh\u1eb3ng c\u1ea7n l\u00f4i th\u00f4i<br \/>\n\u0110\u1ed5 lu\u00f4n v\u00e0o ch\u1ea3o<br \/>\nTay m\u1ec1m em \u0111\u1ea3o<br \/>\nL\u1eadt xu\u1ed1ng l\u1eadt l\u00ean<br \/>\nTr\u1ee9ng c\u00e0ng v\u00e0ng th\u00eam<br \/>\nM\u1eb9 khen: Gi\u1ecfi th\u1ebf&#8221;<\/p>\n","protected":false},"excerpt":{"rendered":"<p>N\u1ebfu c\u00f3 con nh\u1ecf, ch\u1eafc h\u1eb3n c\u00e1c cha m\u1eb9 t\u1eebng \u0111\u1ec3 \u00fd th\u1ea5y tr\u1ebb r\u1ea5t h\u1ee9ng th\u00fa v\u1edbi nh\u1eefng g\u00ec b\u1ea1n l\u00e0m trong b\u1ebfp. Ch\u00fang c\u00f3 th\u1ec3 h\u01a1i l\u00e0m v\u01b0\u1edbng ch\u00e2n b\u1ea1n, nh\u01b0ng t\u1eadn d\u1ee5ng \u0111\u01b0\u1ee3c s\u1ef1 t\u00f2 m\u00f2 c\u1ee7a tr\u1ebb \u0111\u1ec3 d\u1ea1y ch\u00fang n\u1ea5u \u0103n l\u00e0 m\u1ed9t \u00fd t\u01b0\u1edfng tuy\u1ec7t v\u1eddi. B\u00ean c\u1ea1nh ni\u1ec1m vui m\u00e0 c\u1ea3 nh\u00e0 c\u00f3 \u0111\u01b0\u1ee3c th\u00ec h\u1ecdc n\u1ea5u \u0103n l\u00e0 m\u1ed9t k\u1ef9 n\u0103ng r\u1ea5t quan tr\u1ecdng cho tr\u1ebb.<\/p>\n<p>Khi n\u1ea5u \u0103n, c\u00e1c con s\u1ebd \u00fd th\u1ee9c cao v\u1ec1 t\u00ednh t\u1ef1 l\u1eadp, t\u1ef1 tin h\u01a1n, bi\u1ebft ch\u0103m lo cho b\u1ea3n th\u00e2n, gi\u00fap \u0111\u1ee1 ng\u01b0\u1eddi kh\u00e1c v\u00ec v\u1eady cha m\u1eb9 s\u1ebd v\u00f4 c\u00f9ng an t\u00e2m m\u1ed7i khi kh\u00f4ng c\u00f3 nh\u00e0. \u0110\u1eb7c bi\u1ec7t, n\u1ea5u \u0103n l\u00e0 ph\u01b0\u01a1ng ph\u00e1p hi\u1ec7u qu\u1ea3 d\u00e0nh cho nh\u1eefng \u0111\u1ee9a tr\u1ebb n\u00f3ng t\u00ednh, thi\u1ebfu ki\u00ean nh\u1eabn tr\u1edf n\u00ean m\u1ec1m m\u1ea1i v\u00e0 tr\u1ea7m t\u00ednh h\u01a1n.<\/p>\n<p>Cu\u1ed1n s\u00e1ch V\u00e0o b\u1ebfp n\u1ea5u \u0103n s\u0103n ngay \u0111i\u1ec3m t\u1ed1t bi\u1ebfn m\u1ed7i c\u00f4ng th\u1ee9c n\u1ea5u \u0103n th\u00e0nh m\u1ed9t c\u00e2u chuy\u1ec7n th\u00fa v\u1ecb h\u1ea5p d\u1eabn \u0111\u1ec3 c\u00e1c con c\u00f3 th\u1ec3 v\u1eeba \u0111\u1ecdc truy\u1ec7n v\u1eeba th\u1ef1c h\u00e0nh m\u00f3n \u0103n v\u00e0 luy\u1ec7n vi\u1ebft v\u0103n theo s\u01a1 \u0111\u1ed3 ngay t\u1eeb m\u00f3n \u0103n m\u00e0 m\u00ecnh ch\u1ebf bi\u1ebfn.<\/p>\n","protected":false},"featured_media":4792,"template":"","meta":{"_acf_changed":false},"product_brand":[],"product_cat":[20,25,19,17,26],"product_tag":[],"class_list":{"0":"post-4793","1":"product","2":"type-product","3":"status-publish","4":"has-post-thumbnail","6":"product_cat-be-vua-hoc-vua-choi","7":"product_cat-nhi-dong-6-tuoi-12-tuoi","8":"product_cat-nuoi-day-con","9":"product_cat-sach-danh-cho-cac-be","10":"product_cat-thieu-nien-11-tuoi-18-tuoi","12":"first","13":"outofstock","14":"taxable","15":"shipping-taxable","16":"purchasable","17":"product-type-simple"},"supplier_id":null,"supplier_sku":"","barcode":null,"atum_controlled":true,"out_stock_date":"2021-03-08 23:44:38","out_stock_threshold":null,"inheritable":false,"inbound_stock":0,"stock_on_hold":0,"sold_today":0,"sales_last_days":0,"reserved_stock":0,"customer_returns":0,"warehouse_damage":0,"lost_in_post":0,"other_logs":0,"out_stock_days":1786,"lost_sales":0,"has_location":false,"update_date":"2026-01-28T23:10:35","atum_locations":[],"atum_stock_status":"outofstock","restock_status":false,"low_stock_amount":"","sales_update_date":"2026-01-28T23:10:35","calc_backorders":null,"acf":{"publisher":{"ID":1474,"post_author":"1","post_date":"2021-02-17 01:12:51","post_date_gmt":"2021-02-16 23:12:51","post_content":"","post_title":"Th\u00e1i H\u00e0","post_excerpt":"","post_status":"publish","comment_status":"closed","ping_status":"closed","post_password":"","post_name":"thai-ha","to_ping":"","pinged":"","post_modified":"2021-02-17 01:12:51","post_modified_gmt":"2021-02-16 23:12:51","post_content_filtered":"","post_parent":0,"guid":"https:\/\/sachviet.eu\/nha-phat-hanh\/thai-ha\/","menu_order":0,"post_type":"publisher","post_mime_type":"","comment_count":"0","filter":"raw"}},"_links":{"self":[{"href":"https:\/\/sachviet.eu\/en\/wp-json\/wp\/v2\/product\/4793","targetHints":{"allow":["GET"]}}],"collection":[{"href":"https:\/\/sachviet.eu\/en\/wp-json\/wp\/v2\/product"}],"about":[{"href":"https:\/\/sachviet.eu\/en\/wp-json\/wp\/v2\/types\/product"}],"wp:featuredmedia":[{"embeddable":true,"href":"https:\/\/sachviet.eu\/en\/wp-json\/wp\/v2\/media\/4792"}],"wp:attachment":[{"href":"https:\/\/sachviet.eu\/en\/wp-json\/wp\/v2\/media?parent=4793"}],"wp:term":[{"taxonomy":"product_brand","embeddable":true,"href":"https:\/\/sachviet.eu\/en\/wp-json\/wp\/v2\/product_brand?post=4793"},{"taxonomy":"product_cat","embeddable":true,"href":"https:\/\/sachviet.eu\/en\/wp-json\/wp\/v2\/product_cat?post=4793"},{"taxonomy":"product_tag","embeddable":true,"href":"https:\/\/sachviet.eu\/en\/wp-json\/wp\/v2\/product_tag?post=4793"}],"curies":[{"name":"wp","href":"https:\/\/api.w.org\/{rel}","templated":true}]}}