{"id":4791,"date":"2021-03-09T01:44:34","date_gmt":"2021-03-08T23:44:34","guid":{"rendered":"https:\/\/sachviet.eu\/shop\/ha-noi-mu-rom-va-tem-phieu\/"},"modified":"2021-05-18T00:25:33","modified_gmt":"2021-05-17T21:25:33","slug":"ha-noi-mu-rom-va-tem-phieu","status":"publish","type":"product","link":"https:\/\/sachviet.eu\/en\/shop\/ha-noi-mu-rom-va-tem-phieu\/","title":{"rendered":"H\u00e0 N\u1ed9i, m\u0169 r\u01a1m v\u00e0 tem phi\u1ebfu"},"content":{"rendered":"<p>H\u00e0 N\u1ed9i, M\u0169 R\u01a1m V\u00e0 Tem Phi\u1ebfu<\/p>\n<p>Nh\u1eefng k\u00fd \u1ee9c, k\u1ef7 ni\u1ec7m v\u1ec1 m\u1ed9t th\u1eddi H\u00e0 N\u1ed9i ch\u01b0a xa nh\u01b0ng \u0111\u00e3 b\u1ecb coi l\u00e0 c\u0169. Gi\u1ecdng v\u0103n ch\u00e2n ch\u1ea5t, th\u1eadt th\u00e0 g\u1ee3i \u0111\u1ebfn nh\u1eefng rung c\u1ea3m trong l\u00f2ng ng\u01b0\u1eddi \u0111\u1ecdc v\u1ec1 m\u1ed9t qu\u00e3ng th\u1eddi gian trong qu\u00e1 kh\u1ee9. Nh\u1eefng c\u00e2u chuy\u1ec7n k\u00fd \u1ee9c v\u1ec1 s\u1ef1 v\u1eadt v\u1ec1 con ng\u01b0\u1eddi th\u1ebf h\u1ec7 nh\u1eefng n\u0103m v\u1ec1 tr\u01b0\u1edbc g\u1ee3i nh\u1edb v\u1ec1 nh\u1eefng c\u00e2u chuy\u1ec7n r\u1ea5t \u0111\u1ed7i th\u00e2n thu\u1ed9c nh\u01b0ng \u0111\u00e3 b\u1ecb b\u00e0o m\u00f2n b\u1edfi th\u1eddi gian v\u00e0 s\u1ef1 ph\u00e1t tri\u1ec3n c\u1ee7a x\u00e3 h\u1ed9i. B\u1eb1ng gi\u1ecdng k\u1ec3 h\u00f3m h\u1ec9nh, pha ch\u00fat tr\u00e0o ph\u00fang, ng\u01b0\u1eddi vi\u1ebft \u0111\u00e3 v\u1ebd l\u1ea1i c\u1ea3 m\u1ed9t b\u1ed1i c\u1ea3nh H\u00e0 N\u1ed9i x\u01b0a c\u0169 th\u00e2n quen \u201cPh\u00eda cu\u1ed1i h\u00e0ng l\u1ed5ng ch\u1ed5ng m\u1ea5y n\u1eeda h\u00f2n g\u1ea1ch hay chi\u1ebfc r\u00e1 s\u1ee9t c\u1ea1p, x\u1ebfp s\u1eb5n \u0111\u1ec3 \u0111\u1ea1i di\u1ec7n cho m\u1ed9t ng\u01b0\u1eddi mua h\u00e0ng n\u00e0o \u0111\u00f3 \u0111ang tranh th\u1ee7 mua rau qu\u1ea7y b\u00ean c\u1ea1nh. Th\u1ec9nh tho\u1ea3ng kh\u00f4ng th\u1ea5y ai \u0111\u1ec3 \u00fd, th\u1eb1ng b\u00e9 con l\u1ea1i \u0111\u00e1 n\u1eeda vi\u00ean g\u1ea1ch hay c\u00e1i r\u00e1 th\u1ee7ng m\u1eadp m\u1edd v\u00f4 th\u1eeba nh\u1eadn tr\u01b0\u1edbc m\u1eb7t m\u00ecnh b\u1eafn ra kh\u1ecfi h\u00e0ng, trong s\u1ef1 \u0111\u1ed3ng t\u00ecnh c\u1ee7a nh\u1eefng ng\u01b0\u1eddi x\u1ebfp ph\u00eda sau l\u01b0ng. Nh\u1eefng k\u1ebb ch\u1ea1y show quay v\u1ec1 qu\u1ea7y c\u00e1, th\u1ea5y m\u1ea5t \u201cv\u0103n ph\u00f2ng \u0111\u1ea1i di\u1ec7n\u201d t\u1ee9c t\u1ed1i h\u1eb1m h\u00e8, b\u1ea5t l\u1ef1c ch\u1eedi \u0111\u1ed5ng.\u201d<\/p>\n<p>Cu\u1ed1n s\u00e1ch d\u00e0nh cho nh\u1eefng \u201cNh\u1eefng t\u00e2m h\u1ed3n ho\u00e0i c\u1ed5 nh\u01b0 b\u01a1 v\u01a1 t\u1ee5t h\u1eadu trong c\u00e1i th\u00e0nh ph\u1ed1 qu\u00ea h\u01b0\u01a1ng tu\u1ed5i th\u01a1 m\u1ed9t th\u1eddi\u201d; d\u00e0nh cho nh\u1eefng con ng\u01b0\u1eddi \u0111\u00e3 tr\u00f3t y\u00eau, v\u00e0 s\u1ebd y\u00eau m\u1ea3nh \u0111\u1ea5t \u201cK\u1ef7 ni\u1ec7m ken d\u00e0y c\u00f4 \u0111\u1ecdng x\u1ebfp ch\u1eadt k\u00fd \u1ee9c, t\u0103m t\u1eafp d\u00e0n tr\u1ea3i \u0111\u1ec1u tr\u00ean b\u01b0\u1edbc th\u1eddi gian, nh\u01b0 nh\u1eefng vi\u00ean g\u1ea1ch l\u00e1t v\u1ec9a h\u00e8 h\u00e0ng ph\u1ed1\u201d.<\/p>\n<p>+TR\u00cdCH \u0110O\u1ea0N:<\/p>\n<p>&#8211;    Sau nh\u1eefng ng\u00e0y tr\u0103ng m\u1eadt v\u1edbi ni\u1ec1m h\u1ee9ng kh\u1edfi \u0111\u1ea7y ch\u1ea5t l\u00fd t\u01b0\u1edfng ban \u0111\u1ea7u, c\u1eadu Nh\u00e2n t\u00f4i d\u01b0\u1eddng nh\u01b0\u0111\u00e3 th\u1ea5t v\u1ecdng. Khi l\u00e2m c\u1ea3nh thi\u1ebfu th\u1ed1n, chi\u1ebfn tranh th\u01b0\u1eddng b\u00f9ng n\u1ed5 v\u00e0 di\u1ec5n ra t\u1ea1i c\u0103n c\u1ee9 \u0111\u1ecba d\u1ea1 d\u00e0y. M\u1ed9t \u0111\u1ecbnh ngh\u0129a v\u1ec1 th\u1ecbt c\u1eadu t\u00f4i nh\u00e1i theo s\u00e1ch gi\u00e1o khoa Sinh v\u1eadt l\u1edbp 6, trong b\u00e0i \u00f4ng \u2013 Leeuwenhoek t\u00ecm ra vi khu\u1ea9n d\u01b0\u1edbi k\u00ednh hi\u1ec3n vi: \u201cTh\u1ecbt l\u00e0 m\u00f3n \u0103n th\u01b0\u1eddng c\u00f3 trong b\u1eefa \u0103n h\u1eb1ng ng\u00e0y c\u1ee7a nh\u00e2n d\u00e2n, m\u00e0 b\u1eb1ng m\u1eaft th\u01b0\u1eddng ta kh\u00f4ng th\u1ec3 n\u00e0o nh\u00ecn th\u1ea5y \u0111\u01b0\u1ee3c\u201d.<\/p>\n<p>&#8211;    \u00d4i ph\u1ed1 Ph\u1edf! H\u00e0 N\u1ed9i ch\u1eb3ng c\u00f3 ph\u1ed1 n\u00e0o t\u00ean l\u00e0 ph\u1ed1 Ph\u1edf, nh\u01b0ng ph\u1ed1 ph\u1edf lu\u00f4n l\u00e0 n\u1ed7i nh\u1edb th\u1ee7 \u0111\u00f4 trong l\u00f2ng con tr\u1ebb. C\u00f3 nh\u1eefng bu\u1ed5i chi\u1ec1u d\u1ea7u \u0111\u00e8n nh\u1eadp nho\u1ea1ng d\u01a1i bay, t\u00f4i m\u1edf s\u00e1ch d\u1eebng l\u1ea1i \u1edf b\u00e0i n\u00e0y l\u00e2u nh\u1ea5t. Khu\u00f4n h\u00ecnh minh h\u1ecda v\u1ebd m\u1ed9t g\u00f3c ph\u1ed1 nh\u1ecf, ph\u1ed1 c\u00f3 v\u1ec9a h\u00e8 h\u1eb3n hoi, c\u00f3 ng\u00f4i nh\u00e0 hai t\u1ea7ng ch\u1ea5p ch\u1edbi sau m\u1ed9t t\u00e1n b\u00e0ng. Ti\u1ebfng ch\u00f9m ch\u00eca kh\u00f3a \u0111\u1ed3ng b\u00e0 ngo\u1ea1i t\u00f4i v\u1ecdng reo ling king \u0111\u00e2u \u0111\u00f3. Ng\u00f4i nh\u00e0 h\u1eb3n b\u00e1n ph\u1edf n\u00ean m\u1edbi g\u1ecdi l\u00e0 Ph\u1ed1 Ph\u1edf.<\/p>\n<p>T\u00f4i nh\u1eafm m\u1eaft, nh\u01b0 nh\u00ecn th\u1ea5y t\u1ea3ng th\u1ecbt b\u00f2 ch\u00edn ng\u1eady, m\u00f9i h\u00e0nh hoa \u0111i\u1ec3m v\u1ecb n\u1ed3ng c\u1ee7a l\u00e1t g\u1eebng cay \u0111\u1eadp d\u1eadp trong trang s\u00e1ch. Nh\u1edb ph\u1ed1, nh\u1edb ph\u1edf qu\u00e1! N\u1ebfu b\u00e2y gi\u1edd \u0111\u01b0\u1ee3c v\u1ec1 H\u00e0 N\u1ed9i, t\u00f4i s\u1ebd d\u1ee9t kho\u00e1t \u0111\u00f2i b\u00e0 ngo\u1ea1i b\u1eb1ng \u0111\u01b0\u1ee3c m\u1ed9t b\u00e1t ph\u1edf d\u00f9 kh\u00f4ng \u1ed1m.<\/p>\n<p>&#8211;    Chi\u1ebfn tranh ph\u00e1 ho\u1ea1i ng\u00e0y c\u00e0ng \u00e1c li\u1ec7t. Khi c\u1ea3 nh\u00e0 r\u1eddi kh\u1ecfi Ho\u00e0i \u0110\u1ee9c v\u00e0i h\u00f4m, m\u00e1y bay M\u1ef9 oanh t\u1ea1c tr\u00fang hai l\u00e0ng Y\u00ean B\u1ec7 v\u00e0 Y\u00ean V\u0129nh, n\u01a1i ch\u00fang t\u00f4i \u1edf tr\u01b0\u1edbc. U Nhu h\u1edbt h\u1ea3i ch\u1ea1y ng\u01b0\u1ee3c v\u1ec1 H\u00e0 N\u1ed9i, k\u1ec3\u1edf \u0110\u1ee9c Th\u01b0\u1ee3ng nh\u00ecn v\u1ec1 Y\u00ean V\u0129nh, th\u1ea5y bom qu\u1eadt tung c\u1ea3 nh\u1eefng b\u1ee5i tre l\u1edbn l\u00ean tr\u1eddi. Kh\u00f4ng bi\u1ebft \u0111\u01a1n v\u1ecb b\u1ed9 \u0111\u1ed9i ph\u00f2ng kh\u00f4ng \u1edf \u0111\u00f3 c\u00f3 thi\u1ec7t h\u1ea1i g\u00ec kh\u00f4ng nh\u01b0ng d\u00e2n l\u00e0ng ch\u1ebft nhi\u1ec1u l\u1eafm. \u1ede \u0111\u1ea5y c\u00f3 t\u1ee5i b\u1ea1n h\u1ecdc v\u1ee1 l\u00f2ng c\u1ee7a t\u00f4i: nh\u1eefng th\u1eb1ng B\u00e1u m\u1ed3m m\u00e9o, th\u1eb1ng B\u1ea3o tr\u1ecdc, th\u1eb1ng Minh b\u1ed3ng, th\u1eb1ng C\u01b0\u1eddng h\u00edp&#8230; bao l\u1ea7n c\u00f9ng t\u00f4i ch\u01a1i \u0111\u00e1nh tr\u1eadn gi\u1ea3 d\u01b0\u1edbi con h\u00e0o giao th\u00f4ng n\u1ed1i nh\u1eefng c\u0103n h\u1ea7m. Th\u1eb1ng N\u0103ng hay nh\u1ed5 cho t\u00f4i nh\u1eefng b\u1ee5i rong gi\u1ec1ng, d\u01b0\u1edbi g\u1ed1c \u0111eo n\u1eb7ng qu\u1ea7y c\u1ee7 d\u1ebbo th\u01a1m. C\u00e2y rong ri\u1ec1ng l\u00e1 t\u00eda, c\u00f3 nh\u1eefng \u0111\u1ecdt hoa th\u1eafm \u0111\u1ecf ch\u1ee9a \u0111\u1ea7y m\u1eadt ng\u1ecdt. Kh\u00f4ng bi\u1ebft nh\u1eefng \u0111\u1ee9a b\u1ea1n l\u00e0ng qu\u00ea c\u1ee7a t\u00f4i c\u00f3 tho\u00e1t \u0111\u01b0\u1ee3c tr\u1eadn bom \u0111\u00f3 kh\u00f4ng?<\/p>\n<p>&#8211;    Nh\u1eefng ti\u1ebfng rao ti\u1ebfng x\u1ea9m tr\u00ean t\u00e0u h\u1eb3n l\u00e0 c\u00e1i g\u1ea1ch n\u1ed1i li\u1ec1n m\u1ea1ch gi\u1eefa hai ch\u1ebf \u0111\u1ed9, th\u1ef1c d\u00e2n phong ki\u1ebfn v\u00e0 d\u00e2n ch\u1ee7 c\u1ed9ng h\u00f2a. M\u1ecdi ch\u00ednh quy\u1ec1n \u0111\u1ec1u c\u00f3 th\u1ec3 thay \u0111\u1ed5i, song nh\u1eefng k\u1ebb t\u00e0n t\u1eadt d\u01b0\u1edbi \u0111\u00e1y x\u00e3 h\u1ed9i v\u1eabn ch\u1ec9 c\u00f3 m\u1ed7i k\u1ebf sinh nhai nh\u01b0 c\u0169. D\u01b0\u1eddng nh\u01b0 kh\u00f4ng xu\u1ea5t hi\u1ec7n m\u1ed9t \u0111\u1eb7c \u00e2n n\u00e0o ngo\u00e0i vi\u1ec7c nh\u1eafn nh\u1ee7 r\u1eb1ng nh\u00e2n lo\u1ea1i v\u1eabn c\u1ea7n \u0111\u1ebfn nh\u1eefng t\u1ea5m l\u00f2ng tr\u1eafc \u1ea9n, d\u00f9 ch\u1ec9 l\u01b0\u1edbt qua tr\u00ean nh\u1eefng chuy\u1ebfn t\u00e0u \u0111\u1eddi.<\/p>\n<p>&#8211;    K\u1ef7 ni\u1ec7m ken d\u00e0y c\u00f4 \u0111\u1ecdng x\u1ebfp ch\u1eadt k\u00fd \u1ee9c, t\u0103m t\u1eafp d\u00e0n tr\u1ea3i \u0111\u1ec1u tr\u00ean b\u01b0\u1edbc th\u1eddi gian, nh\u01b0 nh\u1eefng vi\u00ean g\u1ea1ch l\u00e1t v\u1ec9a h\u00e8 h\u00e0ng ph\u1ed1. C\u00e0ng ch\u1eadt h\u01a1n n\u1eefa khi nh\u1eefng l\u1edbp ng\u01b0\u1eddi c\u0169 d\u01b0\u1eddng nh\u01b0 kh\u00f4ng ch\u1ed1n n\u01b0\u01a1ng th\u00e2n trong kh\u00f4ng gian v\u0103n h\u00f3a \u0111\u00f4 th\u1ecb m\u1edbi. H\u1ecd co m\u00ecnh l\u1ea1i, ch\u1ec9 th\u1ea5y m\u1eb7t nhau tr\u00ean Facebook r\u1ed3i b\u1ea5m like hay than th\u1edf to\u00e9t c\u1ea3 ng\u00f3n tay<\/p>\n<p>Tr\u1ea3i qua h\u01a1n 60 n\u0103m k\u1ec3 t\u1eeb kho\u1ea3nh kh\u1eafc \u201ckhi \u0111o\u00e0n qu\u00e2n k\u00e9o v\u1ec1 m\u00f9a thu \u1ea5y, nh\u1ecbp tr\u1ed1ng rung 36 ph\u1ed1 ph\u01b0\u1eddng\u201d, H\u00e0 N\u1ed9i gi\u1edd \u0111\u00e2y \u0111\u00e3 tr\u1edf th\u00e0nh m\u1ed9t th\u1ee7 \u0111\u00f4 n\u0103ng \u0111\u1ed9ng, gi\u00e0u s\u1ee9c s\u1ed1ng v\u1edbi nh\u1eefng d\u00f2ng ng\u01b0\u1eddi, d\u00f2ng xe c\u1ed9 n\u1ed1i d\u00e0i b\u1ea5t t\u1eadn. Th\u1ebf nh\u01b0ng, \u0111\u00e2u \u0111\u00f3 trong th\u00e0nh ph\u1ed1 n\u00e0y v\u1eabn c\u00f3 nh\u1eefng di t\u00edch, ch\u1ee9ng nh\u00e2n l\u1ecbch s\u1eed tr\u01b0\u1eddng t\u1ed3n b\u1ea5t ch\u1ea5p th\u1eddi gian \u0111\u1ec3 ta kh\u00f4ng kh\u1ecfi y\u00eau v\u00e0 nh\u1edb v\u1ec1 m\u1ed9t th\u1eddi kh\u00f3i l\u1eeda h\u00e0o h\u00f9ng&#8230; Ch\u1eb3ng ph\u1ea3i ng\u1eabu nhi\u00ean m\u00e0 nh\u1eefng ng\u01b0\u1eddi t\u1eebng c\u00f3 k\u00fd \u1ee9c tu\u1ed5i th\u01a1 v\u1edbi H\u00e0 N\u1ed9i c\u0169 \u0111\u1ec1u c\u00f3 l\u00f2ng t\u01b0\u01a1ng t\u01b0. T\u01b0\u01a1ng t\u01b0 t\u1eebng g\u00f3c ph\u1ed1, h\u00e0ng c\u00e2y, \u0111\u1ebfn khung c\u1eeda s\u1ed5, m\u00e1i ng\u00f3i c\u1ee7a nh\u1eefng c\u0103n bi\u1ec7t th\u1ef1 \u0110\u00f4ng D\u01b0\u01a1ng c\u1ed5 k\u00ednh. <\/p>\n<p>Ch\u00fang ta v\u1eabn lu\u00f4n th\u01b0\u01a1ng nh\u1edb nh\u1eefng th\u1ee9 x\u01b0a c\u0169, c\u0169ng gi\u1ed1ng nh\u01b0 nhi\u1ec1u ng\u01b0\u1eddi v\u1eabn c\u00f2n l\u00f2ng ho\u00e0i ni\u1ec7m v\u1edbi H\u00e0 N\u1ed9i thu\u1edf tr\u01b0\u1edbc. V\u00ed nh\u01b0 vi\u1ec7c s\u1ed1ng gi\u1eefa khu \u0111\u00f4 th\u1ecb sang tr\u1ecdng h\u1ea1ng nh\u1ea5t th\u00ec ng\u01b0\u1eddi ta l\u1ea1i ngh\u0129 \u0111\u1ebfn c\u0103n nh\u00e0 c\u1ea5p 4 t\u01b0\u1eddng g\u1ea1ch v\u00f4i ve. Ho\u1eb7c khi t\u1eadn h\u01b0\u1edfng s\u1ef1 n\u00e1o nhi\u1ec7t, r\u1ef1c r\u1ee1 c\u1ee7a Trung t\u00e2m th\u01b0\u01a1ng m\u1ea1i th\u00ec ng\u01b0\u1eddi ta l\u1ea1i nh\u1edb \u0111\u1ebfn d\u00e1ng v\u1ebb m\u01a1 m\u00e0ng, y\u00ean \u1ea3 c\u1ee7a ph\u1ed1 c\u0169. Hay c\u1ee9 m\u1ed7i d\u1ecbp T\u1ebft \u0111\u1ea7y \u0111\u1ee7, sung s\u01b0\u1edbng th\u00ec ta l\u1ea1i nh\u1edb \u0111\u1ebfn T\u1ebft x\u01b0a, nhi\u1ec1u kh\u00f3 kh\u0103n nh\u01b0ng \u1ea5m \u00e1p t\u00ecnh th\u00e2n<\/p>\n","protected":false},"excerpt":{"rendered":"<p>Nh\u1eefng k\u00fd \u1ee9c, k\u1ef7 ni\u1ec7m v\u1ec1 m\u1ed9t th\u1eddi H\u00e0 N\u1ed9i ch\u01b0a xa nh\u01b0ng \u0111\u00e3 b\u1ecb coi l\u00e0 c\u0169. Gi\u1ecdng v\u0103n ch\u00e2n ch\u1ea5t, th\u1eadt th\u00e0 g\u1ee3i \u0111\u1ebfn nh\u1eefng rung c\u1ea3m trong l\u00f2ng ng\u01b0\u1eddi \u0111\u1ecdc v\u1ec1 m\u1ed9t qu\u00e3ng th\u1eddi gian trong qu\u00e1 kh\u1ee9. Nh\u1eefng c\u00e2u chuy\u1ec7n k\u00fd \u1ee9c v\u1ec1 s\u1ef1 v\u1eadt v\u1ec1 con ng\u01b0\u1eddi th\u1ebf h\u1ec7 nh\u1eefng n\u0103m v\u1ec1 tr\u01b0\u1edbc g\u1ee3i nh\u1edb v\u1ec1 nh\u1eefng c\u00e2u chuy\u1ec7n r\u1ea5t \u0111\u1ed7i th\u00e2n thu\u1ed9c nh\u01b0ng \u0111\u00e3 b\u1ecb b\u00e0o m\u00f2n b\u1edfi th\u1eddi gian v\u00e0 s\u1ef1 ph\u00e1t tri\u1ec3n c\u1ee7a x\u00e3 h\u1ed9i. B\u1eb1ng gi\u1ecdng k\u1ec3 h\u00f3m h\u1ec9nh, pha ch\u00fat tr\u00e0o ph\u00fang, ng\u01b0\u1eddi vi\u1ebft \u0111\u00e3 v\u1ebd l\u1ea1i c\u1ea3 m\u1ed9t b\u1ed1i c\u1ea3nh H\u00e0 N\u1ed9i x\u01b0a c\u0169 th\u00e2n quen \u201cPh\u00eda cu\u1ed1i h\u00e0ng l\u1ed5ng ch\u1ed5ng m\u1ea5y n\u1eeda h\u00f2n g\u1ea1ch hay chi\u1ebfc r\u00e1 s\u1ee9t c\u1ea1p, x\u1ebfp s\u1eb5n \u0111\u1ec3 \u0111\u1ea1i di\u1ec7n cho m\u1ed9t ng\u01b0\u1eddi mua h\u00e0ng n\u00e0o \u0111\u00f3 \u0111ang tranh th\u1ee7 mua rau qu\u1ea7y b\u00ean c\u1ea1nh. Th\u1ec9nh tho\u1ea3ng kh\u00f4ng th\u1ea5y ai \u0111\u1ec3 \u00fd, th\u1eb1ng b\u00e9 con l\u1ea1i \u0111\u00e1 n\u1eeda vi\u00ean g\u1ea1ch hay c\u00e1i r\u00e1 th\u1ee7ng m\u1eadp m\u1edd v\u00f4 th\u1eeba nh\u1eadn tr\u01b0\u1edbc m\u1eb7t m\u00ecnh b\u1eafn ra kh\u1ecfi h\u00e0ng, trong s\u1ef1 \u0111\u1ed3ng t\u00ecnh c\u1ee7a nh\u1eefng ng\u01b0\u1eddi x\u1ebfp ph\u00eda sau l\u01b0ng. Nh\u1eefng k\u1ebb ch\u1ea1y show quay v\u1ec1 qu\u1ea7y c\u00e1, th\u1ea5y m\u1ea5t \u201cv\u0103n ph\u00f2ng \u0111\u1ea1i di\u1ec7n\u201d t\u1ee9c t\u1ed1i h\u1eb1m h\u00e8, b\u1ea5t l\u1ef1c ch\u1eedi \u0111\u1ed5ng.\u201d<\/p>\n<p>Cu\u1ed1n s\u00e1ch d\u00e0nh cho nh\u1eefng \u201cNh\u1eefng t\u00e2m h\u1ed3n ho\u00e0i c\u1ed5 nh\u01b0 b\u01a1 v\u01a1 t\u1ee5t h\u1eadu trong c\u00e1i th\u00e0nh ph\u1ed1 qu\u00ea h\u01b0\u01a1ng tu\u1ed5i th\u01a1 m\u1ed9t th\u1eddi\u201d; d\u00e0nh cho nh\u1eefng con ng\u01b0\u1eddi \u0111\u00e3 tr\u00f3t y\u00eau, v\u00e0 s\u1ebd y\u00eau m\u1ea3nh \u0111\u1ea5t \u201cK\u1ef7 ni\u1ec7m ken d\u00e0y c\u00f4 \u0111\u1ecdng x\u1ebfp ch\u1eadt k\u00fd \u1ee9c, t\u0103m t\u1eafp d\u00e0n tr\u1ea3i \u0111\u1ec1u tr\u00ean b\u01b0\u1edbc th\u1eddi gian, nh\u01b0 nh\u1eefng vi\u00ean g\u1ea1ch l\u00e1t v\u1ec9a h\u00e8 h\u00e0ng ph\u1ed1\u201d.<\/p>\n","protected":false},"featured_media":4784,"template":"","meta":{"_acf_changed":false},"product_brand":[],"product_cat":[15,47],"product_tag":[],"class_list":{"0":"post-4791","1":"product","2":"type-product","3":"status-publish","4":"has-post-thumbnail","6":"product_cat-sach-danh-cho-nguoi-lon","7":"product_cat-truyen-ngan-tan-van","9":"first","10":"outofstock","11":"taxable","12":"shipping-taxable","13":"purchasable","14":"product-type-simple"},"supplier_id":null,"supplier_sku":"","barcode":null,"atum_controlled":true,"out_stock_date":"2021-03-08 23:44:34","out_stock_threshold":null,"inheritable":false,"inbound_stock":0,"stock_on_hold":0,"sold_today":0,"sales_last_days":0,"reserved_stock":0,"customer_returns":0,"warehouse_damage":0,"lost_in_post":0,"other_logs":0,"out_stock_days":1786,"lost_sales":0,"has_location":false,"update_date":"2026-01-28T23:10:35","atum_locations":[],"atum_stock_status":"outofstock","restock_status":false,"low_stock_amount":"","sales_update_date":"2026-01-28T23:10:35","calc_backorders":null,"acf":{"publisher":{"ID":2817,"post_author":"1","post_date":"2021-02-27 00:00:35","post_date_gmt":"2021-02-26 22:00:35","post_content":"","post_title":"Alpha Books","post_excerpt":"","post_status":"publish","comment_status":"closed","ping_status":"closed","post_password":"","post_name":"alpha-books","to_ping":"","pinged":"","post_modified":"2021-02-27 00:00:35","post_modified_gmt":"2021-02-26 22:00:35","post_content_filtered":"","post_parent":0,"guid":"https:\/\/sachviet.eu\/nha-phat-hanh\/alpha-books\/","menu_order":0,"post_type":"publisher","post_mime_type":"","comment_count":"0","filter":"raw"}},"_links":{"self":[{"href":"https:\/\/sachviet.eu\/en\/wp-json\/wp\/v2\/product\/4791","targetHints":{"allow":["GET"]}}],"collection":[{"href":"https:\/\/sachviet.eu\/en\/wp-json\/wp\/v2\/product"}],"about":[{"href":"https:\/\/sachviet.eu\/en\/wp-json\/wp\/v2\/types\/product"}],"wp:featuredmedia":[{"embeddable":true,"href":"https:\/\/sachviet.eu\/en\/wp-json\/wp\/v2\/media\/4784"}],"wp:attachment":[{"href":"https:\/\/sachviet.eu\/en\/wp-json\/wp\/v2\/media?parent=4791"}],"wp:term":[{"taxonomy":"product_brand","embeddable":true,"href":"https:\/\/sachviet.eu\/en\/wp-json\/wp\/v2\/product_brand?post=4791"},{"taxonomy":"product_cat","embeddable":true,"href":"https:\/\/sachviet.eu\/en\/wp-json\/wp\/v2\/product_cat?post=4791"},{"taxonomy":"product_tag","embeddable":true,"href":"https:\/\/sachviet.eu\/en\/wp-json\/wp\/v2\/product_tag?post=4791"}],"curies":[{"name":"wp","href":"https:\/\/api.w.org\/{rel}","templated":true}]}}