{"id":4783,"date":"2021-03-09T01:43:57","date_gmt":"2021-03-08T23:43:57","guid":{"rendered":"https:\/\/sachviet.eu\/shop\/toi-thay-hoa-vang-tren-co-xanh\/"},"modified":"2021-07-03T15:47:45","modified_gmt":"2021-07-03T12:47:45","slug":"toi-thay-hoa-vang-tren-co-xanh","status":"publish","type":"product","link":"https:\/\/sachviet.eu\/en\/shop\/toi-thay-hoa-vang-tren-co-xanh\/","title":{"rendered":"T\u00f4i th\u1ea5y hoa v\u00e0ng tr\u00ean c\u1ecf xanh"},"content":{"rendered":"<p>Nh\u1eefng c\u00e2u chuy\u1ec7n nh\u1ecf x\u1ea3y ra \u1edf m\u1ed9t ng\u00f4i l\u00e0ng nh\u1ecf: chuy\u1ec7n ng\u01b0\u1eddi, chuy\u1ec7n c\u00f3c, chuy\u1ec7n ma, chuy\u1ec7n c\u00f4ng ch\u00faa v\u00e0 ho\u00e0ng t\u1eed , r\u1ed3i chuy\u1ec7n \u0111\u00f3i \u0103n, ch\u00e1y nh\u00e0, l\u1ee5t l\u1ed9i,&#8230; B\u1ed1i c\u1ea3nh l\u00e0 tr\u01b0\u1eddng h\u1ecdc, nh\u00e0 trong x\u00f3m, b\u00e3i tha ma. D\u1eabn chuy\u1ec7n l\u00e0 c\u1eadu b\u00e9 15 tu\u1ed5i t\u00ean Thi\u1ec1u. Thi\u1ec1u c\u00f3 ch\u00fa ru\u1ed9t l\u00e0 ch\u00fa \u0110\u00e0n, c\u00f3 b\u1ea1n th\u00e2n l\u00e0 c\u00f4 b\u00e9 M\u1eadn. Nh\u01b0ng nh\u00e2n v\u1eadt \u0111\u00e1ng y\u00eau nh\u1ea5t l\u1ea1i l\u00e0 T\u01b0\u1eddng, em trai Thi\u1ec1u, m\u1ed9t c\u1eadu b\u00e9 h\u1ecdc kh\u00f4ng gi\u1ecfi. Thi\u1ec1u, T\u01b0\u1eddng v\u00e0 nh\u1eefng \u0111\u1ee9a tr\u1ebb s\u1ed1ng trong c\u00f9ng m\u1ed9t l\u00e0ng, h\u1ecdc c\u00f9ng m\u1ed9t tr\u01b0\u1eddng, c\u00f3 bi\u1ebft bao chuy\u1ec7n chung. Ch\u00fang n\u00f4 \u0111\u00f9a, c\u00e3i c\u1ecd r\u1ed3i y\u00eau th\u01b0\u01a1ng nhau, c\u00f9ng l\u1edbn l\u00ean theo n\u0103m th\u00e1ng, tr\u1ea3i qua bao s\u1ef1 ki\u1ec7n bi\u1ebfn c\u1ed1 c\u1ee7a cu\u1ed9c \u0111\u1eddi.<br \/>\nT\u00e1c gi\u1ea3 v\u1eabn gi\u1eef c\u00e1ch k\u1ec3 chuy\u1ec7n b\u1eb1ng ch\u00ednh gi\u1ecdng trong s\u00e1ng h\u1ed3n nhi\u00ean c\u1ee7a tr\u1ebb con. 81 ch\u01b0\u01a1ng ng\u1eafn l\u00e0 81 c\u00e2u chuy\u1ec7n h\u1ea5p d\u1eabn v\u1edbi nhi\u1ec1u chi ti\u1ebft th\u00fa v\u1ecb, c\u1ea3m \u0111\u1ed9ng, c\u00f3 nh\u1eefng t\u00ecnh ti\u1ebft b\u1ea5t ng\u1edd, t\u1eeb \u0111\u00f3 l\u1ed9 r\u00f5 t\u00ednh c\u00e1ch ng\u01b0\u1eddi. Cu\u1ed1n s\u00e1ch, v\u00ec th\u1ebf, c\u00f3 s\u1ee9c \u00e1m \u1ea3nh.<\/p>\n","protected":false},"excerpt":{"rendered":"<p>Nh\u1eefng c\u00e2u chuy\u1ec7n nh\u1ecf x\u1ea3y ra \u1edf m\u1ed9t ng\u00f4i l\u00e0ng nh\u1ecf: chuy\u1ec7n ng\u01b0\u1eddi, chuy\u1ec7n c\u00f3c, chuy\u1ec7n ma, chuy\u1ec7n c\u00f4ng ch\u00faa v\u00e0 ho\u00e0ng t\u1eed , r\u1ed3i chuy\u1ec7n \u0111\u00f3i \u0103n, ch\u00e1y nh\u00e0, l\u1ee5t l\u1ed9i,&#8230; B\u1ed1i c\u1ea3nh l\u00e0 tr\u01b0\u1eddng h\u1ecdc, nh\u00e0 trong x\u00f3m, b\u00e3i tha ma. D\u1eabn chuy\u1ec7n l\u00e0 c\u1eadu b\u00e9 15 tu\u1ed5i t\u00ean Thi\u1ec1u. Thi\u1ec1u c\u00f3 ch\u00fa ru\u1ed9t l\u00e0 ch\u00fa \u0110\u00e0n, c\u00f3 b\u1ea1n th\u00e2n l\u00e0 c\u00f4 b\u00e9 M\u1eadn. Nh\u01b0ng nh\u00e2n v\u1eadt \u0111\u00e1ng y\u00eau nh\u1ea5t l\u1ea1i l\u00e0 T\u01b0\u1eddng, em trai Thi\u1ec1u, m\u1ed9t c\u1eadu b\u00e9 h\u1ecdc kh\u00f4ng gi\u1ecfi. Thi\u1ec1u, T\u01b0\u1eddng v\u00e0 nh\u1eefng \u0111\u1ee9a tr\u1ebb s\u1ed1ng trong c\u00f9ng m\u1ed9t l\u00e0ng, h\u1ecdc c\u00f9ng m\u1ed9t tr\u01b0\u1eddng, c\u00f3 bi\u1ebft bao chuy\u1ec7n chung. Ch\u00fang n\u00f4 \u0111\u00f9a, c\u00e3i c\u1ecd r\u1ed3i y\u00eau th\u01b0\u01a1ng nhau, c\u00f9ng l\u1edbn l\u00ean theo n\u0103m th\u00e1ng, tr\u1ea3i qua bao s\u1ef1 ki\u1ec7n bi\u1ebfn c\u1ed1 c\u1ee7a cu\u1ed9c \u0111\u1eddi.<br \/>\nT\u00e1c gi\u1ea3 v\u1eabn gi\u1eef c\u00e1ch k\u1ec3 chuy\u1ec7n b\u1eb1ng ch\u00ednh gi\u1ecdng trong s\u00e1ng h\u1ed3n nhi\u00ean c\u1ee7a tr\u1ebb con. 81 ch\u01b0\u01a1ng ng\u1eafn l\u00e0 81 c\u00e2u chuy\u1ec7n h\u1ea5p d\u1eabn v\u1edbi nhi\u1ec1u chi ti\u1ebft th\u00fa v\u1ecb, c\u1ea3m \u0111\u1ed9ng, c\u00f3 nh\u1eefng t\u00ecnh ti\u1ebft b\u1ea5t ng\u1edd, t\u1eeb \u0111\u00f3 l\u1ed9 r\u00f5 t\u00ednh c\u00e1ch ng\u01b0\u1eddi. Cu\u1ed1n s\u00e1ch, v\u00ec th\u1ebf, c\u00f3 s\u1ee9c \u00e1m \u1ea3nh.<\/p>\n","protected":false},"featured_media":4773,"template":"","meta":{"_acf_changed":false},"product_brand":[],"product_cat":[15,45],"product_tag":[],"class_list":{"0":"post-4783","1":"product","2":"type-product","3":"status-publish","4":"has-post-thumbnail","6":"product_cat-sach-danh-cho-nguoi-lon","7":"product_cat-tieu-thuyet","9":"first","10":"instock","11":"taxable","12":"shipping-taxable","13":"purchasable","14":"product-type-simple"},"supplier_id":null,"supplier_sku":"","barcode":null,"atum_controlled":true,"out_stock_date":null,"out_stock_threshold":null,"inheritable":false,"inbound_stock":0,"stock_on_hold":0,"sold_today":0,"sales_last_days":0,"reserved_stock":0,"customer_returns":0,"warehouse_damage":0,"lost_in_post":0,"other_logs":0,"out_stock_days":0,"lost_sales":0,"has_location":false,"update_date":"2026-01-28T23:10:35","atum_locations":[],"atum_stock_status":"instock","restock_status":false,"low_stock_amount":"","sales_update_date":"2026-01-28T23:10:35","calc_backorders":null,"acf":{"publisher":{"ID":1517,"post_author":"1","post_date":"2021-02-17 01:14:41","post_date_gmt":"2021-02-16 23:14:41","post_content":"","post_title":"NXB Tr\u1ebb","post_excerpt":"","post_status":"publish","comment_status":"closed","ping_status":"closed","post_password":"","post_name":"nxb-tre","to_ping":"","pinged":"","post_modified":"2021-02-17 01:14:41","post_modified_gmt":"2021-02-16 23:14:41","post_content_filtered":"","post_parent":0,"guid":"https:\/\/sachviet.eu\/nha-phat-hanh\/nxb-tre\/","menu_order":0,"post_type":"publisher","post_mime_type":"","comment_count":"0","filter":"raw"}},"_links":{"self":[{"href":"https:\/\/sachviet.eu\/en\/wp-json\/wp\/v2\/product\/4783","targetHints":{"allow":["GET"]}}],"collection":[{"href":"https:\/\/sachviet.eu\/en\/wp-json\/wp\/v2\/product"}],"about":[{"href":"https:\/\/sachviet.eu\/en\/wp-json\/wp\/v2\/types\/product"}],"wp:featuredmedia":[{"embeddable":true,"href":"https:\/\/sachviet.eu\/en\/wp-json\/wp\/v2\/media\/4773"}],"wp:attachment":[{"href":"https:\/\/sachviet.eu\/en\/wp-json\/wp\/v2\/media?parent=4783"}],"wp:term":[{"taxonomy":"product_brand","embeddable":true,"href":"https:\/\/sachviet.eu\/en\/wp-json\/wp\/v2\/product_brand?post=4783"},{"taxonomy":"product_cat","embeddable":true,"href":"https:\/\/sachviet.eu\/en\/wp-json\/wp\/v2\/product_cat?post=4783"},{"taxonomy":"product_tag","embeddable":true,"href":"https:\/\/sachviet.eu\/en\/wp-json\/wp\/v2\/product_tag?post=4783"}],"curies":[{"name":"wp","href":"https:\/\/api.w.org\/{rel}","templated":true}]}}