{"id":4762,"date":"2021-03-09T01:42:53","date_gmt":"2021-03-08T23:42:53","guid":{"rendered":"https:\/\/sachviet.eu\/shop\/sac-mau-tranh-dong-ho\/"},"modified":"2021-05-18T00:26:03","modified_gmt":"2021-05-17T21:26:03","slug":"sac-mau-tranh-dong-ho","status":"publish","type":"product","link":"https:\/\/sachviet.eu\/en\/shop\/sac-mau-tranh-dong-ho\/","title":{"rendered":"S\u1eafc m\u00e0u tranh \u0110\u00f4ng H\u1ed3"},"content":{"rendered":"<p>N\u1edbi t\u1edbi ngh\u1ec7 thu\u1eadt d\u00e2n gian Vi\u1ec7t Nam, kh\u00f4ng th\u1ec3 kh\u00f4ng nh\u1eafc t\u1edbi tranh \u0110\u1ed3ng H\u1ed3. T\u1edb \u0111\u00e3 t\u1eebng r\u1ea5t t\u00f2 m\u00f2 kh\u00f4ng bi\u1ebft ng\u01b0\u1eddi Vi\u1ec7t ch\u00fang m\u00ecnh s\u00e1ng t\u1ea1o ra tranh \u0110\u00f4ng H\u1ed3 nh\u01b0 th\u1ebf n\u00e0o. V\u00ec th\u1ebf, hai m\u1eb9 con t\u1edb quy\u1ebft d\u00e0nh nhi\u1ec1u th\u1eddi gian \u0111\u1ec3 \u0111i t\u00ecm hi\u1ec3u. M\u1eb9 \u0111\u00e3 t\u00ecm nh\u1eefng b\u1ee9c tranh n\u1ed5i ti\u1ebfng nh\u1ea5t m\u00e0 ai c\u0169ng \u0111\u1ec1u bi\u1ebft nh\u01b0 \u201c\u0110\u00e1m c\u01b0\u1edbi chu\u1ed9t\u201d, \u201cL\u1ee3n \u0103n c\u00e2y r\u00e1y\u201d, \u201cM\u1ee5c \u0111\u1ed3ng th\u1ed5i s\u00e1o\u201d, \u201cPh\u00fa qu\u00fd\u201d\u2026 to\u00e0n nh\u1eefng b\u1ee9c tranh \u0111\u1eb9p, \u0111\u1ec3 ph\u00e2n t\u00edch chi ti\u1ebft cho t\u1edb. Th\u1ef1c ra n\u1ebfu kh\u00f4ng nh\u1edd m\u1eb9 c\u00f3 l\u1ebd t\u1edb ch\u1eb3ng th\u1ec3 hi\u1ec3u th\u00f4ng \u0111i\u1ec7p m\u00e0 m\u1ed7i b\u1ee9c tranh truy\u1ec1n t\u1ea3i l\u00e0 g\u00ec \u0111\u00e2u. M\u1eb9 c\u00f2n c\u00f9ng t\u1edb t\u00f4 m\u00e0u chi ti\u1ebft t\u1eebng b\u1ee9c tranh, r\u1ed3i t\u00f4 b\u1ee9c tranh to \u0111\u00f9ng \u0111o\u00e0ng ra n\u1eefa, c\u1eaft c\u1eaft v\u00e0 d\u00e1n d\u00e1n l\u00ean t\u01b0\u1eddng. Th\u00fa v\u1ecb l\u1eafm c\u1eadu \u00e0. Ch\u01b0a h\u1ebft nh\u00e9, hai m\u1eb9 con c\u00f2n \u201ct\u00ed to\u00e1y\u201d c\u1ea3 ng\u00e0y \u0111\u1ec3 in th\u1eed tranh \u0110\u00f4ng H\u1ed3 n\u1eefa. S\u1ea3n ph\u1ea9m cu\u1ed1i c\u00f9ng c\u0169ng kh\u00e1 \u1ea5n t\u01b0\u1ee3ng \u0111\u1ea5y. M\u1eb9 b\u1ea3o, c\u00e1ch \u0111\u1ec3 nh\u1edb l\u00e2u nh\u1ea5t l\u00e0 th\u1ef1c h\u00e0nh. Q\u1ee7a l\u00e0 kh\u00f4ng sai, khi m\u00e0 t\u1edb \u0111\u01b0\u1ee3c b\u1eaft tay l\u00e0m c\u00f9ng c\u00f4ng \u0111o\u1ea1n v\u1edbi m\u1eb9 v\u00e0 hi\u1ec3u \u0111\u01b0\u1ee3c ch\u00fat \u00edt v\u1ec1 tranh \u0110\u00f4ng H\u1ed3 r\u1ed3i. T\u1edb ghi ch\u00e9p h\u1ebft trong S\u1eaeC M\u00c0U TRANH \u0110\u00d4NG H\u1ed2 n\u00ean c\u1eadu th\u1eed \u0111\u1ecdc v\u00e0 th\u1ef1c h\u00e0nh nh\u01b0 t\u1edb nh\u00e9! Bi\u1ebft \u0111\u00e2u c\u1eadu s\u1ebd th\u1ea5y ngh\u1ec7 thu\u1eadt d\u00e2n gian n\u01b0\u1edbc m\u00ecnh th\u1eadt \u201cvi di\u1ec7u\u201d.<\/p>\n","protected":false},"excerpt":{"rendered":"<p>N\u1edbi t\u1edbi ngh\u1ec7 thu\u1eadt d\u00e2n gian Vi\u1ec7t Nam, kh\u00f4ng th\u1ec3 kh\u00f4ng nh\u1eafc t\u1edbi tranh \u0110\u1ed3ng H\u1ed3. T\u1edb \u0111\u00e3 t\u1eebng r\u1ea5t t\u00f2 m\u00f2 kh\u00f4ng bi\u1ebft ng\u01b0\u1eddi Vi\u1ec7t ch\u00fang m\u00ecnh s\u00e1ng t\u1ea1o ra tranh \u0110\u00f4ng H\u1ed3 nh\u01b0 th\u1ebf n\u00e0o. V\u00ec th\u1ebf, hai m\u1eb9 con t\u1edb quy\u1ebft d\u00e0nh nhi\u1ec1u th\u1eddi gian \u0111\u1ec3 \u0111i t\u00ecm hi\u1ec3u. M\u1eb9 \u0111\u00e3 t\u00ecm nh\u1eefng b\u1ee9c tranh n\u1ed5i ti\u1ebfng nh\u1ea5t m\u00e0 ai c\u0169ng \u0111\u1ec1u bi\u1ebft nh\u01b0 \u201c\u0110\u00e1m c\u01b0\u1edbi chu\u1ed9t\u201d, \u201cL\u1ee3n \u0103n c\u00e2y r\u00e1y\u201d, \u201cM\u1ee5c \u0111\u1ed3ng th\u1ed5i s\u00e1o\u201d, \u201cPh\u00fa qu\u00fd\u201d\u2026 to\u00e0n nh\u1eefng b\u1ee9c tranh \u0111\u1eb9p, \u0111\u1ec3 ph\u00e2n t\u00edch chi ti\u1ebft cho t\u1edb. Th\u1ef1c ra n\u1ebfu kh\u00f4ng nh\u1edd m\u1eb9 c\u00f3 l\u1ebd t\u1edb ch\u1eb3ng th\u1ec3 hi\u1ec3u th\u00f4ng \u0111i\u1ec7p m\u00e0 m\u1ed7i b\u1ee9c tranh truy\u1ec1n t\u1ea3i l\u00e0 g\u00ec \u0111\u00e2u. M\u1eb9 c\u00f2n c\u00f9ng t\u1edb t\u00f4 m\u00e0u chi ti\u1ebft t\u1eebng b\u1ee9c tranh, r\u1ed3i t\u00f4 b\u1ee9c tranh to \u0111\u00f9ng \u0111o\u00e0ng ra n\u1eefa, c\u1eaft c\u1eaft v\u00e0 d\u00e1n d\u00e1n l\u00ean t\u01b0\u1eddng. Th\u00fa v\u1ecb l\u1eafm c\u1eadu \u00e0. Ch\u01b0a h\u1ebft nh\u00e9, hai m\u1eb9 con c\u00f2n \u201ct\u00ed to\u00e1y\u201d c\u1ea3 ng\u00e0y \u0111\u1ec3 in th\u1eed tranh \u0110\u00f4ng H\u1ed3 n\u1eefa. S\u1ea3n ph\u1ea9m cu\u1ed1i c\u00f9ng c\u0169ng kh\u00e1 \u1ea5n t\u01b0\u1ee3ng \u0111\u1ea5y. M\u1eb9 b\u1ea3o, c\u00e1ch \u0111\u1ec3 nh\u1edb l\u00e2u nh\u1ea5t l\u00e0 th\u1ef1c h\u00e0nh. Q\u1ee7a l\u00e0 kh\u00f4ng sai, khi m\u00e0 t\u1edb \u0111\u01b0\u1ee3c b\u1eaft tay l\u00e0m c\u00f9ng c\u00f4ng \u0111o\u1ea1n v\u1edbi m\u1eb9 v\u00e0 hi\u1ec3u \u0111\u01b0\u1ee3c ch\u00fat \u00edt v\u1ec1 tranh \u0110\u00f4ng H\u1ed3 r\u1ed3i. T\u1edb ghi ch\u00e9p h\u1ebft trong S\u1eaeC M\u00c0U TRANH \u0110\u00d4NG H\u1ed2 n\u00ean c\u1eadu th\u1eed \u0111\u1ecdc v\u00e0 th\u1ef1c h\u00e0nh nh\u01b0 t\u1edb nh\u00e9! Bi\u1ebft \u0111\u00e2u c\u1eadu s\u1ebd th\u1ea5y ngh\u1ec7 thu\u1eadt d\u00e2n gian n\u01b0\u1edbc m\u00ecnh th\u1eadt \u201cvi di\u1ec7u\u201d.<\/p>\n","protected":false},"featured_media":4761,"template":"","meta":{"_acf_changed":false},"product_brand":[],"product_cat":[15,47],"product_tag":[],"class_list":{"0":"post-4762","1":"product","2":"type-product","3":"status-publish","4":"has-post-thumbnail","6":"product_cat-sach-danh-cho-nguoi-lon","7":"product_cat-truyen-ngan-tan-van","9":"first","10":"outofstock","11":"taxable","12":"shipping-taxable","13":"purchasable","14":"product-type-simple"},"supplier_id":null,"supplier_sku":"","barcode":null,"atum_controlled":true,"out_stock_date":"2021-03-08 23:42:53","out_stock_threshold":null,"inheritable":false,"inbound_stock":0,"stock_on_hold":0,"sold_today":0,"sales_last_days":0,"reserved_stock":0,"customer_returns":0,"warehouse_damage":0,"lost_in_post":0,"other_logs":0,"out_stock_days":1786,"lost_sales":0,"has_location":false,"update_date":"2026-01-28T23:10:35","atum_locations":[],"atum_stock_status":"outofstock","restock_status":false,"low_stock_amount":"","sales_update_date":"2026-01-28T23:10:35","calc_backorders":null,"acf":{"publisher":{"ID":1474,"post_author":"1","post_date":"2021-02-17 01:12:51","post_date_gmt":"2021-02-16 23:12:51","post_content":"","post_title":"Th\u00e1i H\u00e0","post_excerpt":"","post_status":"publish","comment_status":"closed","ping_status":"closed","post_password":"","post_name":"thai-ha","to_ping":"","pinged":"","post_modified":"2021-02-17 01:12:51","post_modified_gmt":"2021-02-16 23:12:51","post_content_filtered":"","post_parent":0,"guid":"https:\/\/sachviet.eu\/nha-phat-hanh\/thai-ha\/","menu_order":0,"post_type":"publisher","post_mime_type":"","comment_count":"0","filter":"raw"}},"_links":{"self":[{"href":"https:\/\/sachviet.eu\/en\/wp-json\/wp\/v2\/product\/4762","targetHints":{"allow":["GET"]}}],"collection":[{"href":"https:\/\/sachviet.eu\/en\/wp-json\/wp\/v2\/product"}],"about":[{"href":"https:\/\/sachviet.eu\/en\/wp-json\/wp\/v2\/types\/product"}],"wp:featuredmedia":[{"embeddable":true,"href":"https:\/\/sachviet.eu\/en\/wp-json\/wp\/v2\/media\/4761"}],"wp:attachment":[{"href":"https:\/\/sachviet.eu\/en\/wp-json\/wp\/v2\/media?parent=4762"}],"wp:term":[{"taxonomy":"product_brand","embeddable":true,"href":"https:\/\/sachviet.eu\/en\/wp-json\/wp\/v2\/product_brand?post=4762"},{"taxonomy":"product_cat","embeddable":true,"href":"https:\/\/sachviet.eu\/en\/wp-json\/wp\/v2\/product_cat?post=4762"},{"taxonomy":"product_tag","embeddable":true,"href":"https:\/\/sachviet.eu\/en\/wp-json\/wp\/v2\/product_tag?post=4762"}],"curies":[{"name":"wp","href":"https:\/\/api.w.org\/{rel}","templated":true}]}}