{"id":4760,"date":"2021-03-09T01:42:49","date_gmt":"2021-03-08T23:42:49","guid":{"rendered":"https:\/\/sachviet.eu\/shop\/ren-viet-dung-luyen-viet-hay-danh-cho-hoc-sinh\/"},"modified":"2021-03-23T01:13:07","modified_gmt":"2021-03-22T23:13:07","slug":"ren-viet-dung-luyen-viet-hay-danh-cho-hoc-sinh","status":"publish","type":"product","link":"https:\/\/sachviet.eu\/en\/shop\/ren-viet-dung-luyen-viet-hay-danh-cho-hoc-sinh\/","title":{"rendered":"R\u00e8n vi\u1ebft \u0111\u00fang Luy\u1ec7n vi\u1ebft hay (d\u00e0nh cho h\u1ecdc sinh)"},"content":{"rendered":"<p>Nh\u00e0 xu\u1ea5t b\u1ea3n \u0110\u1ea1i h\u1ecdc S\u01b0 ph\u1ea1m xin tr\u00e2n tr\u1ecdng gi\u1edbi thi\u1ec7u t\u1edbi \u0111\u1ed9c gi\u1ea3 cu\u1ed1n s\u00e1ch M\u1ed7i b\u00e0i \u0111\u1ecdc hi\u1ec3u h\u1ecdc nhi\u1ec1u \u0111i\u1ec1u hay v\u00e0 2 cu\u1ed1n s\u00e1ch R\u00e8n vi\u1ebft \u0111\u00fang luy\u1ec7n vi\u1ebft hay c\u1ee7a t\u00e1c gi\u1ea3 \u0110\u1ed7 Xu\u00e2n Th\u1ea3o &#8211; Phan Th\u1ecb H\u1ed3 \u0110i\u1ec7p. B\u1ed9 s\u00e1ch s\u1ebd mang \u0111\u1ebfn nh\u1eefng tr\u1ea3i nghi\u1ec7m m\u1edbi m\u1ebb cho h\u1ecdc sinh, c\u0169ng nh\u01b0 m\u1edf ra v\u1ec1 c\u00e1ch d\u1ea1y h\u1ecdc m\u1edbi d\u00e0nh cho gi\u00e1o vi\u00ean v\u00e0 ph\u1ee5 huynh.<\/p>\n","protected":false},"excerpt":{"rendered":"<p>Nh\u00e0 xu\u1ea5t b\u1ea3n \u0110\u1ea1i h\u1ecdc S\u01b0 ph\u1ea1m xin tr\u00e2n tr\u1ecdng gi\u1edbi thi\u1ec7u t\u1edbi \u0111\u1ed9c gi\u1ea3 cu\u1ed1n s\u00e1ch M\u1ed7i b\u00e0i \u0111\u1ecdc hi\u1ec3u h\u1ecdc nhi\u1ec1u \u0111i\u1ec1u hay v\u00e0 2 cu\u1ed1n s\u00e1ch R\u00e8n vi\u1ebft \u0111\u00fang luy\u1ec7n vi\u1ebft hay c\u1ee7a t\u00e1c gi\u1ea3 \u0110\u1ed7 Xu\u00e2n Th\u1ea3o &#8211; Phan Th\u1ecb H\u1ed3 \u0110i\u1ec7p. B\u1ed9 s\u00e1ch s\u1ebd mang \u0111\u1ebfn nh\u1eefng tr\u1ea3i nghi\u1ec7m m\u1edbi m\u1ebb cho h\u1ecdc sinh, c\u0169ng nh\u01b0 m\u1edf ra v\u1ec1 c\u00e1ch d\u1ea1y h\u1ecdc m\u1edbi d\u00e0nh cho gi\u00e1o vi\u00ean v\u00e0 ph\u1ee5 huynh.<\/p>\n","protected":false},"featured_media":4759,"template":"","meta":{"_acf_changed":false},"product_brand":[],"product_cat":[20,24,25,17],"product_tag":[],"class_list":{"0":"post-4760","1":"product","2":"type-product","3":"status-publish","4":"has-post-thumbnail","6":"product_cat-be-vua-hoc-vua-choi","7":"product_cat-nha-tre-mau-giao-0-tuoi-6-tuoi","8":"product_cat-nhi-dong-6-tuoi-12-tuoi","9":"product_cat-sach-danh-cho-cac-be","11":"first","12":"outofstock","13":"taxable","14":"shipping-taxable","15":"purchasable","16":"product-type-simple"},"supplier_id":null,"supplier_sku":"","barcode":null,"atum_controlled":true,"out_stock_date":"2021-03-13 20:17:55","out_stock_threshold":null,"inheritable":false,"inbound_stock":0,"stock_on_hold":0,"sold_today":0,"sales_last_days":0,"reserved_stock":0,"customer_returns":0,"warehouse_damage":0,"lost_in_post":0,"other_logs":0,"out_stock_days":1782,"lost_sales":0,"has_location":false,"update_date":"2026-01-28T23:10:35","atum_locations":[],"atum_stock_status":"outofstock","restock_status":false,"low_stock_amount":"","sales_update_date":"2026-01-28T23:10:35","calc_backorders":null,"acf":{"publisher":{"ID":4756,"post_author":"1","post_date":"2021-03-09 01:42:44","post_date_gmt":"2021-03-08 23:42:44","post_content":"","post_title":"\u0110\u1ea1i H\u1ecdc S\u01b0 Ph\u1ea1m","post_excerpt":"","post_status":"publish","comment_status":"closed","ping_status":"closed","post_password":"","post_name":"dai-hoc-su-pham","to_ping":"","pinged":"","post_modified":"2021-03-09 01:42:44","post_modified_gmt":"2021-03-08 23:42:44","post_content_filtered":"","post_parent":0,"guid":"https:\/\/sachviet.eu\/blog\/nha-phat-hanh\/dai-hoc-su-pham\/","menu_order":0,"post_type":"publisher","post_mime_type":"","comment_count":"0","filter":"raw"}},"_links":{"self":[{"href":"https:\/\/sachviet.eu\/en\/wp-json\/wp\/v2\/product\/4760","targetHints":{"allow":["GET"]}}],"collection":[{"href":"https:\/\/sachviet.eu\/en\/wp-json\/wp\/v2\/product"}],"about":[{"href":"https:\/\/sachviet.eu\/en\/wp-json\/wp\/v2\/types\/product"}],"wp:featuredmedia":[{"embeddable":true,"href":"https:\/\/sachviet.eu\/en\/wp-json\/wp\/v2\/media\/4759"}],"wp:attachment":[{"href":"https:\/\/sachviet.eu\/en\/wp-json\/wp\/v2\/media?parent=4760"}],"wp:term":[{"taxonomy":"product_brand","embeddable":true,"href":"https:\/\/sachviet.eu\/en\/wp-json\/wp\/v2\/product_brand?post=4760"},{"taxonomy":"product_cat","embeddable":true,"href":"https:\/\/sachviet.eu\/en\/wp-json\/wp\/v2\/product_cat?post=4760"},{"taxonomy":"product_tag","embeddable":true,"href":"https:\/\/sachviet.eu\/en\/wp-json\/wp\/v2\/product_tag?post=4760"}],"curies":[{"name":"wp","href":"https:\/\/api.w.org\/{rel}","templated":true}]}}