{"id":4728,"date":"2021-03-09T01:41:33","date_gmt":"2021-03-08T23:41:33","guid":{"rendered":"https:\/\/sachviet.eu\/shop\/pomath-toan-tu-duy-cho-tre-em-lop-1-tap-1\/"},"modified":"2022-08-16T13:20:41","modified_gmt":"2022-08-16T10:20:41","slug":"pomath-toan-tu-duy-cho-tre-em-lop-1-tap-1","status":"publish","type":"product","link":"https:\/\/sachviet.eu\/en\/shop\/pomath-toan-tu-duy-cho-tre-em-lop-1-tap-1\/","title":{"rendered":"Pomath &#8211; To\u00e1n T\u01b0 Duy Cho Tr\u1ebb Em L\u1edbp 1 &#8211; T\u1eadp 1"},"content":{"rendered":"<p>L\u1edbp 1 l\u00e0 n\u1ec1n m\u00f3ng quan tr\u1ecdng trong con \u0111\u01b0\u1eddng h\u1ecdc t\u1eadp c\u1ee7a c\u00e1c em h\u1ecdc sinh. Cu\u1ed1n s\u00e1ch Pomath \u2013 To\u00e1n t\u01b0 duy cho tr\u1ebb em l\u1edbp 1 \u0111\u01b0\u1ee3c bi\u00ean so\u1ea1n, nh\u1eb1m gi\u00fap h\u1ecdc sinh r\u00e8n luy\u1ec7n, ph\u00e1t tri\u1ec3n n\u0103ng l\u1ef1c, \u0111\u00e1nh th\u1ee9c ni\u1ec1m say m\u00ea v\u00e0 t\u00ecnh y\u00eau h\u1ecdc t\u1eadp v\u1edbi m\u00f4n to\u00e1n. Cu\u1ed1n s\u00e1ch c\u0169ng s\u1ebd t\u1ea1o n\u1ec1n t\u1ea3ng v\u1eefng ch\u1eafc v\u1ec1 t\u01b0 duy logic, tr\u00ed th\u00f4ng minh cho tr\u1ebb \u0111\u1ec3 th\u00e0nh c\u00f4ng sau n\u00e0y.<\/p>\n<p>\u201cL\u1edbp 1 l\u00e0 m\u00f3ng, c\u1ea5p 1 l\u00e0 n\u1ec1n\u201d<\/p>\n<p>Th\u1eddi \u0111i\u1ec3m tr\u1ebb b\u01b0\u1edbc ch\u00e2n v\u00e0o l\u1edbp 1 l\u00e0 giai \u0111o\u1ea1n quan tr\u1ecdng h\u00e0ng \u0111\u1ea7u trong nh\u1eefng n\u0103m h\u1ecdc \u0111\u1ea7u \u0111\u1eddi c\u1ee7a tr\u1ebb. Khi con v\u00e0o l\u1edbp 1, vi\u1ec7c chu\u1ea9n b\u1ecb m\u1ed9t h\u00e0nh trang v\u1eefng ch\u1eafc s\u1ebd l\u00e0 chi\u1ebfc ch\u00eca kh\u00f3a s\u1ebd m\u1edf c\u00e1nh c\u1eeda t\u01b0\u01a1ng lai cho b\u00e9.<\/p>\n<p>Nh\u01b0ng trong m\u1ed9t th\u1eddi \u0111\u1ea1i m\u00e0 b\u1ed1 m\u1eb9 ph\u1ea3i b\u1eadn r\u1ed9n ki\u1ebfm ti\u1ec1n b\u00ean ngo\u00e0i, h\u1eb3n kh\u00f4ng ph\u1ea3i b\u1ed1 m\u1eb9 n\u00e0o c\u0169ng hi\u1ec3u h\u1ebft con m\u00ecnh \u0111ang c\u1ea7n g\u00ec \u1edf \u0111\u1ed9 tu\u1ed5i ch\u1eadp ch\u1eefng n\u00e0y. L\u00e0m th\u1ebf n\u00e0o \u0111\u1ec3 b\u1ea1n nh\u1ecf kh\u00f4ng b\u1ee1 ng\u1ee1 khi v\u00e0o m\u1ed9t c\u1ea5p h\u1ecdc m\u1edbi? L\u00e0m th\u1ebf n\u00e0o \u0111\u1ec3 b\u1ea1n \u1ea5y c\u00f3 th\u1ec3 t\u1ef1 tin h\u1ecdc t\u1eadp, kh\u00f4ng c\u1ea3m th\u1ea5y kh\u00f3 kh\u0103n? L\u00e0m th\u1ebf n\u00e0o \u0111\u1ec3 b\u1ed1 m\u1eb9 \u0111\u1ed3ng h\u00e0nh c\u00f9ng c\u00e1c b\u1ea1n \u1ea5y v\u00e0 c\u00f3 th\u1ec3 \u0111em \u0111\u1ebfn m\u1ed9t ph\u01b0\u01a1ng ph\u00e1p h\u1ecdc hi\u1ec7u qu\u1ea3? Ph\u1ea3i l\u00e0m sao \u0111\u1ec3 t\u1ea1o ra m\u1ed9t th\u1ebf gi\u1edbi h\u1ecdc m\u00e0 th\u1eadt b\u1ed5 \u00edch cho tr\u1ebb \u0111\u01b0\u1ee3c ph\u00e1t huy h\u1ebft t\u1ed1 ch\u1ea5t s\u1eb5n c\u00f3? V\u00f4 v\u00e0n nh\u1eefng c\u00e2u tr\u1ea3 l\u1eddi g\u00e2y b\u0103n kho\u0103n cho kh\u00f4ng \u00edt c\u00e1c \u00f4ng b\u1ed1 b\u00e0 m\u1eb9.<\/p>\n<p>Th\u1ebf gi\u1edbi tr\u1ebb th\u01a1 l\u1ea1i r\u1ea5t mu\u00f4n m\u00e0u mu\u00f4n v\u1ebb. B\u1ed1 m\u1eb9 s\u1ebd th\u1eadt b\u1ea5t ng\u1edd khi bi\u1ebft: Th\u1ecfa th\u00edch ch\u01a1i \u0111\u00f9a ch\u00ednh l\u00e0 qu\u00e1 tr\u00ecnh h\u1ecdc t\u1eadp quan tr\u1ecdng nh\u1ea5t trong giai \u0111o\u1ea1n \u0111\u1ea7u nh\u1eadn bi\u1ebft th\u1ebf gi\u1edbi c\u1ee7a ch\u00fang ta! B\u1edfi v\u1eady, h\u01b0\u1edbng d\u1eabn kh\u00e9o l\u00e9o c\u00f3 th\u1ec3 bi\u1ebfn qu\u00e1 tr\u00ecnh vui ch\u01a1i c\u1ee7a con th\u00e0nh qu\u00e1 tr\u00ecnh ph\u00e1t tri\u1ec3n tr\u00ed tu\u1ec7 h\u1ebft s\u1ee9c t\u1ef1 nhi\u00ean.<\/p>\n<p>Pomath \u2013 To\u00e1n t\u01b0 duy cho tr\u1ebb em l\u1edbp 1<\/p>\n<p>T\u1eeb n\u0103m 2020-2021 ch\u01b0\u01a1ng tr\u00ecnh gi\u00e1o d\u1ee5c ph\u1ed5 th\u00f4ng m\u1edbi b\u1eaft \u0111\u1ea7u \u0111\u01b0\u1ee3c th\u1ef1c hi\u1ec7n \u1edf l\u1edbp 1. Trong l\u1ea7n \u0111\u1ed5i m\u1edbi n\u00e0y, ch\u01b0\u01a1ng tr\u00ecnh c\u00f3 m\u1ee5c ti\u00eau ph\u00e1t tri\u1ec3n n\u0103ng l\u1ef1c ng\u01b0\u1eddi h\u1ecdc, \u0111\u00f2i h\u1ecfi n\u1ed9i dung, ph\u01b0\u01a1ng ph\u00e1p d\u1ea1y h\u1ecdc c\u00f3 s\u1ef1 thay \u0111\u1ed5i r\u1ea5t l\u1edbn.<\/p>\n<p>B\u1ed9 s\u00e1ch POMATH \u2013 To\u00e1n t\u01b0 duy cho tr\u1ebb em \u0111\u01b0\u1ee3c nghi\u00ean c\u1ee9u, ph\u00e1t tri\u1ec3n cho \u0111\u1ed1i t\u01b0\u1ee3ng 4-6 tu\u1ed5i \u0111\u00e3 nh\u1eadn \u0111\u01b0\u1ee3c s\u1ef1 \u0111\u00e1nh gi\u00e1 r\u1ea5t cao c\u1ee7a c\u00e1c ph\u1ee5 huynh, h\u1ecdc sinh c\u0169ng nh\u01b0 nh\u1eefng ng\u01b0\u1eddi l\u00e0m chuy\u00ean m\u00f4n. Ti\u1ebfp n\u1ed1i th\u00e0nh c\u00f4ng \u0111\u00f3, cu\u1ed1n s\u00e1ch Pomath \u2013 To\u00e1n t\u01b0 duy cho tr\u1ebb em l\u1edbp 1 \u0111\u01b0\u1ee3c bi\u00ean so\u1ea1n, nh\u1eb1m gi\u00fap h\u1ecdc sinh r\u00e8n luy\u1ec7n, ph\u00e1t tri\u1ec3n n\u0103ng l\u1ef1c, \u0111\u00e1nh th\u1ee9c ni\u1ec1m say m\u00ea v\u00e0 t\u00ecnh y\u00eau h\u1ecdc t\u1eadp v\u1edbi m\u00f4n to\u00e1n.<br \/>\nGi\u1ea3i ph\u00e1p c\u1ee7a cu\u1ed1n s\u00e1ch n\u00e0y ch\u00ednh l\u00e0 c\u00e1c ho\u1ea1t \u0111\u1ed9ng h\u1ecdc t\u1eadp \u0111\u01b0\u1ee3c thi\u1ebft k\u1ebf theo quy tr\u00ecnh ho\u1ea1t \u0111\u1ed9ng 3 b\u01b0\u1edbc, n\u00e2ng cao d\u1ea7n v\u1ec1 tr\u00ecnh \u0111\u1ed9 nh\u1eadn th\u1ee9c, nh\u1eb1m gia t\u0103ng c\u01a1 h\u1ed9i tr\u1ea3i nghi\u1ec7m d\u1ef1a v\u00e0o b\u1ed1i c\u1ea3nh h\u1ecdc t\u1eadp t\u1eeb ph\u1ea1m tr\u00f9 c\u00e1 nh\u00e2n, m\u00f4n h\u1ecdc, khoa h\u1ecdc kh\u00e1c v\u00e0 th\u1ef1c t\u1ebf \u0111\u1eddi s\u1ed1ng.<br \/>\nB\u1ed9 s\u00e1ch g\u1ed3m 2 t\u1eadp, t\u01b0\u01a1ng \u1ee9ng v\u1edbi 2 k\u1ef3 h\u1ecdc. N\u1ed9i dung m\u1ed7i t\u1eadp \u0111\u01b0\u1ee3c ph\u00e2n chia theo tu\u1ea7n h\u1ecdc, m\u1ed7i tu\u1ea7n c\u00e1c em h\u1ecdc sinh \u0111\u01b0\u1ee3c kh\u00e1m ph\u00e1 m\u1ed9t ch\u1ee7 \u0111\u1ec1 v\u1edbi c\u00e1c ho\u1ea1t \u0111\u1ed9ng:<br \/>\n\u2022 C\u00f9ng ch\u01a1i: B\u1eaft \u0111\u1ea7u tr\u1ea3i nghi\u1ec7m b\u1eb1ng tr\u00f2 ch\u01a1i To\u00e1n h\u1ecdc<br \/>\n\u2022 C\u00f9ng luy\u1ec7n t\u1eadp: Luy\u1ec7n t\u1eadp, th\u1ef1c h\u00e0nh c\u00e1c d\u1ea1ng b\u00e0i t\u1eadp trong ch\u1ee7 \u0111\u1ec1<br \/>\n\u2022 Th\u1ebf gi\u1edbi quanh em: Li\u00ean h\u1ec7 ki\u1ebfn th\u1ee9c trong ch\u1ee7 \u0111\u1ec1 v\u1edbi n\u1ed9i dung th\u1ef1c ti\u1ec5n<br \/>\nTrong cu\u1ed1n Pomath To\u00e1n t\u01b0 duy cho tr\u1ebb em l\u1edbp 1 \u2013 T\u1eadp 1, c\u00e1c em h\u1ecdc sinh s\u1ebd \u0111\u01b0\u1ee3c r\u00e8n luy\u1ec7n th\u00f4ng qua c\u00e1c b\u00e0i t\u1eadp t\u00ednh to\u00e1n, l\u00e0m quen v\u1edbi ph\u00e9p c\u1ed9ng, ph\u00e9p tr\u1eeb, s\u1ed1 th\u1ee9 t\u1ef1, kh\u00e1i ni\u1ec7m b\u1eb1ng nhau, nhi\u1ec1u h\u01a1n, \u00edt h\u01a1n,\u2026<\/p>\n<p>Pomath To\u00e1n t\u01b0 duy cho tr\u1ebb em l\u1edbp 1 s\u1ebd gi\u00fap c\u00e1c em h\u1ecdc t\u1eadp t\u1ed1t m\u00f4n To\u00e1n v\u00e0 r\u00e8n luy\u1ec7n \u0111\u01b0\u1ee3c nh\u1eefng n\u0103ng l\u1ef1c c\u1ea7n thi\u1ebft nh\u01b0 gi\u1ea3i quy\u1ebft v\u1ea5n \u0111\u1ec1, v\u1eadn d\u1ee5ng v\u00e0o th\u1ef1c ti\u1ec5n v\u00e0 s\u00e1ng t\u1ea1o, t\u1ea1o h\u1ee9ng th\u00fa h\u1ecdc t\u1eadp kh\u00f4ng ng\u1eebng.<\/p>\n<p>C\u00e1c ph\u1ee5 huynh \u0111\u1eebng b\u1ecf l\u1ee1 b\u1ed9 s\u00e1ch tuy\u1ec7t v\u1eddi n\u00e0y cho con nh\u00e9!<\/p>\n","protected":false},"excerpt":{"rendered":"<p>Th\u1eddi \u0111i\u1ec3m tr\u1ebb b\u01b0\u1edbc ch\u00e2n v\u00e0o l\u1edbp 1 l\u00e0 giai \u0111o\u1ea1n quan tr\u1ecdng h\u00e0ng \u0111\u1ea7u trong nh\u1eefng n\u0103m h\u1ecdc \u0111\u1ea7u \u0111\u1eddi c\u1ee7a tr\u1ebb. Khi con v\u00e0o l\u1edbp 1, vi\u1ec7c chu\u1ea9n b\u1ecb m\u1ed9t h\u00e0nh trang v\u1eefng ch\u1eafc s\u1ebd l\u00e0 chi\u1ebfc ch\u00eca kh\u00f3a s\u1ebd m\u1edf c\u00e1nh c\u1eeda t\u01b0\u01a1ng lai cho b\u00e9.<\/p>\n<p>Nh\u01b0ng trong m\u1ed9t th\u1eddi \u0111\u1ea1i m\u00e0 b\u1ed1 m\u1eb9 ph\u1ea3i b\u1eadn r\u1ed9n ki\u1ebfm ti\u1ec1n b\u00ean ngo\u00e0i, h\u1eb3n kh\u00f4ng ph\u1ea3i b\u1ed1 m\u1eb9 n\u00e0o c\u0169ng hi\u1ec3u h\u1ebft con m\u00ecnh \u0111ang c\u1ea7n g\u00ec \u1edf \u0111\u1ed9 tu\u1ed5i ch\u1eadp ch\u1eefng n\u00e0y. L\u00e0m th\u1ebf n\u00e0o \u0111\u1ec3 b\u1ea1n nh\u1ecf kh\u00f4ng b\u1ee1 ng\u1ee1 khi v\u00e0o m\u1ed9t c\u1ea5p h\u1ecdc m\u1edbi? L\u00e0m th\u1ebf n\u00e0o \u0111\u1ec3 b\u1ea1n \u1ea5y c\u00f3 th\u1ec3 t\u1ef1 tin h\u1ecdc t\u1eadp, kh\u00f4ng c\u1ea3m th\u1ea5y kh\u00f3 kh\u0103n? L\u00e0m th\u1ebf n\u00e0o \u0111\u1ec3 b\u1ed1 m\u1eb9 \u0111\u1ed3ng h\u00e0nh c\u00f9ng c\u00e1c b\u1ea1n \u1ea5y v\u00e0 c\u00f3 th\u1ec3 \u0111em \u0111\u1ebfn m\u1ed9t ph\u01b0\u01a1ng ph\u00e1p h\u1ecdc hi\u1ec7u qu\u1ea3? Ph\u1ea3i l\u00e0m sao \u0111\u1ec3 t\u1ea1o ra m\u1ed9t th\u1ebf gi\u1edbi h\u1ecdc m\u00e0 th\u1eadt b\u1ed5 \u00edch cho tr\u1ebb \u0111\u01b0\u1ee3c ph\u00e1t huy h\u1ebft t\u1ed1 ch\u1ea5t s\u1eb5n c\u00f3? V\u00f4 v\u00e0n nh\u1eefng c\u00e2u tr\u1ea3 l\u1eddi g\u00e2y b\u0103n kho\u0103n cho kh\u00f4ng \u00edt c\u00e1c \u00f4ng b\u1ed1 b\u00e0 m\u1eb9.<\/p>\n<p>Th\u1ebf gi\u1edbi tr\u1ebb th\u01a1 l\u1ea1i r\u1ea5t mu\u00f4n m\u00e0u mu\u00f4n v\u1ebb. B\u1ed1 m\u1eb9 s\u1ebd th\u1eadt b\u1ea5t ng\u1edd khi bi\u1ebft: Th\u1ecfa th\u00edch ch\u01a1i \u0111\u00f9a ch\u00ednh l\u00e0 qu\u00e1 tr\u00ecnh h\u1ecdc t\u1eadp quan tr\u1ecdng nh\u1ea5t trong giai \u0111o\u1ea1n \u0111\u1ea7u nh\u1eadn bi\u1ebft th\u1ebf gi\u1edbi c\u1ee7a ch\u00fang ta! B\u1edfi v\u1eady, h\u01b0\u1edbng d\u1eabn kh\u00e9o l\u00e9o c\u00f3 th\u1ec3 bi\u1ebfn qu\u00e1 tr\u00ecnh vui ch\u01a1i c\u1ee7a con th\u00e0nh qu\u00e1 tr\u00ecnh ph\u00e1t tri\u1ec3n tr\u00ed tu\u1ec7 h\u1ebft s\u1ee9c t\u1ef1 nhi\u00ean.<\/p>\n","protected":false},"featured_media":4719,"template":"","meta":{"_acf_changed":false},"product_brand":[],"product_cat":[20],"product_tag":[],"class_list":{"0":"post-4728","1":"product","2":"type-product","3":"status-publish","4":"has-post-thumbnail","6":"product_cat-be-vua-hoc-vua-choi","8":"first","9":"outofstock","10":"taxable","11":"shipping-taxable","12":"purchasable","13":"product-type-simple"},"supplier_id":null,"supplier_sku":"","barcode":null,"atum_controlled":true,"out_stock_date":"2022-08-16 07:20:41","out_stock_threshold":null,"inheritable":false,"inbound_stock":0,"stock_on_hold":0,"sold_today":0,"sales_last_days":0,"reserved_stock":0,"customer_returns":0,"warehouse_damage":0,"lost_in_post":0,"other_logs":0,"out_stock_days":1261,"lost_sales":0,"has_location":false,"update_date":"2026-01-28T23:10:35","atum_locations":[],"atum_stock_status":"outofstock","restock_status":false,"low_stock_amount":"","sales_update_date":"2026-01-28T23:10:35","calc_backorders":null,"acf":{"publisher":{"ID":4073,"post_author":"1","post_date":"2021-03-02 03:53:16","post_date_gmt":"2021-03-02 01:53:16","post_content":"","post_title":"MCBooks","post_excerpt":"","post_status":"publish","comment_status":"closed","ping_status":"closed","post_password":"","post_name":"mcbooks","to_ping":"","pinged":"","post_modified":"2021-03-02 03:53:16","post_modified_gmt":"2021-03-02 01:53:16","post_content_filtered":"","post_parent":0,"guid":"https:\/\/sachviet.eu\/nha-phat-hanh\/mcbooks\/","menu_order":0,"post_type":"publisher","post_mime_type":"","comment_count":"0","filter":"raw"}},"_links":{"self":[{"href":"https:\/\/sachviet.eu\/en\/wp-json\/wp\/v2\/product\/4728","targetHints":{"allow":["GET"]}}],"collection":[{"href":"https:\/\/sachviet.eu\/en\/wp-json\/wp\/v2\/product"}],"about":[{"href":"https:\/\/sachviet.eu\/en\/wp-json\/wp\/v2\/types\/product"}],"wp:featuredmedia":[{"embeddable":true,"href":"https:\/\/sachviet.eu\/en\/wp-json\/wp\/v2\/media\/4719"}],"wp:attachment":[{"href":"https:\/\/sachviet.eu\/en\/wp-json\/wp\/v2\/media?parent=4728"}],"wp:term":[{"taxonomy":"product_brand","embeddable":true,"href":"https:\/\/sachviet.eu\/en\/wp-json\/wp\/v2\/product_brand?post=4728"},{"taxonomy":"product_cat","embeddable":true,"href":"https:\/\/sachviet.eu\/en\/wp-json\/wp\/v2\/product_cat?post=4728"},{"taxonomy":"product_tag","embeddable":true,"href":"https:\/\/sachviet.eu\/en\/wp-json\/wp\/v2\/product_tag?post=4728"}],"curies":[{"name":"wp","href":"https:\/\/api.w.org\/{rel}","templated":true}]}}