{"id":4707,"date":"2021-03-09T01:40:32","date_gmt":"2021-03-08T23:40:32","guid":{"rendered":"https:\/\/sachviet.eu\/shop\/pomath-toan-tu-duy-cho-tre-em-4-6-tuoi-tap-5\/"},"modified":"2023-04-02T12:56:39","modified_gmt":"2023-04-02T09:56:39","slug":"pomath-toan-tu-duy-cho-tre-em-4-6-tuoi-tap-5","status":"publish","type":"product","link":"https:\/\/sachviet.eu\/en\/shop\/pomath-toan-tu-duy-cho-tre-em-4-6-tuoi-tap-5\/","title":{"rendered":"Pomath &#8211; To\u00e1n T\u01b0 Duy Cho Tr\u1ebb Em 4-6 Tu\u1ed5i &#8211; T\u1eadp 5"},"content":{"rendered":"<p>T\u1eadp 5 g\u1ed3m 20 b\u00e0i h\u1ecdc \u0111\u01b0\u1ee3c thi\u1ebft k\u1ebf theo d\u1ea1ng tr\u1ea3i nghi\u1ec7m gi\u00fap b\u00e9 nhanh ch\u00f3ng l\u00e0m quen, nh\u1eadn bi\u1ebft v\u00e0 ph\u00e2n bi\u1ec7t nh\u1eefng ki\u1ebfn th\u1ee9c \u0111\u01a1n gi\u1ea3n trong to\u00e1n h\u1ecdc<\/p>\n<p>T\u1eadp 5 g\u1ed3m 20 b\u00e0i h\u1ecdc, m\u1ed7i b\u00e0i h\u1ecdc \u0111\u01b0\u1ee3c thi\u1ebft k\u1ebf theo d\u1ea1ng tr\u1ea3i nghi\u1ec7m, sau khi h\u1ecdc xong 20 b\u00e0i b\u00e9 s\u1ebd ph\u1ea3i ho\u00e0n th\u00e0nh b\u00e0i ki\u1ec3m tra n\u0103ng l\u1ef1c, b\u00e0i ki\u1ec3m tra s\u1ebd gi\u00fap c\u00e1c b\u1eadc ph\u1ee5 huynh v\u00e0 b\u00e9 t\u1ef1 \u0111\u00e1nh gi\u00e1 l\u1ea1i \u0111\u01b0\u1ee3c kh\u1ea3 n\u0103ng ti\u1ebfp thu ki\u1ebfn th\u1ee9c th\u00f4ng qua 20 b\u00e0i. C\u00e1c b\u00e9 s\u1ebd ti\u1ebfp c\u1eadn v\u1edbi b\u00e0i h\u1ecdc th\u00f4ng qua 3 b\u01b0\u1edbc: Kh\u1edfi \u0111\u1ed9ng, th\u1ef1c h\u00e0nh v\u00e0 s\u00e1ng t\u1ea1o. Ngo\u00e0i ra m\u1ed9t s\u1ed1 b\u00e0i h\u1ecdc Th\u00f4ng qua 20 b\u00e0i h\u1ecdc b\u00e9 n\u1eafm \u0111\u01b0\u1ee3c th\u00e0nh th\u1ea1o s\u1ed1 \u0111\u1ebfm trong ph\u1ea1m vi 20.<\/p>\n<p>M\u1ed7i b\u00e0i h\u1ecdc nhi\u1ec1u ho\u1ea1t \u0111\u1ed9ng gi\u00fap b\u00e9 ph\u00e1t tri\u1ec3n t\u01b0 duy to\u00e0n di\u1ec7n<\/p>\n<p>N\u1ed9i dung m\u1ed7i b\u00e0i h\u1ecdc \u0111\u01b0\u1ee3c thi\u1ebft k\u1ebf s\u1ed1ng \u0111\u1ed9ng, c\u00e1c b\u00e9 s\u1ebd \u0111\u01b0\u1ee3c th\u1ef1c h\u00e0nh qua nhi\u1ec1u ho\u1ea1t \u0111\u1ed9ng \u0111\u01a1n gi\u1ea3n nh\u01b0ng g\u1ea7n g\u0169i v\u00e0 mang l\u1ea1i nhi\u1ec1u l\u1ee3i \u00edch cho vi\u1ec7c ph\u00e1t tri\u1ec3n t\u01b0 duy c\u1ee7a b\u00e9. M\u1ed9t s\u1ed1 ho\u1ea1t \u0111\u1ed9ng b\u00e9 \u0111\u01b0\u1ee3c th\u1ef1c h\u00e0nh nh\u01b0: T\u00f4 m\u00e0u, gh\u00e9p n\u1ed1i, th\u1ef1c h\u00e0nh c\u00e1c ph\u00e9p so s\u00e1nh \u0111\u01a1n gi\u1ea3n, \u0111\u1ebfm s\u1ed1, nh\u1eadn bi\u1ebft m\u1eb7t s\u1ed1, vi\u1ebft s\u1ed1, h\u00ecnh h\u1ecdc&#8230;.<\/p>\n<p>Ph\u1ee5 huynh d\u1ec5 d\u00e0ng \u1ee9ng d\u1ee5ng ph\u01b0\u01a1ng ph\u00e1p v\u1eeba h\u1ecdc to\u00e1n v\u1eeba vui ch\u01a1i c\u00f9ng con<\/p>\n<p>V\u1edbi POMATH c\u00e1c b\u1eadc ph\u1ee5 huynh \u0111\u00f3ng vai tr\u00f2 quan tr\u1ecdng trong qu\u00e1 tr\u00ecnh h\u1ecdc t\u1eadp c\u1ee7a con. Cha m\u1eb9 v\u1eeba h\u1ecdc v\u1eeba ch\u01a1i, h\u01b0\u1edbng d\u1eabn con v\u01b0\u1ee3t qua nh\u1eefng b\u00e0i t\u1eadp, nh\u1eefng th\u1eed th\u00e1ch m\u00e0 cu\u1ed1n s\u00e1ch \u0111\u1ec1 ra. \u0110\u00e2y l\u00e0 ph\u01b0\u01a1ng ph\u00e1p ph\u00f9 h\u1ee3p v\u00e0 hi\u1ec7u qu\u1ea3 nh\u1ea5t \u0111\u1ed1i v\u1edbi tr\u1ebb em t\u1eeb 4 &#8211; 6 tu\u1ed5i. C\u00e1c b\u00e9 s\u1ebd kh\u00f4ng c\u00f2n c\u1ea3m gi\u00e1c \u00e1p l\u1ef1c hay n\u1eb7ng n\u1ec1, b\u00e9 kh\u00e1m ph\u00e1 to\u00e1n h\u1ecdc t\u1ef1 nhi\u00ean v\u00e0 c\u00e1c b\u1eadc l\u00e0m cha l\u00e0m m\u1eb9 c\u0169ng kh\u00f4ng s\u1ee3 con m\u1ea5t \u0111i tu\u1ed5i th\u01a1 \u00eam \u0111\u1ec1m.<\/p>\n<p>T\u1eadp 5 \u0111\u01b0\u1ee3c thi\u1ebft k\u1ebf \u0111\u1eb9p m\u1eaft, h\u1ea5p d\u1eabn, gi\u00fap cho c\u00e1c em h\u1ee9ng th\u00fa v\u00e0 ph\u00e1t tri\u1ec3n n\u0103ng l\u1ef1c ng\u00f4n ng\u1eef, th\u1ea9m m\u1ef9 tinh t\u1ebf.<\/p>\n<p>POMATH t\u1eadp 5 \u0111\u01b0\u1ee3c thi\u1ebft k\u1ebf v\u1edbi nhi\u1ec1u h\u00ecnh \u1ea3nh ng\u1ed9 ngh\u0129nh, \u0111\u00e1ng y\u00eau v\u00e0 ph\u00f9 h\u1ee3p v\u1edbi \u0111\u1ed9 tu\u1ed5i c\u1ee7a c\u00e1c b\u00e9. Ngo\u00e0i nh\u1eefng ki\u1ebfn th\u1ee9c to\u00e1n h\u1ecdc b\u00e9 s\u1ebd \u0111\u01b0\u1ee3c ti\u1ebfp thu th\u00eam nhi\u1ec1u ki\u1ebfn th\u1ee9c th\u1ef1c t\u1ebf trong cu\u1ed9c s\u1ed1ng. B\u00e9 t\u00ecm hi\u1ec3u th\u00eam v\u1ec1 c\u00e1c s\u1ef1 v\u1eadt, s\u1ef1 vi\u1ec7c, hi\u1ec7n t\u01b0\u1ee3ng trong cu\u1ed9c s\u1ed1ng xung quanh.<\/p>\n<p>R\u00e8n cho b\u00e9 k\u1ef9 n\u0103ng c\u1ea7m b\u00fat \u0111\u1ec3 vi\u1ebft \u0111\u00fang, vi\u1ebft \u0111\u1eb9p<\/p>\n<p>T\u1eadp 5 v\u1edbi thi\u1ebft k\u1ebf b\u00e0i h\u1ecdc c\u00f3 nhi\u1ec1u ho\u1ea1t \u0111\u1ed9ng c\u1ea7n b\u00e9 c\u1ea7m b\u00fat \u0111\u1ec3 vi\u1ebft v\u00e0 v\u1ebd s\u1ebd l\u00e0 c\u01a1 h\u1ed9i t\u1ed1t \u0111\u1ec3 c\u00e1c b\u00e9 t\u1eeb 4 &#8211; 6 tu\u1ed5i, l\u1ee9a tu\u1ed5i cu\u1ed1i m\u1ea7m non \u0111\u1ea7u ti\u1ec3u h\u1ecdc \u0111\u01b0\u1ee3c l\u00e0m quen v\u1edbi c\u00e1ch c\u1ea7m b\u00fat. V\u1edbi nh\u1eefng n\u1ed9i dung c\u1ea7n b\u00e9 vi\u1ebft s\u1ed1, cu\u1ed1n s\u00e1ch \u0111\u00e3 thi\u1ebft k\u1ebf \u00f4 ly v\u00e0 vi\u1ebft m\u1eabu \u1edf \u0111\u1ea7u d\u00f2ng gi\u00fap b\u00e9 bi\u1ebft \u0111\u01b0\u1ee3c \u0111\u00fang k\u00edch th\u01b0\u1edbc c\u1ee7a ch\u1eef s\u1ed1 v\u00e0 r\u00e8n luy\u1ec7n \u0111\u1ec3 vi\u1ebft s\u1ed1 \u0111\u00fang chu\u1ea9n. \u0110\u00e2y l\u00e0 m\u1ed9t trong nh\u1eefng n\u1ec1n t\u1ea3ng t\u1ed1t \u0111\u1ec3 b\u00e9 t\u1ef1 tin h\u01a1n khi b\u01b0\u1edbc v\u00e0o ti\u1ec3u h\u1ecdc.<\/p>\n<p>V\u1edbi g\u1ea7n 20 n\u0103m nghi\u00ean c\u1ee9u trong \u0111\u00f3 c\u00f3 h\u01a1n 6 n\u0103m tri\u1ec3n khai ch\u01b0\u01a1ng tr\u00ecnh POMATH, ch\u00fang t\u00f4i \u0111\u00e3 th\u1ef1c nghi\u1ec7m th\u00e0nh c\u00f4ng v\u1edbi h\u00e0ng v\u1ea1n h\u1ecdc sinh theo h\u1ecdc t\u1ea1i 7 trung t\u00e2m, h\u00e0ng ch\u1ee5c tr\u01b0\u1eddng M\u1eabu gi\u00e1o, Ti\u1ec3u h\u1ecdc tr\u00ean \u0111\u1ecba b\u00e0n H\u00e0 N\u1ed9i. Ch\u00fang t\u00f4i tin t\u01b0\u1edfng r\u1eb1ng b\u1ed9 s\u00e1ch POMATH d\u00e0nh cho tr\u1ebb t\u1eeb 4 &#8211; 6 tu\u1ed5i s\u1ebd l\u00e0 t\u00e0i li\u1ec7u b\u1ed5 \u00edch gi\u00fap c\u00e1c b\u00e9 ph\u00e1t tri\u1ec3n t\u01b0 duy to\u00e1n h\u1ecdc trong giai \u0111o\u1ea1n v\u00e0ng n\u00e0y. C\u00e1c b\u1eadc ph\u1ee5 huynh h\u00e3y nhanh tay s\u1edf h\u1eefu ngay b\u1ed9 s\u00e1ch POMATH \u0111\u1ec3 k\u00edch th\u00edch ni\u1ec1m \u0111am m\u00ea to\u00e1n h\u1ecdc c\u1ee7a con tr\u1ebb \u0111\u00fang ph\u01b0\u01a1ng ph\u00e1p.<\/p>\n","protected":false},"excerpt":{"rendered":"<p>C\u00e1c b\u1eadc ph\u1ee5 huynh lu\u00f4n mong mu\u1ed1n con m\u00ecnh c\u00f3 m\u1ed9t tu\u1ed5i th\u01a1 trong s\u00e1ng, h\u1ed3n nhi\u00ean, ph\u00e1t tri\u1ec3n t\u1ef1 nhi\u00ean v\u00e0 ph\u00f9 h\u1ee3p v\u1edbi \u0111\u1ed9 tu\u1ed5i. V\u00ec th\u1ebf nhi\u1ec1u cha m\u1eb9 c\u00f3 con t\u1eeb 4 &#8211; 6 tu\u1ed5i ch\u1ec9 quan t\u00e2m t\u1edbi vi\u1ec7c \u0103n, ng\u1ee7, s\u1ee9c kh\u1ecfe c\u1ee7a con v\u00e0 \u00edt quan t\u00e2m t\u1edbi vi\u1ec7c h\u1ecdc to\u00e1n c\u1ee7a con v\u00ec s\u1ee3 con \u00e1p l\u1ef1c, m\u1ea5t \u0111i tu\u1ed5i th\u01a1.<\/p>\n<p>Nh\u01b0ng c\u00e1c nghi\u00ean c\u1ee9u khoa h\u1ecdc \u0111\u00e3 ch\u1ec9 ra r\u1eb1ng 4 &#8211; 6 tu\u1ed5i l\u00e0 \u0111\u1ed9 tu\u1ed5i v\u00e0ng \u0111\u1ec3 tr\u1ebb ti\u1ebfp thu ki\u1ebfn th\u1ee9c nh\u1ea5t l\u00e0 ki\u1ebfn th\u1ee9c v\u1ec1 to\u00e1n h\u1ecdc. N\u1ebfu c\u00e1c b\u1eadc ph\u1ee5 huynh b\u1ecf qua giai \u0111o\u1ea1n n\u00e0y th\u00ec th\u1eadt l\u00e0 \u0111\u00e1ng ti\u1ebfc, b\u1edfi con b\u1ea1n \u0111\u00e3 b\u1ecf qua nh\u1eefng l\u1ee3i \u00edch tuy\u1ec7t v\u1eddi m\u00e0 tr\u1ebb c\u00f3 th\u1ec3 nh\u1eadn \u0111\u01b0\u1ee3c n\u1ebfu \u0111\u01b0\u1ee3c cha m\u1eb9 \u0111\u1ea7u t\u01b0 ki\u1ebfn th\u1ee9c \u0111\u00fang \u0111\u1eafn:<\/p>\n<p>Tr\u1ebb t\u0103ng kh\u1ea3 n\u0103ng ghi nh\u1edb, t\u0103ng t\u01b0 duy v\u00e0 tr\u00ed th\u00f4ng minh \u0111\u1ec3 gi\u1ea3i quy\u1ebft t\u1ed1t nh\u1eefng t\u00ecnh hu\u1ed1ng th\u1ef1c t\u1ebf<\/p>\n<p>K\u00edch th\u00edch kh\u1ea3 n\u0103ng t\u1ef1 t\u00ecm t\u00f2i, suy ngh\u0129 v\u00e0 \u0111\u00e1nh th\u1ee9c ti\u1ec1m n\u0103ng to\u00e1n h\u1ecdc c\u1ee7a tr\u1ebb<\/p>\n<p>Tr\u1ebb ho\u1ea1t b\u00e1t, t\u1ef1 tin v\u00e0 v\u1eefng b\u01b0\u1edbc h\u01a1n khi v\u00e0o l\u1edbp 1<\/p>\n","protected":false},"featured_media":4698,"template":"","meta":{"_acf_changed":false},"product_brand":[],"product_cat":[20,25,17,26],"product_tag":[],"class_list":{"0":"post-4707","1":"product","2":"type-product","3":"status-publish","4":"has-post-thumbnail","6":"product_cat-be-vua-hoc-vua-choi","7":"product_cat-nhi-dong-6-tuoi-12-tuoi","8":"product_cat-sach-danh-cho-cac-be","9":"product_cat-thieu-nien-11-tuoi-18-tuoi","11":"first","12":"instock","13":"taxable","14":"shipping-taxable","15":"purchasable","16":"product-type-simple"},"supplier_id":null,"supplier_sku":"","barcode":null,"atum_controlled":true,"out_stock_date":null,"out_stock_threshold":null,"inheritable":false,"inbound_stock":0,"stock_on_hold":0,"sold_today":0,"sales_last_days":0,"reserved_stock":0,"customer_returns":0,"warehouse_damage":0,"lost_in_post":0,"other_logs":0,"out_stock_days":0,"lost_sales":0,"has_location":false,"update_date":"2026-01-28T23:10:35","atum_locations":[],"atum_stock_status":"instock","restock_status":false,"low_stock_amount":"","sales_update_date":"2026-01-28T23:10:35","calc_backorders":null,"acf":{"publisher":{"ID":4073,"post_author":"1","post_date":"2021-03-02 03:53:16","post_date_gmt":"2021-03-02 01:53:16","post_content":"","post_title":"MCBooks","post_excerpt":"","post_status":"publish","comment_status":"closed","ping_status":"closed","post_password":"","post_name":"mcbooks","to_ping":"","pinged":"","post_modified":"2021-03-02 03:53:16","post_modified_gmt":"2021-03-02 01:53:16","post_content_filtered":"","post_parent":0,"guid":"https:\/\/sachviet.eu\/nha-phat-hanh\/mcbooks\/","menu_order":0,"post_type":"publisher","post_mime_type":"","comment_count":"0","filter":"raw"}},"_links":{"self":[{"href":"https:\/\/sachviet.eu\/en\/wp-json\/wp\/v2\/product\/4707","targetHints":{"allow":["GET"]}}],"collection":[{"href":"https:\/\/sachviet.eu\/en\/wp-json\/wp\/v2\/product"}],"about":[{"href":"https:\/\/sachviet.eu\/en\/wp-json\/wp\/v2\/types\/product"}],"wp:featuredmedia":[{"embeddable":true,"href":"https:\/\/sachviet.eu\/en\/wp-json\/wp\/v2\/media\/4698"}],"wp:attachment":[{"href":"https:\/\/sachviet.eu\/en\/wp-json\/wp\/v2\/media?parent=4707"}],"wp:term":[{"taxonomy":"product_brand","embeddable":true,"href":"https:\/\/sachviet.eu\/en\/wp-json\/wp\/v2\/product_brand?post=4707"},{"taxonomy":"product_cat","embeddable":true,"href":"https:\/\/sachviet.eu\/en\/wp-json\/wp\/v2\/product_cat?post=4707"},{"taxonomy":"product_tag","embeddable":true,"href":"https:\/\/sachviet.eu\/en\/wp-json\/wp\/v2\/product_tag?post=4707"}],"curies":[{"name":"wp","href":"https:\/\/api.w.org\/{rel}","templated":true}]}}