{"id":469,"date":"2021-02-13T01:56:52","date_gmt":"2021-02-12T23:56:52","guid":{"rendered":"https:\/\/sachviet.eu\/shop\/ehon-dieu-ki-dieu-cua-mau-sac-set-4-quyen\/"},"modified":"2025-03-01T16:34:05","modified_gmt":"2025-03-01T14:34:05","slug":"ehon-dieu-ki-dieu-cua-mau-sac-set-4-quyen","status":"publish","type":"product","link":"https:\/\/sachviet.eu\/en\/shop\/ehon-dieu-ki-dieu-cua-mau-sac-set-4-quyen\/","title":{"rendered":"Ehon\u00a0\u0111i\u1ec1u k\u00ec di\u1ec7u c\u1ee7a m\u00e0u s\u1eafc &#8211; set 4 quy\u1ec3n"},"content":{"rendered":"<p>\u201cB\u1eefa ti\u1ec7c m\u00e0u s\u1eafc c\u1ee7a th\u00fa tr\u1eafng\u201d xoay quanh b\u1eefa ti\u1ec7c sinh nh\u1eadt th\u00e2n m\u1eadt c\u1ee7a c\u00e1c b\u1ea1n nh\u1ecf nh\u01b0 g\u1ea5u tr\u00fac, th\u1ecf tr\u1eafng, c\u1eebu x\u00e1m\u2026 trong m\u1ed9t khu r\u1eebng. Ban \u0111\u1ea7u, c\u00e1c b\u1ea1n \u1ea5y \u0111\u1ec1u mang m\u00e0u tr\u1eafng, th\u1ebf m\u00e0 ch\u1ec9 c\u1ea7n \u0103n m\u1ed9t lo\u1ea1i tr\u00e1i c\u00e2y n\u00e0o \u0111\u1ea5y th\u00f4i, b\u1ed9 l\u00f4ng l\u1ea1i l\u1eadp t\u1ee9c \u201cbi\u1ebfn m\u00e0u\u201d: G\u1ea5u tr\u00fac \u0103n xong qu\u1ea3 d\u00e2u th\u00ec to\u00e0n b\u1ed9 l\u00f4ng bi\u1ebfn h\u1ebft th\u00e0nh m\u00e0u h\u1ed3ng, b\u1ea1n H\u1ed5 con \u0103n t\u00e1o xanh n\u00ean b\u1ed9 l\u00f4ng xanh l\u00e9t, b\u1ea1n Th\u1ecf sau khi \u0103n c\u1ee7 c\u00e0 r\u1ed1t th\u00ec \u0111\u00e3 bi\u1ebfn th\u00e0nh th\u1ecf cam,\u2026 Sau c\u00f9ng, khi \u0111\u00e3 \u0103n ti\u1ec7c v\u1edbi c\u00e1c m\u00e0u s\u1eafc s\u1eb7c s\u1ee1, c\u00e1c b\u1ea1n th\u00fa ch\u1ec9 c\u1ea7n u\u1ed1ng \u1ef1c m\u1ed9t c\u1ed1c s\u1eefa tr\u1eafng, m\u00e0u l\u00f4ng l\u1ea1i chuy\u1ec3n v\u1ec1 tr\u1ea1ng th\u00e1i ban \u0111\u1ea7u.<\/p>\n<p>C\u00e2u chuy\u1ec7n \u201cT\u1eafc k\u00e8 l\u00e0 nh\u00e0 \u1ea3o thu\u1eadt\u201d k\u1ec3 v\u1ec1 b\u1ea1n T\u1eafc k\u00e8 Mon mang m\u00e0u da c\u1ee7a m\u00ecnh di chuy\u1ec3n kh\u1eafp c\u00e1c \u0111\u1ecba \u0111i\u1ec3m. V\u1ed1n d\u0129, da c\u1ee7a Mon c\u00f3 m\u00e0u xanh, nh\u01b0ng sau khi \u0103n tr\u00e1i c\u00e0 chua \u0111\u1ecf m\u1ecdng, b\u1ea1n \u00fd b\u1ed7ng bi\u1ebfn h\u00ecnh th\u00e0nh m\u00e0u \u0111\u1ecf. Kh\u00f4ng nh\u1eefng th\u1ebf, Mon c\u00f2n c\u00f3 kh\u1ea3 n\u0103ng bi\u1ebfn m\u00e0u qua c\u00e1c \u0111\u1ecba \u0111i\u1ec3m, th\u00e0nh s\u1ecdc tr\u1eafng \u0111en khi g\u1eb7p b\u1ea1n ng\u1ef1a v\u1eb1n tr\u00ean \u0111\u1ed3ng c\u1ecf, m\u00e0u h\u1ed3ng khi Mon \u0111\u1ebfn th\u0103m v\u01b0\u1eddn hoa h\u1ed3ng, m\u00e0u v\u00e0ng khi \u0103n qu\u1ea3 chu\u1ed1i ch\u00edn, c\u00f3 \u0111\u1ed1m \u0111en khi g\u1eb7p b\u00e1c b\u00e1o. Mon g\u1eb7p c\u1ea7u v\u1ed3ng th\u00ec l\u1eadp t\u1ee9c da s\u1ebd chuy\u1ec3n b\u1ea3y s\u1eafc s\u1eb7c s\u1ee1.<\/p>\n<p>Cu\u1ed9c d\u1ea1o ch\u01a1i c\u1ee7a ch\u00fa b\u1ea1ch tu\u1ed9c Tako \u0111\u00e3 gi\u00fap c\u00e1c b\u00e9 bi\u1ebft \u0111\u01b0\u1ee3c th\u1eadt nhi\u1ec1u lo\u00e0i \u0111\u1ed9ng v\u1eadt m\u1edbi l\u1ea1 d\u01b0\u1edbi \u0111\u00e1y bi\u1ec3n r\u1ed3i ph\u1ea3i kh\u00f4ng? N\u00e0o l\u00e0 c\u00e1 voi xanh, sao bi\u1ec3n, b\u00f2 bi\u1ec3n, c\u00e1 h\u1ec1, c\u00e1 v\u00e0ng,\u2026 m\u1ed7i b\u1ea1n \u0111\u1ed9ng v\u1eadt l\u1ea1i c\u00f3 m\u1ed9t m\u00e0u s\u1eafc th\u1eadt \u0111\u1eb7c tr\u01b0ng. Th\u1ebf gi\u1edbi d\u01b0\u1edbi l\u00f2ng bi\u1ec3n s\u00e2u lu\u00f4n l\u00e0 nh\u1eefng \u0111i\u1ec1u b\u00ed \u1ea9n \u0111\u1ed1i v\u1edbi tr\u1ebb, khi\u1ebfn con t\u00f2 m\u00f2 v\u00e0 khao kh\u00e1t \u0111\u01b0\u1ee3c kh\u00e1m ph\u00e1. V\u1edbi cu\u1ed1n Ehon \u201cM\u1ed9t ng\u00e0y c\u1ee7a b\u1ea1ch tu\u1ed9c\u201d, th\u1eadt may m\u1eafn khi c\u00e1c b\u00e9 \u0111\u00e3 bi\u1ebft th\u00eam \u0111\u01b0\u1ee3c d\u01b0\u1edbi bi\u1ec3n c\u00f3 nh\u1eefng lo\u00e0i v\u1eadt \u0111\u00e1ng y\u00eau v\u00e0 \u0111\u01b0\u1ee3c \u0111\u1eb7c tr\u01b0ng b\u1edfi nh\u1eefng s\u1eafc m\u00e0u ri\u00eang nh\u01b0 th\u1ebf. C\u00f3 th\u1ec3 n\u00f3i, \u0111\u00e2y ch\u00ednh l\u00e0 c\u01a1 h\u1ed9i \u0111\u1ec3 con bi\u1ebft th\u00eam th\u1ebf gi\u1edbi d\u01b0\u1edbi l\u00f2ng \u0111\u1ea1i d\u01b0\u01a1ng.<\/p>\n<p>Sau khi \u0111\u1ecdc xong c\u00e2u chuy\u1ec7n \u201cC\u00f3 g\u00ec trong qu\u1ea3 tr\u1ee9ng?\u201d k\u1ec3 v\u1ec1 nh\u1eefng qu\u1ea3 tr\u1ee9ng c\u00f3 m\u00e0u s\u1eafc kh\u00e1c nhau n\u1edf ra nh\u1eefng con v\u1eadt th\u1eadt \u0111\u00e1ng y\u00eau, trong tr\u00ed n\u00e3o s\u1ebd h\u00ecnh th\u00e0nh nh\u1eefng m\u1ed1i li\u00ean h\u1ec7 \u0111\u1ea7u ti\u00ean gi\u1eefa m\u00e0u s\u1eafc v\u00e0 c\u00e1c con v\u1eadt trong \u0111\u1eddi th\u1ef1c. N\u00e9t t\u01b0\u01a1ng \u0111\u1ed3ng gi\u1eefa m\u00e0u c\u1ee7a qu\u1ea3 tr\u1ee9ng v\u1edbi m\u00e0u s\u1eafc c\u1ee7a con v\u1eadt n\u1eb1m b\u00ean trong n\u00f3 s\u1ebd l\u00e0 ti\u1ec1n \u0111\u1ec1 \u0111\u1ea7u ti\u00ean \u0111\u1ec3 c\u00e1c b\u00e9 nh\u1eadn bi\u1ebft \u0111\u01b0\u1ee3c nh\u1eefng lo\u00e0i v\u1eadt \u0111\u00f3 khi g\u1eb7p ngo\u00e0i \u0111\u1eddi th\u1eadt. T\u1eeb \u0111\u00f3, nh\u1eefng m\u00e0u s\u1eafc tr\u1edf th\u00e0nh d\u1ea5u hi\u1ec7u, bi\u1ec3u t\u01b0\u1ee3ng c\u1ee7a c\u00e1c b\u00e9 nh\u1eadn ra nh\u1eefng con v\u1eadt \u0111\u00e1ng y\u00eau \u0111\u1ea5y nh\u00e9.<\/p>\n<p>C\u1ed1t truy\u1ec7n c\u1ee7a m\u1ed7i cu\u1ed1n s\u00e1ch r\u1ea5t \u0111\u01a1n gi\u1ea3n, l\u00e0 s\u1ef1 l\u1eb7p \u0111i l\u1eb7p l\u1ea1i c\u1ee7a h\u00e0nh \u0111\u1ed9ng, v\u00ed d\u1ee5 nh\u01b0 c\u00e1c b\u1ea1n th\u00fa tr\u1eafng \u0103n qu\u1ea3 g\u00ec th\u00ec th\u00e2n h\u00ecnh s\u1ebd bi\u1ebfn th\u00e0nh m\u00e0u qu\u1ea3 \u1ea5y, b\u1ea1n t\u1eafc k\u00e8 Mon v\u00e0 b\u1ea1ch tu\u1ed9c Tako c\u00f3 l\u00e0n da \u0111\u1eb7c bi\u1ec7t c\u00f3 th\u1ec3 \u0111\u1ed5i m\u00e0u theo m\u00f4i tr\u01b0\u1eddng v\u00e0 c\u00e2u chuy\u1ec7n c\u00e1c con v\u1eadt \u0111\u00e1ng y\u00eau n\u1edf ra t\u1eeb trong qu\u1ea3 tr\u1ee9ng c\u00f3 m\u00e0u s\u1eafc kh\u00e1c nhau. Nh\u1edd \u0111\u00f3, m\u1ea1ch c\u00e2u chuy\u1ec7n s\u1ebd d\u1ec5 d\u00e0ng th\u00e2m nh\u1eadp s\u00e2u v\u00e0o ti\u1ec1m th\u1ee9c c\u1ee7a tr\u1ebb, h\u00ecnh th\u00e0nh nh\u1eefng kh\u00e1i ni\u1ec7m c\u01a1 b\u1ea3n nh\u1ea5t v\u1ec1 m\u00e0u s\u1eafc.<\/p>\n<p>Cho con ti\u1ebfp x\u00fac v\u1edbi nh\u1eefng cu\u1ed1n s\u00e1ch d\u1ea1y con v\u1ec1 m\u00e0u s\u1eafc t\u1eeb s\u1edbm, tr\u1ebb s\u1ebd c\u00f3 kh\u1ea3 n\u0103ng t\u1ef1 gi\u1ea3i \u0111\u00e1p cho b\u1ea3n th\u00e2n nh\u1eefng c\u00e2u h\u1ecfi m\u00e0u s\u1eafc l\u00e0 nh\u01b0 th\u1ebf n\u00e0o. S\u1ef1 ti\u1ebfp x\u00fac tr\u1ef1c quan s\u1ebd l\u00e0 c\u00e1ch nhanh nh\u1ea5t \u0111\u1ec3 tr\u1ebb ti\u1ebfp thu v\u00e0 c\u1ea3m nh\u1eadn t\u1ed1t nh\u1ea5t.<\/p>\n<p>S\u1ee9 m\u1ec7nh c\u1ee7a b\u1ed9 s\u00e1ch Ehon \u0110i\u1ec1u k\u1ef3 di\u1ec7u c\u1ee7a m\u00e0u s\u1eafc l\u00e0 ph\u00e1t tri\u1ec3n ch\u1ee9c n\u0103ng Th\u00f9y Ch\u1ea9m c\u1ee7a tr\u1ebb &#8211; m\u1ed9t b\u1ed9 ph\u1eadn n\u1eb1m ph\u00eda sau c\u1ee7a b\u1ed9 n\u00e3o con ng\u01b0\u1eddi \u2013 l\u00e0 n\u01a1i ti\u1ebfp nh\u1eadn th\u00f4ng tin \u0111\u1ebfn t\u1eeb th\u1ecb gi\u00e1c. Th\u00f9y Ch\u1ea9m thu nh\u1eadn c\u00e1c h\u00ecnh \u1ea3nh, s\u1eafc m\u00e0u, h\u00ecnh kh\u1ed1i b\u1eb1ng m\u1eaft, gi\u00fap ph\u00e1t tri\u1ec3n kh\u1ea3 n\u0103ng t\u1ed5ng h\u1ee3p, ph\u00e2n t\u00edch v\u1ec1 gi\u00e1c quan, c\u1ea7m n\u1eafm nh\u1eadn d\u1ea1ng v\u1eadt th\u1ec3, nh\u1eadn di\u1ec7n kh\u00f4ng gian. B\u1eb1ng c\u00e1ch k\u00edch th\u00edch s\u1ef1 ph\u00e1t tri\u1ec3n c\u1ee7a Th\u00f9y Ch\u1ea9m, cha m\u1eb9 c\u00f3 th\u1ec3 nu\u00f4i d\u01b0\u1ee1ng n\u0103ng khi\u1ebfu ngh\u1ec7 thu\u1eadt c\u1ee7a con tr\u1ebb b\u1eb1ng ph\u01b0\u01a1ng ph\u00e1p t\u1ef1 nhi\u00ean nh\u1ea5t, \u0111\u1ed3ng th\u1eddi gi\u00fap b\u00e9 c\u00f3 th\u1ec3 h\u1ecdc t\u1ed1t c\u00e1c m\u00f4n h\u1ecdc li\u00ean quan \u0111\u1ebfn ngh\u1ec7 thu\u1eadt nh\u01b0 v\u0103n h\u1ecdc, h\u1ed9i h\u1ecda, \u00e2m nh\u1ea1c&#8230; Thi\u00ean h\u01b0\u1edbng ngh\u1ec7 thu\u1eadt c\u00f3 th\u1ec3 b\u1ed9c l\u1ed9 t\u1eeb r\u1ea5t s\u1edbm, v\u00e0 nh\u1eefng cu\u1ed1n s\u00e1ch n\u00e0y s\u1ebd c\u00f3 th\u1ec3 gi\u00fap cha m\u1eb9 r\u1ea5t nhi\u1ec1u trong vi\u1ec7c n\u00e0y \u0111\u1ea5y!<\/p>\n<p>N\u1eb1m trong h\u1ec7 sinh th\u00e1i c\u00e1c cu\u1ed1n Ehon kh\u00e1c, b\u1ed9 truy\u1ec7n Ehon \u0110i\u1ec1u k\u1ef3 di\u1ec7u c\u1ee7a m\u00e0u s\u1eafc \u0111em \u0111\u1ebfn gi\u00e1 tr\u1ecb nhi\u1ec1u l\u1edbp, t\u01b0\u01a1ng t\u00e1c c\u00f9ng v\u1edbi c\u00e1c b\u1ed9 truy\u1ec7n Ehon kh\u00e1c t\u1ea1o ra m\u1ed9t th\u1ebf gi\u1edbi quan v\u1eeba ng\u1ed9 ngh\u0129nh, v\u1eeba ch\u00e2n th\u1ef1c cho b\u00e9, \u0111\u01b0a b\u00e9 \u0111\u1ebfn kh\u00f4ng gian s\u00e1ng t\u1ea1o v\u00f4 h\u1ea1n, l\u00e0 m\u00f4i tr\u01b0\u1eddng gi\u00e0u dinh d\u01b0\u1ee1ng \u0111\u1ec3 gi\u00fap \u201c\u01b0\u01a1m m\u1ea7m\u201d tr\u00ed tu\u1ec7 cho tr\u1ebb.<\/p>\n<p>C\u00e1ch \u201cnh\u1edd\u201d nh\u1eefng b\u1ee9c tranh \u1ea5y \u0111\u1ec3 gi\u00e1o d\u1ee5c con c\u00e1i khoa h\u1ecdc bi\u1ebft bao, v\u1eeba gi\u00fap con h\u1ecdc nhanh, nh\u1edb l\u00e2u l\u1ea1i khi\u1ebfn m\u1ed7i b\u00e0i h\u1ecdc \u0111\u1ec1u tr\u1edf n\u00ean th\u00fa v\u1ecb, v\u00ec v\u1eady b\u1ed1 m\u1eb9 h\u00e3y th\u1eed c\u00f9ng con kh\u00e1m ph\u00e1 h\u1ebf gi\u1edbi m\u00e0u s\u1eafc th\u00f4ng qua b\u1ed9 s\u00e1ch n\u00e0y nh\u00e9!  <div class=\"banner-grid-wrapper\">\n  <div id=\"banner-grid-402505119\" class=\"banner-grid row row-grid row-small\" data-packery-options=\"\">\n                      <div class=\"col grid-col large-6 grid-col-1\" ><div class=\"col-inner\">\t<div class=\"img has-hover x md-x lg-x y md-y lg-y\" id=\"image_381653464\">\n\t\t\t\t\t\t\t\t<div class=\"img-inner dark\" >\n\t\t\t<img loading=\"lazy\" decoding=\"async\" width=\"1020\" height=\"765\" src=\"https:\/\/sachviet.eu\/wp-content\/uploads\/2021\/02\/buatiec-1024x768.png\" class=\"attachment-large size-large\" alt=\"\" srcset=\"https:\/\/sachviet.eu\/wp-content\/uploads\/2021\/02\/buatiec-1024x768.png 1024w, https:\/\/sachviet.eu\/wp-content\/uploads\/2021\/02\/buatiec-300x225.png 300w, https:\/\/sachviet.eu\/wp-content\/uploads\/2021\/02\/buatiec-768x576.png 768w, https:\/\/sachviet.eu\/wp-content\/uploads\/2021\/02\/buatiec-1536x1152.png 1536w, https:\/\/sachviet.eu\/wp-content\/uploads\/2021\/02\/buatiec-2048x1536.png 2048w, https:\/\/sachviet.eu\/wp-content\/uploads\/2021\/02\/buatiec-600x450.png 600w\" sizes=\"auto, (max-width: 1020px) 100vw, 1020px\" \/>\t\t\t\t\t\t\n\t\t\t\t\t<\/div>\n\t\t\t\t\t\t\t\t\n<style>\n#image_381653464 {\n  width: 100%;\n}\n<\/style>\n\t<\/div>\n\t<\/div><\/div><div class=\"col grid-col large-6 grid-col-1\" ><div class=\"col-inner\">\t<div class=\"img has-hover x md-x lg-x y md-y lg-y\" id=\"image_901291739\">\n\t\t\t\t\t\t\t\t<div class=\"img-inner dark\" >\n\t\t\t<img loading=\"lazy\" decoding=\"async\" width=\"856\" height=\"641\" src=\"https:\/\/sachviet.eu\/wp-content\/uploads\/2021\/02\/bo-sach-ehon-dieu-ky-dieu-cua-mau-sac-4-jpg-1602647485-14102020105125.jpg\" class=\"attachment-large size-large\" alt=\"\" srcset=\"https:\/\/sachviet.eu\/wp-content\/uploads\/2021\/02\/bo-sach-ehon-dieu-ky-dieu-cua-mau-sac-4-jpg-1602647485-14102020105125.jpg 856w, https:\/\/sachviet.eu\/wp-content\/uploads\/2021\/02\/bo-sach-ehon-dieu-ky-dieu-cua-mau-sac-4-jpg-1602647485-14102020105125-300x225.jpg 300w, https:\/\/sachviet.eu\/wp-content\/uploads\/2021\/02\/bo-sach-ehon-dieu-ky-dieu-cua-mau-sac-4-jpg-1602647485-14102020105125-768x575.jpg 768w, https:\/\/sachviet.eu\/wp-content\/uploads\/2021\/02\/bo-sach-ehon-dieu-ky-dieu-cua-mau-sac-4-jpg-1602647485-14102020105125-600x449.jpg 600w\" sizes=\"auto, (max-width: 856px) 100vw, 856px\" \/>\t\t\t\t\t\t\n\t\t\t\t\t<\/div>\n\t\t\t\t\t\t\t\t\n<style>\n#image_901291739 {\n  width: 100%;\n}\n<\/style>\n\t<\/div>\n\t<\/div><\/div>            <\/div>\n    <style>\n    #banner-grid-402505119 .grid-col-1{height: 600px}\n    #banner-grid-402505119 .grid-col-1-2{height: 300px}\n    #banner-grid-402505119 .grid-col-1-3{height:200px}\n    #banner-grid-402505119 .grid-col-2-3{height: 400px}\n    #banner-grid-402505119 .grid-col-1-4{height: 150px}\n    #banner-grid-402505119 .grid-col-3-4{height: 450px}\n\n\n    \n    \n\n  <\/style>\n    <\/div>\n  \n","protected":false},"excerpt":{"rendered":"<p>Tr\u1ebb con c\u00f3 h\u00e0ng v\u1ea1n \u0111i\u1ec1u th\u1eafc m\u1eafc th\u00f4i th\u00fac ch\u00fang t\u00ecm hi\u1ec3u th\u1ebf gi\u1edbi, nh\u1eefng \u0111i\u1ec1u m\u00e0 \u0111\u00f4i khi ng\u01b0\u1eddi l\u1edbn cho l\u00e0 hi\u1ec3n nhi\u00ean v\u00e0 th\u1eadt kh\u00f3 \u0111\u1ec3 gi\u1ea3i th\u00edch cho tr\u1ebb hi\u1ec3u \u0111\u01b0\u1ee3c. \u0110\u1ed1i v\u1edbi tr\u1ebb, vi\u1ec7c kh\u01a1i g\u1ee3i to\u00e0n b\u1ed9 c\u00e1c gi\u00e1c quan \u0111\u1ec3 c\u1ea3m nh\u1eadn th\u1ebf gi\u1edbi l\u00e0 r\u1ea5t quan tr\u1ecdng. M\u00e0u s\u1eafc l\u00e0 m\u1ed9t trong nh\u1eefng \u0111i\u1ec1u quan t\u00e2m nh\u1ea5t c\u1ee7a tr\u1ebb trong th\u1eddi \u0111i\u1ec3m n\u00e0y, v\u00ec v\u1eady \u0111\u1ec3 con ti\u1ebfp x\u00fac v\u1edbi nh\u1eefng b\u1ed9 s\u00e1ch d\u1ea1y con v\u1ec1 m\u00e0u s\u1eafc l\u00e0 c\u00e1ch r\u1ea5t hay \u0111\u1ec3 kh\u01a1i g\u1ee3i ni\u1ec1m h\u1ee9ng kh\u1edfi trong tr\u1ebb.<\/p>\n<p>Theo c\u00e1c nh\u00e0 nghi\u00ean c\u1ee9u gi\u00e1o d\u1ee5c, tr\u1ebb em lu\u00f4n c\u00f3 nh\u1eefng ni\u1ec1m h\u1ee9ng kh\u1edfi b\u1ea5t t\u1eadn v\u1edbi thi\u00ean nhi\u00ean, h\u00ecnh kh\u1ed1i v\u00e0 m\u00e0u s\u1eafc. V\u00e0 nhi\u1ec7m v\u1ee5 \u0111\u01b0a nh\u1eefng \u201cb\u00e0i h\u1ecdc\u201d v\u1ec1 h\u00ecnh kh\u1ed1i, m\u00e0u s\u1eafc v\u00e0o giai \u0111o\u1ea1n \u0111\u1ea7u \u0111\u1eddi c\u1ee7a b\u1ed1 m\u1eb9 l\u00e0 r\u1ea5t v\u00f4 c\u00f9ng c\u1ea7n thi\u1ebft.<\/p>\n<p>B\u00f4\u0323 s\u00e1ch Ehon \u0110i\u1ec1u k\u1ef3 di\u1ec7u c\u1ee7a m\u00e0u s\u1eafc g\u1ed3m b\u1ed1n cu\u1ed1n: \u201c\u01a0!!! T\u1eafc k\u00e8 l\u00e0 nh\u00e0 \u1ea3o thu\u1eadt&#8221;, &#8220;B\u1eefa ti\u1ec7c m\u00e0u s\u1eafc c\u1ee7a th\u00fa tr\u1eafng&#8221;, \u201cM\u1ed9t ng\u00e0y c\u1ee7a b\u1ea1ch tu\u1ed9c\u201d v\u00e0 \u201cC\u00f3 g\u00ec trong qu\u1ea3 tr\u1ee9ng\u201d l\u00e0 l\u1ef1a ch\u1ecdn tuy\u1ec7t v\u1eddi cho tr\u1ebb t\u1eeb 0 &#8211; 6 tu\u1ed5i t\u1ea1i Nh\u1eadt B\u1ea3n. M\u1ed7i cu\u1ed1n l\u1ea1i l\u00e0 m\u1ed9t c\u00e2u chuy\u1ec7n nh\u1ecf kh\u00e1c nhau, mang trong m\u00ecnh vai tr\u00f2 ph\u00e1t tri\u1ec3n kh\u1ea3 n\u0103ng nh\u1eadn bi\u1ebft m\u00e0u s\u1eafc c\u1ee7a tr\u1ebb.<\/p>\n","protected":false},"featured_media":461,"template":"","meta":{"_acf_changed":false},"product_brand":[],"product_cat":[24,17],"product_tag":[],"class_list":{"0":"post-469","1":"product","2":"type-product","3":"status-publish","4":"has-post-thumbnail","6":"product_cat-nha-tre-mau-giao-0-tuoi-6-tuoi","7":"product_cat-sach-danh-cho-cac-be","9":"first","10":"outofstock","11":"taxable","12":"shipping-taxable","13":"purchasable","14":"product-type-simple"},"supplier_id":null,"supplier_sku":"","barcode":null,"atum_controlled":true,"out_stock_date":"2025-03-01 14:34:05","out_stock_threshold":null,"inheritable":false,"inbound_stock":0,"stock_on_hold":0,"sold_today":0,"sales_last_days":0,"reserved_stock":0,"customer_returns":0,"warehouse_damage":0,"lost_in_post":0,"other_logs":0,"out_stock_days":333,"lost_sales":0,"has_location":false,"update_date":"2026-01-28T23:11:29","atum_locations":[],"atum_stock_status":"outofstock","restock_status":false,"low_stock_amount":"","sales_update_date":"2026-01-28T23:11:29","calc_backorders":null,"acf":{"publisher":{"ID":1420,"post_author":"1","post_date":"2021-02-16 23:03:17","post_date_gmt":"2021-02-16 21:03:17","post_content":"<!-- wp:flatsome\/uxbuilder -->\n<h1 style=\"text-align: center\"><strong>WABOOKS<\/strong><\/h1>\n[ux_image id=\"1430\"]\n\n[gap]\n\n<p style=\"text-align: left\">Wabooks l\u00e0 c\u00f4ng ty s\u00e1ch ho\u1ea1t \u0111\u1ed9ng chuy\u00ean nghi\u1ec7p trong l\u0129nh v\u1ef1c xu\u1ea5t b\u1ea3n s\u00e1ch. Ph\u1ea7n l\u1edbn ngu\u1ed3n l\u1ef1c c\u1ee7a c\u00f4ng ty \u0111\u1ea7u t\u01b0 v\u00e0o nghi\u00ean c\u1ee9u, mua b\u1ea3n quy\u1ec1n, d\u1ecbch v\u00e0 xu\u1ea5t b\u1ea3n c\u00e1c \u1ea5n ph\u1ea9m v\u0103n h\u00f3a, tri th\u1ee9c c\u1ee7a Nh\u1eadt B\u1ea3n t\u1ea1i Vi\u1ec7t Nam. Wabooks lu\u00f4n kh\u00f4ng ng\u1eebng n\u1ed7 l\u1ef1c mang \u0111\u1ebfn nh\u1eefng s\u1ea3n ph\u1ea9m c\u00f3 ch\u1ea5t l\u01b0\u1ee3ng v\u00e0 d\u1ecbch v\u1ee5 ho\u00e0n h\u1ea3o, mang \u0111\u1ebfn s\u1ef1 h\u00e0i l\u00f2ng cho kh\u00e1ch h\u00e0ng c\u0169ng nh\u01b0 \u0111\u00f3ng g\u00f3p cho \u0111\u1ea5t n\u01b0\u1edbc t\u1ed1t \u0111\u1eb9p h\u01a1n th\u00f4ng qua nh\u1eefng gi\u00e1 tr\u1ecb m\u00e0 c\u00f4ng ty \u0111ang kh\u00f4ng ng\u1eebng theo \u0111u\u1ed5i.<\/p>\n[row]\n\n[col span=\"6\" span__sm=\"12\"]\n\n[ux_image id=\"2068\"]\n\n\n[\/col]\n[col span=\"6\" span__sm=\"12\"]\n\n<p>Anh Goto Daishi th\u00ec tin r\u1eb1ng ch\u1ec9 c\u00f3 s\u00e1ch m\u1edbi khi\u1ebfn con ng\u01b0\u1eddi ta tr\u1edf n\u00ean v\u0103n minh v\u00e0 ti\u1ebfn b\u1ed9, c\u00f2n anh Nguy\u1ec5n Tu\u1ea5n Anh th\u00ec cho r\u1eb1ng ch\u00fang ta ph\u1ea3i mang s\u00e1ch \u0111\u1ebfn n\u01a1i m\u00e0 ng\u01b0\u1eddi ta th\u1ef1c s\u1ef1 c\u1ea7n, chia s\u1ebb nh\u1eefng gi\u00e1 tr\u1ecb m\u00e0 ng\u01b0\u1eddi kh\u00e1c \u0111ang thi\u1ebfu, \u0111\u00f3 l\u00e0 c\u00e1ch \u0111\u1ec3 ch\u00fang ta ho\u00e0n thi\u1ec7n con ng\u01b0\u1eddi v\u00e0 g\u00f3p ph\u1ea7n l\u00e0m cho x\u00e3 h\u1ed9i ho\u00e0n thi\u1ec7n h\u01a1n.\u00a0<\/p>\n<p>May m\u1eafn r\u1eb1ng<strong> SACHVIET.EU\u00a0<\/strong>\u0111\u00e3 c\u00f3 c\u01a1 h\u1ed9i \u0111\u01b0\u1ee3c anh Nguy\u1ec5n Tu\u1ea5n Anh h\u1ee3p t\u00e1c gi\u00fap \u0111\u1ee1 h\u1ebft m\u00ecnh \u0111\u1ec3 The Stations c\u00f3 th\u1ec3 d\u1ec5 d\u00e0ng \u0111\u01b0a nh\u1eefng cu\u1ed1n s\u00e1ch ehon sang ph\u1ee5c v\u1ee5 nhu c\u1ea7u c\u1ee7a ng\u01b0\u1eddi Vi\u1ec7t t\u1ea1i Ch\u00e2u \u00c2u. V\u00e0 kh\u00f4ng g\u00ec vui m\u1eebng h\u01a1n l\u00e0 nh\u1eefng b\u1ea1n \u0111\u1ed9c gi\u1ea3 nh\u00ed c\u00f3 th\u1ec3 ti\u1ebfp c\u1eadn v\u00e0 c\u1ea7m tr\u00ean tay nh\u1eefng cu\u1ed1n s\u00e1ch ch\u1ea5t l\u01b0\u1ee3ng \u0111\u01b0\u1ee3c \u0111\u1ea7u t\u01b0 t\u1ec9 m\u1ec9, k\u1ef9 c\u00e0ng ch\u1ec9n chu v\u1ec1 c\u1ea3 n\u1ed9i dung l\u1eabn h\u00ecnh th\u1ee9c b\u1eb1ng ti\u1ebfng Vi\u1ec7t.<\/p>\n<p><strong>SACHVIET.EU<\/strong> lu\u00f4n tin t\u01b0\u1edfng r\u1eb1ng ng\u00f4n ng\u1eef m\u1eb9 \u0111\u1ebb lu\u00f4n l\u00e0 th\u1ee9 ng\u00f4n ng\u1eef thi\u00eang li\u00eang nh\u1ea5t v\u00e0 lu\u00f4n mong mu\u1ed1n c\u00e1c \u0111\u1ed9c gi\u1ea3 Vi\u1ec7t c\u00f3 c\u01a1 h\u1ed9i \u0111\u01b0\u1ee3c s\u1edf h\u1eefu nh\u1eefng cu\u1ed1n s\u00e1ch b\u1ea3n quy\u1ec1n \u0111\u1ea7y ch\u1ea5t l\u01b0\u1ee3ng b\u00e1n s\u1eb5n t\u1ea1i Ch\u00e2u \u00c2u<\/p>\n<p>\u00a0<\/p>\n\n[\/col]\n\n[\/row]\n\n<!-- \/wp:flatsome\/uxbuilder -->","post_title":"Wabooks","post_excerpt":"","post_status":"publish","comment_status":"closed","ping_status":"closed","post_password":"","post_name":"wabooks","to_ping":"","pinged":"","post_modified":"2022-12-19 22:37:02","post_modified_gmt":"2022-12-19 20:37:02","post_content_filtered":"","post_parent":0,"guid":"https:\/\/sachviet.eu\/?post_type=publisher&#038;p=1420","menu_order":0,"post_type":"publisher","post_mime_type":"","comment_count":"0","filter":"raw"}},"_links":{"self":[{"href":"https:\/\/sachviet.eu\/en\/wp-json\/wp\/v2\/product\/469","targetHints":{"allow":["GET"]}}],"collection":[{"href":"https:\/\/sachviet.eu\/en\/wp-json\/wp\/v2\/product"}],"about":[{"href":"https:\/\/sachviet.eu\/en\/wp-json\/wp\/v2\/types\/product"}],"wp:featuredmedia":[{"embeddable":true,"href":"https:\/\/sachviet.eu\/en\/wp-json\/wp\/v2\/media\/461"}],"wp:attachment":[{"href":"https:\/\/sachviet.eu\/en\/wp-json\/wp\/v2\/media?parent=469"}],"wp:term":[{"taxonomy":"product_brand","embeddable":true,"href":"https:\/\/sachviet.eu\/en\/wp-json\/wp\/v2\/product_brand?post=469"},{"taxonomy":"product_cat","embeddable":true,"href":"https:\/\/sachviet.eu\/en\/wp-json\/wp\/v2\/product_cat?post=469"},{"taxonomy":"product_tag","embeddable":true,"href":"https:\/\/sachviet.eu\/en\/wp-json\/wp\/v2\/product_tag?post=469"}],"curies":[{"name":"wp","href":"https:\/\/api.w.org\/{rel}","templated":true}]}}