{"id":4687,"date":"2021-03-09T01:39:50","date_gmt":"2021-03-08T23:39:50","guid":{"rendered":"https:\/\/sachviet.eu\/shop\/pomath-toan-tu-duy-cho-tre-em-4-6-tuoi-tap-3\/"},"modified":"2023-04-02T12:56:50","modified_gmt":"2023-04-02T09:56:50","slug":"pomath-toan-tu-duy-cho-tre-em-4-6-tuoi-tap-3","status":"publish","type":"product","link":"https:\/\/sachviet.eu\/en\/shop\/pomath-toan-tu-duy-cho-tre-em-4-6-tuoi-tap-3\/","title":{"rendered":"Pomath &#8211; To\u00e1n T\u01b0 Duy Cho Tr\u1ebb Em 4-6 Tu\u1ed5i &#8211; T\u1eadp 3"},"content":{"rendered":"<p>C\u00e1c ki\u1ebfn th\u1ee9c to\u00e1n h\u1ecdc trong cu\u1ed1n s\u00e1ch \u0111\u01b0\u1ee3c c\u00e0i \u0111\u1eb7t trong c\u00e1c ho\u1ea1t \u0111\u1ed9ng v\u1edbi m\u1ee9c \u0111\u1ed9 ph\u1ee9c t\u1ea1p t\u0103ng d\u1ea7n, h\u01b0\u1edbng t\u1edbi ph\u00e1t tri\u1ec3n tr\u00ed tu\u1ec7, ph\u00e1t tri\u1ec3n t\u01b0 duy, trong \u0111\u00f3 \u0111\u1eb7c bi\u1ec7t ch\u00fa \u00fd \u0111\u1ebfn t\u01b0 duy v\u1ec1 s\u1ed1, t\u01b0 duy h\u00ecnh h\u1ecdc v\u00e0 t\u01b0 duy logic.<\/p>\n<p>T\u01b0\u01a1ng lai c\u1ee7a con tr\u1ebb lu\u00f4n l\u00e0 \u0111i\u1ec1u m\u00e0 b\u1ea5t k\u1ef3 ph\u1ee5 huynh n\u00e0o lo l\u1eafng v\u00e0 h\u1ebft s\u1ee9c quan t\u00e2m. L\u00e0m sao \u0111\u1ec3 con m\u00ecnh th\u00edch h\u1ecdc, l\u00e0m sao \u0111\u1ec3 con c\u00f3 th\u1ec3 ti\u1ebfp thu nhanh c\u00e1c b\u00e0i gi\u1ea3ng \u1edf tr\u00ean l\u1edbp,&#8230;l\u00e0 nh\u1eefng b\u0103n kho\u0103n c\u1ee7a r\u1ea5t nhi\u1ec1u cha m\u1eb9. V\u00ec v\u1eady, vi\u1ec7c trang b\u1ecb cho con nh\u1eefng k\u1ef9 n\u0103ng, ph\u00e1t tri\u1ec3n t\u01b0 duy \u0111\u1ec3 con th\u00edch nghi \u0111\u01b0\u1ee3c v\u1edbi m\u00f4i tr\u01b0\u1eddng xung quanh, ph\u00e1t tri\u1ec3n tr\u00ed n\u00e3o l\u00e0 r\u1ea5t c\u1ea7n thi\u1ebft.<\/p>\n<p>M\u1ed9t s\u1ed1 k\u1ef9 n\u0103ng v\u00e0 ki\u1ebfn th\u1ee9c c\u1ea7n trang b\u1ecb cho con ngay t\u1eeb l\u00fac nh\u1ecf nh\u01b0: k\u1ef9 n\u0103ng gi\u00fap tr\u1ebb t\u1ef1 tin, k\u1ef9 n\u0103ng t\u1ef1 l\u1eadp, k\u1ef9 n\u0103ng giao ti\u1ebfp, k\u1ef9 n\u0103ng gi\u1ea3i quy\u1ebft v\u1ea5n \u0111\u1ec1,&#8230;ki\u1ebfn th\u1ee9c v\u1ec1 l\u1ec5 nghi, ki\u1ebfn th\u1ee9c v\u1ec1 \u00e2m nh\u1ea1c, ki\u1ebfn th\u1ee9c \u0111\u1ea1o \u0111\u1ee9c, to\u00e1n h\u1ecdc, k\u1ef9 thu\u1eadt&#8230; M\u1eb7c d\u00f9 nh\u1eefng y\u00eau c\u1ea7u \u0111\u1ed1i v\u1edbi c\u00e1c b\u00e9 kh\u00f4ng cao nh\u01b0ng \u0111\u00f3 l\u00e0 ti\u1ec1n \u0111\u1ec1, c\u01a1 s\u1edf h\u00ecnh th\u00e0nh nh\u1eadn th\u1ee9c, gi\u00fap c\u00e1c b\u00e9 c\u00f3 n\u1ec1n t\u1ea3ng gi\u00e1o d\u1ee5c v\u1eefng ch\u1eafc cho t\u01b0\u01a1ng lai.<\/p>\n<p>\u0110\u1ed1i v\u1edbi t\u01b0 duy to\u00e1n h\u1ecdc, \u0111\u00e2y \u0111\u01b0\u1ee3c xem l\u00e0 t\u01b0 duy quan tr\u1ecdng \u0111\u1ec3 b\u00e9 c\u00f3 th\u1ec3 k\u00edch th\u00edch tr\u00ed n\u00e3o, n\u00e2ng cao kh\u1ea3 n\u0103ng s\u00e1ng t\u1ea1o. V\u1eady n\u00ean, c\u00e1c b\u1eadc ph\u1ee5 huynh kh\u00f4ng n\u00ean b\u1ecf qua nh\u1eefng ph\u01b0\u01a1ng ph\u00e1p h\u1eefu \u00edch cho k\u1ef9 n\u0103ng quan tr\u1ecdng n\u00e0y.<\/p>\n<p>T\u1ea1i sao ph\u1ea3i trang b\u1ecb cho con t\u01b0 duy to\u00e1n h\u1ecdc?<\/p>\n<p>To\u00e1n h\u1ecdc l\u00e0 m\u00f4n h\u1ecdc m\u00e0 tr\u1ebb s\u1ebd \u0111\u01b0\u1ee3c h\u1ecdc t\u1eeb c\u1ea5p m\u1eabu gi\u00e1o \u0111\u1ebfn l\u00fac h\u1ebft \u0111\u1ea1i h\u1ecdc. M\u00f4n h\u1ecdc n\u00e0y c\u0169ng \u0111\u01b0\u1ee3c xem l\u00e0 m\u00f4n h\u1ecdc ch\u00ednh xuy\u00ean su\u1ed1t c\u1ee7a c\u00e1c em, v\u00ec th\u1ebf vi\u1ec7c \u0111\u1ecbnh h\u01b0\u1edbng v\u00e0 c\u00f3 m\u1ed9t ph\u01b0\u01a1ng ph\u00e1p h\u1ecdc ngay t\u1eeb \u0111\u1ea7u s\u1ebd gi\u00fap tr\u1ebb ti\u1ebfp c\u1eadn t\u1ed1t h\u01a1n v\u1edbi b\u1ed9 m\u00f4n.<\/p>\n<p>T\u1ea1i c\u00e1c n\u01b0\u1edbc ph\u00e1t tri\u1ec3n, s\u1ef1 \u01b0u vi\u1ec7t trong gi\u00e1o d\u1ee5c c\u1ee7a h\u1ecd \u0111\u01a1n gi\u1ea3n l\u00e0 t\u1eadp trung v\u00e0o vi\u1ec7c gi\u00fap tr\u1ebb t\u1ef1 m\u00ecnh, ho\u1eb7c qua h\u1ee3p t\u00e1c nh\u00f3m, t\u00ecm ra c\u00e1ch gi\u1ea3i quy\u1ebft v\u1ea5n \u0111\u1ec1. Cu\u1ed1i c\u00f9ng, m\u1ee5c ti\u00eau c\u1ee7a gi\u00e1o d\u1ee5c l\u00e0 t\u1ea1o ra nh\u1eefng con ng\u01b0\u1eddi c\u00f3 n\u0103ng l\u1ef1c t\u01b0 duy v\u00e0 kh\u1ea3 n\u0103ng nh\u1eadn bi\u1ebft v\u1ea5n \u0111\u1ec1, \u0111\u01b0a ra c\u00e1c gi\u1ea3i ph\u00e1p hi\u1ec7u qu\u1ea3 nh\u1ea5t \u0111\u1ec3 l\u1ef1a ch\u1ecdn. Vi\u1ec7c ti\u1ebfp c\u1eadn theo ph\u01b0\u01a1ng ph\u00e1p h\u1ecdc to\u00e1n t\u01b0 duy tr\u1ea3i nghi\u1ec7m nh\u1eb1m ph\u00e1t tri\u1ec3n to\u00e0n di\u1ec7n cho tr\u1ebb v\u1ec1 n\u0103ng l\u1ef1c t\u01b0 duy \u2013 k\u1ef9 n\u0103ng gi\u1ea3i quy\u1ebft v\u1ea5n \u0111\u1ec1, kh\u1ea3 n\u0103ng l\u00e0m vi\u1ec7c h\u1ee3p t\u00e1c, kh\u1ea3 n\u0103ng ti\u1ebfp c\u1eadn, ph\u00e2n t\u00edch &#8211; x\u1eed l\u00fd th\u00f4ng tin, v\u00e0 \u0111\u1eb7c bi\u1ec7t l\u00e0 t\u00ednh ham h\u1ecdc h\u1ecfi c\u0169ng nh\u01b0 kh\u1ea3 n\u0103ng t\u01b0\u1edfng t\u01b0\u1ee3ng s\u00e1ng t\u1ea1o. \u0110\u00f3 l\u00e0 l\u00fd do v\u00ec sao c\u1ea7n thi\u1ebft ph\u1ea3i trang b\u1ecb cho con t\u01b0 duy to\u00e1n h\u1ecdc ngay t\u1eeb l\u00fac c\u00f2n nh\u1ecf.<\/p>\n<p>\u0110\u1ed9 tu\u1ed5i n\u00e0o ph\u00f9 h\u1ee3p \u0111\u1ec3 d\u1ea1y tr\u1ebb v\u1ec1 t\u01b0 duy to\u00e1n h\u1ecdc?<\/p>\n<p>Nh\u00e0 gi\u00e1o d\u1ee5c l\u1ed7i l\u1ea1c ng\u01b0\u1eddi Nga A.Makarenko t\u1eebng n\u00f3i r\u1eb1ng: \u201cN\u1ec1n m\u00f3ng c\u1ee7a gi\u00e1o d\u1ee5c c\u1ea7n \u0111\u01b0\u1ee3c x\u00e2y d\u1ef1ng v\u1eefng ch\u1eafc t\u1eeb tr\u01b0\u1edbc 5 tu\u1ed5i, n\u00f3 chi\u1ebfm 90% c\u1ea3 qu\u00e1 tr\u00ecnh gi\u00e1o d\u1ee5c. Th\u1ef1c ch\u1ea5t, \u0111\u00f3 l\u00e0 gi\u00e1o d\u1ee5c khai ph\u00e1 v\u00e0 ph\u00e1t tri\u1ec3n ti\u1ec1m n\u0103ng c\u1ee7a con ng\u01b0\u1eddi\u201d. C\u00f3 r\u1ea5t nhi\u1ec1u nghi\u00ean c\u1ee9u \u0111\u00e3 ch\u1ec9 ra \u0111\u01b0\u1ee3c, m\u1ed9t n\u1eeda s\u1ef1 ph\u00e1t tri\u1ec3n quan tr\u1ecdng trong n\u00e3o b\u1ed9 \u1edf \u0111\u1ee9a tr\u1ebb \u0111\u01b0\u1ee3c ho\u00e0n th\u00e0nh v\u00e0o th\u1eddi \u0111i\u1ec3m n\u00f3 b\u1eaft \u0111\u1ea7u h\u1ecdc m\u1eabu gi\u00e1o. \u0110\u00e2y c\u0169ng ch\u00ednh l\u00e0 l\u1ee9a tu\u1ed5i v\u00e0ng \u0111\u1ec3 ph\u00e1t tri\u1ec3n k\u1ef9 n\u0103ng t\u01b0 duy cho tr\u1ebb.<\/p>\n<p>V\u1eady n\u00ean, gi\u00e1o d\u1ee5c cho tr\u1ebb \u1edf giai \u0111o\u1ea1n n\u00e0y l\u00e0 c\u01a1 h\u1ed9i \u0111\u1ec3 gi\u00fap tr\u1ebb ph\u00e1t huy tr\u00ed th\u00f4ng minh t\u1ed1i \u0111a c\u0169ng nh\u01b0 nh\u1eefng ti\u1ec1m n\u0103ng s\u1eb5n c\u00f3 m\u00e0 theo th\u1eddi gian. Do \u0111\u00f3, m\u1ea7m non l\u00e0 th\u1eddi \u0111i\u1ec3m v\u00e0ng \u0111\u1ec3 khai m\u1edf ti\u1ec1m n\u0103ng c\u1ee7a tr\u1ebb.<\/p>\n<p>Tuy nhi\u00ean, v\u1edbi \u0111\u1ed9 tu\u1ed5i m\u1ea7m non, s\u1ef1 ph\u00e1t tri\u1ec3n t\u00e2m l\u00fd c\u1ee7a tr\u1ebb c\u0169ng \u0111\u01b0\u1ee3c ch\u00fa tr\u1ecdng n\u00ean c\u00e1c b\u1eadc ph\u1ee5 huynh kh\u00f4ng n\u00ean qu\u00e1 g\u00f2 b\u00f3, h\u00e3y t\u1ea1o cho con ph\u01b0\u01a1ng ph\u00e1p \u201ch\u1ecdc m\u00e0 ch\u01a1i, ch\u01a1i m\u00e0 h\u1ecdc\u201d s\u1ebd ph\u00f9 h\u1ee3p \u0111\u1ed1i v\u1edbi \u0111\u1ed9 tu\u1ed5i c\u1ee7a tr\u1ebb.<\/p>\n<p>Nh\u1eefng kh\u00f3 kh\u0103n khi cho tr\u1ebb h\u1ecdc to\u00e1n t\u01b0 duy<\/p>\n<p>Kh\u00f4ng ch\u1ec9 gi\u00fap h\u1ecdc to\u00e1n, to\u00e1n t\u01b0 duy c\u00f2n gi\u00fap h\u00ecnh th\u00e0nh v\u00e0 ph\u00e1t tri\u1ec3n c\u00e1c k\u1ef9 n\u0103ng kh\u00e1c c\u1ee7a tr\u1ebb, v\u00ec th\u1ebf l\u1ef1a ch\u1ecdn cho con ph\u01b0\u01a1ng ph\u00e1p h\u1ecdc l\u00e0 \u0111i\u1ec1u kh\u00f4ng \u0111\u01a1n gi\u1ea3n ch\u00fat n\u00e0o \u0111\u1ed1i v\u1edbi nhi\u1ec1u ph\u1ee5 huynh. M\u1ed9t s\u1ed1 kh\u00f3 kh\u0103n m\u00e0 c\u00e1c b\u1eadc ph\u1ee5 huynh g\u1eb7p ph\u1ea3i khi cho tr\u1ebb h\u1ecdc to\u00e1n t\u01b0 duy:<\/p>\n<p>L\u1ef1a ch\u1ecdn ph\u01b0\u01a1ng ph\u00e1p h\u1ecdc t\u01b0 duy n\u00e0o cho con?<\/p>\n<p>Hi\u1ec7n nay, v\u1edbi nhu c\u1ea7u n\u00e2ng cao k\u1ef9 n\u0103ng, r\u00e8n luy\u1ec7n t\u01b0 duy cho tr\u1ebb, nhi\u1ec1u trung t\u00e2m ra \u0111\u1eddi. Tuy nhi\u00ean v\u1edbi c\u00e1ch h\u1ecdc \u1edf trung t\u00e2m hay ch\u00ednh cha m\u1eb9 gi\u00fap con r\u00e8n luy\u1ec7n \u0111ang c\u00f2n \u0111\u01b0\u1ee3c nhi\u1ec1u ng\u01b0\u1eddi c\u00e2n nh\u1eafc.<\/p>\n<p>Chi ph\u00ed cho tr\u1ebb h\u1ecdc t\u01b0 duy \u0111\u1eaft \u0111\u1ecf<\/p>\n<p>V\u1edbi nh\u1eefng gia \u0111\u00ecnh c\u00f3 \u0111i\u1ec1u ki\u1ec7n th\u00ec vi\u1ec7c t\u1ed1n th\u00eam m\u1ed9t kho\u1ea3n \u0111\u1ec3 cho con theo \u0111u\u1ed5i to\u00e1n h\u1ecdc t\u01b0 duy l\u00e0 chuy\u1ec7n nh\u1ecf nh\u01b0ng v\u1edbi nh\u1eefng gia \u0111\u00ecnh c\u00f3 thu nh\u1eadp b\u1eadc trung b\u00ecnh th\u00ec kh\u00e1 t\u1ed1n k\u00e9m v\u00e0 kh\u00f4ng c\u1ea7n thi\u1ebft.<\/p>\n<p>C\u00e2n b\u1eb1ng th\u1eddi gian nh\u01b0 th\u1ebf n\u00e0o?<\/p>\n<p>Hi\u1ec7n nay, tr\u1ebb \u0111ang h\u1ecdc ch\u01b0\u01a1ng tr\u00ecnh t\u1ea1i tr\u01b0\u1eddng, \u0111\u1ec3 c\u00f3 th\u1ec3 \u0111\u01b0\u1ee3c r\u00e8n luy\u1ec7n th\u00eam v\u1ec1 t\u01b0 duy to\u00e1n h\u1ecdc \u0111\u00f2i h\u1ecfi ph\u1ea3i c\u00f3 s\u1ef1 s\u1eafp x\u1ebfp th\u1eddi gian gi\u1eefa h\u1ecdc \u1edf l\u1edbp v\u00e0 h\u1ecdc th\u00eam t\u01b0 duy. Nh\u01b0 v\u1eady kh\u00f3 tr\u00e1nh kh\u1ecfi con ph\u1ea3i ch\u1ecbu nh\u1eefng \u00e1p l\u1ef1c t\u1eeb nh\u1eefng gi\u1edd h\u1ecdc. V\u1eady n\u00ean, c\u00e1c b\u1eadc ph\u1ee5 huynh ph\u1ea3i c\u00f3 s\u1ef1 \u0111\u1ea3m b\u1ea3o v\u1ec1 th\u1eddi gian ngh\u1ec9 ng\u01a1i v\u00e0 s\u1ef1 ph\u00f9 h\u1ee3p v\u1edbi kh\u1ea3 n\u0103ng ti\u1ebfp thu \u0111\u1ec3 qu\u00e1 tr\u00ecnh nh\u1eadn th\u1ee9c c\u1ee7a con \u0111\u1ea1t hi\u1ec7u qu\u1ea3 cao nh\u1ea5t.<\/p>\n<p>V\u1eady, l\u00e0m sao \u0111\u1ec3 con \u0111\u01b0\u1ee3c r\u00e8n luy\u1ec7n t\u01b0 duy v\u1edbi m\u1ed9t ph\u01b0\u01a1ng ph\u00e1p h\u1ecdc ph\u00f9 h\u1ee3p, \u0111\u1ea3m b\u1ea3o m\u00f4i tr\u01b0\u1eddng v\u1eeba h\u1ecdc v\u1eeba ch\u01a1i gi\u00fap con ti\u1ebfp thu nhanh ch\u00f3ng, \u0111\u1ed3ng th\u1eddi ti\u1ebft ki\u1ec7m chi ph\u00ed? Hi\u1ec3u \u0111\u01b0\u1ee3c n\u1ed7i l\u00f2ng c\u1ee7a c\u00e1c b\u1eadc l\u00e0m cha m\u1eb9, MCBooks \u0111\u00e3 cho ra \u0111\u1eddi nh\u1eefng cu\u1ed1n s\u00e1ch Pomath \u0111\u1ec3 gi\u00fap c\u00e1c b\u00e9 n\u00e2ng cao t\u01b0 duy to\u00e1n h\u1ecdc c\u1ee7a m\u00ecnh.<\/p>\n","protected":false},"excerpt":{"rendered":"<p>C\u00e1c b\u1eadc ph\u1ee5 huynh lu\u00f4n mong mu\u1ed1n con m\u00ecnh c\u00f3 m\u1ed9t tu\u1ed5i th\u01a1 trong s\u00e1ng, h\u1ed3n nhi\u00ean, ph\u00e1t tri\u1ec3n t\u1ef1 nhi\u00ean v\u00e0 ph\u00f9 h\u1ee3p v\u1edbi \u0111\u1ed9 tu\u1ed5i. V\u00ec th\u1ebf nhi\u1ec1u cha m\u1eb9 c\u00f3 con t\u1eeb 4 &#8211; 6 tu\u1ed5i ch\u1ec9 quan t\u00e2m t\u1edbi vi\u1ec7c \u0103n, ng\u1ee7, s\u1ee9c kh\u1ecfe c\u1ee7a con v\u00e0 \u00edt quan t\u00e2m t\u1edbi vi\u1ec7c h\u1ecdc to\u00e1n c\u1ee7a con v\u00ec s\u1ee3 con \u00e1p l\u1ef1c, m\u1ea5t \u0111i tu\u1ed5i th\u01a1.<\/p>\n<p>Nh\u01b0ng c\u00e1c nghi\u00ean c\u1ee9u khoa h\u1ecdc \u0111\u00e3 ch\u1ec9 ra r\u1eb1ng 4 &#8211; 6 tu\u1ed5i l\u00e0 \u0111\u1ed9 tu\u1ed5i v\u00e0ng \u0111\u1ec3 tr\u1ebb ti\u1ebfp thu ki\u1ebfn th\u1ee9c nh\u1ea5t l\u00e0 ki\u1ebfn th\u1ee9c v\u1ec1 to\u00e1n h\u1ecdc. N\u1ebfu c\u00e1c b\u1eadc ph\u1ee5 huynh b\u1ecf qua giai \u0111o\u1ea1n n\u00e0y th\u00ec th\u1eadt l\u00e0 \u0111\u00e1ng ti\u1ebfc, b\u1edfi con b\u1ea1n \u0111\u00e3 b\u1ecf qua nh\u1eefng l\u1ee3i \u00edch tuy\u1ec7t v\u1eddi m\u00e0 tr\u1ebb c\u00f3 th\u1ec3 nh\u1eadn \u0111\u01b0\u1ee3c n\u1ebfu \u0111\u01b0\u1ee3c cha m\u1eb9 \u0111\u1ea7u t\u01b0 ki\u1ebfn th\u1ee9c \u0111\u00fang \u0111\u1eafn:<\/p>\n<p>Tr\u1ebb t\u0103ng kh\u1ea3 n\u0103ng ghi nh\u1edb, t\u0103ng t\u01b0 duy v\u00e0 tr\u00ed th\u00f4ng minh \u0111\u1ec3 gi\u1ea3i quy\u1ebft t\u1ed1t nh\u1eefng t\u00ecnh hu\u1ed1ng th\u1ef1c t\u1ebf<\/p>\n<p>K\u00edch th\u00edch kh\u1ea3 n\u0103ng t\u1ef1 t\u00ecm t\u00f2i, suy ngh\u0129 v\u00e0 \u0111\u00e1nh th\u1ee9c ti\u1ec1m n\u0103ng to\u00e1n h\u1ecdc c\u1ee7a tr\u1ebb<\/p>\n<p>Tr\u1ebb ho\u1ea1t b\u00e1t, t\u1ef1 tin v\u00e0 v\u1eefng b\u01b0\u1edbc h\u01a1n khi v\u00e0o l\u1edbp 1<\/p>\n","protected":false},"featured_media":4676,"template":"","meta":{"_acf_changed":false},"product_brand":[],"product_cat":[20,25,26],"product_tag":[],"class_list":{"0":"post-4687","1":"product","2":"type-product","3":"status-publish","4":"has-post-thumbnail","6":"product_cat-be-vua-hoc-vua-choi","7":"product_cat-nhi-dong-6-tuoi-12-tuoi","8":"product_cat-thieu-nien-11-tuoi-18-tuoi","10":"first","11":"instock","12":"taxable","13":"shipping-taxable","14":"purchasable","15":"product-type-simple"},"supplier_id":null,"supplier_sku":"","barcode":null,"atum_controlled":true,"out_stock_date":null,"out_stock_threshold":null,"inheritable":false,"inbound_stock":0,"stock_on_hold":0,"sold_today":0,"sales_last_days":0,"reserved_stock":0,"customer_returns":0,"warehouse_damage":0,"lost_in_post":0,"other_logs":0,"out_stock_days":0,"lost_sales":0,"has_location":false,"update_date":"2026-01-28T23:10:35","atum_locations":[],"atum_stock_status":"instock","restock_status":false,"low_stock_amount":"","sales_update_date":"2026-01-28T23:10:35","calc_backorders":null,"acf":{"publisher":{"ID":4073,"post_author":"1","post_date":"2021-03-02 03:53:16","post_date_gmt":"2021-03-02 01:53:16","post_content":"","post_title":"MCBooks","post_excerpt":"","post_status":"publish","comment_status":"closed","ping_status":"closed","post_password":"","post_name":"mcbooks","to_ping":"","pinged":"","post_modified":"2021-03-02 03:53:16","post_modified_gmt":"2021-03-02 01:53:16","post_content_filtered":"","post_parent":0,"guid":"https:\/\/sachviet.eu\/nha-phat-hanh\/mcbooks\/","menu_order":0,"post_type":"publisher","post_mime_type":"","comment_count":"0","filter":"raw"}},"_links":{"self":[{"href":"https:\/\/sachviet.eu\/en\/wp-json\/wp\/v2\/product\/4687","targetHints":{"allow":["GET"]}}],"collection":[{"href":"https:\/\/sachviet.eu\/en\/wp-json\/wp\/v2\/product"}],"about":[{"href":"https:\/\/sachviet.eu\/en\/wp-json\/wp\/v2\/types\/product"}],"wp:featuredmedia":[{"embeddable":true,"href":"https:\/\/sachviet.eu\/en\/wp-json\/wp\/v2\/media\/4676"}],"wp:attachment":[{"href":"https:\/\/sachviet.eu\/en\/wp-json\/wp\/v2\/media?parent=4687"}],"wp:term":[{"taxonomy":"product_brand","embeddable":true,"href":"https:\/\/sachviet.eu\/en\/wp-json\/wp\/v2\/product_brand?post=4687"},{"taxonomy":"product_cat","embeddable":true,"href":"https:\/\/sachviet.eu\/en\/wp-json\/wp\/v2\/product_cat?post=4687"},{"taxonomy":"product_tag","embeddable":true,"href":"https:\/\/sachviet.eu\/en\/wp-json\/wp\/v2\/product_tag?post=4687"}],"curies":[{"name":"wp","href":"https:\/\/api.w.org\/{rel}","templated":true}]}}