{"id":4662,"date":"2021-03-09T01:38:32","date_gmt":"2021-03-08T23:38:32","guid":{"rendered":"https:\/\/sachviet.eu\/shop\/pomath-toan-tu-duy-cho-tre-em-4-6-tuoi-tap-1\/"},"modified":"2023-04-02T12:57:00","modified_gmt":"2023-04-02T09:57:00","slug":"pomath-toan-tu-duy-cho-tre-em-4-6-tuoi-tap-1","status":"publish","type":"product","link":"https:\/\/sachviet.eu\/en\/shop\/pomath-toan-tu-duy-cho-tre-em-4-6-tuoi-tap-1\/","title":{"rendered":"Pomath &#8211; To\u00e1n T\u01b0 Duy Cho Tr\u1ebb Em 4-6 Tu\u1ed5i &#8211; T\u1eadp 1"},"content":{"rendered":"<p>M\u1ed7i \u0111\u1ee9a tr\u1ebb \u0111\u1ec1u s\u1ebd c\u00f3 nh\u1eefng th\u1ebf m\u1ea1nh ri\u00eang. Nh\u01b0ng ch\u1eafc ch\u1eafn r\u1eb1ng to\u00e1n h\u1ecdc s\u1ebd l\u00e0 m\u00f4n h\u1ecdc c\u1ea7n thi\u1ebft, g\u1ea7n g\u0169i v\u00e0 c\u00f3 \u00edch cho t\u01b0\u01a1ng lai c\u1ee7a c\u00e1c b\u00e9 sau n\u00e0y. Nhi\u1ec1u b\u1eadc ph\u1ee5 huynh nh\u1eadn th\u1ea5y l\u1ee3i \u00edch c\u1ee7a vi\u1ec7c cho con h\u1ecdc to\u00e1n t\u1eeb 4 &#8211; 6 tu\u1ed5i nh\u01b0ng l\u1ea1i ch\u01b0a bi\u1ebft \u0111\u1ea7u t\u01b0 cho con \u0111\u00fang c\u00e1ch b\u1edfi:<\/p>\n<p>Ph\u1ee5 huynh ch\u01b0a bi\u1ebft n\u00ean cho con h\u1ecdc to\u00e1n t\u1eeb t\u00e0i li\u1ec7u n\u00e0o l\u00e0 ph\u00f9 h\u1ee3p v\u1edbi tr\u00ecnh \u0111\u1ed9 c\u1ee7a tr\u1ebb t\u1eeb 4 &#8211; 6 tu\u1ed5i.<\/p>\n<p>Trong \u0111\u1ed9 tu\u1ed5i n\u00e0y tr\u1ebb m\u1edbi ch\u1ec9 ti\u1ebfp x\u00fac v\u1edbi to\u00e1n h\u1ecdc \u1edf m\u1ee9c \u0111\u1ed9 l\u00e0m quen v\u00e0 nh\u1eadn bi\u1ebft, v\u1eady b\u1ed1 m\u1eb9 c\u1ea7n h\u01b0\u1edbng d\u1eabn con h\u1ecdc to\u00e1n nh\u01b0 th\u1ebf n\u00e0o \u0111\u1ec3 con kh\u00f4ng c\u1ea3m th\u1ea5y \u00e1p l\u1ef1c, kh\u00f4ng ch\u00e1n gh\u00e9t m\u00f4n to\u00e1n?<\/p>\n<p>V\u1edbi mong mu\u1ed1n c\u00e1c b\u1eadc ph\u1ee5 huynh c\u00f3 \u0111\u01b0\u1ee3c t\u00e0i li\u1ec7u v\u00e0 ph\u01b0\u01a1ng ph\u00e1p d\u1ea1y to\u00e1n cho con \u0111\u00fang c\u00e1ch, ch\u00fang t\u00f4i xin gi\u1edbi thi\u1ec7u t\u1edbi c\u00e1c b\u1ea1n b\u1ed9 s\u00e1ch: POMATH &#8211; To\u00e1n t\u01b0 duy cho tr\u1ebb em. C\u00e1c em s\u1ebd \u0111\u01b0\u1ee3c ti\u1ebfp c\u1eadn to\u00e1n h\u1ecdc b\u1eb1ng quan s\u00e1t, t\u01b0\u1edfng t\u01b0\u1ee3ng \u0111\u1ec3 ph\u00e1t tri\u1ec3n tr\u00ed th\u00f4ng minh logic (IQ), tr\u00ed th\u00f4ng minh c\u1ea3m x\u00fac (EQ) v\u00e0 ph\u00e1t tri\u1ec3n n\u0103ng l\u1ef1c gi\u1ea3i quy\u1ebft v\u1ea5n \u0111\u1ec1 v\u00e0 s\u00e1ng t\u1ea1o th\u00f4ng qua b\u1ed9 POMATH n\u00e0y. B\u1ed9 s\u00e1ch g\u1ed3m 6 t\u1eadp, ki\u1ebfn th\u1ee9c \u0111\u01b0\u1ee3c s\u1eafp x\u1ebfp t\u0103ng d\u1ea7n qua t\u1eebng t\u1eadp v\u00e0 d\u00e0nh ri\u00eang cho tr\u1ebb em t\u1eeb 4 &#8211; 6 tu\u1ed5i. T\u1eadp 1 v\u1edbi nh\u1eefng ki\u1ebfn th\u1ee9c c\u01a1 b\u1ea3n s\u1ebd l\u00e0 b\u01b0\u1edbc \u0111\u1ea7u ti\u00ean \u0111\u1ec3 c\u00e1c b\u00e9 ti\u1ebfp x\u00fac v\u1edbi to\u00e1n h\u1ecdc.<\/p>\n<p>C\u00e1c b\u1eadc ph\u1ee5 huynh v\u00e0 c\u00e1c b\u00e9 h\u00e3y c\u00f9ng ch\u00fang t\u00f4i \u0111i\u1ec3m qua nh\u1eefng \u01b0u \u0111i\u1ec3m tuy\u1ec7t v\u1eddi c\u1ee7a cu\u1ed1n s\u00e1ch POMATH t\u1eadp 1 nh\u00e9:<\/p>\n<p>T\u1eadp 1 g\u1ed3m 20 b\u00e0i h\u1ecdc \u0111\u01b0\u1ee3c thi\u1ebft k\u1ebf theo d\u1ea1ng tr\u1ea3i nghi\u1ec7m gi\u00fap b\u00e9 nhanh ch\u00f3ng l\u00e0m quen, nh\u1eadn bi\u1ebft v\u00e0 ph\u00e2n bi\u1ec7t nh\u1eefng ki\u1ebfn th\u1ee9c \u0111\u01a1n gi\u1ea3n trong to\u00e1n h\u1ecdc<\/p>\n<p>T\u1eadp 1 g\u1ed3m 20 b\u00e0i h\u1ecdc, m\u1ed7i b\u00e0i h\u1ecdc \u0111\u01b0\u1ee3c thi\u1ebft k\u1ebf theo d\u1ea1ng tr\u1ea3i nghi\u1ec7m. C\u00e1c b\u00e9 s\u1ebd \u0111\u01b0\u1ee3c h\u00f2a m\u00ecnh v\u00e0o nh\u1eefng c\u00e2u chuy\u1ec7n th\u00fa v\u1ecb. \u0110\u00f3 l\u00e0 nh\u1eefng c\u00e2u chuy\u1ec7n th\u1ef1c t\u1ebf gi\u00fap b\u00e9 ti\u1ebfp c\u1eadn to\u00e1n h\u1ecdc m\u1ed9t c\u00e1ch t\u1ef1 nhi\u00ean. V\u00ed d\u1ee5 nh\u01b0 \u1edf b\u00e0i 1 c\u00e1c em s\u1ebd \u0111\u01b0\u1ee3c kh\u00e1m ph\u00e1 nh\u1eefng b\u00f4ng hoa m\u00e0 c\u00e1c em th\u01b0\u1eddng b\u1eaft g\u1eb7p trong \u0111\u1eddi s\u1ed1ng, em \u0111\u01b0\u1ee3c th\u1ef1c h\u00e0nh \u0111\u1ebfm, v\u1ebd, t\u00f4 m\u00e0u,&#8230; Qua \u0111\u00f3 ki\u1ebfn th\u1ee9c to\u00e1n h\u1ecdc \u0111\u01b0\u1ee3c em ti\u1ebfp n\u1ea1p t\u1ef1 nhi\u00ean, kh\u00f4ng n\u1eb7ng n\u1ec1, kh\u00f4ng g\u00f2 b\u00f3.<\/p>\n<p>M\u1ed7i b\u00e0i h\u1ecdc nhi\u1ec1u ho\u1ea1t \u0111\u1ed9ng gi\u00fap b\u00e9 ph\u00e1t tri\u1ec3n t\u01b0 duy to\u00e0n di\u1ec7n<\/p>\n<p>N\u1ed9i dung m\u1ed7i b\u00e0i h\u1ecdc \u0111\u01b0\u1ee3c thi\u1ebft k\u1ebf s\u1ed1ng \u0111\u1ed9ng, c\u00e1c b\u00e9 s\u1ebd \u0111\u01b0\u1ee3c th\u1ef1c h\u00e0nh qua nhi\u1ec1u ho\u1ea1t \u0111\u1ed9ng \u0111\u01a1n gi\u1ea3n nh\u01b0ng g\u1ea7n g\u0169i v\u00e0 mang l\u1ea1i nhi\u1ec1u l\u1ee3i \u00edch cho vi\u1ec7c ph\u00e1t tri\u1ec3n t\u01b0 duy c\u1ee7a b\u00e9. M\u1ed9t s\u1ed1 ho\u1ea1t \u0111\u1ed9ng b\u00e9 \u0111\u01b0\u1ee3c th\u1ef1c h\u00e0nh nh\u01b0: T\u00f4 m\u00e0u, gh\u00e9p n\u1ed1i, th\u1ef1c h\u00e0nh c\u00e1c ph\u00e9p so s\u00e1nh \u0111\u01a1n gi\u1ea3n, \u0111\u1ebfm s\u1ed1, nh\u1eadn bi\u1ebft m\u1eb7t s\u1ed1, vi\u1ebft s\u1ed1,&#8230;.<\/p>\n<p>R\u00e8n cho b\u00e9 k\u1ef9 n\u0103ng c\u1ea7m b\u00fat \u0111\u1ec3 vi\u1ebft \u0111\u00fang, vi\u1ebft \u0111\u1eb9p<\/p>\n<p>V\u1edbi thi\u1ebft k\u1ebf b\u00e0i h\u1ecdc c\u00f3 nhi\u1ec1u ho\u1ea1t \u0111\u1ed9ng c\u1ea7n b\u00e9 c\u1ea7m b\u00fat \u0111\u1ec3 vi\u1ebft v\u00e0 v\u1ebd s\u1ebd l\u00e0 c\u01a1 h\u1ed9i t\u1ed1t \u0111\u1ec3 c\u00e1c b\u00e9 t\u1eeb 4 &#8211; 6 tu\u1ed5i, l\u1ee9a tu\u1ed5i cu\u1ed1i m\u1ea7m non \u0111\u1ea7u ti\u1ec3u h\u1ecdc \u0111\u01b0\u1ee3c l\u00e0m quen v\u1edbi c\u00e1ch c\u1ea7m b\u00fat. V\u1edbi nh\u1eefng n\u1ed9i dung c\u1ea7n b\u00e9 vi\u1ebft s\u1ed1, cu\u1ed1n s\u00e1ch \u0111\u00e3 thi\u1ebft k\u1ebf \u00f4 ly v\u00e0 vi\u1ebft m\u1eabu \u1edf \u0111\u1ea7u d\u00f2ng gi\u00fap b\u00e9 bi\u1ebft \u0111\u01b0\u1ee3c \u0111\u00fang k\u00edch th\u01b0\u1edbc c\u1ee7a ch\u1eef s\u1ed1 v\u00e0 r\u00e8n luy\u1ec7n \u0111\u1ec3 vi\u1ebft s\u1ed1 \u0111\u00fang chu\u1ea9n. \u0110\u00e2y l\u00e0 m\u1ed9t trong nh\u1eefng n\u1ec1n t\u1ea3ng t\u1ed1t \u0111\u1ec3 b\u00e9 t\u1ef1 tin h\u01a1n khi b\u01b0\u1edbc v\u00e0o ti\u1ec3u h\u1ecdc.<\/p>\n<p>T\u1eadp 1 \u0111\u01b0\u1ee3c thi\u1ebft k\u1ebf \u0111\u1eb9p m\u1eaft, h\u1ea5p d\u1eabn, gi\u00fap cho c\u00e1c em h\u1ee9ng th\u00fa v\u00e0 ph\u00e1t tri\u1ec3n n\u0103ng l\u1ef1c ng\u00f4n ng\u1eef, th\u1ea9m m\u1ef9 tinh t\u1ebf.<\/p>\n","protected":false},"excerpt":{"rendered":"<p>C\u00e1c b\u1eadc ph\u1ee5 huynh lu\u00f4n mong mu\u1ed1n con m\u00ecnh c\u00f3 m\u1ed9t tu\u1ed5i th\u01a1 trong s\u00e1ng, h\u1ed3n nhi\u00ean, ph\u00e1t tri\u1ec3n t\u1ef1 nhi\u00ean v\u00e0 ph\u00f9 h\u1ee3p v\u1edbi \u0111\u1ed9 tu\u1ed5i. V\u00ec th\u1ebf nhi\u1ec1u cha m\u1eb9 c\u00f3 con t\u1eeb 4 &#8211; 6 tu\u1ed5i ch\u1ec9 quan t\u00e2m t\u1edbi vi\u1ec7c \u0103n, ng\u1ee7, s\u1ee9c kh\u1ecfe c\u1ee7a con v\u00e0 \u00edt quan t\u00e2m t\u1edbi vi\u1ec7c h\u1ecdc to\u00e1n c\u1ee7a con v\u00ec s\u1ee3 con \u00e1p l\u1ef1c, m\u1ea5t \u0111i tu\u1ed5i th\u01a1.<\/p>\n<p>Nh\u01b0ng c\u00e1c nghi\u00ean c\u1ee9u khoa h\u1ecdc \u0111\u00e3 ch\u1ec9 ra r\u1eb1ng 4 &#8211; 6 tu\u1ed5i l\u00e0 \u0111\u1ed9 tu\u1ed5i v\u00e0ng \u0111\u1ec3 tr\u1ebb ti\u1ebfp thu ki\u1ebfn th\u1ee9c nh\u1ea5t l\u00e0 ki\u1ebfn th\u1ee9c v\u1ec1 to\u00e1n h\u1ecdc. N\u1ebfu c\u00e1c b\u1eadc ph\u1ee5 huynh b\u1ecf qua giai \u0111o\u1ea1n n\u00e0y th\u00ec th\u1eadt l\u00e0 \u0111\u00e1ng ti\u1ebfc, b\u1edfi con b\u1ea1n \u0111\u00e3 b\u1ecf qua nh\u1eefng l\u1ee3i \u00edch tuy\u1ec7t v\u1eddi m\u00e0 tr\u1ebb c\u00f3 th\u1ec3 nh\u1eadn \u0111\u01b0\u1ee3c n\u1ebfu \u0111\u01b0\u1ee3c cha m\u1eb9 \u0111\u1ea7u t\u01b0 ki\u1ebfn th\u1ee9c \u0111\u00fang \u0111\u1eafn:<\/p>\n<p>Tr\u1ebb t\u0103ng kh\u1ea3 n\u0103ng ghi nh\u1edb, t\u0103ng t\u01b0 duy v\u00e0 tr\u00ed th\u00f4ng minh \u0111\u1ec3 gi\u1ea3i quy\u1ebft t\u1ed1t nh\u1eefng t\u00ecnh hu\u1ed1ng th\u1ef1c t\u1ebf<\/p>\n<p>K\u00edch th\u00edch kh\u1ea3 n\u0103ng t\u1ef1 t\u00ecm t\u00f2i, suy ngh\u0129 v\u00e0 \u0111\u00e1nh th\u1ee9c ti\u1ec1m n\u0103ng to\u00e1n h\u1ecdc c\u1ee7a tr\u1ebb<\/p>\n<p>Tr\u1ebb ho\u1ea1t b\u00e1t, t\u1ef1 tin v\u00e0 v\u1eefng b\u01b0\u1edbc h\u01a1n khi v\u00e0o l\u1edbp 1<\/p>\n","protected":false},"featured_media":4661,"template":"","meta":{"_acf_changed":false},"product_brand":[],"product_cat":[20,25,17,26],"product_tag":[],"class_list":{"0":"post-4662","1":"product","2":"type-product","3":"status-publish","4":"has-post-thumbnail","6":"product_cat-be-vua-hoc-vua-choi","7":"product_cat-nhi-dong-6-tuoi-12-tuoi","8":"product_cat-sach-danh-cho-cac-be","9":"product_cat-thieu-nien-11-tuoi-18-tuoi","11":"first","12":"instock","13":"taxable","14":"shipping-taxable","15":"purchasable","16":"product-type-simple"},"supplier_id":null,"supplier_sku":"","barcode":null,"atum_controlled":true,"out_stock_date":null,"out_stock_threshold":null,"inheritable":false,"inbound_stock":0,"stock_on_hold":0,"sold_today":0,"sales_last_days":0,"reserved_stock":0,"customer_returns":0,"warehouse_damage":0,"lost_in_post":0,"other_logs":0,"out_stock_days":0,"lost_sales":0,"has_location":false,"update_date":"2026-01-28T23:10:35","atum_locations":[],"atum_stock_status":"instock","restock_status":false,"low_stock_amount":"","sales_update_date":"2026-01-28T23:10:35","calc_backorders":null,"acf":{"publisher":{"ID":4073,"post_author":"1","post_date":"2021-03-02 03:53:16","post_date_gmt":"2021-03-02 01:53:16","post_content":"","post_title":"MCBooks","post_excerpt":"","post_status":"publish","comment_status":"closed","ping_status":"closed","post_password":"","post_name":"mcbooks","to_ping":"","pinged":"","post_modified":"2021-03-02 03:53:16","post_modified_gmt":"2021-03-02 01:53:16","post_content_filtered":"","post_parent":0,"guid":"https:\/\/sachviet.eu\/nha-phat-hanh\/mcbooks\/","menu_order":0,"post_type":"publisher","post_mime_type":"","comment_count":"0","filter":"raw"}},"_links":{"self":[{"href":"https:\/\/sachviet.eu\/en\/wp-json\/wp\/v2\/product\/4662","targetHints":{"allow":["GET"]}}],"collection":[{"href":"https:\/\/sachviet.eu\/en\/wp-json\/wp\/v2\/product"}],"about":[{"href":"https:\/\/sachviet.eu\/en\/wp-json\/wp\/v2\/types\/product"}],"wp:featuredmedia":[{"embeddable":true,"href":"https:\/\/sachviet.eu\/en\/wp-json\/wp\/v2\/media\/4661"}],"wp:attachment":[{"href":"https:\/\/sachviet.eu\/en\/wp-json\/wp\/v2\/media?parent=4662"}],"wp:term":[{"taxonomy":"product_brand","embeddable":true,"href":"https:\/\/sachviet.eu\/en\/wp-json\/wp\/v2\/product_brand?post=4662"},{"taxonomy":"product_cat","embeddable":true,"href":"https:\/\/sachviet.eu\/en\/wp-json\/wp\/v2\/product_cat?post=4662"},{"taxonomy":"product_tag","embeddable":true,"href":"https:\/\/sachviet.eu\/en\/wp-json\/wp\/v2\/product_tag?post=4662"}],"curies":[{"name":"wp","href":"https:\/\/api.w.org\/{rel}","templated":true}]}}