{"id":4660,"date":"2021-03-09T01:38:29","date_gmt":"2021-03-08T23:38:29","guid":{"rendered":"https:\/\/sachviet.eu\/shop\/nhung-yeu-to-co-ban-trong-hoi-hoa\/"},"modified":"2021-06-14T20:39:35","modified_gmt":"2021-06-14T17:39:35","slug":"nhung-yeu-to-co-ban-trong-hoi-hoa","status":"publish","type":"product","link":"https:\/\/sachviet.eu\/en\/shop\/nhung-yeu-to-co-ban-trong-hoi-hoa\/","title":{"rendered":"Nh\u1eefng Y\u1ebfu T\u1ed1 C\u01a1 B\u1ea3n Trong H\u1ed9i H\u1ecda"},"content":{"rendered":"<p>C\u1eadu mu\u1ed1n hi\u1ec3u nh\u1eefng y\u1ebfu t\u1ed1 c\u01a1 b\u1ea3n trong h\u1ed9i h\u1ecda? R\u1ea5t \u0111\u01a1n gi\u1ea3n, c\u1eadu s\u1ebd ph\u1ea3i hi\u1ec3u v\u1ec1 \u0110\u01b0\u1eddng n\u00e9t, H\u00ecnh ph\u1eb3ng, H\u00ecnh kh\u1ed1i, M\u00e0u s\u1eafc, Ch\u1ea5t li\u1ec7u, \u00c1nh s\u00e1ng. M\u00e0 t\u1ea5t c\u1ea3 t\u1ee1 \u0111\u00e3 ghi ch\u00e9p v\u00f4 c\u00f9ng c\u1ea9n th\u1eadn trong cu\u1ed1n NH\u1eeeNG Y\u1ebeU T\u1ed0 C\u01a0 B\u1ea2N TRONG H\u1ed8I H\u1eccA r\u1ed3i. C\u1eadu ch\u1ec9 c\u1ea7n m\u1edf s\u00e1ch ra \u0111\u1ecdc l\u00e0 xong.<\/p>\n","protected":false},"excerpt":{"rendered":"<p>C\u1eadu mu\u1ed1n hi\u1ec3u nh\u1eefng y\u1ebfu t\u1ed1 c\u01a1 b\u1ea3n trong h\u1ed9i h\u1ecda? R\u1ea5t \u0111\u01a1n gi\u1ea3n, c\u1eadu s\u1ebd ph\u1ea3i hi\u1ec3u v\u1ec1 \u0110\u01b0\u1eddng n\u00e9t, H\u00ecnh ph\u1eb3ng, H\u00ecnh kh\u1ed1i, M\u00e0u s\u1eafc, Ch\u1ea5t li\u1ec7u, \u00c1nh s\u00e1ng. M\u00e0 t\u1ea5t c\u1ea3 t\u1ee1 \u0111\u00e3 ghi ch\u00e9p v\u00f4 c\u00f9ng c\u1ea9n th\u1eadn trong cu\u1ed1n NH\u1eeeNG Y\u1ebeU T\u1ed0 C\u01a0 B\u1ea2N TRONG H\u1ed8I H\u1eccA r\u1ed3i. C\u1eadu ch\u1ec9 c\u1ea7n m\u1edf s\u00e1ch ra \u0111\u1ecdc l\u00e0 xong.<\/p>\n","protected":false},"featured_media":4659,"template":"","meta":{"_acf_changed":false},"product_brand":[],"product_cat":[20,25,17],"product_tag":[],"class_list":{"0":"post-4660","1":"product","2":"type-product","3":"status-publish","4":"has-post-thumbnail","6":"product_cat-be-vua-hoc-vua-choi","7":"product_cat-nhi-dong-6-tuoi-12-tuoi","8":"product_cat-sach-danh-cho-cac-be","10":"first","11":"outofstock","12":"taxable","13":"shipping-taxable","14":"purchasable","15":"product-type-simple"},"supplier_id":null,"supplier_sku":"","barcode":null,"atum_controlled":true,"out_stock_date":"2021-03-08 23:38:29","out_stock_threshold":null,"inheritable":false,"inbound_stock":0,"stock_on_hold":0,"sold_today":0,"sales_last_days":0,"reserved_stock":0,"customer_returns":0,"warehouse_damage":0,"lost_in_post":0,"other_logs":0,"out_stock_days":1786,"lost_sales":0,"has_location":false,"update_date":"2026-01-28T23:10:35","atum_locations":[],"atum_stock_status":"outofstock","restock_status":false,"low_stock_amount":"","sales_update_date":"2026-01-28T23:10:35","calc_backorders":null,"acf":{"publisher":{"ID":1474,"post_author":"1","post_date":"2021-02-17 01:12:51","post_date_gmt":"2021-02-16 23:12:51","post_content":"","post_title":"Th\u00e1i H\u00e0","post_excerpt":"","post_status":"publish","comment_status":"closed","ping_status":"closed","post_password":"","post_name":"thai-ha","to_ping":"","pinged":"","post_modified":"2021-02-17 01:12:51","post_modified_gmt":"2021-02-16 23:12:51","post_content_filtered":"","post_parent":0,"guid":"https:\/\/sachviet.eu\/nha-phat-hanh\/thai-ha\/","menu_order":0,"post_type":"publisher","post_mime_type":"","comment_count":"0","filter":"raw"}},"_links":{"self":[{"href":"https:\/\/sachviet.eu\/en\/wp-json\/wp\/v2\/product\/4660","targetHints":{"allow":["GET"]}}],"collection":[{"href":"https:\/\/sachviet.eu\/en\/wp-json\/wp\/v2\/product"}],"about":[{"href":"https:\/\/sachviet.eu\/en\/wp-json\/wp\/v2\/types\/product"}],"wp:featuredmedia":[{"embeddable":true,"href":"https:\/\/sachviet.eu\/en\/wp-json\/wp\/v2\/media\/4659"}],"wp:attachment":[{"href":"https:\/\/sachviet.eu\/en\/wp-json\/wp\/v2\/media?parent=4660"}],"wp:term":[{"taxonomy":"product_brand","embeddable":true,"href":"https:\/\/sachviet.eu\/en\/wp-json\/wp\/v2\/product_brand?post=4660"},{"taxonomy":"product_cat","embeddable":true,"href":"https:\/\/sachviet.eu\/en\/wp-json\/wp\/v2\/product_cat?post=4660"},{"taxonomy":"product_tag","embeddable":true,"href":"https:\/\/sachviet.eu\/en\/wp-json\/wp\/v2\/product_tag?post=4660"}],"curies":[{"name":"wp","href":"https:\/\/api.w.org\/{rel}","templated":true}]}}