{"id":4612,"date":"2021-03-09T01:36:19","date_gmt":"2021-03-08T23:36:19","guid":{"rendered":"https:\/\/sachviet.eu\/shop\/nhap-mon-am-thuc-nhat-sushi-va-xien-nuong\/"},"modified":"2021-05-18T00:26:48","modified_gmt":"2021-05-17T21:26:48","slug":"nhap-mon-am-thuc-nhat-sushi-va-xien-nuong","status":"publish","type":"product","link":"https:\/\/sachviet.eu\/en\/shop\/nhap-mon-am-thuc-nhat-sushi-va-xien-nuong\/","title":{"rendered":"Nh\u1eadp M\u00f4n \u1ea8m Th\u1ef1c Nh\u1eadt &#8211; Sushi V\u00e0 Xi\u00ean N\u01b0\u1edbng"},"content":{"rendered":"<p>C\u00f9ng v\u1edbi m\u00ec Ramen, Sushi \u0111\u01b0\u1ee3c xem l\u00e0 bi\u1ec3u t\u01b0\u1ee3ng c\u1ee7a \u0111\u1ea5t n\u01b0\u1edbc m\u1eb7t tr\u1eddi m\u1ecdc v\u00e0 ch\u1ebf bi\u1ebfn sushi g\u1ea7n nh\u01b0 l\u00e0 m\u1ed9t m\u00f4n ngh\u1ec7 thu\u1eadt t\u1ea1i Nh\u1eadt B\u1ea3n. C\u1ea7n \u00edt nh\u1ea5t 10 n\u0103m \u0111\u1ec3 m\u1ed9t ng\u01b0\u1eddi c\u00f3 th\u1ec3 tr\u1edf th\u00e0nh ngh\u1ec7 nh\u00e2n l\u00e0m sushi nh\u01b0ng b\u1ea1n tin kh\u00f4ng, ch\u1ec9 v\u1edbi cu\u1ed1n s\u00e1ch \u201cNh\u1eadp m\u00f4n \u1ea9m th\u1ef1c Nh\u1eadt \u2013 Sushi &amp; Xi\u00ean n\u01b0\u1edbng\u201d v\u1edbi nh\u1eefng h\u01b0\u1edbng d\u1eabn t\u1ec9 m\u1ec9 c\u1ee7a Laure Ki\u00e9- m\u1ed9t c\u00f4 g\u00e1i \u0111am m\u00ea v\u1edbi \u1ea9m th\u1ef1c Nh\u1eadt- b\u1ea1n \u0111\u00e3 c\u00f3 th\u1ec3 g\u00e2y \u1ea5n t\u01b0\u1ee3ng v\u1edbi b\u1ea1n b\u00e8, ng\u01b0\u1eddi th\u01b0\u01a1ng b\u1eb1ng nh\u1eefng m\u00f3n sushi v\u00e0 yakitori \u0111\u1ea7y h\u1ea5p d\u1eabn r\u1ed1i \u0111\u1ea5y!<\/p>\n<p>Cu\u1ed1n s\u00e1ch l\u00e0 ng\u01b0\u1eddi d\u1eabn d\u1eaft \u0111\u01b0a b\u1ea1n \u0111i kh\u00e1m ph\u00e1 v\u00e0 chinh ph\u1ee5c th\u1ebf gi\u1edbi Sushi, Yuki m\u1ed9t c\u00e1ch tinh t\u1ebf, t\u1ec9 m\u1ec9 t\u1eeb vi\u1ec7c h\u01b0\u1edbng d\u00e3n s\u01a1 ch\u1ebf nguy\u00ean li\u1ec7u, \u0111\u1ebfn c\u00e1ch ch\u1ebf bi\u1ebfn, tr\u00ecnh b\u00e0y \u0111\u1ec3 mang l\u1ea1i \u1ea5n t\u01b0\u1ee3ng h\u01b0\u01a1ng v\u1ecb \u1ea9m th\u1ef1c ri\u00eang c\u1ee7a \u0111\u1ea5t n\u01b0\u1edbc hoa anh \u0111\u00e0o, t\u1eeb \u0111\u00f3 tr\u1edf th\u00e0nh n\u1ec1n t\u1ea3ng gi\u00fap b\u1ea1n t\u1ef1 m\u00ecnh s\u00e1ng t\u1ea1o, ch\u1ebf bi\u1ebfn th\u00e0nh nh\u1eefng c\u00f4ng th\u1ee9c mang \u0111\u1eadm d\u1ea5u \u1ea5n c\u00e1 nh\u00e2n c\u1ee7a ri\u00eang m\u00ecnh.<\/p>\n<p>Kh\u00f4ng ch\u1ec9 gi\u00fap b\u1ea1n \u0111\u1ebfn g\u1ea7n h\u01a1n v\u1edbi Nh\u1eadt B\u1ea3n th\u00f4ng qua v\u0103n h\u00f3a \u1ea9m th\u1ef1c, \u201cNh\u1eadp m\u00f4n \u1ea9m th\u1ef1c Nh\u1eadt \u2013 Sushi &amp; Xi\u00ean n\u01b0\u1edbng\u201d c\u00f2n gi\u00fap b\u1ea1n d\u1ec5 d\u00e0ng ti\u1ebfp c\u1eadn v\u1edbi nh\u1eefng m\u00f3n truy\u1ec1n th\u1ed1ng v\u00e0 n\u1ed5i ti\u1ebfng c\u1ee7a n\u01b0\u1edbc Nh\u1eadt v\u1edbi m\u1ed9t phi\u00ean b\u1ea3n mang h\u01b0\u01a1ng v\u1ecb \u0111\u1eb7c tr\u01b0ng qua nh\u1eefng c\u00f4ng th\u1ee9c v\u1eeba m\u1edbi m\u1ebb, v\u1eeba \u0111\u01a1n gi\u1ea3n nh\u01b0ng l\u1ea1i v\u00f4 c\u00f9ng t\u1ed1t cho s\u1ee9c kh\u1ecfe.<\/p>\n","protected":false},"excerpt":{"rendered":"<p>Cu\u1ed1n s\u00e1ch l\u00e0 ng\u01b0\u1eddi d\u1eabn d\u1eaft \u0111\u01b0a b\u1ea1n \u0111i kh\u00e1m ph\u00e1 v\u00e0 chinh ph\u1ee5c th\u1ebf gi\u1edbi Sushi, Yuki m\u1ed9t c\u00e1ch tinh t\u1ebf, t\u1ec9 m\u1ec9 t\u1eeb vi\u1ec7c h\u01b0\u1edbng d\u00e3n s\u01a1 ch\u1ebf nguy\u00ean li\u1ec7u, \u0111\u1ebfn c\u00e1ch ch\u1ebf bi\u1ebfn, tr\u00ecnh b\u00e0y \u0111\u1ec3 mang l\u1ea1i \u1ea5n t\u01b0\u1ee3ng h\u01b0\u01a1ng v\u1ecb \u1ea9m th\u1ef1c ri\u00eang c\u1ee7a \u0111\u1ea5t n\u01b0\u1edbc hoa anh \u0111\u00e0o, t\u1eeb \u0111\u00f3 tr\u1edf th\u00e0nh n\u1ec1n t\u1ea3ng gi\u00fap b\u1ea1n t\u1ef1 m\u00ecnh s\u00e1ng t\u1ea1o, ch\u1ebf bi\u1ebfn th\u00e0nh nh\u1eefng c\u00f4ng th\u1ee9c mang \u0111\u1eadm d\u1ea5u \u1ea5n c\u00e1 nh\u00e2n c\u1ee7a ri\u00eang m\u00ecnh.<\/p>\n<p>Kh\u00f4ng ch\u1ec9 gi\u00fap b\u1ea1n \u0111\u1ebfn g\u1ea7n h\u01a1n v\u1edbi Nh\u1eadt B\u1ea3n th\u00f4ng qua v\u0103n h\u00f3a \u1ea9m th\u1ef1c, \u201cNh\u1eadp m\u00f4n \u1ea9m th\u1ef1c Nh\u1eadt \u2013 Sushi &amp; Xi\u00ean n\u01b0\u1edbng\u201d c\u00f2n gi\u00fap b\u1ea1n d\u1ec5 d\u00e0ng ti\u1ebfp c\u1eadn v\u1edbi nh\u1eefng m\u00f3n truy\u1ec1n th\u1ed1ng v\u00e0 n\u1ed5i ti\u1ebfng c\u1ee7a n\u01b0\u1edbc Nh\u1eadt v\u1edbi m\u1ed9t phi\u00ean b\u1ea3n mang h\u01b0\u01a1ng v\u1ecb \u0111\u1eb7c tr\u01b0ng qua nh\u1eefng c\u00f4ng th\u1ee9c v\u1eeba m\u1edbi m\u1ebb, v\u1eeba \u0111\u01a1n gi\u1ea3n nh\u01b0ng l\u1ea1i v\u00f4 c\u00f9ng t\u1ed1t cho s\u1ee9c kh\u1ecfe.<\/p>\n","protected":false},"featured_media":4600,"template":"","meta":{"_acf_changed":false},"product_brand":[],"product_cat":[42],"product_tag":[],"class_list":{"0":"post-4612","1":"product","2":"type-product","3":"status-publish","4":"has-post-thumbnail","6":"product_cat-sach-nau-an-am-thuc","8":"first","9":"outofstock","10":"taxable","11":"shipping-taxable","12":"purchasable","13":"product-type-simple"},"supplier_id":null,"supplier_sku":"","barcode":null,"atum_controlled":true,"out_stock_date":"2021-03-08 23:36:20","out_stock_threshold":null,"inheritable":false,"inbound_stock":0,"stock_on_hold":0,"sold_today":0,"sales_last_days":0,"reserved_stock":0,"customer_returns":0,"warehouse_damage":0,"lost_in_post":0,"other_logs":0,"out_stock_days":1786,"lost_sales":0,"has_location":false,"update_date":"2026-01-28T23:10:35","atum_locations":[],"atum_stock_status":"outofstock","restock_status":false,"low_stock_amount":"","sales_update_date":"2026-01-28T23:10:35","calc_backorders":null,"acf":{"publisher":{"ID":1785,"post_author":"1","post_date":"2021-02-17 01:54:46","post_date_gmt":"2021-02-16 23:54:46","post_content":"<!-- wp:flatsome\/uxbuilder -->\n<h1 style=\"text-align: center;\"><strong>AZ VIETNAM<\/strong><\/h1>\n[row]\n\n[col span=\"8\" span__sm=\"12\"]\n\n<p>Th\u00e0nh l\u1eadp n\u0103m: 2015<br \/>V\u1ed1n \u0111\u1ea7u t\u01b0: 4,000,000,000 \u0111\u1ed3ng<br \/><strong>L\u0129nh v\u1ef1c:<\/strong><br \/>- Xu\u1ea5t b\u1ea3n v\u00e0 ph\u00e1t h\u00e0nh v\u0103n h\u00f3a ph\u1ea9m<br \/>- Cung c\u1ea5p v\u0103n h\u00f3a ph\u1ea9m, c\u00e1c s\u1ea3n ph\u1ea9m cho in \u1ea5n, trang thi\u1ebft b\u1ecb cho c\u00e1c th\u01b0 vi\u1ec7n v\u00e0 trung t\u00e2m s\u00e1ch tr\u00ean c\u1ea3 n\u01b0\u1edbc.<br \/>- Th\u1eddi trang v\u00e0 c\u00e1c s\u1ea3n ph\u1ea9m li\u00ean quan \u0111\u1ebfn l\u0129nh v\u1ef1c th\u1eddi trang<br \/>- Xu\u1ea5t nh\u1eadp kh\u1ea9u c\u00e1c s\u1ea3n ph\u1ea9m v\u0103n h\u00f3a<\/p>\n<p><strong>Quy m\u00f4:<\/strong> 60 nh\u00e2n vi\u00ean<br \/>Kh\u1edfi ngu\u1ed3n c\u1ee7a AZ Vi\u1ec7t Nam ng\u00e0y nay l\u00e0 C\u00f4ng ty TNHH Trung t\u00e2m S\u00e1ch v\u00e0 Thi\u1ebft b\u1ecb Th\u01b0 vi\u1ec7n, v\u1edbi ho\u1ea1t \u0111\u1ed9ng \u0111\u1ea7u ti\u00ean l\u00e0 cung c\u1ea5p s\u00e1ch, trang thi\u1ebft b\u1ecb, v\u0103n h\u00f3a ph\u1ea9m cho c\u00e1c th\u01b0 vi\u1ec7n v\u00e0 trung t\u00e2m s\u00e1ch tr\u00ean c\u1ea3 n\u01b0\u1edbc. T\u1eeb cu\u1ed1i n\u0103m 2010 \u0111\u1ebfn nay, ch\u00fang t\u00f4i \u0111\u00e3 kh\u00f4ng ng\u1eebng n\u1ed7 l\u1ef1c khai ph\u00e1 v\u00e0 ph\u00e1t tri\u1ec3n c\u00e1c d\u00f2ng s\u1ea3n ph\u1ea9m m\u1edbi v\u1edbi 8 th\u01b0\u01a1ng hi\u1ec7u uy t\u00edn. \u0110\u1ec3 \u0111\u00e1p \u1ee9ng nhu c\u1ea7u ph\u00e1t tri\u1ec3n ng\u00e0y m\u1ed9t l\u1edbn m\u1ea1nh v\u00e0 t\u1eadp h\u1ee3p c\u00e1c th\u01b0\u01a1ng hi\u1ec7u \u0111\u00e3 \u0111\u01b0\u1ee3c ch\u00fang t\u00f4i x\u00e2y d\u1ef1ng, 2015 C\u00f4ng ty TNHH AZ Vi\u1ec7t Nam \u0111\u00e3 ra \u0111\u1eddi v\u1edbi s\u1ee9 m\u1ec7nh mang \u0111\u1ebfn nhi\u1ec1u h\u01a1n n\u1eefa nh\u1eefng gi\u00e1 tr\u1ecb tinh th\u1ea7n, tri th\u1ee9c ti\u00ean ti\u1ebfn cho ng\u01b0\u1eddi ti\u00eau d\u00f9ng b\u1eb1ng vi\u1ec7c cung c\u1ea5p nh\u1eefng s\u1ea3n ph\u1ea9m c\u00f3 ch\u1ea5t l\u01b0\u1ee3ng.<\/p>\n\n[\/col]\n[col span=\"4\" span__sm=\"12\"]\n\n[ux_image id=\"1836\" image_size=\"medium\"]\n\n\n[\/col]\n\n[\/row]\n\n<!-- \/wp:flatsome\/uxbuilder -->","post_title":"AZ Vi\u1ec7t Nam","post_excerpt":"","post_status":"publish","comment_status":"closed","ping_status":"closed","post_password":"","post_name":"az-viet-nam","to_ping":"","pinged":"","post_modified":"2021-02-17 22:07:10","post_modified_gmt":"2021-02-17 20:07:10","post_content_filtered":"","post_parent":0,"guid":"https:\/\/sachviet.eu\/nha-phat-hanh\/az-viet-nam\/","menu_order":0,"post_type":"publisher","post_mime_type":"","comment_count":"0","filter":"raw"}},"_links":{"self":[{"href":"https:\/\/sachviet.eu\/en\/wp-json\/wp\/v2\/product\/4612","targetHints":{"allow":["GET"]}}],"collection":[{"href":"https:\/\/sachviet.eu\/en\/wp-json\/wp\/v2\/product"}],"about":[{"href":"https:\/\/sachviet.eu\/en\/wp-json\/wp\/v2\/types\/product"}],"wp:featuredmedia":[{"embeddable":true,"href":"https:\/\/sachviet.eu\/en\/wp-json\/wp\/v2\/media\/4600"}],"wp:attachment":[{"href":"https:\/\/sachviet.eu\/en\/wp-json\/wp\/v2\/media?parent=4612"}],"wp:term":[{"taxonomy":"product_brand","embeddable":true,"href":"https:\/\/sachviet.eu\/en\/wp-json\/wp\/v2\/product_brand?post=4612"},{"taxonomy":"product_cat","embeddable":true,"href":"https:\/\/sachviet.eu\/en\/wp-json\/wp\/v2\/product_cat?post=4612"},{"taxonomy":"product_tag","embeddable":true,"href":"https:\/\/sachviet.eu\/en\/wp-json\/wp\/v2\/product_tag?post=4612"}],"curies":[{"name":"wp","href":"https:\/\/api.w.org\/{rel}","templated":true}]}}