{"id":4599,"date":"2021-03-09T01:35:37","date_gmt":"2021-03-08T23:35:37","guid":{"rendered":"https:\/\/sachviet.eu\/shop\/nhap-mon-am-thuc-nhat-mi-nhat-ramen-soba-udon\/"},"modified":"2021-05-18T00:27:05","modified_gmt":"2021-05-17T21:27:05","slug":"nhap-mon-am-thuc-nhat-mi-nhat-ramen-soba-udon","status":"publish","type":"product","link":"https:\/\/sachviet.eu\/en\/shop\/nhap-mon-am-thuc-nhat-mi-nhat-ramen-soba-udon\/","title":{"rendered":"Nh\u1eadp M\u00f4n \u1ea8m Th\u1ef1c Nh\u1eadt &#8211; M\u00ec Nh\u1eadt &#8211; Ramen, Soba, Udon"},"content":{"rendered":"<p>C\u0169ng nh\u01b0 c\u01a1m \u1edf Vi\u1ec7t Nam, m\u00ec c\u00f3 m\u1ed9t vai tr\u00f2 v\u00f4 c\u00f9ng quan tr\u1ecdng trong n\u1ec1n v\u0103n h\u00f3a \u1ea9m th\u1ef1c Nh\u1eadt B\u1ea3n. C\u00f3 th\u1ec3 k\u1ec3 \u0111\u1ebfn v\u00f4 v\u00e0n lo\u1ea1i m\u00ec kh\u00e1c nhau, c\u00e1c lo\u1ea1i m\u00ec s\u1ee3i truy\u1ec1n th\u1ed1ng. T\u1eeb c\u00e1c lo\u1ea1i m\u00ec s\u1ee3i t\u1eeb m\u00ec truy\u1ec1n th\u1ed1ng nh\u01b0 soba, udon hay somen, cho \u0111\u1ebfn nh\u1eefng lo\u1ea1i m\u00ec \u1ea3nh h\u01b0\u1edfng t\u1eeb Trung Qu\u1ed1c nh\u01b0 ramen hay yakisoba \u0111\u1ec1u \u0111\u01b0\u1ee3c ch\u1ebf bi\u1ebfn v\u1edbi r\u1ea5t nhi\u1ec1u ph\u01b0\u01a1ng ph\u00e1p kh\u00e1c nhau nh\u01b0ng v\u1eabn \u0111\u1ea3m b\u1ea3o nguy\u00ean t\u1eafc kh\u00f4ng qu\u00e1 l\u1ea1m d\u1ee5ng nhi\u1ec1u gia v\u1ecb m\u00e0 ch\u00fa tr\u1ecdng l\u00e0m n\u1ed5i b\u1eadt h\u01b0\u01a1ng v\u1ecb t\u01b0\u01a1i ngon, tinh khi\u1ebft t\u1ef1 nhi\u00ean c\u1ee7a m\u00f3n \u0103n c\u0169ng nh\u01b0 t\u00ednh dinh d\u01b0\u1ee1ng v\u00e0 ph\u00f9 h\u1ee3p v\u1edbi thi\u00ean nhi\u00ean t\u1eebng m\u00f9a.<\/p>\n<p>M\u00ec s\u1ee3i l\u00e0 m\u1ed9t m\u00f3n d\u1ec5 \u0103n, d\u1ec5 l\u00e0m v\u00e0 ng\u00e0y ngay, nguy\u00ean li\u1ec7u \u0111\u1ec3 ch\u1ebf bi\u1ebfn \u0111\u01b0\u1ee3c m\u1ed9t t\u00f4 m\u00ec \u0111\u1eadm ch\u1ea5t, \u0111\u00fang v\u1ecb Nh\u1eadt kh\u00f4ng c\u00f2n l\u00e0 \u0111i\u1ec1u qu\u00e1 kh\u00f3 kh\u0103n. V\u1edbi \u201cNh\u1eadp m\u00f4n \u1ea9m th\u1ef1c Nh\u1eadt- M\u00ec Nh\u1eadt\u201d, Laure Ki\u00e9- m\u1ed9t c\u00f4 n\u00e0ng ch\u1ea3y trong m\u00ecnh d\u00f2ng m\u00e1u Nh\u1eadt \u2013Ph\u00e1p v\u00e0 c\u00f3 t\u00ecnh y\u00eau b\u1ea5t t\u1eadn v\u1edbi \u1ea9m th\u1ef1c Nh\u1eadt \u0111\u00e3 c\u1ed1 g\u1eafng ch\u1eaft l\u1ecdc h\u1ebft t\u1ea5t c\u1ea3 nh\u1eefng b\u00ed quy\u1ebft gi\u00fap b\u1ea1n c\u00f3 th\u1ec3 d\u1ec5 d\u00e0ng th\u00e0nh c\u00f4ng khi n\u1ea5u c\u00e1c lo\u1ea1i m\u00ec c\u01a1 b\u1ea3n: t\u1eeb vi\u1ec7c t\u00ecm hi\u1ec3u c\u00e1c lo\u1ea1i m\u00ec kh\u00e1c nhau, c\u00e1c b\u00ed quy\u1ebft lu\u1ed9c m\u00ec cho \u0111\u1ebfn c\u00e1c l\u00e0m s\u1ed1t v\u00e0 n\u01b0\u1edbc d\u00f9ng \u0103n k\u00e8m\u2026v\u1edbi nh\u1eefng c\u00f4ng th\u1ee9c v\u00f4 c\u00f9ng \u0111\u01a1n gi\u1ea3n nh\u01b0ng v\u1eabn \u0111\u1ea3m b\u1ea3o s\u1ef1 thanh tao, nh\u1eb9 nh\u00e0ng v\u00e0 v\u1eabn ph\u00f9 h\u1ee3p v\u1edbi thi\u00ean nhi\u00ean t\u1eebng m\u00f9a. \u0110\u1eb7c bi\u1ec7t h\u01a1n, ngo\u00e0i nh\u1eefng c\u00f4ng th\u1ee9c chu\u1ea9n v\u1ecb, Laure Ki\u00e9 \u0111\u00e3 kh\u00f4ng ng\u1ea1i nghi\u00ean c\u1ee9u, bi\u1ebfn t\u1ea5u m\u00f3n \u0103n v\u1edbi nh\u1eefng nguy\u00ean li\u1ec7u thay th\u1ebf, d\u1ec5 t\u00ecm h\u01a1n khi\u1ebfn b\u1ea1n c\u00f3 th\u1ec3 d\u1ec5 d\u00e0ng th\u1ef1c hi\u1ec7n th\u00e0nh c\u00f4ng.<\/p>\n<p>V\u1edbi \u201cNh\u1eadp m\u00f4n \u1ea9m th\u1ef1c Nh\u1eadt- M\u00ec Nh\u1eadt\u201d, IoveCookbook tin r\u1eb1ng, t\u1eeb nay b\u1ea1n kh\u00f4ng c\u1ea7n ph\u1ea3i \u0111i \u0111\u1ebfn b\u1ea5t c\u1ee9 c\u1eeda ti\u1ec7m \u1ea9m th\u1ef1c Nh\u1eadt n\u00e0o m\u1edbi c\u00f3 th\u1ec3 th\u01b0\u1edfng th\u1ee9c \u0111\u01b0\u1ee3c m\u1ed9t t\u00f4 m\u00ec tr\u00f2n v\u1ecb, m\u00e0 ngay t\u1ea1i ch\u00ednh c\u0103n b\u1ebfp c\u1ee7a m\u00ecnh, b\u1ea1n c\u0169ng c\u00f3 th\u1ec3 t\u1ef1 ch\u1ebf bi\u1ebfn \u0111\u01b0\u1ee3c xmg m\u00f3n m\u00ec \u0111\u1eadm ch\u1ea5t c\u1ee7a \u0111\u1ea5t n\u01b0\u1edbc m\u1eb7t tr\u1eddi m\u1ecdc v\u1edbi h\u01b0\u01a1ng v\u1ecb th\u1eadm ch\u00ed c\u00f2n ngon h\u01a1n, \u0111\u1eb7c bi\u1ec7t h\u01a1n v\u00ec \u0111\u01b0\u1ee3c d\u00e0nh t\u1ea5t c\u1ea3 s\u1ef1 t\u1ec9 m\u1ec9, y\u00eau th\u01b0\u01a1ng v\u00e0 nguy\u00ean li\u1ec7u l\u1ea1i v\u00f4 c\u00f9ng ch\u1ea5t l\u01b0\u1ee3ng. N\u00e0o! C\u00f2n ch\u1ea7n ch\u1eeb g\u00ec m\u00e0 kh\u00f4ng l\u0103n ngay v\u00e0o b\u1ebfp?<\/p>\n","protected":false},"excerpt":{"rendered":"<p>V\u1edbi \u201cNh\u1eadp m\u00f4n \u1ea9m th\u1ef1c Nh\u1eadt- M\u00ec Nh\u1eadt\u201d, IoveCookbook tin r\u1eb1ng, t\u1eeb nay b\u1ea1n kh\u00f4ng c\u1ea7n ph\u1ea3i \u0111i \u0111\u1ebfn b\u1ea5t c\u1ee9 c\u1eeda ti\u1ec7m \u1ea9m th\u1ef1c Nh\u1eadt n\u00e0o m\u1edbi c\u00f3 th\u1ec3 th\u01b0\u1edfng th\u1ee9c \u0111\u01b0\u1ee3c m\u1ed9t t\u00f4 m\u00ec tr\u00f2n v\u1ecb, m\u00e0 ngay t\u1ea1i ch\u00ednh c\u0103n b\u1ebfp c\u1ee7a m\u00ecnh, b\u1ea1n c\u0169ng c\u00f3 th\u1ec3 t\u1ef1 ch\u1ebf bi\u1ebfn \u0111\u01b0\u1ee3c xmg m\u00f3n m\u00ec \u0111\u1eadm ch\u1ea5t c\u1ee7a \u0111\u1ea5t n\u01b0\u1edbc m\u1eb7t tr\u1eddi m\u1ecdc v\u1edbi h\u01b0\u01a1ng v\u1ecb th\u1eadm ch\u00ed c\u00f2n ngon h\u01a1n, \u0111\u1eb7c bi\u1ec7t h\u01a1n v\u00ec \u0111\u01b0\u1ee3c d\u00e0nh t\u1ea5t c\u1ea3 s\u1ef1 t\u1ec9 m\u1ec9, y\u00eau th\u01b0\u01a1ng v\u00e0 nguy\u00ean li\u1ec7u l\u1ea1i v\u00f4 c\u00f9ng ch\u1ea5t l\u01b0\u1ee3ng. N\u00e0o! C\u00f2n ch\u1ea7n ch\u1eeb g\u00ec m\u00e0 kh\u00f4ng l\u0103n ngay v\u00e0o b\u1ebfp?<\/p>\n","protected":false},"featured_media":4598,"template":"","meta":{"_acf_changed":false},"product_brand":[],"product_cat":[42],"product_tag":[],"class_list":{"0":"post-4599","1":"product","2":"type-product","3":"status-publish","4":"has-post-thumbnail","6":"product_cat-sach-nau-an-am-thuc","8":"first","9":"outofstock","10":"taxable","11":"shipping-taxable","12":"purchasable","13":"product-type-simple"},"supplier_id":null,"supplier_sku":"","barcode":null,"atum_controlled":true,"out_stock_date":"2021-03-08 23:35:37","out_stock_threshold":null,"inheritable":false,"inbound_stock":0,"stock_on_hold":0,"sold_today":0,"sales_last_days":0,"reserved_stock":0,"customer_returns":0,"warehouse_damage":0,"lost_in_post":0,"other_logs":0,"out_stock_days":1786,"lost_sales":0,"has_location":false,"update_date":"2026-01-28T23:10:35","atum_locations":[],"atum_stock_status":"outofstock","restock_status":false,"low_stock_amount":"","sales_update_date":"2026-01-28T23:10:35","calc_backorders":null,"acf":{"publisher":{"ID":1785,"post_author":"1","post_date":"2021-02-17 01:54:46","post_date_gmt":"2021-02-16 23:54:46","post_content":"<!-- wp:flatsome\/uxbuilder -->\n<h1 style=\"text-align: center;\"><strong>AZ VIETNAM<\/strong><\/h1>\n[row]\n\n[col span=\"8\" span__sm=\"12\"]\n\n<p>Th\u00e0nh l\u1eadp n\u0103m: 2015<br \/>V\u1ed1n \u0111\u1ea7u t\u01b0: 4,000,000,000 \u0111\u1ed3ng<br \/><strong>L\u0129nh v\u1ef1c:<\/strong><br \/>- Xu\u1ea5t b\u1ea3n v\u00e0 ph\u00e1t h\u00e0nh v\u0103n h\u00f3a ph\u1ea9m<br \/>- Cung c\u1ea5p v\u0103n h\u00f3a ph\u1ea9m, c\u00e1c s\u1ea3n ph\u1ea9m cho in \u1ea5n, trang thi\u1ebft b\u1ecb cho c\u00e1c th\u01b0 vi\u1ec7n v\u00e0 trung t\u00e2m s\u00e1ch tr\u00ean c\u1ea3 n\u01b0\u1edbc.<br \/>- Th\u1eddi trang v\u00e0 c\u00e1c s\u1ea3n ph\u1ea9m li\u00ean quan \u0111\u1ebfn l\u0129nh v\u1ef1c th\u1eddi trang<br \/>- Xu\u1ea5t nh\u1eadp kh\u1ea9u c\u00e1c s\u1ea3n ph\u1ea9m v\u0103n h\u00f3a<\/p>\n<p><strong>Quy m\u00f4:<\/strong> 60 nh\u00e2n vi\u00ean<br \/>Kh\u1edfi ngu\u1ed3n c\u1ee7a AZ Vi\u1ec7t Nam ng\u00e0y nay l\u00e0 C\u00f4ng ty TNHH Trung t\u00e2m S\u00e1ch v\u00e0 Thi\u1ebft b\u1ecb Th\u01b0 vi\u1ec7n, v\u1edbi ho\u1ea1t \u0111\u1ed9ng \u0111\u1ea7u ti\u00ean l\u00e0 cung c\u1ea5p s\u00e1ch, trang thi\u1ebft b\u1ecb, v\u0103n h\u00f3a ph\u1ea9m cho c\u00e1c th\u01b0 vi\u1ec7n v\u00e0 trung t\u00e2m s\u00e1ch tr\u00ean c\u1ea3 n\u01b0\u1edbc. T\u1eeb cu\u1ed1i n\u0103m 2010 \u0111\u1ebfn nay, ch\u00fang t\u00f4i \u0111\u00e3 kh\u00f4ng ng\u1eebng n\u1ed7 l\u1ef1c khai ph\u00e1 v\u00e0 ph\u00e1t tri\u1ec3n c\u00e1c d\u00f2ng s\u1ea3n ph\u1ea9m m\u1edbi v\u1edbi 8 th\u01b0\u01a1ng hi\u1ec7u uy t\u00edn. \u0110\u1ec3 \u0111\u00e1p \u1ee9ng nhu c\u1ea7u ph\u00e1t tri\u1ec3n ng\u00e0y m\u1ed9t l\u1edbn m\u1ea1nh v\u00e0 t\u1eadp h\u1ee3p c\u00e1c th\u01b0\u01a1ng hi\u1ec7u \u0111\u00e3 \u0111\u01b0\u1ee3c ch\u00fang t\u00f4i x\u00e2y d\u1ef1ng, 2015 C\u00f4ng ty TNHH AZ Vi\u1ec7t Nam \u0111\u00e3 ra \u0111\u1eddi v\u1edbi s\u1ee9 m\u1ec7nh mang \u0111\u1ebfn nhi\u1ec1u h\u01a1n n\u1eefa nh\u1eefng gi\u00e1 tr\u1ecb tinh th\u1ea7n, tri th\u1ee9c ti\u00ean ti\u1ebfn cho ng\u01b0\u1eddi ti\u00eau d\u00f9ng b\u1eb1ng vi\u1ec7c cung c\u1ea5p nh\u1eefng s\u1ea3n ph\u1ea9m c\u00f3 ch\u1ea5t l\u01b0\u1ee3ng.<\/p>\n\n[\/col]\n[col span=\"4\" span__sm=\"12\"]\n\n[ux_image id=\"1836\" image_size=\"medium\"]\n\n\n[\/col]\n\n[\/row]\n\n<!-- \/wp:flatsome\/uxbuilder -->","post_title":"AZ Vi\u1ec7t Nam","post_excerpt":"","post_status":"publish","comment_status":"closed","ping_status":"closed","post_password":"","post_name":"az-viet-nam","to_ping":"","pinged":"","post_modified":"2021-02-17 22:07:10","post_modified_gmt":"2021-02-17 20:07:10","post_content_filtered":"","post_parent":0,"guid":"https:\/\/sachviet.eu\/nha-phat-hanh\/az-viet-nam\/","menu_order":0,"post_type":"publisher","post_mime_type":"","comment_count":"0","filter":"raw"}},"_links":{"self":[{"href":"https:\/\/sachviet.eu\/en\/wp-json\/wp\/v2\/product\/4599","targetHints":{"allow":["GET"]}}],"collection":[{"href":"https:\/\/sachviet.eu\/en\/wp-json\/wp\/v2\/product"}],"about":[{"href":"https:\/\/sachviet.eu\/en\/wp-json\/wp\/v2\/types\/product"}],"wp:featuredmedia":[{"embeddable":true,"href":"https:\/\/sachviet.eu\/en\/wp-json\/wp\/v2\/media\/4598"}],"wp:attachment":[{"href":"https:\/\/sachviet.eu\/en\/wp-json\/wp\/v2\/media?parent=4599"}],"wp:term":[{"taxonomy":"product_brand","embeddable":true,"href":"https:\/\/sachviet.eu\/en\/wp-json\/wp\/v2\/product_brand?post=4599"},{"taxonomy":"product_cat","embeddable":true,"href":"https:\/\/sachviet.eu\/en\/wp-json\/wp\/v2\/product_cat?post=4599"},{"taxonomy":"product_tag","embeddable":true,"href":"https:\/\/sachviet.eu\/en\/wp-json\/wp\/v2\/product_tag?post=4599"}],"curies":[{"name":"wp","href":"https:\/\/api.w.org\/{rel}","templated":true}]}}