{"id":4597,"date":"2021-03-09T01:35:32","date_gmt":"2021-03-08T23:35:32","guid":{"rendered":"https:\/\/sachviet.eu\/shop\/nguon-goc-muon-loai\/"},"modified":"2021-03-23T01:12:38","modified_gmt":"2021-03-22T23:12:38","slug":"nguon-goc-muon-loai","status":"publish","type":"product","link":"https:\/\/sachviet.eu\/en\/shop\/nguon-goc-muon-loai\/","title":{"rendered":"Ngu\u1ed3n g\u1ed1c mu\u00f4n lo\u00e0i"},"content":{"rendered":"<p>N\u0103m 1859, khi Darwin xu\u1ea5t b\u1ea3n cu\u1ed1n s\u00e1ch \u201cNgu\u1ed3n g\u1ed1c mu\u00f4n lo\u00e0i\u201d, cu\u1ed1n s\u00e1ch \u0111\u00e3 \u0111\u01b0\u1ee3c b\u00e1n h\u1ebft s\u1ea1ch ch\u1ec9 trong v\u00f2ng v\u00e0i ng\u00e0y. N\u00f3 g\u00e2y ra m\u1ed9t cu\u1ed9c tranh c\u00e3i k\u1ecbch li\u1ec7t c\u1ea3 trong v\u00e0 ngo\u00e0i gi\u1edbi khoa h\u1ecdc. D\u1ea7n d\u1ea7n, cu\u1ed1n s\u00e1ch \u0111\u00e3 thay \u0111\u1ed5i nh\u1eadn th\u1ee9c c\u1ee7a ch\u00fang ta v\u1ec1 c\u00e1c sinh v\u1eadt s\u1ed1ng. N\u0103m 2015, m\u1ed9t h\u1ed9i \u0111\u1ed3ng g\u1ed3m c\u00e1c t\u00e1c gi\u1ea3 s\u00e1ch b\u00e1n ch\u1ea1y nh\u1ea5t, c\u00e1c th\u1ee7 th\u01b0, nh\u00e0 xu\u1ea5t b\u1ea3n v\u00e0 h\u1ecdc gi\u1ea3 c\u1ee7a Anh qu\u1ed1c \u0111\u00e3 li\u1ec7t k\u00ea hai m\u01b0\u01a1i cu\u1ed1n s\u00e1ch h\u1ecdc thu\u1eadt quan tr\u1ecdng nh\u1ea5t t\u1eebng \u0111\u01b0\u1ee3c vi\u1ebft ra. H\u1ecd \u0111\u1ec1 ngh\u1ecb c\u00f4ng ch\u00fang ch\u1ecdn ra m\u1ed9t cu\u1ed1n c\u00f3 \u1ea3nh h\u01b0\u1edfng s\u00e2u r\u1ed9ng nh\u1ea5t th\u1ebf gi\u1edbi. V\u00e0 ng\u01b0\u1eddi ta \u0111\u00e3 ch\u1ecdn \u201cNgu\u1ed3n g\u1ed1c mu\u00f4n lo\u00e0i\u201d c\u1ee7a Darwin.<\/p>\n<p>Phi\u00ean b\u1ea3n \u201cNgu\u1ed3n g\u1ed1c mu\u00f4n lo\u00e0i\u201d (Phi\u00ean b\u1ea3n d\u00e0nh cho gi\u1edbi tr\u1ebb) n\u00e0y \u0111\u01b0\u1ee3c d\u1ef1a tr\u00ean cu\u1ed1n s\u00e1ch xu\u1ea5t b\u1ea3n l\u1ea7n \u0111\u1ea7u ti\u00ean c\u1ee7a \u00f4ng n\u0103m 1859. \u0110\u1ea7u ti\u00ean, n\u1ed9i dung cu\u1ed1n s\u00e1ch c\u1ee7a Darwin \u0111\u00e3 \u0111\u01b0\u1ee3c thu ng\u1eafn l\u1ea1i. Cu\u1ed1n \u201cNgu\u1ed3n g\u1ed1c mu\u00f4n lo\u00e0i\u201d nguy\u00ean b\u1ea3n d\u00e0i h\u01a1n ba l\u1ea7n so v\u1edbi Phi\u00ean b\u1ea3n d\u00e0nh cho gi\u1edbi tr\u1ebb n\u00e0y. M\u1ed9t v\u00e0i ph\u1ea7n \u0111\u00e3 \u0111\u01b0\u1ee3c l\u01b0\u1ee3c b\u1ecf do ch\u00fang \u0111\u00e3 l\u1ed7i th\u1eddi. Th\u00eam v\u00e0o \u0111\u00f3, xuy\u00ean su\u1ed1t n\u1ed9i dung nguy\u00ean b\u1ea3n, Darwin \u0111\u00e3 b\u00e0y ra v\u00f4 v\u00e0n b\u1eb1ng ch\u1ee9ng \u0111\u1ec3 h\u1ed7 tr\u1ee3 cho gi\u1ea3 thuy\u1ebft c\u1ee7a m\u00ecnh, b\u1edfi \u00f4ng bi\u1ebft r\u1eb1ng ng\u01b0\u1eddi x\u01b0a s\u1ebd r\u1ea5t kh\u00f3 ch\u1ea5p nh\u1eadn n\u00f3. \u0110\u1ec3 c\u00f4 \u0111\u1ecdng dung l\u01b0\u1ee3ng, phi\u00ean b\u1ea3n n\u00e0y r\u00fat ng\u1eafn l\u1ea1i ch\u1ec9 c\u00f2n m\u1ed9t \u0111\u1ebfn hai d\u1eabn ch\u1ee9ng. Trong t\u1ea5t c\u1ea3 c\u00e1c ch\u01b0\u01a1ng, l\u1eddi v\u0103n \u0111\u00e3 \u0111\u01b0\u1ee3c l\u01b0\u1ee3c b\u1ecf ho\u1eb7c vi\u1ebft ng\u1eafn g\u1ecdn \u0111\u1ec3 d\u1ec5 \u0111\u1ecdc h\u01a1n. M\u1ee5c \u0111\u00edch c\u1ee7a nh\u1eefng thay \u0111\u1ed5i n\u00e0y l\u00e0 \u0111\u1ec3 duy tr\u00ec nh\u1eefng n\u1ec1n m\u00f3ng trong t\u01b0 t\u01b0\u1edfng Darwin trong khi chau chu\u1ed1t l\u1ea1i c\u00e1ch tr\u00ecnh b\u00e0y c\u1ee7a \u00f4ng.<\/p>\n<p>Th\u1ee9 hai, ng\u00f4n t\u1eeb c\u1ee7a Darwin \u0111\u00e3 \u0111\u01b0\u1ee3c \u0111\u01a1n gi\u1ea3n ho\u00e1 \u1edf r\u1ea5t nhi\u1ec1u ch\u1ed7. C\u00e1c c\u00e2u v\u00e0 \u0111o\u1ea1n v\u0103n d\u00e0i \u0111\u01b0\u1ee3c t\u00e1ch ra th\u00e0nh nhi\u1ec1u c\u00e2u ng\u1eafn h\u01a1n. Nh\u1eefng thu\u1eadt ng\u1eef xa l\u1ea1 \u0111\u01b0\u1ee3c thay th\u1ebf b\u1eb1ng c\u00e1ch di\u1ec5n \u0111\u1ea1t quen thu\u1ed9c (\u1edf cu\u1ed1i cu\u1ed1n s\u00e1ch c\u0169ng c\u00f3 m\u1ed9t danh m\u1ee5c thu\u1eadt ng\u1eef). Tuy nhi\u00ean, m\u1ee5c \u0111\u00edch v\u1eabn l\u00e0 gi\u1eef l\u1ea1i nhi\u1ec1u nh\u1ea5t c\u00f3 th\u1ec3 c\u00e1ch h\u00e0nh v\u0103n g\u1ed1c c\u1ee7a Darwin &#8211; \u0111\u1eb7c bi\u1ec7t l\u00e0 r\u1ea5t nhi\u1ec1u \u0111o\u1ea1n v\u0103n \u0111\u00e3 tr\u1edf n\u00ean n\u1ed5i ti\u1ebfng v\u00ec v\u1ebb \u0111\u1eb9p v\u00e0 ni\u1ec1m h\u1ee9ng kh\u1edfi trong \u0111\u00f3.<\/p>\n<p>Th\u1ee9 ba, m\u1ed9t v\u00e0i ti\u00eau \u0111\u1ec1 v\u00e0 ch\u1ee7 \u0111\u1ec1 \u0111\u01b0\u1ee3c th\u00eam m\u1edbi, v\u00e0 th\u01b0\u1eddng c\u00f3 c\u00e1c ghi ch\u00fa ng\u1eafn g\u1ecdn b\u00ean c\u1ea1nh \u0111\u1ec3 \u0111\u1ecbnh ngh\u0129a c\u00e1c thu\u1eadt ng\u1eef v\u00e0 h\u01b0\u1edbng d\u1eabn \u0111\u1ed9c gi\u1ea3 xuy\u00ean su\u1ed1t cu\u1ed1n s\u00e1ch. C\u00e1c ghi ch\u00fa v\u00e0 b\u00e0i b\u00e1o ng\u1eafn \u0111\u00f3 kh\u00f4ng n\u1eb1m trong n\u1ed9i dung nguy\u00ean b\u1ea3n, ch\u00fang \u0111\u01b0\u1ee3c vi\u1ebft ri\u00eang cho phi\u00ean b\u1ea3n ch\u1ec9nh l\u00fd n\u00e0y. Gi\u1ed1ng nh\u01b0 nh\u1eefng b\u1ee9c \u1ea3nh v\u00e0 h\u00ecnh minh h\u1ecda \u0111\u00e3 \u0111\u01b0\u1ee3c ch\u1ecdn \u0111\u01b0a v\u00e0o s\u00e1ch, c\u00e1c b\u00e0i b\u00e1o n\u00e0y c\u1eadp nh\u1eadt th\u00f4ng tin khoa h\u1ecdc k\u1ec3 t\u1eeb th\u1eddi \u0111\u1ea1i c\u1ee7a Darwin, l\u1ea5p \u0111\u1ea7y nh\u1eefng ch\u1ed7 tr\u1ed1ng m\u00e0 \u00f4ng c\u00f2n b\u1ecf l\u1ea1i, v\u00e0 cho th\u1ea5y r\u1eb1ng b\u1ea3n th\u00e2n thuy\u1ebft ti\u1ebfn ho\u00e1 c\u0169ng \u0111\u00e3 ti\u1ebfn ho\u00e1 k\u1ec3 t\u1eeb th\u1eddi c\u1ee7a \u00f4ng.<\/p>\n<p>\u201cC\u00f4ng tr\u00ecnh kinh \u0111i\u1ec3n, \u0111\u1ed3 s\u1ed9 c\u1ee7a Charles Darwin \u0111\u00e3 \u0111\u01b0\u1ee3c thu g\u1ecdn, b\u1ed5 sung v\u00e0 tr\u00ecnh b\u00e0y l\u1ea1i \u0111\u1ec3 ph\u00f9 h\u1ee3p v\u1edbi m\u1ecdi \u0111\u1ed9c gi\u1ea3\u2026 H\u00ecnh \u1ea3nh minh h\u1ecda v\u1ec1 \u0111\u1ed9ng-th\u1ef1c v\u1eadt v\u00e0 m\u00f4i tr\u01b0\u1eddng s\u1ed1ng c\u1ee7a ch\u00fang \u0111em l\u1ea1i s\u1ee9c h\u1ea5p d\u1eabn nh\u1edd hi\u1ec7u \u1ee9ng th\u1ecb gi\u00e1c. Sau nh\u1eefng hi\u1ec7u ch\u1ec9nh v\u00e0 b\u1ed5 sung, Stefoff v\u1eabn truy\u1ec1n t\u1ea3i \u0111\u01b0\u1ee3c ph\u1ea7n tinh t\u00fay trong lu\u1eadn thuy\u1ebft c\u1ee7a Darwin \u0111\u1ebfn v\u1edbi \u0111\u1ed9c gi\u1ea3 tr\u1ebb ng\u00e0y nay.\u201d \u2013 Publisher Weekly<\/p>\n","protected":false},"excerpt":{"rendered":"<p>Phi\u00ean b\u1ea3n \u201cNgu\u1ed3n g\u1ed1c mu\u00f4n lo\u00e0i\u201d (Phi\u00ean b\u1ea3n d\u00e0nh cho gi\u1edbi tr\u1ebb) n\u00e0y \u0111\u01b0\u1ee3c d\u1ef1a tr\u00ean cu\u1ed1n s\u00e1ch xu\u1ea5t b\u1ea3n l\u1ea7n \u0111\u1ea7u ti\u00ean c\u1ee7a \u00f4ng n\u0103m 1859. \u0110\u1ea7u ti\u00ean, n\u1ed9i dung cu\u1ed1n s\u00e1ch c\u1ee7a Darwin \u0111\u00e3 \u0111\u01b0\u1ee3c thu ng\u1eafn l\u1ea1i. Cu\u1ed1n \u201cNgu\u1ed3n g\u1ed1c mu\u00f4n lo\u00e0i\u201d nguy\u00ean b\u1ea3n d\u00e0i h\u01a1n ba l\u1ea7n so v\u1edbi Phi\u00ean b\u1ea3n d\u00e0nh cho gi\u1edbi tr\u1ebb n\u00e0y. M\u1ed9t v\u00e0i ph\u1ea7n \u0111\u00e3 \u0111\u01b0\u1ee3c l\u01b0\u1ee3c b\u1ecf do ch\u00fang \u0111\u00e3 l\u1ed7i th\u1eddi. Th\u00eam v\u00e0o \u0111\u00f3, xuy\u00ean su\u1ed1t n\u1ed9i dung nguy\u00ean b\u1ea3n, Darwin \u0111\u00e3 b\u00e0y ra v\u00f4 v\u00e0n b\u1eb1ng ch\u1ee9ng \u0111\u1ec3 h\u1ed7 tr\u1ee3 cho gi\u1ea3 thuy\u1ebft c\u1ee7a m\u00ecnh, b\u1edfi \u00f4ng bi\u1ebft r\u1eb1ng ng\u01b0\u1eddi x\u01b0a s\u1ebd r\u1ea5t kh\u00f3 ch\u1ea5p nh\u1eadn n\u00f3. \u0110\u1ec3 c\u00f4 \u0111\u1ecdng dung l\u01b0\u1ee3ng, phi\u00ean b\u1ea3n n\u00e0y r\u00fat ng\u1eafn l\u1ea1i ch\u1ec9 c\u00f2n m\u1ed9t \u0111\u1ebfn hai d\u1eabn ch\u1ee9ng. Trong t\u1ea5t c\u1ea3 c\u00e1c ch\u01b0\u01a1ng, l\u1eddi v\u0103n \u0111\u00e3 \u0111\u01b0\u1ee3c l\u01b0\u1ee3c b\u1ecf ho\u1eb7c vi\u1ebft ng\u1eafn g\u1ecdn \u0111\u1ec3 d\u1ec5 \u0111\u1ecdc h\u01a1n. M\u1ee5c \u0111\u00edch c\u1ee7a nh\u1eefng thay \u0111\u1ed5i n\u00e0y l\u00e0 \u0111\u1ec3 duy tr\u00ec nh\u1eefng n\u1ec1n m\u00f3ng trong t\u01b0 t\u01b0\u1edfng Darwin trong khi chau chu\u1ed1t l\u1ea1i c\u00e1ch tr\u00ecnh b\u00e0y c\u1ee7a \u00f4ng.<\/p>\n","protected":false},"featured_media":4596,"template":"","meta":{"_acf_changed":false},"product_brand":[],"product_cat":[20,25,17,26],"product_tag":[],"class_list":{"0":"post-4597","1":"product","2":"type-product","3":"status-publish","4":"has-post-thumbnail","6":"product_cat-be-vua-hoc-vua-choi","7":"product_cat-nhi-dong-6-tuoi-12-tuoi","8":"product_cat-sach-danh-cho-cac-be","9":"product_cat-thieu-nien-11-tuoi-18-tuoi","11":"first","12":"outofstock","13":"taxable","14":"shipping-taxable","15":"purchasable","16":"product-type-simple"},"supplier_id":null,"supplier_sku":"","barcode":null,"atum_controlled":true,"out_stock_date":"2021-03-08 23:35:32","out_stock_threshold":null,"inheritable":false,"inbound_stock":0,"stock_on_hold":0,"sold_today":0,"sales_last_days":0,"reserved_stock":0,"customer_returns":0,"warehouse_damage":0,"lost_in_post":0,"other_logs":0,"out_stock_days":1786,"lost_sales":0,"has_location":false,"update_date":"2026-01-28T23:10:35","atum_locations":[],"atum_stock_status":"outofstock","restock_status":false,"low_stock_amount":"","sales_update_date":"2026-01-28T23:10:35","calc_backorders":null,"acf":{"publisher":{"ID":1472,"post_author":"1","post_date":"2021-02-17 01:12:50","post_date_gmt":"2021-02-16 23:12:50","post_content":"","post_title":"Huy Ho\u00e0ng Bookstore","post_excerpt":"","post_status":"publish","comment_status":"closed","ping_status":"closed","post_password":"","post_name":"huy-hoang-bookstore","to_ping":"","pinged":"","post_modified":"2021-02-17 01:12:50","post_modified_gmt":"2021-02-16 23:12:50","post_content_filtered":"","post_parent":0,"guid":"https:\/\/sachviet.eu\/nha-phat-hanh\/huy-hoang-bookstore\/","menu_order":0,"post_type":"publisher","post_mime_type":"","comment_count":"0","filter":"raw"}},"_links":{"self":[{"href":"https:\/\/sachviet.eu\/en\/wp-json\/wp\/v2\/product\/4597","targetHints":{"allow":["GET"]}}],"collection":[{"href":"https:\/\/sachviet.eu\/en\/wp-json\/wp\/v2\/product"}],"about":[{"href":"https:\/\/sachviet.eu\/en\/wp-json\/wp\/v2\/types\/product"}],"wp:featuredmedia":[{"embeddable":true,"href":"https:\/\/sachviet.eu\/en\/wp-json\/wp\/v2\/media\/4596"}],"wp:attachment":[{"href":"https:\/\/sachviet.eu\/en\/wp-json\/wp\/v2\/media?parent=4597"}],"wp:term":[{"taxonomy":"product_brand","embeddable":true,"href":"https:\/\/sachviet.eu\/en\/wp-json\/wp\/v2\/product_brand?post=4597"},{"taxonomy":"product_cat","embeddable":true,"href":"https:\/\/sachviet.eu\/en\/wp-json\/wp\/v2\/product_cat?post=4597"},{"taxonomy":"product_tag","embeddable":true,"href":"https:\/\/sachviet.eu\/en\/wp-json\/wp\/v2\/product_tag?post=4597"}],"curies":[{"name":"wp","href":"https:\/\/api.w.org\/{rel}","templated":true}]}}