{"id":4595,"date":"2021-03-09T01:35:28","date_gmt":"2021-03-08T23:35:28","guid":{"rendered":"https:\/\/sachviet.eu\/shop\/nghe-thuat-vong-quanh-the-gioi\/"},"modified":"2021-03-23T01:12:37","modified_gmt":"2021-03-22T23:12:37","slug":"nghe-thuat-vong-quanh-the-gioi","status":"publish","type":"product","link":"https:\/\/sachviet.eu\/en\/shop\/nghe-thuat-vong-quanh-the-gioi\/","title":{"rendered":"Ngh\u1ec7 Thu\u1eadt V\u00f2ng Quanh Th\u1ebf Gi\u1edbi"},"content":{"rendered":"<p>L\u01b0\u1ee3n m\u1ed9t v\u00f2ng quanh th\u1ebf gi\u1edbi, m\u1eb9 con t\u1edb ph\u00e1t hi\u1ec7n ra c\u00f3 r\u1ea5t nhi\u1ec1u h\u1ecda s\u0129 n\u1ed5i ti\u1ebfng tr\u00ean th\u1ebf gi\u1edbi. N\u00e0o l\u00e0 Leonardo da Vinci, Johannes Vermeer, Gustave Klimt, Henri Matisse, Edvard Munch v\u00e0 Katsushika Hokusai. M\u1ed7i h\u1ecda s\u0129 l\u1ea1i c\u00f3 h\u1eb3n m\u1ed9t ki\u1ec7t t\u00e1c \u0111\u1ec3 \u0111\u1eddi. M\u1eb9 v\u00e0 t\u1edb t\u1eadp h\u1ee3p m\u1ed9t lo\u1ea1t nh\u1eefng ki\u1ec7t t\u00e1c \u0111\u00f3 r\u1ed3i ph\u00e2n t\u00edch chi ti\u1ebft, t\u00f4 m\u00e0u chi ti\u1ebft, t\u00f4 m\u00e0u t\u1ed5ng th\u1ec3 b\u1ee9c tranh, c\u1eaft c\u1eaft, d\u00e1n d\u00e1n l\u00ean t\u01b0\u1eddng. Q\u1ee7a \u0111\u00fang l\u00e0 th\u1eddi gian vui v\u1ebb! T\u1edb c\u0169ng ghi h\u1ebft t\u1ea5t c\u1ea3 nh\u1eefng tr\u1ea3i nghi\u1ec7m \u0111\u00f3 v\u00e0o cu\u1ed1n NGH\u1ec6 THU\u1eacT V\u00d2NG QUANH TH\u1ebe GI\u1edaI r\u00f9i. C\u1eadu ch\u1ec9 c\u1ea7n m\u1edf ra v\u00e0 \u0111\u1ecdc th\u00f4i l\u00e0 hi\u1ec3u h\u1ebft nh\u1eefng \u0111i\u1ec1u t\u1edb chia s\u1ebb \u1edf tr\u00ean.<\/p>\n","protected":false},"excerpt":{"rendered":"<p>L\u01b0\u1ee3n m\u1ed9t v\u00f2ng quanh th\u1ebf gi\u1edbi, m\u1eb9 con t\u1edb ph\u00e1t hi\u1ec7n ra c\u00f3 r\u1ea5t nhi\u1ec1u h\u1ecda s\u0129 n\u1ed5i ti\u1ebfng tr\u00ean th\u1ebf gi\u1edbi. N\u00e0o l\u00e0 Leonardo da Vinci, Johannes Vermeer, Gustave Klimt, Henri Matisse, Edvard Munch v\u00e0 Katsushika Hokusai. M\u1ed7i h\u1ecda s\u0129 l\u1ea1i c\u00f3 h\u1eb3n m\u1ed9t ki\u1ec7t t\u00e1c \u0111\u1ec3 \u0111\u1eddi. M\u1eb9 v\u00e0 t\u1edb t\u1eadp h\u1ee3p m\u1ed9t lo\u1ea1t nh\u1eefng ki\u1ec7t t\u00e1c \u0111\u00f3 r\u1ed3i ph\u00e2n t\u00edch chi ti\u1ebft, t\u00f4 m\u00e0u chi ti\u1ebft, t\u00f4 m\u00e0u t\u1ed5ng th\u1ec3 b\u1ee9c tranh, c\u1eaft c\u1eaft, d\u00e1n d\u00e1n l\u00ean t\u01b0\u1eddng. Q\u1ee7a \u0111\u00fang l\u00e0 th\u1eddi gian vui v\u1ebb! T\u1edb c\u0169ng ghi h\u1ebft t\u1ea5t c\u1ea3 nh\u1eefng tr\u1ea3i nghi\u1ec7m \u0111\u00f3 v\u00e0o cu\u1ed1n NGH\u1ec6 THU\u1eacT V\u00d2NG QUANH TH\u1ebe GI\u1edaI r\u00f9i. C\u1eadu ch\u1ec9 c\u1ea7n m\u1edf ra v\u00e0 \u0111\u1ecdc th\u00f4i l\u00e0 hi\u1ec3u h\u1ebft nh\u1eefng \u0111i\u1ec1u t\u1edb chia s\u1ebb \u1edf tr\u00ean.<\/p>\n","protected":false},"featured_media":4594,"template":"","meta":{"_acf_changed":false},"product_brand":[],"product_cat":[25,17,26],"product_tag":[],"class_list":{"0":"post-4595","1":"product","2":"type-product","3":"status-publish","4":"has-post-thumbnail","6":"product_cat-nhi-dong-6-tuoi-12-tuoi","7":"product_cat-sach-danh-cho-cac-be","8":"product_cat-thieu-nien-11-tuoi-18-tuoi","10":"first","11":"outofstock","12":"taxable","13":"shipping-taxable","14":"purchasable","15":"product-type-simple"},"supplier_id":null,"supplier_sku":"","barcode":null,"atum_controlled":true,"out_stock_date":"2021-03-08 23:35:28","out_stock_threshold":null,"inheritable":false,"inbound_stock":0,"stock_on_hold":0,"sold_today":0,"sales_last_days":0,"reserved_stock":0,"customer_returns":0,"warehouse_damage":0,"lost_in_post":0,"other_logs":0,"out_stock_days":1786,"lost_sales":0,"has_location":false,"update_date":"2026-01-28T23:10:35","atum_locations":[],"atum_stock_status":"outofstock","restock_status":false,"low_stock_amount":"","sales_update_date":"2026-01-28T23:10:35","calc_backorders":null,"acf":{"publisher":{"ID":1474,"post_author":"1","post_date":"2021-02-17 01:12:51","post_date_gmt":"2021-02-16 23:12:51","post_content":"","post_title":"Th\u00e1i H\u00e0","post_excerpt":"","post_status":"publish","comment_status":"closed","ping_status":"closed","post_password":"","post_name":"thai-ha","to_ping":"","pinged":"","post_modified":"2021-02-17 01:12:51","post_modified_gmt":"2021-02-16 23:12:51","post_content_filtered":"","post_parent":0,"guid":"https:\/\/sachviet.eu\/nha-phat-hanh\/thai-ha\/","menu_order":0,"post_type":"publisher","post_mime_type":"","comment_count":"0","filter":"raw"}},"_links":{"self":[{"href":"https:\/\/sachviet.eu\/en\/wp-json\/wp\/v2\/product\/4595","targetHints":{"allow":["GET"]}}],"collection":[{"href":"https:\/\/sachviet.eu\/en\/wp-json\/wp\/v2\/product"}],"about":[{"href":"https:\/\/sachviet.eu\/en\/wp-json\/wp\/v2\/types\/product"}],"wp:featuredmedia":[{"embeddable":true,"href":"https:\/\/sachviet.eu\/en\/wp-json\/wp\/v2\/media\/4594"}],"wp:attachment":[{"href":"https:\/\/sachviet.eu\/en\/wp-json\/wp\/v2\/media?parent=4595"}],"wp:term":[{"taxonomy":"product_brand","embeddable":true,"href":"https:\/\/sachviet.eu\/en\/wp-json\/wp\/v2\/product_brand?post=4595"},{"taxonomy":"product_cat","embeddable":true,"href":"https:\/\/sachviet.eu\/en\/wp-json\/wp\/v2\/product_cat?post=4595"},{"taxonomy":"product_tag","embeddable":true,"href":"https:\/\/sachviet.eu\/en\/wp-json\/wp\/v2\/product_tag?post=4595"}],"curies":[{"name":"wp","href":"https:\/\/api.w.org\/{rel}","templated":true}]}}